{"id":5960,"date":"2021-01-18T06:56:44","date_gmt":"2021-01-18T05:56:44","guid":{"rendered":"https:\/\/casaboix.es\/producto\/chorizo-vela-bio\/"},"modified":"2023-06-23T12:16:09","modified_gmt":"2023-06-23T10:16:09","slug":"chorizo-vela-bio","status":"publish","type":"product","link":"https:\/\/casaboix.es\/fr\/produit\/chorizo-vela-bio\/","title":{"rendered":"Chorizo \u00ab\u00a0Vela\u00a0\u00bb BIO"},"content":{"rendered":"<p>Le chorizo \u00ab\u00a0Vela\u00a0\u00bb Bio MOS de Casa Boix est \u00e9labor\u00e9 \u00e0 partir de la viande maigre et de gras de porc, les porcs sont nourris avec des c\u00e9r\u00e9ales issues de l&rsquo;agriculture biologique, sans antibiotique, sans OGM, sans dioxine et ils sont \u00e9lev\u00e9s en plein air, disposant de petits abris pour qu\u2019ils puissent se prot\u00e9ger du froid ou de la chaleur. Les rythmes lents de notre processus et la s\u00e9lection des meilleurs \u00e9pices biologiques garantissent un produit naturel et authentique.<\/p>\n","protected":false},"excerpt":{"rendered":"<p>\u00c9labor\u00e9 \u00e0 partir de la viande maigre et de gras de porc, les porcs sont nourris avec des c\u00e9r\u00e9ales issues de l&rsquo;agriculture biologique, sans antibiotique, sans OGM, sans dioxine et ils sont \u00e9lev\u00e9s en plein air, disposant de petits abris pour qu\u2019ils puissent se prot\u00e9ger du froid ou de la chaleur.<\/p>\n","protected":false},"featured_media":5961,"comment_status":"closed","ping_status":"closed","template":"","meta":[],"product_brand":[],"product_cat":[122,140,123],"product_tag":[],"class_list":{"0":"post-5960","1":"product","2":"type-product","3":"status-publish","4":"has-post-thumbnail","6":"product_cat-bio-mos-fr","7":"product_cat-chorizo-fr","8":"product_cat-eco-fr","10":"first","11":"instock","12":"taxable","13":"shipping-taxable","14":"purchasable","15":"product-type-simple"},"yoast_head":"<!-- This site is optimized with the Yoast SEO Premium plugin v27.1 (Yoast SEO v27.1.1) - https:\/\/yoast.com\/product\/yoast-seo-premium-wordpress\/ -->\n<title>Chorizo Vela ECO | Chorizo Bio Mos - Casa Boix<\/title>\n<meta name=\"description\" content=\"Le Chorizo Vela ECO est \u00e9labor\u00e9 \u00e0 partir de la viande maigre et de la graisse de porcs nourris avec des c\u00e9r\u00e9ales issues de l&#039;agriculture biologique et \u00e9lev\u00e9s en plein air.\" \/>\n<meta name=\"robots\" content=\"index, follow, max-snippet:-1, max-image-preview:large, max-video-preview:-1\" \/>\n<link rel=\"canonical\" href=\"https:\/\/casaboix.es\/fr\/produit\/chorizo-vela-bio\/\" \/>\n<meta property=\"og:locale\" content=\"fr_FR\" \/>\n<meta property=\"og:type\" content=\"article\" \/>\n<meta property=\"og:title\" content=\"Chorizo &quot;Vela&quot; BIO\" \/>\n<meta property=\"og:description\" content=\"Le Chorizo Vela ECO est \u00e9labor\u00e9 \u00e0 partir de la viande maigre et de la graisse de porcs nourris avec des c\u00e9r\u00e9ales issues de l&#039;agriculture biologique et \u00e9lev\u00e9s en plein air.\" \/>\n<meta property=\"og:url\" content=\"https:\/\/casaboix.es\/fr\/produit\/chorizo-vela-bio\/\" \/>\n<meta property=\"og:site_name\" content=\"Casa Boix\" \/>\n<meta property=\"article:publisher\" content=\"https:\/\/www.facebook.com\/casaboix\/\" \/>\n<meta property=\"article:modified_time\" content=\"2023-06-23T10:16:09+00:00\" \/>\n<meta property=\"og:image\" content=\"https:\/\/casaboix.es\/wp-content\/uploads\/2021\/01\/1620_chorizo_1049x1300.jpg\" \/>\n\t<meta property=\"og:image:width\" content=\"1049\" \/>\n\t<meta property=\"og:image:height\" content=\"1300\" \/>\n\t<meta property=\"og:image:type\" content=\"image\/jpeg\" \/>\n<meta name=\"twitter:card\" content=\"summary_large_image\" \/>\n<meta name=\"twitter:site\" content=\"@casaboix\" \/>\n<meta name=\"twitter:label1\" content=\"Prix\" \/>\n\t<meta name=\"twitter:data1\" content=\"3.95&nbsp;&euro;\" \/>\n\t<meta name=\"twitter:label2\" content=\"Disponibilit\u00e9\" \/>\n\t<meta name=\"twitter:data2\" content=\"En stock\" \/>\n<script type=\"application\/ld+json\" class=\"yoast-schema-graph\">{\"@context\":\"https:\/\/schema.org\",\"@graph\":[{\"@type\":[\"WebPage\",\"ItemPage\"],\"@id\":\"https:\/\/casaboix.es\/fr\/produit\/chorizo-vela-bio\/\",\"url\":\"https:\/\/casaboix.es\/fr\/produit\/chorizo-vela-bio\/\",\"name\":\"Chorizo Vela ECO | Chorizo Bio Mos - Casa Boix\",\"isPartOf\":{\"@id\":\"https:\/\/casaboix.es\/fr\/#website\"},\"primaryImageOfPage\":{\"@id\":\"https:\/\/casaboix.es\/fr\/produit\/chorizo-vela-bio\/#primaryimage\"},\"image\":{\"@id\":\"https:\/\/casaboix.es\/fr\/produit\/chorizo-vela-bio\/#primaryimage\"},\"thumbnailUrl\":\"https:\/\/casaboix.es\/wp-content\/uploads\/2021\/01\/1620_chorizo_1049x1300.jpg\",\"datePublished\":\"2021-01-18T05:56:44+00:00\",\"dateModified\":\"2023-06-23T10:16:09+00:00\",\"description\":\"Le Chorizo Vela ECO est \u00e9labor\u00e9 \u00e0 partir de la viande maigre et de la graisse de porcs nourris avec des c\u00e9r\u00e9ales issues de l'agriculture biologique et \u00e9lev\u00e9s en plein air.\",\"breadcrumb\":{\"@id\":\"https:\/\/casaboix.es\/fr\/produit\/chorizo-vela-bio\/#breadcrumb\"},\"inLanguage\":\"fr-FR\",\"potentialAction\":[{\"@type\":\"ReadAction\",\"target\":[\"https:\/\/casaboix.es\/fr\/produit\/chorizo-vela-bio\/\"]}]},{\"@type\":\"ImageObject\",\"inLanguage\":\"fr-FR\",\"@id\":\"https:\/\/casaboix.es\/fr\/produit\/chorizo-vela-bio\/#primaryimage\",\"url\":\"https:\/\/casaboix.es\/wp-content\/uploads\/2021\/01\/1620_chorizo_1049x1300.jpg\",\"contentUrl\":\"https:\/\/casaboix.es\/wp-content\/uploads\/2021\/01\/1620_chorizo_1049x1300.jpg\",\"width\":1049,\"height\":1300},{\"@type\":\"BreadcrumbList\",\"@id\":\"https:\/\/casaboix.es\/fr\/produit\/chorizo-vela-bio\/#breadcrumb\",\"itemListElement\":[{\"@type\":\"ListItem\",\"position\":1,\"name\":\"Home\",\"item\":\"https:\/\/casaboix.es\/fr\/\"},{\"@type\":\"ListItem\",\"position\":2,\"name\":\"Boutique en ligne\",\"item\":\"https:\/\/casaboix.es\/fr\/boutique\/\"},{\"@type\":\"ListItem\",\"position\":3,\"name\":\"Chorizo &#8220;Vela&#8221; BIO\"}]},{\"@type\":\"WebSite\",\"@id\":\"https:\/\/casaboix.es\/fr\/#website\",\"url\":\"https:\/\/casaboix.es\/fr\/\",\"name\":\"Casa Boix\",\"description\":\"Amor por las cosas bien hechas\",\"publisher\":{\"@id\":\"https:\/\/casaboix.es\/fr\/#organization\"},\"potentialAction\":[{\"@type\":\"SearchAction\",\"target\":{\"@type\":\"EntryPoint\",\"urlTemplate\":\"https:\/\/casaboix.es\/fr\/?s={search_term_string}\"},\"query-input\":{\"@type\":\"PropertyValueSpecification\",\"valueRequired\":true,\"valueName\":\"search_term_string\"}}],\"inLanguage\":\"fr-FR\"},{\"@type\":\"Organization\",\"@id\":\"https:\/\/casaboix.es\/fr\/#organization\",\"name\":\"Casa Boix\",\"url\":\"https:\/\/casaboix.es\/fr\/\",\"logo\":{\"@type\":\"ImageObject\",\"inLanguage\":\"fr-FR\",\"@id\":\"https:\/\/casaboix.es\/fr\/#\/schema\/logo\/image\/\",\"url\":\"https:\/\/casaboix.es\/wp-content\/uploads\/2020\/10\/logo-negro.png\",\"contentUrl\":\"https:\/\/casaboix.es\/wp-content\/uploads\/2020\/10\/logo-negro.png\",\"width\":342,\"height\":44,\"caption\":\"Casa Boix\"},\"image\":{\"@id\":\"https:\/\/casaboix.es\/fr\/#\/schema\/logo\/image\/\"},\"sameAs\":[\"https:\/\/www.facebook.com\/casaboix\/\",\"https:\/\/x.com\/casaboix\",\"https:\/\/www.instagram.com\/casaboix\/\",\"https:\/\/www.youtube.com\/watch?v=j22NKKL47ec\"]}]}<\/script>\n<meta property=\"product:price:amount\" content=\"3.95\" \/>\n<meta property=\"product:price:currency\" content=\"EUR\" \/>\n<meta property=\"og:availability\" content=\"instock\" \/>\n<meta property=\"product:availability\" content=\"instock\" \/>\n<meta property=\"product:retailer_item_id\" content=\"620\" \/>\n<meta property=\"product:condition\" content=\"new\" \/>\n<!-- \/ Yoast SEO Premium plugin. -->","yoast_head_json":{"title":"Chorizo Vela ECO | Chorizo Bio Mos - Casa Boix","description":"Le Chorizo Vela ECO est \u00e9labor\u00e9 \u00e0 partir de la viande maigre et de la graisse de porcs nourris avec des c\u00e9r\u00e9ales issues de l'agriculture biologique et \u00e9lev\u00e9s en plein air.","robots":{"index":"index","follow":"follow","max-snippet":"max-snippet:-1","max-image-preview":"max-image-preview:large","max-video-preview":"max-video-preview:-1"},"canonical":"https:\/\/casaboix.es\/fr\/produit\/chorizo-vela-bio\/","og_locale":"fr_FR","og_type":"article","og_title":"Chorizo \"Vela\" BIO","og_description":"Le Chorizo Vela ECO est \u00e9labor\u00e9 \u00e0 partir de la viande maigre et de la graisse de porcs nourris avec des c\u00e9r\u00e9ales issues de l'agriculture biologique et \u00e9lev\u00e9s en plein air.","og_url":"https:\/\/casaboix.es\/fr\/produit\/chorizo-vela-bio\/","og_site_name":"Casa Boix","article_publisher":"https:\/\/www.facebook.com\/casaboix\/","article_modified_time":"2023-06-23T10:16:09+00:00","og_image":[{"width":1049,"height":1300,"url":"https:\/\/casaboix.es\/wp-content\/uploads\/2021\/01\/1620_chorizo_1049x1300.jpg","type":"image\/jpeg"}],"twitter_card":"summary_large_image","twitter_site":"@casaboix","twitter_misc":{"Prix":"3.95&nbsp;&euro;","Disponibilit\u00e9":"En stock"},"schema":{"@context":"https:\/\/schema.org","@graph":[{"@type":["WebPage","ItemPage"],"@id":"https:\/\/casaboix.es\/fr\/produit\/chorizo-vela-bio\/","url":"https:\/\/casaboix.es\/fr\/produit\/chorizo-vela-bio\/","name":"Chorizo Vela ECO | Chorizo Bio Mos - Casa Boix","isPartOf":{"@id":"https:\/\/casaboix.es\/fr\/#website"},"primaryImageOfPage":{"@id":"https:\/\/casaboix.es\/fr\/produit\/chorizo-vela-bio\/#primaryimage"},"image":{"@id":"https:\/\/casaboix.es\/fr\/produit\/chorizo-vela-bio\/#primaryimage"},"thumbnailUrl":"https:\/\/casaboix.es\/wp-content\/uploads\/2021\/01\/1620_chorizo_1049x1300.jpg","datePublished":"2021-01-18T05:56:44+00:00","dateModified":"2023-06-23T10:16:09+00:00","description":"Le Chorizo Vela ECO est \u00e9labor\u00e9 \u00e0 partir de la viande maigre et de la graisse de porcs nourris avec des c\u00e9r\u00e9ales issues de l'agriculture biologique et \u00e9lev\u00e9s en plein air.","breadcrumb":{"@id":"https:\/\/casaboix.es\/fr\/produit\/chorizo-vela-bio\/#breadcrumb"},"inLanguage":"fr-FR","potentialAction":[{"@type":"ReadAction","target":["https:\/\/casaboix.es\/fr\/produit\/chorizo-vela-bio\/"]}]},{"@type":"ImageObject","inLanguage":"fr-FR","@id":"https:\/\/casaboix.es\/fr\/produit\/chorizo-vela-bio\/#primaryimage","url":"https:\/\/casaboix.es\/wp-content\/uploads\/2021\/01\/1620_chorizo_1049x1300.jpg","contentUrl":"https:\/\/casaboix.es\/wp-content\/uploads\/2021\/01\/1620_chorizo_1049x1300.jpg","width":1049,"height":1300},{"@type":"BreadcrumbList","@id":"https:\/\/casaboix.es\/fr\/produit\/chorizo-vela-bio\/#breadcrumb","itemListElement":[{"@type":"ListItem","position":1,"name":"Home","item":"https:\/\/casaboix.es\/fr\/"},{"@type":"ListItem","position":2,"name":"Boutique en ligne","item":"https:\/\/casaboix.es\/fr\/boutique\/"},{"@type":"ListItem","position":3,"name":"Chorizo &#8220;Vela&#8221; BIO"}]},{"@type":"WebSite","@id":"https:\/\/casaboix.es\/fr\/#website","url":"https:\/\/casaboix.es\/fr\/","name":"Casa Boix","description":"Amor por las cosas bien hechas","publisher":{"@id":"https:\/\/casaboix.es\/fr\/#organization"},"potentialAction":[{"@type":"SearchAction","target":{"@type":"EntryPoint","urlTemplate":"https:\/\/casaboix.es\/fr\/?s={search_term_string}"},"query-input":{"@type":"PropertyValueSpecification","valueRequired":true,"valueName":"search_term_string"}}],"inLanguage":"fr-FR"},{"@type":"Organization","@id":"https:\/\/casaboix.es\/fr\/#organization","name":"Casa Boix","url":"https:\/\/casaboix.es\/fr\/","logo":{"@type":"ImageObject","inLanguage":"fr-FR","@id":"https:\/\/casaboix.es\/fr\/#\/schema\/logo\/image\/","url":"https:\/\/casaboix.es\/wp-content\/uploads\/2020\/10\/logo-negro.png","contentUrl":"https:\/\/casaboix.es\/wp-content\/uploads\/2020\/10\/logo-negro.png","width":342,"height":44,"caption":"Casa Boix"},"image":{"@id":"https:\/\/casaboix.es\/fr\/#\/schema\/logo\/image\/"},"sameAs":["https:\/\/www.facebook.com\/casaboix\/","https:\/\/x.com\/casaboix","https:\/\/www.instagram.com\/casaboix\/","https:\/\/www.youtube.com\/watch?v=j22NKKL47ec"]}]},"product_price_amount":"3.95","product_price_currency":"EUR","og_availability":"instock","product_availability":"instock","product_retailer_item_id":"620","product_condition":"new"},"_links":{"self":[{"href":"https:\/\/casaboix.es\/fr\/wp-json\/wp\/v2\/product\/5960","targetHints":{"allow":["GET"]}}],"collection":[{"href":"https:\/\/casaboix.es\/fr\/wp-json\/wp\/v2\/product"}],"about":[{"href":"https:\/\/casaboix.es\/fr\/wp-json\/wp\/v2\/types\/product"}],"replies":[{"embeddable":true,"href":"https:\/\/casaboix.es\/fr\/wp-json\/wp\/v2\/comments?post=5960"}],"wp:featuredmedia":[{"embeddable":true,"href":"https:\/\/casaboix.es\/fr\/wp-json\/wp\/v2\/media\/5961"}],"wp:attachment":[{"href":"https:\/\/casaboix.es\/fr\/wp-json\/wp\/v2\/media?parent=5960"}],"wp:term":[{"taxonomy":"product_brand","embeddable":true,"href":"https:\/\/casaboix.es\/fr\/wp-json\/wp\/v2\/product_brand?post=5960"},{"taxonomy":"product_cat","embeddable":true,"href":"https:\/\/casaboix.es\/fr\/wp-json\/wp\/v2\/product_cat?post=5960"},{"taxonomy":"product_tag","embeddable":true,"href":"https:\/\/casaboix.es\/fr\/wp-json\/wp\/v2\/product_tag?post=5960"}],"curies":[{"name":"wp","href":"https:\/\/api.w.org\/{rel}","templated":true}]}}