{"id":5933,"date":"2021-01-18T06:56:44","date_gmt":"2021-01-18T05:56:44","guid":{"rendered":"https:\/\/casaboix.es\/producto\/epaule-cuite-iberique-demi-cuite-et-marinee\/"},"modified":"2024-12-03T10:46:39","modified_gmt":"2024-12-03T09:46:39","slug":"epaule-cuite-iberique-demi-cuite-et-marinee","status":"publish","type":"product","link":"https:\/\/casaboix.es\/fr\/produit\/epaule-cuite-iberique-demi-cuite-et-marinee\/","title":{"rendered":"\u00c9paule cuite ib\u00e9rique demi-cuite et marin\u00e9e"},"content":{"rendered":"<p>C&rsquo;est l&rsquo;excellence optimale en ce qui concerne le jambon cuit. Elle offre le moelleux exquis et la saveur incomparable de l&rsquo;\u00e9paule de porc ib\u00e9rique. Facile \u00e0 cuisiner en quatre \u00e9tapes : 1. sortir du sac et introduire l&rsquo;\u00e9paule et son jus dans le four pr\u00e9chauff\u00e9 \/ 2. Verser un verre de vin blanc \/ 3. faire r\u00f4tir \u00e0 180\u00baC pendant 2 heures \/ 4. servir<\/p>\n","protected":false},"excerpt":{"rendered":"<p>Texture moelleuse. Saveur intense et exquise. Facile \u00e0 cuisiner en quatre \u00e9tapes faciles.<\/p>\n","protected":false},"featured_media":5934,"comment_status":"closed","ping_status":"closed","template":"","meta":[],"product_brand":[],"product_cat":[120,121],"product_tag":[],"class_list":{"0":"post-5933","1":"product","2":"type-product","3":"status-publish","4":"has-post-thumbnail","6":"product_cat-iberique","7":"product_cat-jambon","9":"first","10":"instock","11":"taxable","12":"shipping-taxable","13":"purchasable","14":"product-type-simple"},"yoast_head":"<!-- This site is optimized with the Yoast SEO Premium plugin v27.1 (Yoast SEO v27.1.1) - https:\/\/yoast.com\/product\/yoast-seo-premium-wordpress\/ -->\n<title>\u00c9paule cuite ib\u00e9rique | Nos produits de charcuterie ib\u00e9rique - Casa Boix<\/title>\n<meta name=\"description\" content=\"Savourez le moelleux exquis et la saveur incomparable de l&#039;\u00e9paule de porc ib\u00e9rique en la faisant r\u00f4tir avec son jus et un verre de vin \u00e0 180\u00baC pendant 2 heures.\" \/>\n<meta name=\"robots\" content=\"index, follow, max-snippet:-1, max-image-preview:large, max-video-preview:-1\" \/>\n<link rel=\"canonical\" href=\"https:\/\/casaboix.es\/fr\/produit\/epaule-cuite-iberique-demi-cuite-et-marinee\/\" \/>\n<meta property=\"og:locale\" content=\"fr_FR\" \/>\n<meta property=\"og:type\" content=\"article\" \/>\n<meta property=\"og:title\" content=\"\u00c9paule cuite ib\u00e9rique demi-cuite et marin\u00e9e\" \/>\n<meta property=\"og:description\" content=\"Savourez le moelleux exquis et la saveur incomparable de l&#039;\u00e9paule de porc ib\u00e9rique en la faisant r\u00f4tir avec son jus et un verre de vin \u00e0 180\u00baC pendant 2 heures.\" \/>\n<meta property=\"og:url\" content=\"https:\/\/casaboix.es\/fr\/produit\/epaule-cuite-iberique-demi-cuite-et-marinee\/\" \/>\n<meta property=\"og:site_name\" content=\"Casa Boix\" \/>\n<meta property=\"article:publisher\" content=\"https:\/\/www.facebook.com\/casaboix\/\" \/>\n<meta property=\"article:modified_time\" content=\"2024-12-03T09:46:39+00:00\" \/>\n<meta property=\"og:image\" content=\"https:\/\/casaboix.es\/wp-content\/uploads\/2021\/01\/1121_Cpaletaiberica_1049x1300.jpg\" \/>\n\t<meta property=\"og:image:width\" content=\"1049\" \/>\n\t<meta property=\"og:image:height\" content=\"1300\" \/>\n\t<meta property=\"og:image:type\" content=\"image\/jpeg\" \/>\n<meta name=\"twitter:card\" content=\"summary_large_image\" \/>\n<meta name=\"twitter:site\" content=\"@casaboix\" \/>\n<meta name=\"twitter:label1\" content=\"Prix\" \/>\n\t<meta name=\"twitter:data1\" content=\"115.00&nbsp;&euro;\" \/>\n\t<meta name=\"twitter:label2\" content=\"Disponibilit\u00e9\" \/>\n\t<meta name=\"twitter:data2\" content=\"En stock\" \/>\n<script type=\"application\/ld+json\" class=\"yoast-schema-graph\">{\"@context\":\"https:\/\/schema.org\",\"@graph\":[{\"@type\":[\"WebPage\",\"ItemPage\"],\"@id\":\"https:\/\/casaboix.es\/fr\/produit\/epaule-cuite-iberique-demi-cuite-et-marinee\/\",\"url\":\"https:\/\/casaboix.es\/fr\/produit\/epaule-cuite-iberique-demi-cuite-et-marinee\/\",\"name\":\"\u00c9paule cuite ib\u00e9rique | Nos produits de charcuterie ib\u00e9rique - Casa Boix\",\"isPartOf\":{\"@id\":\"https:\/\/casaboix.es\/fr\/#website\"},\"primaryImageOfPage\":{\"@id\":\"https:\/\/casaboix.es\/fr\/produit\/epaule-cuite-iberique-demi-cuite-et-marinee\/#primaryimage\"},\"image\":{\"@id\":\"https:\/\/casaboix.es\/fr\/produit\/epaule-cuite-iberique-demi-cuite-et-marinee\/#primaryimage\"},\"thumbnailUrl\":\"https:\/\/casaboix.es\/wp-content\/uploads\/2021\/01\/1121_Cpaletaiberica_1049x1300.jpg\",\"datePublished\":\"2021-01-18T05:56:44+00:00\",\"dateModified\":\"2024-12-03T09:46:39+00:00\",\"description\":\"Savourez le moelleux exquis et la saveur incomparable de l'\u00e9paule de porc ib\u00e9rique en la faisant r\u00f4tir avec son jus et un verre de vin \u00e0 180\u00baC pendant 2 heures.\",\"breadcrumb\":{\"@id\":\"https:\/\/casaboix.es\/fr\/produit\/epaule-cuite-iberique-demi-cuite-et-marinee\/#breadcrumb\"},\"inLanguage\":\"fr-FR\",\"potentialAction\":[{\"@type\":\"ReadAction\",\"target\":[\"https:\/\/casaboix.es\/fr\/produit\/epaule-cuite-iberique-demi-cuite-et-marinee\/\"]}]},{\"@type\":\"ImageObject\",\"inLanguage\":\"fr-FR\",\"@id\":\"https:\/\/casaboix.es\/fr\/produit\/epaule-cuite-iberique-demi-cuite-et-marinee\/#primaryimage\",\"url\":\"https:\/\/casaboix.es\/wp-content\/uploads\/2021\/01\/1121_Cpaletaiberica_1049x1300.jpg\",\"contentUrl\":\"https:\/\/casaboix.es\/wp-content\/uploads\/2021\/01\/1121_Cpaletaiberica_1049x1300.jpg\",\"width\":1049,\"height\":1300},{\"@type\":\"BreadcrumbList\",\"@id\":\"https:\/\/casaboix.es\/fr\/produit\/epaule-cuite-iberique-demi-cuite-et-marinee\/#breadcrumb\",\"itemListElement\":[{\"@type\":\"ListItem\",\"position\":1,\"name\":\"Home\",\"item\":\"https:\/\/casaboix.es\/fr\/\"},{\"@type\":\"ListItem\",\"position\":2,\"name\":\"Boutique en ligne\",\"item\":\"https:\/\/casaboix.es\/fr\/boutique\/\"},{\"@type\":\"ListItem\",\"position\":3,\"name\":\"\u00c9paule cuite ib\u00e9rique demi-cuite et marin\u00e9e\"}]},{\"@type\":\"WebSite\",\"@id\":\"https:\/\/casaboix.es\/fr\/#website\",\"url\":\"https:\/\/casaboix.es\/fr\/\",\"name\":\"Casa Boix\",\"description\":\"Amor por las cosas bien hechas\",\"publisher\":{\"@id\":\"https:\/\/casaboix.es\/fr\/#organization\"},\"potentialAction\":[{\"@type\":\"SearchAction\",\"target\":{\"@type\":\"EntryPoint\",\"urlTemplate\":\"https:\/\/casaboix.es\/fr\/?s={search_term_string}\"},\"query-input\":{\"@type\":\"PropertyValueSpecification\",\"valueRequired\":true,\"valueName\":\"search_term_string\"}}],\"inLanguage\":\"fr-FR\"},{\"@type\":\"Organization\",\"@id\":\"https:\/\/casaboix.es\/fr\/#organization\",\"name\":\"Casa Boix\",\"url\":\"https:\/\/casaboix.es\/fr\/\",\"logo\":{\"@type\":\"ImageObject\",\"inLanguage\":\"fr-FR\",\"@id\":\"https:\/\/casaboix.es\/fr\/#\/schema\/logo\/image\/\",\"url\":\"https:\/\/casaboix.es\/wp-content\/uploads\/2020\/10\/logo-negro.png\",\"contentUrl\":\"https:\/\/casaboix.es\/wp-content\/uploads\/2020\/10\/logo-negro.png\",\"width\":342,\"height\":44,\"caption\":\"Casa Boix\"},\"image\":{\"@id\":\"https:\/\/casaboix.es\/fr\/#\/schema\/logo\/image\/\"},\"sameAs\":[\"https:\/\/www.facebook.com\/casaboix\/\",\"https:\/\/x.com\/casaboix\",\"https:\/\/www.instagram.com\/casaboix\/\",\"https:\/\/www.youtube.com\/watch?v=j22NKKL47ec\"]}]}<\/script>\n<meta property=\"product:price:amount\" content=\"115.00\" \/>\n<meta property=\"product:price:currency\" content=\"EUR\" \/>\n<meta property=\"og:availability\" content=\"instock\" \/>\n<meta property=\"product:availability\" content=\"instock\" \/>\n<meta property=\"product:retailer_item_id\" content=\"121\" \/>\n<meta property=\"product:condition\" content=\"new\" \/>\n<!-- \/ Yoast SEO Premium plugin. -->","yoast_head_json":{"title":"\u00c9paule cuite ib\u00e9rique | Nos produits de charcuterie ib\u00e9rique - Casa Boix","description":"Savourez le moelleux exquis et la saveur incomparable de l'\u00e9paule de porc ib\u00e9rique en la faisant r\u00f4tir avec son jus et un verre de vin \u00e0 180\u00baC pendant 2 heures.","robots":{"index":"index","follow":"follow","max-snippet":"max-snippet:-1","max-image-preview":"max-image-preview:large","max-video-preview":"max-video-preview:-1"},"canonical":"https:\/\/casaboix.es\/fr\/produit\/epaule-cuite-iberique-demi-cuite-et-marinee\/","og_locale":"fr_FR","og_type":"article","og_title":"\u00c9paule cuite ib\u00e9rique demi-cuite et marin\u00e9e","og_description":"Savourez le moelleux exquis et la saveur incomparable de l'\u00e9paule de porc ib\u00e9rique en la faisant r\u00f4tir avec son jus et un verre de vin \u00e0 180\u00baC pendant 2 heures.","og_url":"https:\/\/casaboix.es\/fr\/produit\/epaule-cuite-iberique-demi-cuite-et-marinee\/","og_site_name":"Casa Boix","article_publisher":"https:\/\/www.facebook.com\/casaboix\/","article_modified_time":"2024-12-03T09:46:39+00:00","og_image":[{"width":1049,"height":1300,"url":"https:\/\/casaboix.es\/wp-content\/uploads\/2021\/01\/1121_Cpaletaiberica_1049x1300.jpg","type":"image\/jpeg"}],"twitter_card":"summary_large_image","twitter_site":"@casaboix","twitter_misc":{"Prix":"115.00&nbsp;&euro;","Disponibilit\u00e9":"En stock"},"schema":{"@context":"https:\/\/schema.org","@graph":[{"@type":["WebPage","ItemPage"],"@id":"https:\/\/casaboix.es\/fr\/produit\/epaule-cuite-iberique-demi-cuite-et-marinee\/","url":"https:\/\/casaboix.es\/fr\/produit\/epaule-cuite-iberique-demi-cuite-et-marinee\/","name":"\u00c9paule cuite ib\u00e9rique | Nos produits de charcuterie ib\u00e9rique - Casa Boix","isPartOf":{"@id":"https:\/\/casaboix.es\/fr\/#website"},"primaryImageOfPage":{"@id":"https:\/\/casaboix.es\/fr\/produit\/epaule-cuite-iberique-demi-cuite-et-marinee\/#primaryimage"},"image":{"@id":"https:\/\/casaboix.es\/fr\/produit\/epaule-cuite-iberique-demi-cuite-et-marinee\/#primaryimage"},"thumbnailUrl":"https:\/\/casaboix.es\/wp-content\/uploads\/2021\/01\/1121_Cpaletaiberica_1049x1300.jpg","datePublished":"2021-01-18T05:56:44+00:00","dateModified":"2024-12-03T09:46:39+00:00","description":"Savourez le moelleux exquis et la saveur incomparable de l'\u00e9paule de porc ib\u00e9rique en la faisant r\u00f4tir avec son jus et un verre de vin \u00e0 180\u00baC pendant 2 heures.","breadcrumb":{"@id":"https:\/\/casaboix.es\/fr\/produit\/epaule-cuite-iberique-demi-cuite-et-marinee\/#breadcrumb"},"inLanguage":"fr-FR","potentialAction":[{"@type":"ReadAction","target":["https:\/\/casaboix.es\/fr\/produit\/epaule-cuite-iberique-demi-cuite-et-marinee\/"]}]},{"@type":"ImageObject","inLanguage":"fr-FR","@id":"https:\/\/casaboix.es\/fr\/produit\/epaule-cuite-iberique-demi-cuite-et-marinee\/#primaryimage","url":"https:\/\/casaboix.es\/wp-content\/uploads\/2021\/01\/1121_Cpaletaiberica_1049x1300.jpg","contentUrl":"https:\/\/casaboix.es\/wp-content\/uploads\/2021\/01\/1121_Cpaletaiberica_1049x1300.jpg","width":1049,"height":1300},{"@type":"BreadcrumbList","@id":"https:\/\/casaboix.es\/fr\/produit\/epaule-cuite-iberique-demi-cuite-et-marinee\/#breadcrumb","itemListElement":[{"@type":"ListItem","position":1,"name":"Home","item":"https:\/\/casaboix.es\/fr\/"},{"@type":"ListItem","position":2,"name":"Boutique en ligne","item":"https:\/\/casaboix.es\/fr\/boutique\/"},{"@type":"ListItem","position":3,"name":"\u00c9paule cuite ib\u00e9rique demi-cuite et marin\u00e9e"}]},{"@type":"WebSite","@id":"https:\/\/casaboix.es\/fr\/#website","url":"https:\/\/casaboix.es\/fr\/","name":"Casa Boix","description":"Amor por las cosas bien hechas","publisher":{"@id":"https:\/\/casaboix.es\/fr\/#organization"},"potentialAction":[{"@type":"SearchAction","target":{"@type":"EntryPoint","urlTemplate":"https:\/\/casaboix.es\/fr\/?s={search_term_string}"},"query-input":{"@type":"PropertyValueSpecification","valueRequired":true,"valueName":"search_term_string"}}],"inLanguage":"fr-FR"},{"@type":"Organization","@id":"https:\/\/casaboix.es\/fr\/#organization","name":"Casa Boix","url":"https:\/\/casaboix.es\/fr\/","logo":{"@type":"ImageObject","inLanguage":"fr-FR","@id":"https:\/\/casaboix.es\/fr\/#\/schema\/logo\/image\/","url":"https:\/\/casaboix.es\/wp-content\/uploads\/2020\/10\/logo-negro.png","contentUrl":"https:\/\/casaboix.es\/wp-content\/uploads\/2020\/10\/logo-negro.png","width":342,"height":44,"caption":"Casa Boix"},"image":{"@id":"https:\/\/casaboix.es\/fr\/#\/schema\/logo\/image\/"},"sameAs":["https:\/\/www.facebook.com\/casaboix\/","https:\/\/x.com\/casaboix","https:\/\/www.instagram.com\/casaboix\/","https:\/\/www.youtube.com\/watch?v=j22NKKL47ec"]}]},"product_price_amount":"115.00","product_price_currency":"EUR","og_availability":"instock","product_availability":"instock","product_retailer_item_id":"121","product_condition":"new"},"_links":{"self":[{"href":"https:\/\/casaboix.es\/fr\/wp-json\/wp\/v2\/product\/5933","targetHints":{"allow":["GET"]}}],"collection":[{"href":"https:\/\/casaboix.es\/fr\/wp-json\/wp\/v2\/product"}],"about":[{"href":"https:\/\/casaboix.es\/fr\/wp-json\/wp\/v2\/types\/product"}],"replies":[{"embeddable":true,"href":"https:\/\/casaboix.es\/fr\/wp-json\/wp\/v2\/comments?post=5933"}],"wp:featuredmedia":[{"embeddable":true,"href":"https:\/\/casaboix.es\/fr\/wp-json\/wp\/v2\/media\/5934"}],"wp:attachment":[{"href":"https:\/\/casaboix.es\/fr\/wp-json\/wp\/v2\/media?parent=5933"}],"wp:term":[{"taxonomy":"product_brand","embeddable":true,"href":"https:\/\/casaboix.es\/fr\/wp-json\/wp\/v2\/product_brand?post=5933"},{"taxonomy":"product_cat","embeddable":true,"href":"https:\/\/casaboix.es\/fr\/wp-json\/wp\/v2\/product_cat?post=5933"},{"taxonomy":"product_tag","embeddable":true,"href":"https:\/\/casaboix.es\/fr\/wp-json\/wp\/v2\/product_tag?post=5933"}],"curies":[{"name":"wp","href":"https:\/\/api.w.org\/{rel}","templated":true}]}}