{"id":6565,"date":"2020-10-28T06:32:31","date_gmt":"2020-10-28T06:32:31","guid":{"rendered":"https:\/\/casaboix.es\/nosotros\/"},"modified":"2025-05-24T09:49:08","modified_gmt":"2025-05-24T07:49:08","slug":"notre-maison","status":"publish","type":"page","link":"https:\/\/casaboix.es\/fr\/notre-maison\/","title":{"rendered":"Notre maison"},"content":{"rendered":"<div class=\"wpb-content-wrapper\"><p>[vc_row full_height=\u00a0\u00bbyes\u00a0\u00bb columns_placement=\u00a0\u00bbstretch\u00a0\u00bb equal_height=\u00a0\u00bbyes\u00a0\u00bb content_placement=\u00a0\u00bbmiddle\u00a0\u00bb columns_height=\u00a0\u00bbadjust_cols_height\u00a0\u00bb font_color=\u00a0\u00bb#ffffff\u00a0\u00bb background_style=\u00a0\u00bbnormal\u00a0\u00bb css=\u00a0\u00bb.vc_custom_1612428729042{background-color: #ffffff !important;}\u00a0\u00bb][vc_column css=\u00a0\u00bb.vc_custom_1610958350607{background-image: url(https:\/\/casaboix.es\/wp-content\/uploads\/2021\/01\/20210118-Ori-Foto-Home-Opt.jpg?id=5427) !important;background-position: center !important;background-repeat: no-repeat !important;background-size: cover !important;}\u00a0\u00bb offset=\u00a0\u00bbvc_col-lg-6 vc_col-md-6&Prime;][vc_empty_space height=\u00a0\u00bb350px\u00a0\u00bb][\/vc_column][vc_column css=\u00a0\u00bb.vc_custom_1612428744556{margin-bottom: 0px !important;padding-top: 200px !important;padding-right: 15% !important;padding-bottom: 140px !important;padding-left: 15% !important;}\u00a0\u00bb offset=\u00a0\u00bbvc_col-lg-6 vc_col-md-6&Prime;][vc_column_text]<\/p>\n<h1 class=\"page-title on-shop\"><span style=\"font-family: 'Georgia'; color: #e8b851;\">Casa Boix<\/span><\/h1>\n<p>[\/vc_column_text][vc_column_text css=\u00a0\u00bb\u00a0\u00bb]<\/p>\n<p style=\"text-align: center;\"><span style=\"color: #58585a; font-family: 'Roboto'; font-size: 85%;\"><span class=\"char\" title=\"Em Dash\" data-decimal=\"8212\" data-entity=\"&amp;#8212;\" data-id=\"46410\">\u2014<\/span> Engag\u00e9s pour la qualit\u00e9 et la durabilit\u00e9<\/span><\/p>\n<p>[\/vc_column_text][vc_separator css=\u00a0\u00bb.vc_custom_1747995403882{padding-top: 20px !important;padding-bottom: 20px !important;}\u00a0\u00bb][vc_row_inner][vc_column_inner width=\u00a0\u00bb1\/2&Prime;][vc_column_text]<span style=\"color: #58585a; font-family: 'Roboto'; font-size: 90%;\">Chez <strong>Casa Boix<\/strong>, nous nous consacrons depuis plus de cent ans \u00e0 la pr\u00e9paration traditionnelle de produits carn\u00e9s de qualit\u00e9.<\/span><\/p>\n<p><span style=\"color: #58585a; font-family: 'Roboto'; font-size: 90%;\">Un esprit cr\u00e9atif s&rsquo;ajoute \u00e0 l&rsquo;artisanat de nos proc\u00e9d\u00e9s qui se traduit par une volont\u00e9 d&rsquo;innovation constante pour surprendre les passionn\u00e9s de gastronomie.<\/span>[\/vc_column_text][\/vc_column_inner][vc_column_inner width=\u00a0\u00bb1\/2&Prime;][vc_column_text]<span style=\"color: #58585a; font-family: 'Roboto'; font-size: 90%;\">Chez <strong>Casa Boix<\/strong>, nous s\u00e9lectionnons les meilleures viandes et nous r\u00e9alisons une production limit\u00e9e afin de pr\u00e9server la qualit\u00e9 et les rythmes lents des processus. De cette mani\u00e8re, nous garantissons une \u00e9laboration naturelle et authentique comme cela se faisait dans le pass\u00e9. Le r\u00e9sultat: des produits tendres et savoureux, aux parfums incomparables, qui conviennent \u00e0 tous car ils ne contiennent ni gluten ni lactose.<\/span>[\/vc_column_text][\/vc_column_inner][\/vc_row_inner][vc_separator css=\u00a0\u00bb.vc_custom_1747995415918{padding-top: 20px !important;padding-bottom: 20px !important;}\u00a0\u00bb][vc_row_inner][vc_column_inner width=\u00a0\u00bb1\/6&Prime;][vc_single_image image=\u00a0\u00bb9081&Prime; img_size=\u00a0\u00bbfull\u00a0\u00bb alignment=\u00a0\u00bbcenter\u00a0\u00bb css=\u00a0\u00bb.vc_custom_1748072920033{padding-right: 10px !important;}\u00a0\u00bb][\/vc_column_inner][vc_column_inner width=\u00a0\u00bb1\/3&Prime;][vc_single_image image=\u00a0\u00bb9092&Prime; img_size=\u00a0\u00bbfull\u00a0\u00bb alignment=\u00a0\u00bbcenter\u00a0\u00bb css=\u00a0\u00bb.vc_custom_1748072928033{padding-top: 10px !important;}\u00a0\u00bb][\/vc_column_inner][vc_column_inner width=\u00a0\u00bb1\/3&Prime;][vc_single_image image=\u00a0\u00bb9101&Prime; img_size=\u00a0\u00bbfull\u00a0\u00bb alignment=\u00a0\u00bbcenter\u00a0\u00bb css=\u00a0\u00bb.vc_custom_1748072936021{padding-top: 10px !important;}\u00a0\u00bb][\/vc_column_inner][vc_column_inner width=\u00a0\u00bb1\/6&Prime;][vc_single_image image=\u00a0\u00bb9108&Prime; img_size=\u00a0\u00bbfull\u00a0\u00bb alignment=\u00a0\u00bbcenter\u00a0\u00bb css=\u00a0\u00bb.vc_custom_1748072943827{padding-top: 30px !important;}\u00a0\u00bb][\/vc_column_inner][\/vc_row_inner][\/vc_column][\/vc_row]<\/p>\n<\/div>","protected":false},"excerpt":{"rendered":"<p>[vc_row full_height=\u00a0\u00bbyes\u00a0\u00bb columns_placement=\u00a0\u00bbstretch\u00a0\u00bb equal_height=\u00a0\u00bbyes\u00a0\u00bb content_placement=\u00a0\u00bbmiddle\u00a0\u00bb columns_height=\u00a0\u00bbadjust_cols_height\u00a0\u00bb font_color=\u00a0\u00bb#ffffff\u00a0\u00bb background_style=\u00a0\u00bbnormal\u00a0\u00bb css=\u00a0\u00bb.vc_custom_1612428729042{background-color: #ffffff !important;}\u00a0\u00bb][vc_column css=\u00a0\u00bb.vc_custom_1610958350607{background-image: url(https:\/\/casaboix.es\/wp-content\/uploads\/2021\/01\/20210118-Ori-Foto-Home-Opt.jpg?id=5427) !important;background-position: center !important;background-repeat: no-repeat !important;background-size: cover !important;}\u00a0\u00bb offset=\u00a0\u00bbvc_col-lg-6 vc_col-md-6&Prime;][vc_empty_space height=\u00a0\u00bb350px\u00a0\u00bb][\/vc_column][vc_column css=\u00a0\u00bb.vc_custom_1612428744556{margin-bottom: 0px !important;padding-top: 200px !important;padding-right: 15% !important;padding-bottom: 140px !important;padding-left: 15% !important;}\u00a0\u00bb offset=\u00a0\u00bbvc_col-lg-6 vc_col-md-6&Prime;][vc_column_text] Casa Boix [\/vc_column_text][vc_column_text css=\u00a0\u00bb\u00a0\u00bb] \u2014 Engag\u00e9s pour la qualit\u00e9 et la durabilit\u00e9 [\/vc_column_text][vc_separator css=\u00a0\u00bb.vc_custom_1747995403882{padding-top: 20px !important;padding-bottom: 20px !important;}\u00a0\u00bb][vc_row_inner][vc_column_inner width=\u00a0\u00bb1\/2&Prime;][vc_column_text]Chez [&hellip;]<\/p>\n","protected":false},"author":1,"featured_media":0,"parent":0,"menu_order":43,"comment_status":"closed","ping_status":"closed","template":"page-full-width.php","meta":{"footnotes":""},"class_list":["post-6565","page","type-page","status-publish","hentry"],"yoast_head":"<!-- This site is optimized with the Yoast SEO Premium plugin v27.1 (Yoast SEO v27.1.1) - https:\/\/yoast.com\/product\/yoast-seo-premium-wordpress\/ -->\n<title>A propos de nous | Notre \u00e9laboration traditionnelle - Casa Boix<\/title>\n<meta name=\"description\" content=\"Nous produisons des produits carn\u00e9s en utilisant des proc\u00e9d\u00e9s traditionnels et des rythmes lents afin de garantir une production naturelle et authentique, comme cela se faisait autrefois.\" \/>\n<meta name=\"robots\" content=\"index, follow, max-snippet:-1, max-image-preview:large, max-video-preview:-1\" \/>\n<link rel=\"canonical\" href=\"https:\/\/casaboix.es\/fr\/notre-maison\/\" \/>\n<meta property=\"og:locale\" content=\"fr_FR\" \/>\n<meta property=\"og:type\" content=\"article\" \/>\n<meta property=\"og:title\" content=\"Notre maison\" \/>\n<meta property=\"og:description\" content=\"Nous produisons des produits carn\u00e9s en utilisant des proc\u00e9d\u00e9s traditionnels et des rythmes lents afin de garantir une production naturelle et authentique, comme cela se faisait autrefois.\" \/>\n<meta property=\"og:url\" content=\"https:\/\/casaboix.es\/fr\/notre-maison\/\" \/>\n<meta property=\"og:site_name\" content=\"Casa Boix\" \/>\n<meta property=\"article:publisher\" content=\"https:\/\/www.facebook.com\/casaboix\/\" \/>\n<meta property=\"article:modified_time\" content=\"2025-05-24T07:49:08+00:00\" \/>\n<meta name=\"twitter:card\" content=\"summary_large_image\" \/>\n<meta name=\"twitter:site\" content=\"@casaboix\" \/>\n<meta name=\"twitter:label1\" content=\"Dur\u00e9e de lecture estim\u00e9e\" \/>\n\t<meta name=\"twitter:data1\" content=\"1 minute\" \/>\n<script type=\"application\/ld+json\" class=\"yoast-schema-graph\">{\"@context\":\"https:\/\/schema.org\",\"@graph\":[{\"@type\":[\"WebPage\",\"AboutPage\"],\"@id\":\"https:\/\/casaboix.es\/fr\/notre-maison\/\",\"url\":\"https:\/\/casaboix.es\/fr\/notre-maison\/\",\"name\":\"A propos de nous | Notre \u00e9laboration traditionnelle - Casa Boix\",\"isPartOf\":{\"@id\":\"https:\/\/casaboix.es\/fr\/#website\"},\"datePublished\":\"2020-10-28T06:32:31+00:00\",\"dateModified\":\"2025-05-24T07:49:08+00:00\",\"description\":\"Nous produisons des produits carn\u00e9s en utilisant des proc\u00e9d\u00e9s traditionnels et des rythmes lents afin de garantir une production naturelle et authentique, comme cela se faisait autrefois.\",\"breadcrumb\":{\"@id\":\"https:\/\/casaboix.es\/fr\/notre-maison\/#breadcrumb\"},\"inLanguage\":\"fr-FR\",\"potentialAction\":[{\"@type\":\"ReadAction\",\"target\":[\"https:\/\/casaboix.es\/fr\/notre-maison\/\"]}]},{\"@type\":\"BreadcrumbList\",\"@id\":\"https:\/\/casaboix.es\/fr\/notre-maison\/#breadcrumb\",\"itemListElement\":[{\"@type\":\"ListItem\",\"position\":1,\"name\":\"Home\",\"item\":\"https:\/\/casaboix.es\/fr\/\"},{\"@type\":\"ListItem\",\"position\":2,\"name\":\"Notre maison\"}]},{\"@type\":\"WebSite\",\"@id\":\"https:\/\/casaboix.es\/fr\/#website\",\"url\":\"https:\/\/casaboix.es\/fr\/\",\"name\":\"Casa Boix\",\"description\":\"Amor por las cosas bien hechas\",\"publisher\":{\"@id\":\"https:\/\/casaboix.es\/fr\/#organization\"},\"potentialAction\":[{\"@type\":\"SearchAction\",\"target\":{\"@type\":\"EntryPoint\",\"urlTemplate\":\"https:\/\/casaboix.es\/fr\/?s={search_term_string}\"},\"query-input\":{\"@type\":\"PropertyValueSpecification\",\"valueRequired\":true,\"valueName\":\"search_term_string\"}}],\"inLanguage\":\"fr-FR\"},{\"@type\":\"Organization\",\"@id\":\"https:\/\/casaboix.es\/fr\/#organization\",\"name\":\"Casa Boix\",\"url\":\"https:\/\/casaboix.es\/fr\/\",\"logo\":{\"@type\":\"ImageObject\",\"inLanguage\":\"fr-FR\",\"@id\":\"https:\/\/casaboix.es\/fr\/#\/schema\/logo\/image\/\",\"url\":\"https:\/\/casaboix.es\/wp-content\/uploads\/2020\/10\/logo-negro.png\",\"contentUrl\":\"https:\/\/casaboix.es\/wp-content\/uploads\/2020\/10\/logo-negro.png\",\"width\":342,\"height\":44,\"caption\":\"Casa Boix\"},\"image\":{\"@id\":\"https:\/\/casaboix.es\/fr\/#\/schema\/logo\/image\/\"},\"sameAs\":[\"https:\/\/www.facebook.com\/casaboix\/\",\"https:\/\/x.com\/casaboix\",\"https:\/\/www.instagram.com\/casaboix\/\",\"https:\/\/www.youtube.com\/watch?v=j22NKKL47ec\"]}]}<\/script>\n<!-- \/ Yoast SEO Premium plugin. -->","yoast_head_json":{"title":"A propos de nous | Notre \u00e9laboration traditionnelle - Casa Boix","description":"Nous produisons des produits carn\u00e9s en utilisant des proc\u00e9d\u00e9s traditionnels et des rythmes lents afin de garantir une production naturelle et authentique, comme cela se faisait autrefois.","robots":{"index":"index","follow":"follow","max-snippet":"max-snippet:-1","max-image-preview":"max-image-preview:large","max-video-preview":"max-video-preview:-1"},"canonical":"https:\/\/casaboix.es\/fr\/notre-maison\/","og_locale":"fr_FR","og_type":"article","og_title":"Notre maison","og_description":"Nous produisons des produits carn\u00e9s en utilisant des proc\u00e9d\u00e9s traditionnels et des rythmes lents afin de garantir une production naturelle et authentique, comme cela se faisait autrefois.","og_url":"https:\/\/casaboix.es\/fr\/notre-maison\/","og_site_name":"Casa Boix","article_publisher":"https:\/\/www.facebook.com\/casaboix\/","article_modified_time":"2025-05-24T07:49:08+00:00","twitter_card":"summary_large_image","twitter_site":"@casaboix","twitter_misc":{"Dur\u00e9e de lecture estim\u00e9e":"1 minute"},"schema":{"@context":"https:\/\/schema.org","@graph":[{"@type":["WebPage","AboutPage"],"@id":"https:\/\/casaboix.es\/fr\/notre-maison\/","url":"https:\/\/casaboix.es\/fr\/notre-maison\/","name":"A propos de nous | Notre \u00e9laboration traditionnelle - Casa Boix","isPartOf":{"@id":"https:\/\/casaboix.es\/fr\/#website"},"datePublished":"2020-10-28T06:32:31+00:00","dateModified":"2025-05-24T07:49:08+00:00","description":"Nous produisons des produits carn\u00e9s en utilisant des proc\u00e9d\u00e9s traditionnels et des rythmes lents afin de garantir une production naturelle et authentique, comme cela se faisait autrefois.","breadcrumb":{"@id":"https:\/\/casaboix.es\/fr\/notre-maison\/#breadcrumb"},"inLanguage":"fr-FR","potentialAction":[{"@type":"ReadAction","target":["https:\/\/casaboix.es\/fr\/notre-maison\/"]}]},{"@type":"BreadcrumbList","@id":"https:\/\/casaboix.es\/fr\/notre-maison\/#breadcrumb","itemListElement":[{"@type":"ListItem","position":1,"name":"Home","item":"https:\/\/casaboix.es\/fr\/"},{"@type":"ListItem","position":2,"name":"Notre maison"}]},{"@type":"WebSite","@id":"https:\/\/casaboix.es\/fr\/#website","url":"https:\/\/casaboix.es\/fr\/","name":"Casa Boix","description":"Amor por las cosas bien hechas","publisher":{"@id":"https:\/\/casaboix.es\/fr\/#organization"},"potentialAction":[{"@type":"SearchAction","target":{"@type":"EntryPoint","urlTemplate":"https:\/\/casaboix.es\/fr\/?s={search_term_string}"},"query-input":{"@type":"PropertyValueSpecification","valueRequired":true,"valueName":"search_term_string"}}],"inLanguage":"fr-FR"},{"@type":"Organization","@id":"https:\/\/casaboix.es\/fr\/#organization","name":"Casa Boix","url":"https:\/\/casaboix.es\/fr\/","logo":{"@type":"ImageObject","inLanguage":"fr-FR","@id":"https:\/\/casaboix.es\/fr\/#\/schema\/logo\/image\/","url":"https:\/\/casaboix.es\/wp-content\/uploads\/2020\/10\/logo-negro.png","contentUrl":"https:\/\/casaboix.es\/wp-content\/uploads\/2020\/10\/logo-negro.png","width":342,"height":44,"caption":"Casa Boix"},"image":{"@id":"https:\/\/casaboix.es\/fr\/#\/schema\/logo\/image\/"},"sameAs":["https:\/\/www.facebook.com\/casaboix\/","https:\/\/x.com\/casaboix","https:\/\/www.instagram.com\/casaboix\/","https:\/\/www.youtube.com\/watch?v=j22NKKL47ec"]}]}},"_links":{"self":[{"href":"https:\/\/casaboix.es\/fr\/wp-json\/wp\/v2\/pages\/6565","targetHints":{"allow":["GET"]}}],"collection":[{"href":"https:\/\/casaboix.es\/fr\/wp-json\/wp\/v2\/pages"}],"about":[{"href":"https:\/\/casaboix.es\/fr\/wp-json\/wp\/v2\/types\/page"}],"author":[{"embeddable":true,"href":"https:\/\/casaboix.es\/fr\/wp-json\/wp\/v2\/users\/1"}],"replies":[{"embeddable":true,"href":"https:\/\/casaboix.es\/fr\/wp-json\/wp\/v2\/comments?post=6565"}],"version-history":[{"count":5,"href":"https:\/\/casaboix.es\/fr\/wp-json\/wp\/v2\/pages\/6565\/revisions"}],"predecessor-version":[{"id":9154,"href":"https:\/\/casaboix.es\/fr\/wp-json\/wp\/v2\/pages\/6565\/revisions\/9154"}],"wp:attachment":[{"href":"https:\/\/casaboix.es\/fr\/wp-json\/wp\/v2\/media?parent=6565"}],"curies":[{"name":"wp","href":"https:\/\/api.w.org\/{rel}","templated":true}]}}