{"id":6539,"date":"2020-12-29T07:19:59","date_gmt":"2020-12-29T06:19:59","guid":{"rendered":"https:\/\/casaboix.es\/produits\/bio-mos\/especialidades-cerdo\/"},"modified":"2021-03-25T18:04:10","modified_gmt":"2021-03-25T17:04:10","slug":"specialites-de-porc","status":"publish","type":"page","link":"https:\/\/casaboix.es\/fr\/produits\/bio-mos\/specialites-de-porc\/","title":{"rendered":"Sp\u00e9cialit\u00e9s de porc"},"content":{"rendered":"<div class=\"wpb-content-wrapper\"><p>[vc_row full_width=\u00a0\u00bbstretch_row_content_no_spaces\u00a0\u00bb font_color=\u00a0\u00bb#ffffff\u00a0\u00bb css=\u00a0\u00bb.vc_custom_1611071554002{background-image: url(https:\/\/casaboix.es\/wp-content\/uploads\/2021\/01\/productos-bio-mos-jamon-cocido-cabecera-am-1.jpg?id=5715) !important;background-position: center !important;background-repeat: no-repeat !important;background-size: cover !important;}\u00a0\u00bb background_style=\u00a0\u00bbparallax\u00a0\u00bb][vc_column][vc_empty_space height=\u00a0\u00bb400px\u00a0\u00bb][\/vc_column][\/vc_row][vc_row css=\u00a0\u00bb.vc_custom_1607234259350{padding-top: 50px !important;padding-right: 22% !important;padding-left: 22% !important;}\u00a0\u00bb][vc_column][vc_column_text]<\/p>\n<h2 style=\"text-align: center; height: 40px; margin-bottom: 0px;\"><span style=\"color: #4c4b4a;\"><span style=\"font-size: 50%; font-family: 'Roboto'; font-weight: 800; text-transform: uppercase;\">Bios Mos<\/span><\/span><\/h2>\n<h2 style=\"text-align: center;\"><span style=\"color: #e8b851; font-size: 150%; font-family: 'Georgia';\">Sp\u00e9cialit\u00e9s de porc<\/span><\/h2>\n<p style=\"max-width: 800px; text-align: center; margin: 0 auto; margin-bottom: 20px;\"><span style=\"color: #808080; font-size: 90%; font-family: 'Roboto';\">Grande vari\u00e9t\u00e9 de produits cuits ou s\u00e9ch\u00e9s BIO en tranches. Vous pouvez vous pr\u00e9parer de fantastiques sandwiches et des recettes avec notre filet de porc bio, notre poitrine de porc bio et nos produits de salaison bio : chorizo, saucisson et jambon.<\/span><\/p>\n<p style=\"text-align: center;\"><span style=\"color: #808080; font-size: 90%; font-family: 'Roboto'; font-weight: bold;\">D\u00e9couvrez toute nos vari\u00e9t\u00e9s de produits \u00e0 base de porc:<\/span><\/p>\n<p>[\/vc_column_text][\/vc_column][\/vc_row][vc_row gap=\u00a0\u00bb10&Prime; equal_height=\u00a0\u00bbyes\u00a0\u00bb content_placement=\u00a0\u00bbmiddle\u00a0\u00bb el_class=\u00a0\u00bbbloque-ficha-tecnica-producto\u00a0\u00bb][vc_column width=\u00a0\u00bb1\/2&Prime; css=\u00a0\u00bb.vc_custom_1606719872878{background-color: #f1efe9 !important;}\u00a0\u00bb][vc_single_image image=\u00a0\u00bb6543&Prime; img_size=\u00a0\u00bbfull\u00a0\u00bb alignment=\u00a0\u00bbcenter\u00a0\u00bb el_class=\u00a0\u00bbbio-mos-esp-cerdo-izq-max-width\u00a0\u00bb css=\u00a0\u00bb.vc_custom_1611072527564{padding-top: 30px !important;padding-right: 5% !important;padding-bottom: 60px !important;padding-left: 5% !important;}\u00a0\u00bb][\/vc_column][vc_column width=\u00a0\u00bb1\/2&Prime; css=\u00a0\u00bb.vc_custom_1607167253767{background-color: #f1efe9 !important;}\u00a0\u00bb el_class=\u00a0\u00bbficha-tecnica-col-der\u00a0\u00bb][vc_column_text]<\/p>\n<h3 style=\"text-align: center; margin-bottom: 0px;\"><span style=\"display: block; color: #4c4c4b; font-size: 90%; font-family: 'Georgia'; line-height: 28px; padding: 0px 20px;\">Poitrine cuite et fum\u00e9e BIO (tranch\u00e9e)<\/span><\/h3>\n<p style=\"text-align: center;\"><span style=\"color: #4c4c4b; font-family: 'Roboto'; font-size: 14px; font-weight: bold;\">R\u00e9f. 1406 &#8211; 80 g<\/span><\/p>\n<p style=\"margin-bottom: 3px !important; text-align: center; font-size: 80%;\">Valeur \u00e9nerg\u00e9tique : 1290 KJ \/ 319 kcal<\/p>\n<p style=\"margin-bottom: 3px !important; text-align: center; font-size: 80%;\">Mati\u00e8res grasses : 28,2 g. dont acides gras satur\u00e9s : &lt;11,2 g.<\/p>\n<p style=\"margin-bottom: 3px !important; text-align: center; font-size: 80%;\">Glucides : 1,5 g. dont sucres : &lt; 0,5 g.<\/p>\n<p style=\"margin-bottom: 3px !important; text-align: center; font-size: 80%;\">Prot\u00e9ines : 14,4 g. Sel : 0,95 g.<\/p>\n<p>[\/vc_column_text][\/vc_column][\/vc_row][vc_row gap=\u00a0\u00bb10&Prime; equal_height=\u00a0\u00bbyes\u00a0\u00bb content_placement=\u00a0\u00bbmiddle\u00a0\u00bb el_class=\u00a0\u00bbbloque-ficha-tecnica-producto\u00a0\u00bb css=\u00a0\u00bb.vc_custom_1609172214744{margin-top: 50px !important;}\u00a0\u00bb][vc_column width=\u00a0\u00bb1\/2&Prime; css=\u00a0\u00bb.vc_custom_1606719872878{background-color: #f1efe9 !important;}\u00a0\u00bb][vc_single_image image=\u00a0\u00bb6548&Prime; img_size=\u00a0\u00bbfull\u00a0\u00bb alignment=\u00a0\u00bbcenter\u00a0\u00bb el_class=\u00a0\u00bbbio-mos-esp-cerdo-izq-max-width\u00a0\u00bb css=\u00a0\u00bb.vc_custom_1612943773842{padding-top: 30px !important;padding-right: 5% !important;padding-bottom: 60px !important;padding-left: 5% !important;}\u00a0\u00bb][\/vc_column][vc_column width=\u00a0\u00bb1\/2&Prime; css=\u00a0\u00bb.vc_custom_1607167253767{background-color: #f1efe9 !important;}\u00a0\u00bb el_class=\u00a0\u00bbficha-tecnica-col-der\u00a0\u00bb][vc_column_text]<\/p>\n<h3 style=\"text-align: center; margin-bottom: 0px;\"><span style=\"display: block; color: #4c4c4b; font-size: 90%; font-family: 'Georgia'; line-height: 28px; padding: 0px 20px;\">Filet de porc r\u00f4ti aux fines herbes BIO (tranch\u00e9)<\/span><\/h3>\n<p style=\"text-align: center;\"><span style=\"color: #4c4c4b; font-family: 'Roboto'; font-size: 14px; font-weight: bold;\">R\u00e9f. 1207 &#8211; 80 g<\/span><\/p>\n<p style=\"margin-bottom: 3px !important; text-align: center; font-size: 80%;\">Valeur \u00e9nerg\u00e9tique : 1335 KJ \/ 320 kcal.<\/p>\n<p style=\"margin-bottom: 3px !important; text-align: center; font-size: 80%;\">Mati\u00e8res grasses : 20 g dont acides gras satur\u00e9s : 6 g.<\/p>\n<p style=\"margin-bottom: 3px !important; text-align: center; font-size: 80%;\">Glucides : &lt;1 g dont sucres : &lt;1 g.<\/p>\n<p style=\"margin-bottom: 3px !important; text-align: center; font-size: 80%;\">Prot\u00e9ines : 35 g. Sel : 4,2 g.<\/p>\n<p>[\/vc_column_text][\/vc_column][\/vc_row][vc_row gap=\u00a0\u00bb10&Prime; equal_height=\u00a0\u00bbyes\u00a0\u00bb content_placement=\u00a0\u00bbmiddle\u00a0\u00bb el_class=\u00a0\u00bbbloque-ficha-tecnica-producto\u00a0\u00bb css=\u00a0\u00bb.vc_custom_1609172214744{margin-top: 50px !important;}\u00a0\u00bb][vc_column width=\u00a0\u00bb1\/2&Prime; css=\u00a0\u00bb.vc_custom_1606719872878{background-color: #f1efe9 !important;}\u00a0\u00bb][vc_single_image image=\u00a0\u00bb6544&Prime; img_size=\u00a0\u00bbfull\u00a0\u00bb alignment=\u00a0\u00bbcenter\u00a0\u00bb el_class=\u00a0\u00bbbio-mos-esp-cerdo-izq-max-width\u00a0\u00bb css=\u00a0\u00bb.vc_custom_1611072608909{padding-top: 30px !important;padding-right: 5% !important;padding-bottom: 60px !important;padding-left: 5% !important;}\u00a0\u00bb][\/vc_column][vc_column width=\u00a0\u00bb1\/2&Prime; css=\u00a0\u00bb.vc_custom_1607167253767{background-color: #f1efe9 !important;}\u00a0\u00bb el_class=\u00a0\u00bbficha-tecnica-col-der\u00a0\u00bb][vc_column_text]<\/p>\n<h3 style=\"text-align: center; margin-bottom: 0px;\"><span style=\"display: block; color: #4c4c4b; font-size: 90%; font-family: 'Georgia'; line-height: 28px; padding: 0px 20px;\">Chorizo \u00ab\u00a0Vela\u00a0\u00bb sup\u00e9rieur BIO (tranch\u00e9)<\/span><\/h3>\n<p style=\"text-align: center;\"><span style=\"color: #4c4c4b; font-family: 'Roboto'; font-size: 14px; font-weight: bold;\">R\u00e9f. 1620 &#8211; 80 g<\/span><\/p>\n<p style=\"margin-bottom: 3px !important; text-align: center; font-size: 80%;\">Valeur \u00e9nerg\u00e9tique : 1941 KJ \/ 467 kcal.<\/p>\n<p style=\"margin-bottom: 3px !important; text-align: center; font-size: 80%;\">Mati\u00e8res grasses : 35 g. dont acides gras satur\u00e9s : 13,5 g.<\/p>\n<p style=\"margin-bottom: 3px !important; text-align: center; font-size: 80%;\">Glucides : 2 g. Dont sucres : 1 g.<\/p>\n<p style=\"margin-bottom: 3px !important; text-align: center; font-size: 80%;\">Prot\u00e9ines : 35 g. Sel : 3,5 g.<\/p>\n<p>[\/vc_column_text][\/vc_column][\/vc_row][vc_row gap=\u00a0\u00bb10&Prime; equal_height=\u00a0\u00bbyes\u00a0\u00bb content_placement=\u00a0\u00bbmiddle\u00a0\u00bb el_class=\u00a0\u00bbbloque-ficha-tecnica-producto\u00a0\u00bb css=\u00a0\u00bb.vc_custom_1609172214744{margin-top: 50px !important;}\u00a0\u00bb][vc_column width=\u00a0\u00bb1\/2&Prime; css=\u00a0\u00bb.vc_custom_1606719872878{background-color: #f1efe9 !important;}\u00a0\u00bb][vc_single_image image=\u00a0\u00bb6545&Prime; img_size=\u00a0\u00bbfull\u00a0\u00bb alignment=\u00a0\u00bbcenter\u00a0\u00bb el_class=\u00a0\u00bbbio-mos-esp-cerdo-izq-max-width\u00a0\u00bb css=\u00a0\u00bb.vc_custom_1611072624140{padding-top: 30px !important;padding-right: 5% !important;padding-bottom: 60px !important;padding-left: 5% !important;}\u00a0\u00bb][\/vc_column][vc_column width=\u00a0\u00bb1\/2&Prime; css=\u00a0\u00bb.vc_custom_1607167253767{background-color: #f1efe9 !important;}\u00a0\u00bb el_class=\u00a0\u00bbficha-tecnica-col-der\u00a0\u00bb][vc_column_text]<\/p>\n<h3 style=\"text-align: center; margin-bottom: 0px;\"><span style=\"display: block; color: #4c4c4b; font-size: 90%; font-family: 'Georgia'; line-height: 28px; padding: 0px 20px;\">Saucisson sec \u00ab\u00a0Vela\u00a0\u00bb sup\u00e9rieur BIO (tranch\u00e9)<\/span><\/h3>\n<p style=\"text-align: center;\"><span style=\"color: #4c4c4b; font-family: 'Roboto'; font-size: 14px; font-weight: bold;\">Ref. 1621 &#8211; 80 g<\/span><\/p>\n<p style=\"margin-bottom: 3px !important; text-align: center; font-size: 80%;\">Valeur \u00e9nerg\u00e9tique : 1924 KJ \/ 463 kcal.<\/p>\n<p style=\"margin-bottom: 3px !important; text-align: center; font-size: 80%;\">Mati\u00e8res grasses : 35 g. dont acides gras satur\u00e9s : 13,5 g.<\/p>\n<p style=\"margin-bottom: 3px !important; text-align: center; font-size: 80%;\">Glucides : 2 g. Dont sucres : 1 g.<\/p>\n<p style=\"margin-bottom: 3px !important; text-align: center; font-size: 80%;\">Prot\u00e9ines : 35 g. Sel : 3,5 g.<\/p>\n<p>[\/vc_column_text][\/vc_column][\/vc_row][vc_row gap=\u00a0\u00bb10&Prime; equal_height=\u00a0\u00bbyes\u00a0\u00bb content_placement=\u00a0\u00bbmiddle\u00a0\u00bb el_class=\u00a0\u00bbbloque-ficha-tecnica-producto\u00a0\u00bb css=\u00a0\u00bb.vc_custom_1609172214744{margin-top: 50px !important;}\u00a0\u00bb][vc_column width=\u00a0\u00bb1\/2&Prime; css=\u00a0\u00bb.vc_custom_1606719872878{background-color: #f1efe9 !important;}\u00a0\u00bb][vc_single_image image=\u00a0\u00bb6546&Prime; img_size=\u00a0\u00bbfull\u00a0\u00bb alignment=\u00a0\u00bbcenter\u00a0\u00bb el_class=\u00a0\u00bbbio-mos-esp-cerdo-izq-max-width\u00a0\u00bb css=\u00a0\u00bb.vc_custom_1611072638811{padding-top: 30px !important;padding-right: 5% !important;padding-bottom: 60px !important;padding-left: 5% !important;}\u00a0\u00bb][\/vc_column][vc_column width=\u00a0\u00bb1\/2&Prime; css=\u00a0\u00bb.vc_custom_1607167253767{background-color: #f1efe9 !important;}\u00a0\u00bb el_class=\u00a0\u00bbficha-tecnica-col-der\u00a0\u00bb][vc_column_text]<\/p>\n<h3 style=\"text-align: center; margin-bottom: 0px;\"><span style=\"display: block; color: #4c4c4b; font-size: 90%; font-family: 'Georgia'; line-height: 28px; padding: 0px 20px;\">Jambon Serrano BIO (tranch\u00e9)<\/span><\/h3>\n<p style=\"text-align: center;\"><span style=\"color: #4c4c4b; font-family: 'Roboto'; font-size: 14px; font-weight: bold;\">R\u00e9f. 1622 &#8211; 80 g<\/span><\/p>\n<p style=\"margin-bottom: 3px !important; text-align: center; font-size: 80%;\">Valeur \u00e9nerg\u00e9tique : 1335 KJ \/ 320 kcal.<\/p>\n<p style=\"margin-bottom: 3px !important; text-align: center; font-size: 80%;\">Mati\u00e8res grasses : 20 g. dont acides gras satur\u00e9s : 6 g.<\/p>\n<p style=\"margin-bottom: 3px !important; text-align: center; font-size: 80%;\">Glucides : &lt;1 g dont sucres : &lt;1 g.<\/p>\n<p style=\"margin-bottom: 3px !important; text-align: center; font-size: 80%;\">Prot\u00e9ines : 35 g. Sel : 4,2 g.<\/p>\n<p>[\/vc_column_text][\/vc_column][\/vc_row][vc_row css=\u00a0\u00bb.vc_custom_1609051284072{margin-top: 100px !important;margin-bottom: 30px !important;}\u00a0\u00bb][vc_column][vc_separator][\/vc_column][\/vc_row][vc_row css=\u00a0\u00bb.vc_custom_1609051319452{margin-right: 5% !important;margin-left: 5% !important;}\u00a0\u00bb][vc_column width=\u00a0\u00bb1\/2&Prime;][vc_column_text]<\/p>\n<p style=\"text-align: left; font-family: Georgia;\"><span class=\"productos-bottom-links-prev\"><a href=\"https:\/\/casaboix.es\/fr\/produits\/bio-mos\/jambon-cuit\/\">Jambon cuit<\/a><\/span><\/p>\n<p>[\/vc_column_text][\/vc_column][vc_column width=\u00a0\u00bb1\/2&Prime;][vc_column_text]<\/p>\n<p style=\"text-align: right; font-family: Georgia;\"><span class=\"productos-bottom-links-next\"><a href=\"https:\/\/casaboix.es\/fr\/produits\/bio-mos\/specialites-de-volaille\/\">Sp\u00e9cialit\u00e9s de volaille<\/a><\/span><\/p>\n<p>[\/vc_column_text][\/vc_column][\/vc_row]<\/p>\n<\/div>","protected":false},"excerpt":{"rendered":"<p>[vc_row full_width=\u00a0\u00bbstretch_row_content_no_spaces\u00a0\u00bb font_color=\u00a0\u00bb#ffffff\u00a0\u00bb css=\u00a0\u00bb.vc_custom_1611071554002{background-image: url(https:\/\/casaboix.es\/wp-content\/uploads\/2021\/01\/productos-bio-mos-jamon-cocido-cabecera-am-1.jpg?id=5715) !important;background-position: center !important;background-repeat: no-repeat !important;background-size: cover !important;}\u00a0\u00bb background_style=\u00a0\u00bbparallax\u00a0\u00bb][vc_column][vc_empty_space height=\u00a0\u00bb400px\u00a0\u00bb][\/vc_column][\/vc_row][vc_row css=\u00a0\u00bb.vc_custom_1607234259350{padding-top: 50px !important;padding-right: 22% !important;padding-left: 22% !important;}\u00a0\u00bb][vc_column][vc_column_text] Bios Mos Sp\u00e9cialit\u00e9s de porc Grande vari\u00e9t\u00e9 de produits cuits ou s\u00e9ch\u00e9s BIO en tranches. Vous pouvez vous pr\u00e9parer de fantastiques sandwiches et des recettes avec notre filet de porc bio, notre poitrine de [&hellip;]<\/p>\n","protected":false},"author":1,"featured_media":0,"parent":6513,"menu_order":2,"comment_status":"closed","ping_status":"closed","template":"page-full-width.php","meta":{"footnotes":""},"class_list":["post-6539","page","type-page","status-publish","hentry"],"yoast_head":"<!-- This site is optimized with the Yoast SEO Premium plugin v27.1 (Yoast SEO v27.1.1) - https:\/\/yoast.com\/product\/yoast-seo-premium-wordpress\/ -->\n<title>Sp\u00e9cialit\u00e9s de porc - Casa Boix<\/title>\n<meta name=\"robots\" content=\"index, follow, max-snippet:-1, max-image-preview:large, max-video-preview:-1\" \/>\n<link rel=\"canonical\" href=\"https:\/\/casaboix.es\/fr\/produits\/bio-mos\/specialites-de-porc\/\" \/>\n<meta property=\"og:locale\" content=\"fr_FR\" \/>\n<meta property=\"og:type\" content=\"article\" \/>\n<meta property=\"og:title\" content=\"Sp\u00e9cialit\u00e9s de porc\" \/>\n<meta property=\"og:description\" content=\"[vc_row full_width=\u00a0\u00bbstretch_row_content_no_spaces\u00a0\u00bb font_color=\u00a0\u00bb#ffffff\u00a0\u00bb css=\u00a0\u00bb.vc_custom_1611071554002{background-image: url(https:\/\/casaboix.es\/wp-content\/uploads\/2021\/01\/productos-bio-mos-jamon-cocido-cabecera-am-1.jpg?id=5715) !important;background-position: center !important;background-repeat: no-repeat !important;background-size: cover !important;}\u00a0\u00bb background_style=\u00a0\u00bbparallax\u00a0\u00bb][vc_column][vc_empty_space height=\u00a0\u00bb400px\u00a0\u00bb][\/vc_column][\/vc_row][vc_row css=\u00a0\u00bb.vc_custom_1607234259350{padding-top: 50px !important;padding-right: 22% !important;padding-left: 22% !important;}\u00a0\u00bb][vc_column][vc_column_text] Bios Mos Sp\u00e9cialit\u00e9s de porc Grande vari\u00e9t\u00e9 de produits cuits ou s\u00e9ch\u00e9s BIO en tranches. Vous pouvez vous pr\u00e9parer de fantastiques sandwiches et des recettes avec notre filet de porc bio, notre poitrine de [&hellip;]\" \/>\n<meta property=\"og:url\" content=\"https:\/\/casaboix.es\/fr\/produits\/bio-mos\/specialites-de-porc\/\" \/>\n<meta property=\"og:site_name\" content=\"Casa Boix\" \/>\n<meta property=\"article:publisher\" content=\"https:\/\/www.facebook.com\/casaboix\/\" \/>\n<meta property=\"article:modified_time\" content=\"2021-03-25T17:04:10+00:00\" \/>\n<meta name=\"twitter:card\" content=\"summary_large_image\" \/>\n<meta name=\"twitter:site\" content=\"@casaboix\" \/>\n<meta name=\"twitter:label1\" content=\"Dur\u00e9e de lecture estim\u00e9e\" \/>\n\t<meta name=\"twitter:data1\" content=\"2 minutes\" \/>\n<script type=\"application\/ld+json\" class=\"yoast-schema-graph\">{\"@context\":\"https:\/\/schema.org\",\"@graph\":[{\"@type\":\"WebPage\",\"@id\":\"https:\/\/casaboix.es\/fr\/produits\/bio-mos\/specialites-de-porc\/\",\"url\":\"https:\/\/casaboix.es\/fr\/produits\/bio-mos\/specialites-de-porc\/\",\"name\":\"Sp\u00e9cialit\u00e9s de porc - Casa Boix\",\"isPartOf\":{\"@id\":\"https:\/\/casaboix.es\/fr\/#website\"},\"datePublished\":\"2020-12-29T06:19:59+00:00\",\"dateModified\":\"2021-03-25T17:04:10+00:00\",\"breadcrumb\":{\"@id\":\"https:\/\/casaboix.es\/fr\/produits\/bio-mos\/specialites-de-porc\/#breadcrumb\"},\"inLanguage\":\"fr-FR\",\"potentialAction\":[{\"@type\":\"ReadAction\",\"target\":[\"https:\/\/casaboix.es\/fr\/produits\/bio-mos\/specialites-de-porc\/\"]}]},{\"@type\":\"BreadcrumbList\",\"@id\":\"https:\/\/casaboix.es\/fr\/produits\/bio-mos\/specialites-de-porc\/#breadcrumb\",\"itemListElement\":[{\"@type\":\"ListItem\",\"position\":1,\"name\":\"Home\",\"item\":\"https:\/\/casaboix.es\/fr\/\"},{\"@type\":\"ListItem\",\"position\":2,\"name\":\"Produits\",\"item\":\"https:\/\/casaboix.es\/fr\/produits\/\"},{\"@type\":\"ListItem\",\"position\":3,\"name\":\"Bio Mos\",\"item\":\"https:\/\/casaboix.es\/fr\/produits\/bio-mos\/\"},{\"@type\":\"ListItem\",\"position\":4,\"name\":\"Sp\u00e9cialit\u00e9s de porc\"}]},{\"@type\":\"WebSite\",\"@id\":\"https:\/\/casaboix.es\/fr\/#website\",\"url\":\"https:\/\/casaboix.es\/fr\/\",\"name\":\"Casa Boix\",\"description\":\"Amor por las cosas bien hechas\",\"publisher\":{\"@id\":\"https:\/\/casaboix.es\/fr\/#organization\"},\"potentialAction\":[{\"@type\":\"SearchAction\",\"target\":{\"@type\":\"EntryPoint\",\"urlTemplate\":\"https:\/\/casaboix.es\/fr\/?s={search_term_string}\"},\"query-input\":{\"@type\":\"PropertyValueSpecification\",\"valueRequired\":true,\"valueName\":\"search_term_string\"}}],\"inLanguage\":\"fr-FR\"},{\"@type\":\"Organization\",\"@id\":\"https:\/\/casaboix.es\/fr\/#organization\",\"name\":\"Casa Boix\",\"url\":\"https:\/\/casaboix.es\/fr\/\",\"logo\":{\"@type\":\"ImageObject\",\"inLanguage\":\"fr-FR\",\"@id\":\"https:\/\/casaboix.es\/fr\/#\/schema\/logo\/image\/\",\"url\":\"https:\/\/casaboix.es\/wp-content\/uploads\/2020\/10\/logo-negro.png\",\"contentUrl\":\"https:\/\/casaboix.es\/wp-content\/uploads\/2020\/10\/logo-negro.png\",\"width\":342,\"height\":44,\"caption\":\"Casa Boix\"},\"image\":{\"@id\":\"https:\/\/casaboix.es\/fr\/#\/schema\/logo\/image\/\"},\"sameAs\":[\"https:\/\/www.facebook.com\/casaboix\/\",\"https:\/\/x.com\/casaboix\",\"https:\/\/www.instagram.com\/casaboix\/\",\"https:\/\/www.youtube.com\/watch?v=j22NKKL47ec\"]}]}<\/script>\n<!-- \/ Yoast SEO Premium plugin. -->","yoast_head_json":{"title":"Sp\u00e9cialit\u00e9s de porc - Casa Boix","robots":{"index":"index","follow":"follow","max-snippet":"max-snippet:-1","max-image-preview":"max-image-preview:large","max-video-preview":"max-video-preview:-1"},"canonical":"https:\/\/casaboix.es\/fr\/produits\/bio-mos\/specialites-de-porc\/","og_locale":"fr_FR","og_type":"article","og_title":"Sp\u00e9cialit\u00e9s de porc","og_description":"[vc_row full_width=\u00a0\u00bbstretch_row_content_no_spaces\u00a0\u00bb font_color=\u00a0\u00bb#ffffff\u00a0\u00bb css=\u00a0\u00bb.vc_custom_1611071554002{background-image: url(https:\/\/casaboix.es\/wp-content\/uploads\/2021\/01\/productos-bio-mos-jamon-cocido-cabecera-am-1.jpg?id=5715) !important;background-position: center !important;background-repeat: no-repeat !important;background-size: cover !important;}\u00a0\u00bb background_style=\u00a0\u00bbparallax\u00a0\u00bb][vc_column][vc_empty_space height=\u00a0\u00bb400px\u00a0\u00bb][\/vc_column][\/vc_row][vc_row css=\u00a0\u00bb.vc_custom_1607234259350{padding-top: 50px !important;padding-right: 22% !important;padding-left: 22% !important;}\u00a0\u00bb][vc_column][vc_column_text] Bios Mos Sp\u00e9cialit\u00e9s de porc Grande vari\u00e9t\u00e9 de produits cuits ou s\u00e9ch\u00e9s BIO en tranches. Vous pouvez vous pr\u00e9parer de fantastiques sandwiches et des recettes avec notre filet de porc bio, notre poitrine de [&hellip;]","og_url":"https:\/\/casaboix.es\/fr\/produits\/bio-mos\/specialites-de-porc\/","og_site_name":"Casa Boix","article_publisher":"https:\/\/www.facebook.com\/casaboix\/","article_modified_time":"2021-03-25T17:04:10+00:00","twitter_card":"summary_large_image","twitter_site":"@casaboix","twitter_misc":{"Dur\u00e9e de lecture estim\u00e9e":"2 minutes"},"schema":{"@context":"https:\/\/schema.org","@graph":[{"@type":"WebPage","@id":"https:\/\/casaboix.es\/fr\/produits\/bio-mos\/specialites-de-porc\/","url":"https:\/\/casaboix.es\/fr\/produits\/bio-mos\/specialites-de-porc\/","name":"Sp\u00e9cialit\u00e9s de porc - Casa Boix","isPartOf":{"@id":"https:\/\/casaboix.es\/fr\/#website"},"datePublished":"2020-12-29T06:19:59+00:00","dateModified":"2021-03-25T17:04:10+00:00","breadcrumb":{"@id":"https:\/\/casaboix.es\/fr\/produits\/bio-mos\/specialites-de-porc\/#breadcrumb"},"inLanguage":"fr-FR","potentialAction":[{"@type":"ReadAction","target":["https:\/\/casaboix.es\/fr\/produits\/bio-mos\/specialites-de-porc\/"]}]},{"@type":"BreadcrumbList","@id":"https:\/\/casaboix.es\/fr\/produits\/bio-mos\/specialites-de-porc\/#breadcrumb","itemListElement":[{"@type":"ListItem","position":1,"name":"Home","item":"https:\/\/casaboix.es\/fr\/"},{"@type":"ListItem","position":2,"name":"Produits","item":"https:\/\/casaboix.es\/fr\/produits\/"},{"@type":"ListItem","position":3,"name":"Bio Mos","item":"https:\/\/casaboix.es\/fr\/produits\/bio-mos\/"},{"@type":"ListItem","position":4,"name":"Sp\u00e9cialit\u00e9s de porc"}]},{"@type":"WebSite","@id":"https:\/\/casaboix.es\/fr\/#website","url":"https:\/\/casaboix.es\/fr\/","name":"Casa Boix","description":"Amor por las cosas bien hechas","publisher":{"@id":"https:\/\/casaboix.es\/fr\/#organization"},"potentialAction":[{"@type":"SearchAction","target":{"@type":"EntryPoint","urlTemplate":"https:\/\/casaboix.es\/fr\/?s={search_term_string}"},"query-input":{"@type":"PropertyValueSpecification","valueRequired":true,"valueName":"search_term_string"}}],"inLanguage":"fr-FR"},{"@type":"Organization","@id":"https:\/\/casaboix.es\/fr\/#organization","name":"Casa Boix","url":"https:\/\/casaboix.es\/fr\/","logo":{"@type":"ImageObject","inLanguage":"fr-FR","@id":"https:\/\/casaboix.es\/fr\/#\/schema\/logo\/image\/","url":"https:\/\/casaboix.es\/wp-content\/uploads\/2020\/10\/logo-negro.png","contentUrl":"https:\/\/casaboix.es\/wp-content\/uploads\/2020\/10\/logo-negro.png","width":342,"height":44,"caption":"Casa Boix"},"image":{"@id":"https:\/\/casaboix.es\/fr\/#\/schema\/logo\/image\/"},"sameAs":["https:\/\/www.facebook.com\/casaboix\/","https:\/\/x.com\/casaboix","https:\/\/www.instagram.com\/casaboix\/","https:\/\/www.youtube.com\/watch?v=j22NKKL47ec"]}]}},"_links":{"self":[{"href":"https:\/\/casaboix.es\/fr\/wp-json\/wp\/v2\/pages\/6539","targetHints":{"allow":["GET"]}}],"collection":[{"href":"https:\/\/casaboix.es\/fr\/wp-json\/wp\/v2\/pages"}],"about":[{"href":"https:\/\/casaboix.es\/fr\/wp-json\/wp\/v2\/types\/page"}],"author":[{"embeddable":true,"href":"https:\/\/casaboix.es\/fr\/wp-json\/wp\/v2\/users\/1"}],"replies":[{"embeddable":true,"href":"https:\/\/casaboix.es\/fr\/wp-json\/wp\/v2\/comments?post=6539"}],"version-history":[{"count":0,"href":"https:\/\/casaboix.es\/fr\/wp-json\/wp\/v2\/pages\/6539\/revisions"}],"up":[{"embeddable":true,"href":"https:\/\/casaboix.es\/fr\/wp-json\/wp\/v2\/pages\/6513"}],"wp:attachment":[{"href":"https:\/\/casaboix.es\/fr\/wp-json\/wp\/v2\/media?parent=6539"}],"curies":[{"name":"wp","href":"https:\/\/api.w.org\/{rel}","templated":true}]}}