{"id":6503,"date":"2020-12-28T09:14:25","date_gmt":"2020-12-28T08:14:25","guid":{"rendered":"https:\/\/casaboix.es\/produits\/mos-natura\/especialidades-pavo\/"},"modified":"2021-03-11T10:55:15","modified_gmt":"2021-03-11T09:55:15","slug":"specialites-de-dinde","status":"publish","type":"page","link":"https:\/\/casaboix.es\/fr\/produits\/mos-natura\/specialites-de-dinde\/","title":{"rendered":"Sp\u00e9cialit\u00e9s de dinde"},"content":{"rendered":"<div class=\"wpb-content-wrapper\"><p>[vc_row full_width=\u00a0\u00bbstretch_row_content_no_spaces\u00a0\u00bb font_color=\u00a0\u00bb#ffffff\u00a0\u00bb css=\u00a0\u00bb.vc_custom_1609143141509{background-image: url(https:\/\/casaboix.es\/wp-content\/uploads\/2020\/12\/productos-mos-natura-pavo-cabecera.jpg?id=4991) !important;background-position: center !important;background-repeat: no-repeat !important;background-size: cover !important;}\u00a0\u00bb background_style=\u00a0\u00bbparallax\u00a0\u00bb][vc_column][vc_empty_space height=\u00a0\u00bb400px\u00a0\u00bb][\/vc_column][\/vc_row][vc_row css=\u00a0\u00bb.vc_custom_1607234259350{padding-top: 50px !important;padding-right: 22% !important;padding-left: 22% !important;}\u00a0\u00bb][vc_column][vc_column_text]<\/p>\n<h2 style=\"text-align: center; height: 40px; margin-bottom: 0px;\"><span style=\"color: #4c4b4a;\"><span style=\"font-size: 50%; font-family: 'Roboto'; font-weight: 800; text-transform: uppercase;\">Mos Natura<\/span><\/span><\/h2>\n<h2 style=\"text-align: center;\"><span style=\"color: #e8b851; font-size: 150%; font-family: 'Georgia';\">Sp\u00e9cialit\u00e9s de dinde<\/span><\/h2>\n<p style=\"max-width: 800px; text-align: center; margin: 0 auto; margin-bottom: 20px;\"><span style=\"color: #808080; font-size: 90%; font-family: 'Roboto';\">Nos sp\u00e9cialit\u00e9s de dinde ont toujours \u00e9t\u00e9 une r\u00e9f\u00e9rence sur le march\u00e9 et vous pouvez d\u00e9sormais d\u00e9guster une poitrine de dinde et un jambon de dinde, sans antibiotiques ni additifs.<\/span><\/p>\n<p style=\"text-align: center;\"><span style=\"color: #808080; font-size: 90%; font-family: 'Roboto'; font-weight: bold;\">D\u00e9couvrez toute notre vari\u00e9t\u00e9 de produits de dinde:<\/span><\/p>\n<p>[\/vc_column_text][\/vc_column][\/vc_row][vc_row gap=\u00a0\u00bb10&Prime; equal_height=\u00a0\u00bbyes\u00a0\u00bb content_placement=\u00a0\u00bbmiddle\u00a0\u00bb el_class=\u00a0\u00bbbloque-ficha-tecnica-producto\u00a0\u00bb][vc_column width=\u00a0\u00bb1\/2&Prime; css=\u00a0\u00bb.vc_custom_1606719872878{background-color: #f1efe9 !important;}\u00a0\u00bb][vc_single_image image=\u00a0\u00bb6506&Prime; img_size=\u00a0\u00bbfull\u00a0\u00bb alignment=\u00a0\u00bbcenter\u00a0\u00bb el_class=\u00a0\u00bbproductos-casa-boix-jamon-cocido-imagen-izq-max-width\u00a0\u00bb][\/vc_column][vc_column width=\u00a0\u00bb1\/2&Prime; css=\u00a0\u00bb.vc_custom_1607167253767{background-color: #f1efe9 !important;}\u00a0\u00bb el_class=\u00a0\u00bbficha-tecnica-col-der\u00a0\u00bb][vc_single_image image=\u00a0\u00bb6507&Prime; img_size=\u00a0\u00bbfull\u00a0\u00bb alignment=\u00a0\u00bbcenter\u00a0\u00bb el_class=\u00a0\u00bbproductos-casa-boix-jamon-cocido-imagen-der-max-width\u00a0\u00bb css=\u00a0\u00bb.vc_custom_1612956336746{padding-right: 8% !important;padding-left: 8% !important;}\u00a0\u00bb][vc_column_text]<\/p>\n<h3 style=\"text-align: center; margin-bottom: 0px;\"><span style=\"display: block; color: #4c4c4b; font-size: 90%; font-family: 'Georgia'; line-height: 28px; padding: 0px 20px;\">Poitrine de dinde cuite<\/span><\/h3>\n<p style=\"text-align: center;\"><span style=\"color: #4c4c4b; font-family: 'Roboto'; font-size: 14px; font-weight: bold;\">R\u00e9f. 1339 &#8211; 3 Kg<\/span><\/p>\n<p style=\"margin-bottom: 3px !important; text-align: center; font-size: 80%;\">Valeur \u00e9nerg\u00e9tique : 499 KJ \/ 116 kcal.<\/p>\n<p style=\"margin-bottom: 3px !important; text-align: center; font-size: 80%;\">Mati\u00e8res grasses : 1,9 g. dont acides gras satur\u00e9s : &lt;0,2 g.<\/p>\n<p style=\"margin-bottom: 3px !important; text-align: center; font-size: 80%;\">Glucides : 1,5 g. dont sucres : &lt;0,5 g.<\/p>\n<p style=\"margin-bottom: 3px !important; text-align: center; font-size: 80%;\">Prot\u00e9ines : 23,3 g. Sel : 1,7 g<\/p>\n<p>[\/vc_column_text][\/vc_column][\/vc_row][vc_row gap=\u00a0\u00bb10&Prime; equal_height=\u00a0\u00bbyes\u00a0\u00bb content_placement=\u00a0\u00bbmiddle\u00a0\u00bb el_class=\u00a0\u00bbbloque-ficha-tecnica-producto\u00a0\u00bb css=\u00a0\u00bb.vc_custom_1613490311819{margin-top: 50px !important;}\u00a0\u00bb][vc_column width=\u00a0\u00bb1\/2&Prime; css=\u00a0\u00bb.vc_custom_1606719872878{background-color: #f1efe9 !important;}\u00a0\u00bb][vc_single_image image=\u00a0\u00bb6508&Prime; img_size=\u00a0\u00bbfull\u00a0\u00bb alignment=\u00a0\u00bbcenter\u00a0\u00bb el_class=\u00a0\u00bbproductos-casa-boix-jamon-cocido-imagen-izq-max-width\u00a0\u00bb][\/vc_column][vc_column width=\u00a0\u00bb1\/2&Prime; css=\u00a0\u00bb.vc_custom_1607167253767{background-color: #f1efe9 !important;}\u00a0\u00bb el_class=\u00a0\u00bbficha-tecnica-col-der\u00a0\u00bb][vc_single_image image=\u00a0\u00bb6509&Prime; img_size=\u00a0\u00bbfull\u00a0\u00bb alignment=\u00a0\u00bbcenter\u00a0\u00bb el_class=\u00a0\u00bbproductos-casa-boix-jamon-cocido-imagen-der-max-width\u00a0\u00bb css=\u00a0\u00bb.vc_custom_1612958736388{padding-right: 8% !important;padding-left: 8% !important;}\u00a0\u00bb][vc_column_text]<\/p>\n<h3 style=\"text-align: center; margin-bottom: 0px;\"><span style=\"display: block; color: #4c4c4b; font-size: 90%; font-family: 'Georgia'; line-height: 28px; padding: 0px 20px;\">Jambon de dinde cuit<\/span><\/h3>\n<p style=\"text-align: center;\"><span style=\"color: #4c4c4b; font-family: 'Roboto'; font-size: 14px; font-weight: bold;\">R\u00e9f. 1340 &#8211; 3 Kg<\/span><\/p>\n<p style=\"margin-bottom: 3px !important; text-align: center; font-size: 80%;\">Valeur \u00e9nerg\u00e9tique : 464 KJ \/ 111 kcal.<\/p>\n<p style=\"margin-bottom: 3px !important; text-align: center; font-size: 80%;\">Mati\u00e8res grasses : 2,4 g. dont acides gras satur\u00e9s : &lt;0,2 g.<\/p>\n<p style=\"margin-bottom: 3px !important; text-align: center; font-size: 80%;\">Glucides : 1,5 g. dont sucres : &lt;0,5 g.<\/p>\n<p style=\"margin-bottom: 3px !important; text-align: center; font-size: 80%;\">Prot\u00e9ines : 21,3 g. Sel : 1,7 g.<\/p>\n<p>[\/vc_column_text][\/vc_column][\/vc_row][vc_row css=\u00a0\u00bb.vc_custom_1609051284072{margin-top: 100px !important;margin-bottom: 30px !important;}\u00a0\u00bb][vc_column][vc_separator][\/vc_column][\/vc_row][vc_row css=\u00a0\u00bb.vc_custom_1609051319452{margin-right: 5% !important;margin-left: 5% !important;}\u00a0\u00bb][vc_column width=\u00a0\u00bb1\/2&Prime;][vc_column_text]<\/p>\n<p style=\"text-align: left; font-family: Georgia;\"><span class=\"productos-bottom-links-prev\"><a href=\"https:\/\/casaboix.es\/fr\/produits\/mos-natura\/jambon-cuit\/\">Jambon cuit<\/a><\/span><\/p>\n<p>[\/vc_column_text][\/vc_column][vc_column width=\u00a0\u00bb1\/2&Prime;][\/vc_column][\/vc_row]<\/p>\n<\/div>","protected":false},"excerpt":{"rendered":"<p>[vc_row full_width=\u00a0\u00bbstretch_row_content_no_spaces\u00a0\u00bb font_color=\u00a0\u00bb#ffffff\u00a0\u00bb css=\u00a0\u00bb.vc_custom_1609143141509{background-image: url(https:\/\/casaboix.es\/wp-content\/uploads\/2020\/12\/productos-mos-natura-pavo-cabecera.jpg?id=4991) !important;background-position: center !important;background-repeat: no-repeat !important;background-size: cover !important;}\u00a0\u00bb background_style=\u00a0\u00bbparallax\u00a0\u00bb][vc_column][vc_empty_space height=\u00a0\u00bb400px\u00a0\u00bb][\/vc_column][\/vc_row][vc_row css=\u00a0\u00bb.vc_custom_1607234259350{padding-top: 50px !important;padding-right: 22% !important;padding-left: 22% !important;}\u00a0\u00bb][vc_column][vc_column_text] Mos Natura Sp\u00e9cialit\u00e9s de dinde Nos sp\u00e9cialit\u00e9s de dinde ont toujours \u00e9t\u00e9 une r\u00e9f\u00e9rence sur le march\u00e9 et vous pouvez d\u00e9sormais d\u00e9guster une poitrine de dinde et un jambon de dinde, sans antibiotiques ni [&hellip;]<\/p>\n","protected":false},"author":1,"featured_media":0,"parent":6480,"menu_order":2,"comment_status":"closed","ping_status":"closed","template":"page-full-width.php","meta":{"footnotes":""},"class_list":["post-6503","page","type-page","status-publish","hentry"],"yoast_head":"<!-- This site is optimized with the Yoast SEO Premium plugin v27.1 (Yoast SEO v27.1.1) - https:\/\/yoast.com\/product\/yoast-seo-premium-wordpress\/ -->\n<title>Sp\u00e9cialit\u00e9s de dinde - Casa Boix<\/title>\n<meta name=\"robots\" content=\"index, follow, max-snippet:-1, max-image-preview:large, max-video-preview:-1\" \/>\n<link rel=\"canonical\" href=\"https:\/\/casaboix.es\/fr\/produits\/mos-natura\/specialites-de-dinde\/\" \/>\n<meta property=\"og:locale\" content=\"fr_FR\" \/>\n<meta property=\"og:type\" content=\"article\" \/>\n<meta property=\"og:title\" content=\"Sp\u00e9cialit\u00e9s de dinde\" \/>\n<meta property=\"og:description\" content=\"[vc_row full_width=\u00a0\u00bbstretch_row_content_no_spaces\u00a0\u00bb font_color=\u00a0\u00bb#ffffff\u00a0\u00bb css=\u00a0\u00bb.vc_custom_1609143141509{background-image: url(https:\/\/casaboix.es\/wp-content\/uploads\/2020\/12\/productos-mos-natura-pavo-cabecera.jpg?id=4991) !important;background-position: center !important;background-repeat: no-repeat !important;background-size: cover !important;}\u00a0\u00bb background_style=\u00a0\u00bbparallax\u00a0\u00bb][vc_column][vc_empty_space height=\u00a0\u00bb400px\u00a0\u00bb][\/vc_column][\/vc_row][vc_row css=\u00a0\u00bb.vc_custom_1607234259350{padding-top: 50px !important;padding-right: 22% !important;padding-left: 22% !important;}\u00a0\u00bb][vc_column][vc_column_text] Mos Natura Sp\u00e9cialit\u00e9s de dinde Nos sp\u00e9cialit\u00e9s de dinde ont toujours \u00e9t\u00e9 une r\u00e9f\u00e9rence sur le march\u00e9 et vous pouvez d\u00e9sormais d\u00e9guster une poitrine de dinde et un jambon de dinde, sans antibiotiques ni [&hellip;]\" \/>\n<meta property=\"og:url\" content=\"https:\/\/casaboix.es\/fr\/produits\/mos-natura\/specialites-de-dinde\/\" \/>\n<meta property=\"og:site_name\" content=\"Casa Boix\" \/>\n<meta property=\"article:publisher\" content=\"https:\/\/www.facebook.com\/casaboix\/\" \/>\n<meta property=\"article:modified_time\" content=\"2021-03-11T09:55:15+00:00\" \/>\n<meta name=\"twitter:card\" content=\"summary_large_image\" \/>\n<meta name=\"twitter:site\" content=\"@casaboix\" \/>\n<meta name=\"twitter:label1\" content=\"Dur\u00e9e de lecture estim\u00e9e\" \/>\n\t<meta name=\"twitter:data1\" content=\"2 minutes\" \/>\n<script type=\"application\/ld+json\" class=\"yoast-schema-graph\">{\"@context\":\"https:\/\/schema.org\",\"@graph\":[{\"@type\":\"WebPage\",\"@id\":\"https:\/\/casaboix.es\/fr\/produits\/mos-natura\/specialites-de-dinde\/\",\"url\":\"https:\/\/casaboix.es\/fr\/produits\/mos-natura\/specialites-de-dinde\/\",\"name\":\"Sp\u00e9cialit\u00e9s de dinde - Casa Boix\",\"isPartOf\":{\"@id\":\"https:\/\/casaboix.es\/fr\/#website\"},\"datePublished\":\"2020-12-28T08:14:25+00:00\",\"dateModified\":\"2021-03-11T09:55:15+00:00\",\"breadcrumb\":{\"@id\":\"https:\/\/casaboix.es\/fr\/produits\/mos-natura\/specialites-de-dinde\/#breadcrumb\"},\"inLanguage\":\"fr-FR\",\"potentialAction\":[{\"@type\":\"ReadAction\",\"target\":[\"https:\/\/casaboix.es\/fr\/produits\/mos-natura\/specialites-de-dinde\/\"]}]},{\"@type\":\"BreadcrumbList\",\"@id\":\"https:\/\/casaboix.es\/fr\/produits\/mos-natura\/specialites-de-dinde\/#breadcrumb\",\"itemListElement\":[{\"@type\":\"ListItem\",\"position\":1,\"name\":\"Home\",\"item\":\"https:\/\/casaboix.es\/fr\/\"},{\"@type\":\"ListItem\",\"position\":2,\"name\":\"Produits\",\"item\":\"https:\/\/casaboix.es\/fr\/produits\/\"},{\"@type\":\"ListItem\",\"position\":3,\"name\":\"Mos Natura\",\"item\":\"https:\/\/casaboix.es\/fr\/produits\/mos-natura\/\"},{\"@type\":\"ListItem\",\"position\":4,\"name\":\"Sp\u00e9cialit\u00e9s de dinde\"}]},{\"@type\":\"WebSite\",\"@id\":\"https:\/\/casaboix.es\/fr\/#website\",\"url\":\"https:\/\/casaboix.es\/fr\/\",\"name\":\"Casa Boix\",\"description\":\"Amor por las cosas bien hechas\",\"publisher\":{\"@id\":\"https:\/\/casaboix.es\/fr\/#organization\"},\"potentialAction\":[{\"@type\":\"SearchAction\",\"target\":{\"@type\":\"EntryPoint\",\"urlTemplate\":\"https:\/\/casaboix.es\/fr\/?s={search_term_string}\"},\"query-input\":{\"@type\":\"PropertyValueSpecification\",\"valueRequired\":true,\"valueName\":\"search_term_string\"}}],\"inLanguage\":\"fr-FR\"},{\"@type\":\"Organization\",\"@id\":\"https:\/\/casaboix.es\/fr\/#organization\",\"name\":\"Casa Boix\",\"url\":\"https:\/\/casaboix.es\/fr\/\",\"logo\":{\"@type\":\"ImageObject\",\"inLanguage\":\"fr-FR\",\"@id\":\"https:\/\/casaboix.es\/fr\/#\/schema\/logo\/image\/\",\"url\":\"https:\/\/casaboix.es\/wp-content\/uploads\/2020\/10\/logo-negro.png\",\"contentUrl\":\"https:\/\/casaboix.es\/wp-content\/uploads\/2020\/10\/logo-negro.png\",\"width\":342,\"height\":44,\"caption\":\"Casa Boix\"},\"image\":{\"@id\":\"https:\/\/casaboix.es\/fr\/#\/schema\/logo\/image\/\"},\"sameAs\":[\"https:\/\/www.facebook.com\/casaboix\/\",\"https:\/\/x.com\/casaboix\",\"https:\/\/www.instagram.com\/casaboix\/\",\"https:\/\/www.youtube.com\/watch?v=j22NKKL47ec\"]}]}<\/script>\n<!-- \/ Yoast SEO Premium plugin. -->","yoast_head_json":{"title":"Sp\u00e9cialit\u00e9s de dinde - Casa Boix","robots":{"index":"index","follow":"follow","max-snippet":"max-snippet:-1","max-image-preview":"max-image-preview:large","max-video-preview":"max-video-preview:-1"},"canonical":"https:\/\/casaboix.es\/fr\/produits\/mos-natura\/specialites-de-dinde\/","og_locale":"fr_FR","og_type":"article","og_title":"Sp\u00e9cialit\u00e9s de dinde","og_description":"[vc_row full_width=\u00a0\u00bbstretch_row_content_no_spaces\u00a0\u00bb font_color=\u00a0\u00bb#ffffff\u00a0\u00bb css=\u00a0\u00bb.vc_custom_1609143141509{background-image: url(https:\/\/casaboix.es\/wp-content\/uploads\/2020\/12\/productos-mos-natura-pavo-cabecera.jpg?id=4991) !important;background-position: center !important;background-repeat: no-repeat !important;background-size: cover !important;}\u00a0\u00bb background_style=\u00a0\u00bbparallax\u00a0\u00bb][vc_column][vc_empty_space height=\u00a0\u00bb400px\u00a0\u00bb][\/vc_column][\/vc_row][vc_row css=\u00a0\u00bb.vc_custom_1607234259350{padding-top: 50px !important;padding-right: 22% !important;padding-left: 22% !important;}\u00a0\u00bb][vc_column][vc_column_text] Mos Natura Sp\u00e9cialit\u00e9s de dinde Nos sp\u00e9cialit\u00e9s de dinde ont toujours \u00e9t\u00e9 une r\u00e9f\u00e9rence sur le march\u00e9 et vous pouvez d\u00e9sormais d\u00e9guster une poitrine de dinde et un jambon de dinde, sans antibiotiques ni [&hellip;]","og_url":"https:\/\/casaboix.es\/fr\/produits\/mos-natura\/specialites-de-dinde\/","og_site_name":"Casa Boix","article_publisher":"https:\/\/www.facebook.com\/casaboix\/","article_modified_time":"2021-03-11T09:55:15+00:00","twitter_card":"summary_large_image","twitter_site":"@casaboix","twitter_misc":{"Dur\u00e9e de lecture estim\u00e9e":"2 minutes"},"schema":{"@context":"https:\/\/schema.org","@graph":[{"@type":"WebPage","@id":"https:\/\/casaboix.es\/fr\/produits\/mos-natura\/specialites-de-dinde\/","url":"https:\/\/casaboix.es\/fr\/produits\/mos-natura\/specialites-de-dinde\/","name":"Sp\u00e9cialit\u00e9s de dinde - Casa Boix","isPartOf":{"@id":"https:\/\/casaboix.es\/fr\/#website"},"datePublished":"2020-12-28T08:14:25+00:00","dateModified":"2021-03-11T09:55:15+00:00","breadcrumb":{"@id":"https:\/\/casaboix.es\/fr\/produits\/mos-natura\/specialites-de-dinde\/#breadcrumb"},"inLanguage":"fr-FR","potentialAction":[{"@type":"ReadAction","target":["https:\/\/casaboix.es\/fr\/produits\/mos-natura\/specialites-de-dinde\/"]}]},{"@type":"BreadcrumbList","@id":"https:\/\/casaboix.es\/fr\/produits\/mos-natura\/specialites-de-dinde\/#breadcrumb","itemListElement":[{"@type":"ListItem","position":1,"name":"Home","item":"https:\/\/casaboix.es\/fr\/"},{"@type":"ListItem","position":2,"name":"Produits","item":"https:\/\/casaboix.es\/fr\/produits\/"},{"@type":"ListItem","position":3,"name":"Mos Natura","item":"https:\/\/casaboix.es\/fr\/produits\/mos-natura\/"},{"@type":"ListItem","position":4,"name":"Sp\u00e9cialit\u00e9s de dinde"}]},{"@type":"WebSite","@id":"https:\/\/casaboix.es\/fr\/#website","url":"https:\/\/casaboix.es\/fr\/","name":"Casa Boix","description":"Amor por las cosas bien hechas","publisher":{"@id":"https:\/\/casaboix.es\/fr\/#organization"},"potentialAction":[{"@type":"SearchAction","target":{"@type":"EntryPoint","urlTemplate":"https:\/\/casaboix.es\/fr\/?s={search_term_string}"},"query-input":{"@type":"PropertyValueSpecification","valueRequired":true,"valueName":"search_term_string"}}],"inLanguage":"fr-FR"},{"@type":"Organization","@id":"https:\/\/casaboix.es\/fr\/#organization","name":"Casa Boix","url":"https:\/\/casaboix.es\/fr\/","logo":{"@type":"ImageObject","inLanguage":"fr-FR","@id":"https:\/\/casaboix.es\/fr\/#\/schema\/logo\/image\/","url":"https:\/\/casaboix.es\/wp-content\/uploads\/2020\/10\/logo-negro.png","contentUrl":"https:\/\/casaboix.es\/wp-content\/uploads\/2020\/10\/logo-negro.png","width":342,"height":44,"caption":"Casa Boix"},"image":{"@id":"https:\/\/casaboix.es\/fr\/#\/schema\/logo\/image\/"},"sameAs":["https:\/\/www.facebook.com\/casaboix\/","https:\/\/x.com\/casaboix","https:\/\/www.instagram.com\/casaboix\/","https:\/\/www.youtube.com\/watch?v=j22NKKL47ec"]}]}},"_links":{"self":[{"href":"https:\/\/casaboix.es\/fr\/wp-json\/wp\/v2\/pages\/6503","targetHints":{"allow":["GET"]}}],"collection":[{"href":"https:\/\/casaboix.es\/fr\/wp-json\/wp\/v2\/pages"}],"about":[{"href":"https:\/\/casaboix.es\/fr\/wp-json\/wp\/v2\/types\/page"}],"author":[{"embeddable":true,"href":"https:\/\/casaboix.es\/fr\/wp-json\/wp\/v2\/users\/1"}],"replies":[{"embeddable":true,"href":"https:\/\/casaboix.es\/fr\/wp-json\/wp\/v2\/comments?post=6503"}],"version-history":[{"count":0,"href":"https:\/\/casaboix.es\/fr\/wp-json\/wp\/v2\/pages\/6503\/revisions"}],"up":[{"embeddable":true,"href":"https:\/\/casaboix.es\/fr\/wp-json\/wp\/v2\/pages\/6480"}],"wp:attachment":[{"href":"https:\/\/casaboix.es\/fr\/wp-json\/wp\/v2\/media?parent=6503"}],"curies":[{"name":"wp","href":"https:\/\/api.w.org\/{rel}","templated":true}]}}