{"id":6480,"date":"2020-12-17T08:30:51","date_gmt":"2020-12-17T07:30:51","guid":{"rendered":"https:\/\/casaboix.es\/produits\/mos-natura\/"},"modified":"2025-05-16T13:17:45","modified_gmt":"2025-05-16T11:17:45","slug":"mos-natura","status":"publish","type":"page","link":"https:\/\/casaboix.es\/fr\/produits\/mos-natura\/","title":{"rendered":"Mos Natura"},"content":{"rendered":"<div class=\"wpb-content-wrapper\"><p>[vc_row full_width=\u00a0\u00bbstretch_row_content_no_spaces\u00a0\u00bb equal_height=\u00a0\u00bbyes\u00a0\u00bb content_placement=\u00a0\u00bbtop\u00a0\u00bb font_color=\u00a0\u00bb#ffffff\u00a0\u00bb css=\u00a0\u00bb.vc_custom_1608192873625{border-top-width: 20px !important;border-right-width: 20px !important;border-bottom-width: 20px !important;border-left-width: 20px !important;padding-top: 5% !important;padding-bottom: 30% !important;background-image: url(https:\/\/casaboix.es\/wp-content\/uploads\/2020\/12\/productos-mos-natura-fondo-cabecera-rgb.jpg?id=4590) !important;background-position: center !important;background-repeat: no-repeat !important;background-size: cover !important;border-left-color: #ffffff !important;border-left-style: solid !important;border-right-color: #ffffff !important;border-right-style: solid !important;border-top-color: #ffffff !important;border-top-style: solid !important;border-bottom-color: #ffffff !important;border-bottom-style: solid !important;}\u00a0\u00bb background_style=\u00a0\u00bbparallax\u00a0\u00bb][vc_column][vc_single_image image=\u00a0\u00bb6483&Prime; img_size=\u00a0\u00bbfull\u00a0\u00bb alignment=\u00a0\u00bbcenter\u00a0\u00bb el_class=\u00a0\u00bblogotipo-mos-natura\u00a0\u00bb][vc_column_text css=\u00a0\u00bb\u00a0\u00bb]<\/p>\n<h1 style=\"text-align: center; color: #e8b851; font-family: Georgia; font-weight: bold;\"><span style=\"display: block; font-size: 120%;\">Sans phosphates ajout\u00e9s.<\/span><span style=\"display: block; font-size: 120%;\">Sans sel nitrit\u00e9.<\/span><\/h1>\n<p>[\/vc_column_text][vc_column_text css=\u00a0\u00bb.vc_custom_1747393471062{margin-bottom: 15px !important;padding-right: 5% !important;padding-left: 5% !important;}\u00a0\u00bb el_class=\u00a0\u00bbproduct-portfolio-subheader-text\u00a0\u00bb]<\/p>\n<p style=\"text-align: center;\"><span style=\"font-family: roboto;\">Les produits de notre nouvelle gamme Mos sont fabriqu\u00e9s \u00e0 partir de morceaux entiers et nobles de porc, de dinde et de poulet, sans phosphates ni sels nitrifiants ajout\u00e9s et, comme toujours avec tous les produits Casa Boix, sans allerg\u00e8nes.<\/span><\/p>\n<p>[\/vc_column_text][\/vc_column][\/vc_row][vc_row full_width=\u00a0\u00bbstretch_row_content_no_spaces\u00a0\u00bb equal_height=\u00a0\u00bbyes\u00a0\u00bb content_placement=\u00a0\u00bbmiddle\u00a0\u00bb background_style=\u00a0\u00bbnormal\u00a0\u00bb el_id=\u00a0\u00bbbloque-reticula-inicial\u00a0\u00bb][vc_column width=\u00a0\u00bb1\/2&Prime; css=\u00a0\u00bb.vc_custom_1608195859792{border-right-width: 20px !important;background-image: url(https:\/\/casaboix.es\/wp-content\/uploads\/2020\/12\/producto21-img-adj-rgb.jpg?id=4626) !important;background-position: center !important;background-repeat: no-repeat !important;background-size: cover !important;border-right-color: #ffffff !important;border-right-style: solid !important;}\u00a0\u00bb el_class=\u00a0\u00bblarge-push-6&Prime;][vc_empty_space height=\u00a0\u00bb150px\u00a0\u00bb][\/vc_column][vc_column width=\u00a0\u00bb1\/2&Prime; css=\u00a0\u00bb.vc_custom_1509381185928{border-right-width: 20px !important;border-bottom-width: 20px !important;border-left-width: 20px !important;padding-top: 75px !important;padding-right: 7% !important;padding-bottom: 75px !important;padding-left: 7% !important;background-color: #f2efea !important;border-left-color: #ffffff !important;border-left-style: solid !important;border-right-color: #ffffff !important;border-right-style: solid !important;border-bottom-color: #ffffff !important;border-bottom-style: solid !important;}\u00a0\u00bb el_class=\u00a0\u00bblarge-pull-6&Prime;][vc_column_text]<\/p>\n<h2 style=\"text-align: center; font-size: 350%; font-family: Roboto; font-weight: bold; color: #4c4b4a;\">2.1<\/h2>\n<h2 style=\"text-align: center; font-family: Georgia; color: #e8b851;\">Jambon cuit<\/h2>\n<p style=\"text-align: center;\"><span style=\"color: #808080; font-family: Roboto; font-size: 95%;\">C&rsquo;est la sp\u00e9cialit\u00e9 la plus traditionnelle de notre maison. Tendre, moelleux et d&rsquo;une saveur authentique, nous l&rsquo;\u00e9laborons avec des jambons entiers de porcs qui ont \u00e9t\u00e9 nourris de mani\u00e8re naturelle\u00a0\u00bb.<\/span><\/p>\n<p>[\/vc_column_text][vc_single_image image=\u00a0\u00bb6488&Prime; img_size=\u00a0\u00bbfull\u00a0\u00bb alignment=\u00a0\u00bbcenter\u00a0\u00bb css=\u00a0\u00bb.vc_custom_1611038141305{padding-bottom: 10px !important;}\u00a0\u00bb el_class=\u00a0\u00bbproductos-mos-natura-envase-mw\u00a0\u00bb][vc_btn title=\u00a0\u00bbVoir toute la famille\u00a0\u00bb shape=\u00a0\u00bbsquare\u00a0\u00bb color=\u00a0\u00bbsandy-brown\u00a0\u00bb align=\u00a0\u00bbcenter\u00a0\u00bb link=\u00a0\u00bburl:https%3A%2F%2Fcasaboix.es%2Ffr%2Fproduits%2Fmos-natura%2Fjambon-cuit%2F\u00a0\u00bb el_class=\u00a0\u00bbboton-color-af8e69&Prime;][\/vc_column][\/vc_row][vc_row full_width=\u00a0\u00bbstretch_row_content_no_spaces\u00a0\u00bb equal_height=\u00a0\u00bbyes\u00a0\u00bb content_placement=\u00a0\u00bbmiddle\u00a0\u00bb background_style=\u00a0\u00bbnormal\u00a0\u00bb el_id=\u00a0\u00bbbloque-reticula-final-pagina\u00a0\u00bb][vc_column width=\u00a0\u00bb1\/2&Prime; css=\u00a0\u00bb.vc_custom_1608199193267{border-left-width: 20px !important;background-image: url(https:\/\/casaboix.es\/wp-content\/uploads\/2020\/12\/producto22-img-adj-rgb.jpg?id=4638) !important;background-position: center !important;background-repeat: no-repeat !important;background-size: cover !important;border-left-color: #ffffff !important;border-left-style: solid !important;}\u00a0\u00bb][vc_empty_space height=\u00a0\u00bb150px\u00a0\u00bb][\/vc_column][vc_column width=\u00a0\u00bb1\/2&Prime; css=\u00a0\u00bb.vc_custom_1608199200904{border-top-width: 20px !important;border-right-width: 20px !important;border-bottom-width: 20px !important;border-left-width: 20px !important;padding-top: 75px !important;padding-right: 7% !important;padding-bottom: 75px !important;padding-left: 7% !important;background-color: #f2efea !important;border-left-color: #ffffff !important;border-left-style: solid !important;border-right-color: #ffffff !important;border-right-style: solid !important;border-top-color: #ffffff !important;border-top-style: solid !important;border-bottom-color: #ffffff !important;border-bottom-style: solid !important;}\u00a0\u00bb][vc_column_text]<\/p>\n<h2 style=\"text-align: center; font-size: 350%; font-family: Roboto; font-weight: bold; color: #4c4b4a;\">2.2<\/h2>\n<h2 style=\"text-align: center; font-family: Georgia; color: #e8b851;\">Sp\u00e9cialit\u00e9s de dinde<\/h2>\n<p style=\"text-align: center;\"><span style=\"color: #808080; font-family: Roboto; font-size: 95%;\">Nos sp\u00e9cialit\u00e9s de dinde ont toujours \u00e9t\u00e9 une r\u00e9f\u00e9rence sur le march\u00e9 et vous pouvez d\u00e9sormais d\u00e9guster une poitrine de dinde et un jambon de dinde, sans antibiotique ni additif.<\/span><\/p>\n<p>[\/vc_column_text][vc_single_image image=\u00a0\u00bb6489&Prime; img_size=\u00a0\u00bbfull\u00a0\u00bb alignment=\u00a0\u00bbcenter\u00a0\u00bb css=\u00a0\u00bb.vc_custom_1611038200609{padding-bottom: 10px !important;}\u00a0\u00bb el_class=\u00a0\u00bbproductos-mos-natura-envase-mw\u00a0\u00bb][vc_btn title=\u00a0\u00bbVoir toute la famille\u00a0\u00bb shape=\u00a0\u00bbsquare\u00a0\u00bb color=\u00a0\u00bbsandy-brown\u00a0\u00bb align=\u00a0\u00bbcenter\u00a0\u00bb link=\u00a0\u00bburl:https%3A%2F%2Fcasaboix.es%2Ffr%2Fproduits%2Fmos-natura%2Fspecialites-de-dinde%2F\u00a0\u00bb el_class=\u00a0\u00bbboton-color-af8e69&Prime;][\/vc_column][\/vc_row]<\/p>\n<\/div>","protected":false},"excerpt":{"rendered":"<p>[vc_row full_width=\u00a0\u00bbstretch_row_content_no_spaces\u00a0\u00bb equal_height=\u00a0\u00bbyes\u00a0\u00bb content_placement=\u00a0\u00bbtop\u00a0\u00bb font_color=\u00a0\u00bb#ffffff\u00a0\u00bb css=\u00a0\u00bb.vc_custom_1608192873625{border-top-width: 20px !important;border-right-width: 20px !important;border-bottom-width: 20px !important;border-left-width: 20px !important;padding-top: 5% !important;padding-bottom: 30% !important;background-image: url(https:\/\/casaboix.es\/wp-content\/uploads\/2020\/12\/productos-mos-natura-fondo-cabecera-rgb.jpg?id=4590) !important;background-position: center !important;background-repeat: no-repeat !important;background-size: cover !important;border-left-color: #ffffff !important;border-left-style: solid !important;border-right-color: #ffffff !important;border-right-style: solid !important;border-top-color: #ffffff !important;border-top-style: solid !important;border-bottom-color: #ffffff !important;border-bottom-style: solid !important;}\u00a0\u00bb background_style=\u00a0\u00bbparallax\u00a0\u00bb][vc_column][vc_single_image image=\u00a0\u00bb6483&Prime; img_size=\u00a0\u00bbfull\u00a0\u00bb alignment=\u00a0\u00bbcenter\u00a0\u00bb el_class=\u00a0\u00bblogotipo-mos-natura\u00a0\u00bb][vc_column_text css=\u00a0\u00bb\u00a0\u00bb] Sans phosphates ajout\u00e9s.Sans sel nitrit\u00e9. [\/vc_column_text][vc_column_text css=\u00a0\u00bb.vc_custom_1747393471062{margin-bottom: [&hellip;]<\/p>\n","protected":false},"author":1,"featured_media":0,"parent":6285,"menu_order":2,"comment_status":"closed","ping_status":"closed","template":"page-full-width.php","meta":{"footnotes":""},"class_list":["post-6480","page","type-page","status-publish","hentry"],"yoast_head":"<!-- This site is optimized with the Yoast SEO Premium plugin v27.1 (Yoast SEO v27.1.1) - https:\/\/yoast.com\/product\/yoast-seo-premium-wordpress\/ -->\n<title>Mos Natura | Notre gamme sans additifs - Casa Boix<\/title>\n<meta name=\"description\" content=\"Les produits Mos Natura sont fabriqu\u00e9s \u00e0 partir de parties nobles d&#039;animaux, sans antibiotiques et sans additifs. Nous faisons tout comme autrefois.\" \/>\n<meta name=\"robots\" content=\"index, follow, max-snippet:-1, max-image-preview:large, max-video-preview:-1\" \/>\n<link rel=\"canonical\" href=\"https:\/\/casaboix.es\/fr\/produits\/mos-natura\/\" \/>\n<meta property=\"og:locale\" content=\"fr_FR\" \/>\n<meta property=\"og:type\" content=\"article\" \/>\n<meta property=\"og:title\" content=\"Mos Natura\" \/>\n<meta property=\"og:description\" content=\"Les produits Mos Natura sont fabriqu\u00e9s \u00e0 partir de parties nobles d&#039;animaux, sans antibiotiques et sans additifs. Nous faisons tout comme autrefois.\" \/>\n<meta property=\"og:url\" content=\"https:\/\/casaboix.es\/fr\/produits\/mos-natura\/\" \/>\n<meta property=\"og:site_name\" content=\"Casa Boix\" \/>\n<meta property=\"article:publisher\" content=\"https:\/\/www.facebook.com\/casaboix\/\" \/>\n<meta property=\"article:modified_time\" content=\"2025-05-16T11:17:45+00:00\" \/>\n<meta name=\"twitter:card\" content=\"summary_large_image\" \/>\n<meta name=\"twitter:site\" content=\"@casaboix\" \/>\n<meta name=\"twitter:label1\" content=\"Dur\u00e9e de lecture estim\u00e9e\" \/>\n\t<meta name=\"twitter:data1\" content=\"2 minutes\" \/>\n<script type=\"application\/ld+json\" class=\"yoast-schema-graph\">{\"@context\":\"https:\/\/schema.org\",\"@graph\":[{\"@type\":\"WebPage\",\"@id\":\"https:\/\/casaboix.es\/fr\/produits\/mos-natura\/\",\"url\":\"https:\/\/casaboix.es\/fr\/produits\/mos-natura\/\",\"name\":\"Mos Natura | Notre gamme sans additifs - Casa Boix\",\"isPartOf\":{\"@id\":\"https:\/\/casaboix.es\/fr\/#website\"},\"datePublished\":\"2020-12-17T07:30:51+00:00\",\"dateModified\":\"2025-05-16T11:17:45+00:00\",\"description\":\"Les produits Mos Natura sont fabriqu\u00e9s \u00e0 partir de parties nobles d'animaux, sans antibiotiques et sans additifs. Nous faisons tout comme autrefois.\",\"breadcrumb\":{\"@id\":\"https:\/\/casaboix.es\/fr\/produits\/mos-natura\/#breadcrumb\"},\"inLanguage\":\"fr-FR\",\"potentialAction\":[{\"@type\":\"ReadAction\",\"target\":[\"https:\/\/casaboix.es\/fr\/produits\/mos-natura\/\"]}]},{\"@type\":\"BreadcrumbList\",\"@id\":\"https:\/\/casaboix.es\/fr\/produits\/mos-natura\/#breadcrumb\",\"itemListElement\":[{\"@type\":\"ListItem\",\"position\":1,\"name\":\"Home\",\"item\":\"https:\/\/casaboix.es\/fr\/\"},{\"@type\":\"ListItem\",\"position\":2,\"name\":\"Produits\",\"item\":\"https:\/\/casaboix.es\/fr\/produits\/\"},{\"@type\":\"ListItem\",\"position\":3,\"name\":\"Mos Natura\"}]},{\"@type\":\"WebSite\",\"@id\":\"https:\/\/casaboix.es\/fr\/#website\",\"url\":\"https:\/\/casaboix.es\/fr\/\",\"name\":\"Casa Boix\",\"description\":\"Amor por las cosas bien hechas\",\"publisher\":{\"@id\":\"https:\/\/casaboix.es\/fr\/#organization\"},\"potentialAction\":[{\"@type\":\"SearchAction\",\"target\":{\"@type\":\"EntryPoint\",\"urlTemplate\":\"https:\/\/casaboix.es\/fr\/?s={search_term_string}\"},\"query-input\":{\"@type\":\"PropertyValueSpecification\",\"valueRequired\":true,\"valueName\":\"search_term_string\"}}],\"inLanguage\":\"fr-FR\"},{\"@type\":\"Organization\",\"@id\":\"https:\/\/casaboix.es\/fr\/#organization\",\"name\":\"Casa Boix\",\"url\":\"https:\/\/casaboix.es\/fr\/\",\"logo\":{\"@type\":\"ImageObject\",\"inLanguage\":\"fr-FR\",\"@id\":\"https:\/\/casaboix.es\/fr\/#\/schema\/logo\/image\/\",\"url\":\"https:\/\/casaboix.es\/wp-content\/uploads\/2020\/10\/logo-negro.png\",\"contentUrl\":\"https:\/\/casaboix.es\/wp-content\/uploads\/2020\/10\/logo-negro.png\",\"width\":342,\"height\":44,\"caption\":\"Casa Boix\"},\"image\":{\"@id\":\"https:\/\/casaboix.es\/fr\/#\/schema\/logo\/image\/\"},\"sameAs\":[\"https:\/\/www.facebook.com\/casaboix\/\",\"https:\/\/x.com\/casaboix\",\"https:\/\/www.instagram.com\/casaboix\/\",\"https:\/\/www.youtube.com\/watch?v=j22NKKL47ec\"]}]}<\/script>\n<!-- \/ Yoast SEO Premium plugin. -->","yoast_head_json":{"title":"Mos Natura | Notre gamme sans additifs - Casa Boix","description":"Les produits Mos Natura sont fabriqu\u00e9s \u00e0 partir de parties nobles d'animaux, sans antibiotiques et sans additifs. Nous faisons tout comme autrefois.","robots":{"index":"index","follow":"follow","max-snippet":"max-snippet:-1","max-image-preview":"max-image-preview:large","max-video-preview":"max-video-preview:-1"},"canonical":"https:\/\/casaboix.es\/fr\/produits\/mos-natura\/","og_locale":"fr_FR","og_type":"article","og_title":"Mos Natura","og_description":"Les produits Mos Natura sont fabriqu\u00e9s \u00e0 partir de parties nobles d'animaux, sans antibiotiques et sans additifs. Nous faisons tout comme autrefois.","og_url":"https:\/\/casaboix.es\/fr\/produits\/mos-natura\/","og_site_name":"Casa Boix","article_publisher":"https:\/\/www.facebook.com\/casaboix\/","article_modified_time":"2025-05-16T11:17:45+00:00","twitter_card":"summary_large_image","twitter_site":"@casaboix","twitter_misc":{"Dur\u00e9e de lecture estim\u00e9e":"2 minutes"},"schema":{"@context":"https:\/\/schema.org","@graph":[{"@type":"WebPage","@id":"https:\/\/casaboix.es\/fr\/produits\/mos-natura\/","url":"https:\/\/casaboix.es\/fr\/produits\/mos-natura\/","name":"Mos Natura | Notre gamme sans additifs - Casa Boix","isPartOf":{"@id":"https:\/\/casaboix.es\/fr\/#website"},"datePublished":"2020-12-17T07:30:51+00:00","dateModified":"2025-05-16T11:17:45+00:00","description":"Les produits Mos Natura sont fabriqu\u00e9s \u00e0 partir de parties nobles d'animaux, sans antibiotiques et sans additifs. Nous faisons tout comme autrefois.","breadcrumb":{"@id":"https:\/\/casaboix.es\/fr\/produits\/mos-natura\/#breadcrumb"},"inLanguage":"fr-FR","potentialAction":[{"@type":"ReadAction","target":["https:\/\/casaboix.es\/fr\/produits\/mos-natura\/"]}]},{"@type":"BreadcrumbList","@id":"https:\/\/casaboix.es\/fr\/produits\/mos-natura\/#breadcrumb","itemListElement":[{"@type":"ListItem","position":1,"name":"Home","item":"https:\/\/casaboix.es\/fr\/"},{"@type":"ListItem","position":2,"name":"Produits","item":"https:\/\/casaboix.es\/fr\/produits\/"},{"@type":"ListItem","position":3,"name":"Mos Natura"}]},{"@type":"WebSite","@id":"https:\/\/casaboix.es\/fr\/#website","url":"https:\/\/casaboix.es\/fr\/","name":"Casa Boix","description":"Amor por las cosas bien hechas","publisher":{"@id":"https:\/\/casaboix.es\/fr\/#organization"},"potentialAction":[{"@type":"SearchAction","target":{"@type":"EntryPoint","urlTemplate":"https:\/\/casaboix.es\/fr\/?s={search_term_string}"},"query-input":{"@type":"PropertyValueSpecification","valueRequired":true,"valueName":"search_term_string"}}],"inLanguage":"fr-FR"},{"@type":"Organization","@id":"https:\/\/casaboix.es\/fr\/#organization","name":"Casa Boix","url":"https:\/\/casaboix.es\/fr\/","logo":{"@type":"ImageObject","inLanguage":"fr-FR","@id":"https:\/\/casaboix.es\/fr\/#\/schema\/logo\/image\/","url":"https:\/\/casaboix.es\/wp-content\/uploads\/2020\/10\/logo-negro.png","contentUrl":"https:\/\/casaboix.es\/wp-content\/uploads\/2020\/10\/logo-negro.png","width":342,"height":44,"caption":"Casa Boix"},"image":{"@id":"https:\/\/casaboix.es\/fr\/#\/schema\/logo\/image\/"},"sameAs":["https:\/\/www.facebook.com\/casaboix\/","https:\/\/x.com\/casaboix","https:\/\/www.instagram.com\/casaboix\/","https:\/\/www.youtube.com\/watch?v=j22NKKL47ec"]}]}},"_links":{"self":[{"href":"https:\/\/casaboix.es\/fr\/wp-json\/wp\/v2\/pages\/6480","targetHints":{"allow":["GET"]}}],"collection":[{"href":"https:\/\/casaboix.es\/fr\/wp-json\/wp\/v2\/pages"}],"about":[{"href":"https:\/\/casaboix.es\/fr\/wp-json\/wp\/v2\/types\/page"}],"author":[{"embeddable":true,"href":"https:\/\/casaboix.es\/fr\/wp-json\/wp\/v2\/users\/1"}],"replies":[{"embeddable":true,"href":"https:\/\/casaboix.es\/fr\/wp-json\/wp\/v2\/comments?post=6480"}],"version-history":[{"count":2,"href":"https:\/\/casaboix.es\/fr\/wp-json\/wp\/v2\/pages\/6480\/revisions"}],"predecessor-version":[{"id":9070,"href":"https:\/\/casaboix.es\/fr\/wp-json\/wp\/v2\/pages\/6480\/revisions\/9070"}],"up":[{"embeddable":true,"href":"https:\/\/casaboix.es\/fr\/wp-json\/wp\/v2\/pages\/6285"}],"wp:attachment":[{"href":"https:\/\/casaboix.es\/fr\/wp-json\/wp\/v2\/media?parent=6480"}],"curies":[{"name":"wp","href":"https:\/\/api.w.org\/{rel}","templated":true}]}}