{"id":6408,"date":"2020-12-23T10:03:48","date_gmt":"2020-12-23T09:03:48","guid":{"rendered":"https:\/\/casaboix.es\/produits\/casa-boix\/jamon-ahumado-y-lacon\/"},"modified":"2021-03-03T08:45:57","modified_gmt":"2021-03-03T07:45:57","slug":"jambon-fume-et-jambonneau-lacon","status":"publish","type":"page","link":"https:\/\/casaboix.es\/fr\/produits\/casa-boix\/jambon-fume-et-jambonneau-lacon\/","title":{"rendered":"Jambon Fum\u00e9 et Jambonneau (lacon)"},"content":{"rendered":"<div class=\"wpb-content-wrapper\"><p>[vc_row full_width=\u00a0\u00bbstretch_row_content_no_spaces\u00a0\u00bb font_color=\u00a0\u00bb#ffffff\u00a0\u00bb css=\u00a0\u00bb.vc_custom_1611041525644{background-image: url(https:\/\/casaboix.es\/wp-content\/uploads\/2021\/01\/productos-casa-boix-jamon-ahumado-cabecera-am.jpg?id=5572) !important;background-position: center !important;background-repeat: no-repeat !important;background-size: cover !important;}\u00a0\u00bb background_style=\u00a0\u00bbparallax\u00a0\u00bb][vc_column][vc_empty_space height=\u00a0\u00bb400px\u00a0\u00bb][\/vc_column][\/vc_row][vc_row css=\u00a0\u00bb.vc_custom_1607234259350{padding-top: 50px !important;padding-right: 22% !important;padding-left: 22% !important;}\u00a0\u00bb][vc_column][vc_column_text]<\/p>\n<h2 style=\"text-align: center; height: 40px; margin-bottom: 0px;\"><span style=\"color: #4c4b4a;\"><span style=\"font-size: 50%; font-family: 'Roboto'; font-weight: 800; text-transform: uppercase;\">Casa Boix<\/span><\/span><\/h2>\n<h2 style=\"text-align: center;\"><span style=\"color: #e8b851; font-size: 150%; font-family: 'Georgia';\">Jambon Fum\u00e9 et Jambonneau (lacon)<\/span><\/h2>\n<p style=\"max-width: 800px; text-align: center; margin: 0 auto; margin-bottom: 20px;\"><span style=\"color: #808080; font-size: 90%; font-family: 'Roboto';\">Avec une l\u00e9g\u00e8re touche de bois de h\u00eatre naturel. La m\u00eame s\u00e9lection m\u00e9ticuleuse des mati\u00e8res premi\u00e8res et la m\u00eame pr\u00e9paration soign\u00e9e de nos jambons cuits, mais avec une l\u00e9g\u00e8re touche de fum\u00e9e de bois de h\u00eatre naturel.<\/span><\/p>\n<p style=\"text-align: center;\"><span style=\"color: #808080; font-size: 90%; font-family: 'Roboto'; font-weight: bold;\">D\u00e9couvrez toute notre vari\u00e9t\u00e9 de nos produits fum\u00e9s:<\/span><\/p>\n<p>[\/vc_column_text][\/vc_column][\/vc_row][vc_row gap=\u00a0\u00bb10&Prime; equal_height=\u00a0\u00bbyes\u00a0\u00bb content_placement=\u00a0\u00bbmiddle\u00a0\u00bb el_class=\u00a0\u00bbbloque-ficha-tecnica-producto\u00a0\u00bb][vc_column width=\u00a0\u00bb1\/2&Prime; css=\u00a0\u00bb.vc_custom_1606719872878{background-color: #f1efe9 !important;}\u00a0\u00bb][vc_single_image image=\u00a0\u00bb6417&Prime; img_size=\u00a0\u00bbfull\u00a0\u00bb alignment=\u00a0\u00bbcenter\u00a0\u00bb el_class=\u00a0\u00bbproductos-casa-boix-jamon-cocido-imagen-izq-max-width\u00a0\u00bb css=\u00a0\u00bb.vc_custom_1611041656181{padding-right: 5% !important;padding-left: 5% !important;}\u00a0\u00bb][\/vc_column][vc_column width=\u00a0\u00bb1\/2&Prime; css=\u00a0\u00bb.vc_custom_1607167253767{background-color: #f1efe9 !important;}\u00a0\u00bb el_class=\u00a0\u00bbficha-tecnica-col-der\u00a0\u00bb][vc_single_image image=\u00a0\u00bb6416&Prime; img_size=\u00a0\u00bbfull\u00a0\u00bb alignment=\u00a0\u00bbcenter\u00a0\u00bb el_class=\u00a0\u00bbproductos-casa-boix-jamon-cocido-imagen-der-max-width\u00a0\u00bb css=\u00a0\u00bb.vc_custom_1611041627474{padding-right: 20% !important;padding-left: 20% !important;}\u00a0\u00bb][vc_column_text]<\/p>\n<h3 style=\"text-align: center; margin-bottom: 0px;\"><span style=\"display: block; color: #4c4c4b; font-size: 90%; font-family: 'Georgia'; line-height: 28px; padding: 0px 20px;\">Jambon cuit sup\u00e9rieur d\u00e9couenn\u00e9 fum\u00e9<\/span><\/h3>\n<p style=\"text-align: center;\"><span style=\"color: #4c4c4b; font-family: 'Roboto'; font-size: 14px; font-weight: bold;\">Ref. 1103 &#8211; 6,5 Kg<\/span><\/p>\n<p style=\"margin-bottom: 3px !important; text-align: center; font-size: 80%;\">Valeur \u00e9nerg\u00e9tique : 512 KJ \/ 122 kcal.<\/p>\n<p style=\"margin-bottom: 3px !important; text-align: center; font-size: 80%;\">Mati\u00e8res grasses : 3,5 g. dont acides gras satur\u00e9s : 1,19 g.<\/p>\n<p style=\"margin-bottom: 3px !important; text-align: center; font-size: 80%;\">Glucides : &lt;1 g. dont sucres : &lt;0,5 g.<\/p>\n<p style=\"margin-bottom: 3px !important; text-align: center; font-size: 80%;\">Prot\u00e9ines : 19 g. Sel : 1,7 g.<\/p>\n<div id=\"gtx-trans\" style=\"position: absolute; left: 209px; top: 172.109px;\">\n<div class=\"gtx-trans-icon\"><\/div>\n<\/div>\n<p>[\/vc_column_text][\/vc_column][\/vc_row][vc_row gap=\u00a0\u00bb10&Prime; equal_height=\u00a0\u00bbyes\u00a0\u00bb content_placement=\u00a0\u00bbmiddle\u00a0\u00bb el_class=\u00a0\u00bbbloque-ficha-tecnica-producto\u00a0\u00bb css=\u00a0\u00bb.vc_custom_1607234412103{margin-top: 50px !important;}\u00a0\u00bb][vc_column width=\u00a0\u00bb1\/2&Prime; css=\u00a0\u00bb.vc_custom_1606719872878{background-color: #f1efe9 !important;}\u00a0\u00bb][vc_single_image image=\u00a0\u00bb6419&Prime; img_size=\u00a0\u00bbfull\u00a0\u00bb alignment=\u00a0\u00bbcenter\u00a0\u00bb el_class=\u00a0\u00bbproductos-casa-boix-jamon-cocido-imagen-izq-max-width\u00a0\u00bb css=\u00a0\u00bb.vc_custom_1611041716269{padding-right: 5% !important;padding-left: 5% !important;}\u00a0\u00bb][\/vc_column][vc_column width=\u00a0\u00bb1\/2&Prime; css=\u00a0\u00bb.vc_custom_1607167253767{background-color: #f1efe9 !important;}\u00a0\u00bb el_class=\u00a0\u00bbficha-tecnica-col-der\u00a0\u00bb][vc_single_image image=\u00a0\u00bb6418&Prime; img_size=\u00a0\u00bbfull\u00a0\u00bb alignment=\u00a0\u00bbcenter\u00a0\u00bb el_class=\u00a0\u00bbproductos-casa-boix-jamon-cocido-imagen-der-max-width\u00a0\u00bb css=\u00a0\u00bb.vc_custom_1611041692912{padding-right: 20% !important;padding-left: 20% !important;}\u00a0\u00bb][vc_column_text]<\/p>\n<h3 style=\"text-align: center; margin-bottom: 0px;\"><span style=\"display: block; color: #4c4c4b; font-size: 90%; font-family: 'Georgia'; line-height: 28px; padding: 0px 20px;\">\u00c9paule cuite sup\u00e9rieure d\u00e9soss\u00e9e fum\u00e9e, type jambonneau (Lac\u00f3n)<\/span><\/h3>\n<p style=\"text-align: center;\"><span style=\"color: #4c4c4b; font-family: 'Roboto'; font-size: 14px; font-weight: bold;\">Ref. 1117 &#8211; 4 Kg<\/span><\/p>\n<p style=\"margin-bottom: 3px !important; text-align: center; font-size: 80%;\">Valeur \u00e9nerg\u00e9tique : 512 KJ \/ 122 kcal.<\/p>\n<p style=\"margin-bottom: 3px !important; text-align: center; font-size: 80%;\">Mati\u00e8res grasses : 3,5 g. dont acides gras satur\u00e9s : 1,19 g.<\/p>\n<p style=\"margin-bottom: 3px !important; text-align: center; font-size: 80%;\">Glucides : &lt;1 g. dont sucres : &lt;0,5 g.<\/p>\n<p style=\"margin-bottom: 3px !important; text-align: center; font-size: 80%;\">Prot\u00e9ines : 19 g. Sel : 1,7 g.<\/p>\n<div id=\"gtx-trans\" style=\"position: absolute; left: 211px; top: 200.109px;\">\n<div class=\"gtx-trans-icon\"><\/div>\n<\/div>\n<p>[\/vc_column_text][\/vc_column][\/vc_row][vc_row css=\u00a0\u00bb.vc_custom_1609051284072{margin-top: 100px !important;margin-bottom: 30px !important;}\u00a0\u00bb][vc_column][vc_separator][\/vc_column][\/vc_row][vc_row css=\u00a0\u00bb.vc_custom_1609051319452{margin-right: 5% !important;margin-left: 5% !important;}\u00a0\u00bb][vc_column width=\u00a0\u00bb1\/2&Prime;][vc_column_text]<\/p>\n<p style=\"text-align: left; font-family: Georgia;\"><span class=\"productos-bottom-links-prev\"><a href=\"https:\/\/casaboix.es\/fr\/produits\/casa-boix\/jambon-cuit\/\">Jambon Cuit<\/a><\/span><\/p>\n<p>[\/vc_column_text][\/vc_column][vc_column width=\u00a0\u00bb1\/2&Prime;][vc_column_text]<\/p>\n<p style=\"text-align: right; font-family: Georgia;\"><span class=\"productos-bottom-links-next\"><a href=\"https:\/\/casaboix.es\/fr\/produits\/casa-boix\/iberique\/\">Ib\u00e9rique<\/a><\/span><\/p>\n<p>[\/vc_column_text][\/vc_column][\/vc_row]<\/p>\n<\/div>","protected":false},"excerpt":{"rendered":"<p>[vc_row full_width=\u00a0\u00bbstretch_row_content_no_spaces\u00a0\u00bb font_color=\u00a0\u00bb#ffffff\u00a0\u00bb css=\u00a0\u00bb.vc_custom_1611041525644{background-image: url(https:\/\/casaboix.es\/wp-content\/uploads\/2021\/01\/productos-casa-boix-jamon-ahumado-cabecera-am.jpg?id=5572) !important;background-position: center !important;background-repeat: no-repeat !important;background-size: cover !important;}\u00a0\u00bb background_style=\u00a0\u00bbparallax\u00a0\u00bb][vc_column][vc_empty_space height=\u00a0\u00bb400px\u00a0\u00bb][\/vc_column][\/vc_row][vc_row css=\u00a0\u00bb.vc_custom_1607234259350{padding-top: 50px !important;padding-right: 22% !important;padding-left: 22% !important;}\u00a0\u00bb][vc_column][vc_column_text] Casa Boix Jambon Fum\u00e9 et Jambonneau (lacon) Avec une l\u00e9g\u00e8re touche de bois de h\u00eatre naturel. La m\u00eame s\u00e9lection m\u00e9ticuleuse des mati\u00e8res premi\u00e8res et la m\u00eame pr\u00e9paration soign\u00e9e de nos jambons cuits, mais avec [&hellip;]<\/p>\n","protected":false},"author":1,"featured_media":0,"parent":6290,"menu_order":2,"comment_status":"closed","ping_status":"closed","template":"page-full-width.php","meta":{"footnotes":""},"class_list":["post-6408","page","type-page","status-publish","hentry"],"yoast_head":"<!-- This site is optimized with the Yoast SEO Premium plugin v27.1 (Yoast SEO v27.1.1) - https:\/\/yoast.com\/product\/yoast-seo-premium-wordpress\/ -->\n<title>Jambon Fum\u00e9 et Jambonneau (lacon) - Casa Boix<\/title>\n<meta name=\"robots\" content=\"index, follow, max-snippet:-1, max-image-preview:large, max-video-preview:-1\" \/>\n<link rel=\"canonical\" href=\"https:\/\/casaboix.es\/fr\/produits\/casa-boix\/jambon-fume-et-jambonneau-lacon\/\" \/>\n<meta property=\"og:locale\" content=\"fr_FR\" \/>\n<meta property=\"og:type\" content=\"article\" \/>\n<meta property=\"og:title\" content=\"Jambon Fum\u00e9 et Jambonneau (lacon)\" \/>\n<meta property=\"og:description\" content=\"[vc_row full_width=\u00a0\u00bbstretch_row_content_no_spaces\u00a0\u00bb font_color=\u00a0\u00bb#ffffff\u00a0\u00bb css=\u00a0\u00bb.vc_custom_1611041525644{background-image: url(https:\/\/casaboix.es\/wp-content\/uploads\/2021\/01\/productos-casa-boix-jamon-ahumado-cabecera-am.jpg?id=5572) !important;background-position: center !important;background-repeat: no-repeat !important;background-size: cover !important;}\u00a0\u00bb background_style=\u00a0\u00bbparallax\u00a0\u00bb][vc_column][vc_empty_space height=\u00a0\u00bb400px\u00a0\u00bb][\/vc_column][\/vc_row][vc_row css=\u00a0\u00bb.vc_custom_1607234259350{padding-top: 50px !important;padding-right: 22% !important;padding-left: 22% !important;}\u00a0\u00bb][vc_column][vc_column_text] Casa Boix Jambon Fum\u00e9 et Jambonneau (lacon) Avec une l\u00e9g\u00e8re touche de bois de h\u00eatre naturel. La m\u00eame s\u00e9lection m\u00e9ticuleuse des mati\u00e8res premi\u00e8res et la m\u00eame pr\u00e9paration soign\u00e9e de nos jambons cuits, mais avec [&hellip;]\" \/>\n<meta property=\"og:url\" content=\"https:\/\/casaboix.es\/fr\/produits\/casa-boix\/jambon-fume-et-jambonneau-lacon\/\" \/>\n<meta property=\"og:site_name\" content=\"Casa Boix\" \/>\n<meta property=\"article:publisher\" content=\"https:\/\/www.facebook.com\/casaboix\/\" \/>\n<meta property=\"article:modified_time\" content=\"2021-03-03T07:45:57+00:00\" \/>\n<meta name=\"twitter:card\" content=\"summary_large_image\" \/>\n<meta name=\"twitter:site\" content=\"@casaboix\" \/>\n<meta name=\"twitter:label1\" content=\"Dur\u00e9e de lecture estim\u00e9e\" \/>\n\t<meta name=\"twitter:data1\" content=\"2 minutes\" \/>\n<script type=\"application\/ld+json\" class=\"yoast-schema-graph\">{\"@context\":\"https:\/\/schema.org\",\"@graph\":[{\"@type\":\"WebPage\",\"@id\":\"https:\/\/casaboix.es\/fr\/produits\/casa-boix\/jambon-fume-et-jambonneau-lacon\/\",\"url\":\"https:\/\/casaboix.es\/fr\/produits\/casa-boix\/jambon-fume-et-jambonneau-lacon\/\",\"name\":\"Jambon Fum\u00e9 et Jambonneau (lacon) - Casa Boix\",\"isPartOf\":{\"@id\":\"https:\/\/casaboix.es\/fr\/#website\"},\"datePublished\":\"2020-12-23T09:03:48+00:00\",\"dateModified\":\"2021-03-03T07:45:57+00:00\",\"breadcrumb\":{\"@id\":\"https:\/\/casaboix.es\/fr\/produits\/casa-boix\/jambon-fume-et-jambonneau-lacon\/#breadcrumb\"},\"inLanguage\":\"fr-FR\",\"potentialAction\":[{\"@type\":\"ReadAction\",\"target\":[\"https:\/\/casaboix.es\/fr\/produits\/casa-boix\/jambon-fume-et-jambonneau-lacon\/\"]}]},{\"@type\":\"BreadcrumbList\",\"@id\":\"https:\/\/casaboix.es\/fr\/produits\/casa-boix\/jambon-fume-et-jambonneau-lacon\/#breadcrumb\",\"itemListElement\":[{\"@type\":\"ListItem\",\"position\":1,\"name\":\"Home\",\"item\":\"https:\/\/casaboix.es\/fr\/\"},{\"@type\":\"ListItem\",\"position\":2,\"name\":\"Produits\",\"item\":\"https:\/\/casaboix.es\/fr\/produits\/\"},{\"@type\":\"ListItem\",\"position\":3,\"name\":\"Casa Boix\",\"item\":\"https:\/\/casaboix.es\/fr\/produits\/casa-boix\/\"},{\"@type\":\"ListItem\",\"position\":4,\"name\":\"Jambon Fum\u00e9 et Jambonneau (lacon)\"}]},{\"@type\":\"WebSite\",\"@id\":\"https:\/\/casaboix.es\/fr\/#website\",\"url\":\"https:\/\/casaboix.es\/fr\/\",\"name\":\"Casa Boix\",\"description\":\"Amor por las cosas bien hechas\",\"publisher\":{\"@id\":\"https:\/\/casaboix.es\/fr\/#organization\"},\"potentialAction\":[{\"@type\":\"SearchAction\",\"target\":{\"@type\":\"EntryPoint\",\"urlTemplate\":\"https:\/\/casaboix.es\/fr\/?s={search_term_string}\"},\"query-input\":{\"@type\":\"PropertyValueSpecification\",\"valueRequired\":true,\"valueName\":\"search_term_string\"}}],\"inLanguage\":\"fr-FR\"},{\"@type\":\"Organization\",\"@id\":\"https:\/\/casaboix.es\/fr\/#organization\",\"name\":\"Casa Boix\",\"url\":\"https:\/\/casaboix.es\/fr\/\",\"logo\":{\"@type\":\"ImageObject\",\"inLanguage\":\"fr-FR\",\"@id\":\"https:\/\/casaboix.es\/fr\/#\/schema\/logo\/image\/\",\"url\":\"https:\/\/casaboix.es\/wp-content\/uploads\/2020\/10\/logo-negro.png\",\"contentUrl\":\"https:\/\/casaboix.es\/wp-content\/uploads\/2020\/10\/logo-negro.png\",\"width\":342,\"height\":44,\"caption\":\"Casa Boix\"},\"image\":{\"@id\":\"https:\/\/casaboix.es\/fr\/#\/schema\/logo\/image\/\"},\"sameAs\":[\"https:\/\/www.facebook.com\/casaboix\/\",\"https:\/\/x.com\/casaboix\",\"https:\/\/www.instagram.com\/casaboix\/\",\"https:\/\/www.youtube.com\/watch?v=j22NKKL47ec\"]}]}<\/script>\n<!-- \/ Yoast SEO Premium plugin. -->","yoast_head_json":{"title":"Jambon Fum\u00e9 et Jambonneau (lacon) - Casa Boix","robots":{"index":"index","follow":"follow","max-snippet":"max-snippet:-1","max-image-preview":"max-image-preview:large","max-video-preview":"max-video-preview:-1"},"canonical":"https:\/\/casaboix.es\/fr\/produits\/casa-boix\/jambon-fume-et-jambonneau-lacon\/","og_locale":"fr_FR","og_type":"article","og_title":"Jambon Fum\u00e9 et Jambonneau (lacon)","og_description":"[vc_row full_width=\u00a0\u00bbstretch_row_content_no_spaces\u00a0\u00bb font_color=\u00a0\u00bb#ffffff\u00a0\u00bb css=\u00a0\u00bb.vc_custom_1611041525644{background-image: url(https:\/\/casaboix.es\/wp-content\/uploads\/2021\/01\/productos-casa-boix-jamon-ahumado-cabecera-am.jpg?id=5572) !important;background-position: center !important;background-repeat: no-repeat !important;background-size: cover !important;}\u00a0\u00bb background_style=\u00a0\u00bbparallax\u00a0\u00bb][vc_column][vc_empty_space height=\u00a0\u00bb400px\u00a0\u00bb][\/vc_column][\/vc_row][vc_row css=\u00a0\u00bb.vc_custom_1607234259350{padding-top: 50px !important;padding-right: 22% !important;padding-left: 22% !important;}\u00a0\u00bb][vc_column][vc_column_text] Casa Boix Jambon Fum\u00e9 et Jambonneau (lacon) Avec une l\u00e9g\u00e8re touche de bois de h\u00eatre naturel. La m\u00eame s\u00e9lection m\u00e9ticuleuse des mati\u00e8res premi\u00e8res et la m\u00eame pr\u00e9paration soign\u00e9e de nos jambons cuits, mais avec [&hellip;]","og_url":"https:\/\/casaboix.es\/fr\/produits\/casa-boix\/jambon-fume-et-jambonneau-lacon\/","og_site_name":"Casa Boix","article_publisher":"https:\/\/www.facebook.com\/casaboix\/","article_modified_time":"2021-03-03T07:45:57+00:00","twitter_card":"summary_large_image","twitter_site":"@casaboix","twitter_misc":{"Dur\u00e9e de lecture estim\u00e9e":"2 minutes"},"schema":{"@context":"https:\/\/schema.org","@graph":[{"@type":"WebPage","@id":"https:\/\/casaboix.es\/fr\/produits\/casa-boix\/jambon-fume-et-jambonneau-lacon\/","url":"https:\/\/casaboix.es\/fr\/produits\/casa-boix\/jambon-fume-et-jambonneau-lacon\/","name":"Jambon Fum\u00e9 et Jambonneau (lacon) - Casa Boix","isPartOf":{"@id":"https:\/\/casaboix.es\/fr\/#website"},"datePublished":"2020-12-23T09:03:48+00:00","dateModified":"2021-03-03T07:45:57+00:00","breadcrumb":{"@id":"https:\/\/casaboix.es\/fr\/produits\/casa-boix\/jambon-fume-et-jambonneau-lacon\/#breadcrumb"},"inLanguage":"fr-FR","potentialAction":[{"@type":"ReadAction","target":["https:\/\/casaboix.es\/fr\/produits\/casa-boix\/jambon-fume-et-jambonneau-lacon\/"]}]},{"@type":"BreadcrumbList","@id":"https:\/\/casaboix.es\/fr\/produits\/casa-boix\/jambon-fume-et-jambonneau-lacon\/#breadcrumb","itemListElement":[{"@type":"ListItem","position":1,"name":"Home","item":"https:\/\/casaboix.es\/fr\/"},{"@type":"ListItem","position":2,"name":"Produits","item":"https:\/\/casaboix.es\/fr\/produits\/"},{"@type":"ListItem","position":3,"name":"Casa Boix","item":"https:\/\/casaboix.es\/fr\/produits\/casa-boix\/"},{"@type":"ListItem","position":4,"name":"Jambon Fum\u00e9 et Jambonneau (lacon)"}]},{"@type":"WebSite","@id":"https:\/\/casaboix.es\/fr\/#website","url":"https:\/\/casaboix.es\/fr\/","name":"Casa Boix","description":"Amor por las cosas bien hechas","publisher":{"@id":"https:\/\/casaboix.es\/fr\/#organization"},"potentialAction":[{"@type":"SearchAction","target":{"@type":"EntryPoint","urlTemplate":"https:\/\/casaboix.es\/fr\/?s={search_term_string}"},"query-input":{"@type":"PropertyValueSpecification","valueRequired":true,"valueName":"search_term_string"}}],"inLanguage":"fr-FR"},{"@type":"Organization","@id":"https:\/\/casaboix.es\/fr\/#organization","name":"Casa Boix","url":"https:\/\/casaboix.es\/fr\/","logo":{"@type":"ImageObject","inLanguage":"fr-FR","@id":"https:\/\/casaboix.es\/fr\/#\/schema\/logo\/image\/","url":"https:\/\/casaboix.es\/wp-content\/uploads\/2020\/10\/logo-negro.png","contentUrl":"https:\/\/casaboix.es\/wp-content\/uploads\/2020\/10\/logo-negro.png","width":342,"height":44,"caption":"Casa Boix"},"image":{"@id":"https:\/\/casaboix.es\/fr\/#\/schema\/logo\/image\/"},"sameAs":["https:\/\/www.facebook.com\/casaboix\/","https:\/\/x.com\/casaboix","https:\/\/www.instagram.com\/casaboix\/","https:\/\/www.youtube.com\/watch?v=j22NKKL47ec"]}]}},"_links":{"self":[{"href":"https:\/\/casaboix.es\/fr\/wp-json\/wp\/v2\/pages\/6408","targetHints":{"allow":["GET"]}}],"collection":[{"href":"https:\/\/casaboix.es\/fr\/wp-json\/wp\/v2\/pages"}],"about":[{"href":"https:\/\/casaboix.es\/fr\/wp-json\/wp\/v2\/types\/page"}],"author":[{"embeddable":true,"href":"https:\/\/casaboix.es\/fr\/wp-json\/wp\/v2\/users\/1"}],"replies":[{"embeddable":true,"href":"https:\/\/casaboix.es\/fr\/wp-json\/wp\/v2\/comments?post=6408"}],"version-history":[{"count":0,"href":"https:\/\/casaboix.es\/fr\/wp-json\/wp\/v2\/pages\/6408\/revisions"}],"up":[{"embeddable":true,"href":"https:\/\/casaboix.es\/fr\/wp-json\/wp\/v2\/pages\/6290"}],"wp:attachment":[{"href":"https:\/\/casaboix.es\/fr\/wp-json\/wp\/v2\/media?parent=6408"}],"curies":[{"name":"wp","href":"https:\/\/api.w.org\/{rel}","templated":true}]}}