{"id":6285,"date":"2020-10-28T05:33:31","date_gmt":"2020-10-28T05:33:31","guid":{"rendered":"https:\/\/casaboix.es\/productos\/"},"modified":"2023-06-23T11:04:07","modified_gmt":"2023-06-23T09:04:07","slug":"produits","status":"publish","type":"page","link":"https:\/\/casaboix.es\/fr\/produits\/","title":{"rendered":"Produits"},"content":{"rendered":"<div class=\"wpb-content-wrapper\"><p>[vc_row full_width=\u00a0\u00bbstretch_row_content_no_spaces\u00a0\u00bb equal_height=\u00a0\u00bbyes\u00a0\u00bb content_placement=\u00a0\u00bbmiddle\u00a0\u00bb background_style=\u00a0\u00bbnormal\u00a0\u00bb el_class=\u00a0\u00bbalto-fila-maximo\u00a0\u00bb][vc_column width=\u00a0\u00bb1\/2&Prime; css=\u00a0\u00bb.vc_custom_1615273211008{border-right-width: 20px !important;background-image: url(https:\/\/casaboix.es\/wp-content\/uploads\/2021\/03\/casa-boix-productos-01-fr.jpg?id=7076) !important;background-position: center !important;background-repeat: no-repeat !important;background-size: cover !important;border-right-color: #ffffff !important;border-right-style: solid !important;}\u00a0\u00bb el_class=\u00a0\u00bblarge-push-6&Prime;][vc_empty_space height=\u00a0\u00bb150px\u00a0\u00bb][\/vc_column][vc_column width=\u00a0\u00bb1\/2&Prime; css=\u00a0\u00bb.vc_custom_1606549391455{border-right-width: 20px !important;border-bottom-width: 20px !important;border-left-width: 20px !important;padding-top: 75px !important;padding-right: 7% !important;padding-bottom: 75px !important;padding-left: 7% !important;background-color: #f2efea !important;border-left-color: #ffffff !important;border-left-style: solid !important;border-right-color: #ffffff !important;border-right-style: solid !important;border-bottom-color: #ffffff !important;border-bottom-style: solid !important;}\u00a0\u00bb el_class=\u00a0\u00bblarge-pull-6&Prime;][vc_column_text]<\/p>\n<h2 style=\"text-align: center;\"><span style=\"color: #4c4b4a;\"><strong><span style=\"font-size: 200%; font-family: 'Roboto'; font-weight: 800;\">01<\/span><\/strong><\/span><\/h2>\n<h2 style=\"text-align: center;\"><span style=\"font-family: 'Georgia'; color: #e8b851;\">Casa Boix<\/span><\/h2>\n<p style=\"text-align: center;\"><span style=\"color: #808080; font-family: roboto;\">Nous \u00e9laborons traditionnellement des produits \u00e0 base de viandes s\u00e9lectionn\u00e9es. D\u00e9couvrez notre s\u00e9lection de jambons cuits, fum\u00e9s et ib\u00e9riques, de poitrines cuites et fum\u00e9es ainsi que nos sp\u00e9cialit\u00e9s de dindes.<\/span><\/p>\n<div id=\"gtx-trans\" style=\"position: absolute; left: 364px; top: 215.719px;\">\n<div class=\"gtx-trans-icon\"><\/div>\n<\/div>\n<p>[\/vc_column_text][vc_single_image image=\u00a0\u00bb7099&Prime; img_size=\u00a0\u00bbfull\u00a0\u00bb alignment=\u00a0\u00bbcenter\u00a0\u00bb el_class=\u00a0\u00bbproductos-general-envase-mw\u00a0\u00bb css=\u00a0\u00bb.vc_custom_1611038718923{padding-bottom: 10px !important;}\u00a0\u00bb][vc_btn title=\u00a0\u00bbVoir toute la famille\u00a0\u00bb shape=\u00a0\u00bbsquare\u00a0\u00bb color=\u00a0\u00bbsandy-brown\u00a0\u00bb align=\u00a0\u00bbcenter\u00a0\u00bb link=\u00a0\u00bburl:https%3A%2F%2Fcasaboix.es%2Ffr%2Fproduits%2Fcasa-boix%2F\u00a0\u00bb el_class=\u00a0\u00bbboton-color-af8e69&Prime;][\/vc_column][\/vc_row][vc_row full_width=\u00a0\u00bbstretch_row_content_no_spaces\u00a0\u00bb equal_height=\u00a0\u00bbyes\u00a0\u00bb content_placement=\u00a0\u00bbmiddle\u00a0\u00bb background_style=\u00a0\u00bbnormal\u00a0\u00bb el_class=\u00a0\u00bbalto-fila-maximo\u00a0\u00bb][vc_column width=\u00a0\u00bb1\/2&Prime; css=\u00a0\u00bb.vc_custom_1615273235767{border-left-width: 20px !important;background-image: url(https:\/\/casaboix.es\/wp-content\/uploads\/2021\/03\/casa-boix-productos-02-fr.jpg?id=7080) !important;background-position: center !important;background-repeat: no-repeat !important;background-size: cover !important;border-left-color: #ffffff !important;border-left-style: solid !important;}\u00a0\u00bb][vc_empty_space height=\u00a0\u00bb150px\u00a0\u00bb][\/vc_column][vc_column width=\u00a0\u00bb1\/2&Prime; css=\u00a0\u00bb.vc_custom_1606549543182{border-top-width: 20px !important;border-right-width: 20px !important;border-bottom-width: 20px !important;border-left-width: 20px !important;padding-top: 40px !important;padding-right: 7% !important;padding-bottom: 40px !important;padding-left: 7% !important;background-color: #f2efea !important;border-left-color: #ffffff !important;border-left-style: solid !important;border-right-color: #ffffff !important;border-right-style: solid !important;border-top-color: #ffffff !important;border-top-style: solid !important;border-bottom-color: #ffffff !important;border-bottom-style: solid !important;}\u00a0\u00bb][vc_column_text]<\/p>\n<h2 style=\"text-align: center;\"><span style=\"color: #4c4b4a;\"><strong><span style=\"font-size: 200%; font-family: roboto;\">02<\/span><\/strong><\/span><\/h2>\n<h2 style=\"text-align: center;\"><span style=\"font-family: 'Georgia'; color: #e8b851;\">Mos Natura<\/span><\/h2>\n<p style=\"text-align: center;\"><span style=\"color: #808080; font-family: roboto;\">Mos Natura est une gamme de produits qui sont \u00e9labor\u00e9s \u00e0 partir de pi\u00e8ces nobles d&rsquo;animaux \u00e9lev\u00e9s sans antibiotique et sans utilisation d&rsquo;additifs (\u00e9tiquettes sans \u201cE\u201d).<\/span><\/p>\n<p>[\/vc_column_text][vc_single_image image=\u00a0\u00bb7100&Prime; img_size=\u00a0\u00bbfull\u00a0\u00bb alignment=\u00a0\u00bbcenter\u00a0\u00bb el_class=\u00a0\u00bbproductos-general-envase-mw\u00a0\u00bb css=\u00a0\u00bb.vc_custom_1611038774831{padding-bottom: 10px !important;}\u00a0\u00bb][vc_btn title=\u00a0\u00bbVoir toute la famille\u00a0\u00bb shape=\u00a0\u00bbsquare\u00a0\u00bb color=\u00a0\u00bbsandy-brown\u00a0\u00bb align=\u00a0\u00bbcenter\u00a0\u00bb link=\u00a0\u00bburl:https%3A%2F%2Fcasaboix.es%2Ffr%2Fproduits%2Fmos-natura%2F|title:Mos%20Natura\u00a0\u00bb el_class=\u00a0\u00bbboton-color-af8e69&Prime;][\/vc_column][\/vc_row][vc_row full_width=\u00a0\u00bbstretch_row_content_no_spaces\u00a0\u00bb equal_height=\u00a0\u00bbyes\u00a0\u00bb content_placement=\u00a0\u00bbmiddle\u00a0\u00bb background_style=\u00a0\u00bbnormal\u00a0\u00bb el_class=\u00a0\u00bbalto-fila-maximo\u00a0\u00bb el_id=\u00a0\u00bbbloque-reticula-final-pagina\u00a0\u00bb][vc_column width=\u00a0\u00bb1\/2&Prime; css=\u00a0\u00bb.vc_custom_1615273296559{border-right-width: 20px !important;background-image: url(https:\/\/casaboix.es\/wp-content\/uploads\/2021\/03\/casa-boix-productos-03-fr.jpg?id=7084) !important;background-position: center !important;background-repeat: no-repeat !important;background-size: cover !important;border-right-color: #ffffff !important;border-right-style: solid !important;}\u00a0\u00bb el_class=\u00a0\u00bblarge-push-6&Prime;][vc_empty_space height=\u00a0\u00bb150px\u00a0\u00bb][\/vc_column][vc_column width=\u00a0\u00bb1\/2&Prime; css=\u00a0\u00bb.vc_custom_1606549601499{border-top-width: 20px !important;border-right-width: 20px !important;border-bottom-width: 20px !important;border-left-width: 20px !important;padding-top: 40px !important;padding-right: 7% !important;padding-bottom: 40px !important;padding-left: 7% !important;background-color: #f2efea !important;border-left-color: #ffffff !important;border-left-style: solid !important;border-right-color: #ffffff !important;border-right-style: solid !important;border-top-color: #ffffff !important;border-top-style: solid !important;border-bottom-color: #ffffff !important;border-bottom-style: solid !important;}\u00a0\u00bb el_class=\u00a0\u00bblarge-pull-6&Prime;][vc_column_text]<\/p>\n<h2 style=\"text-align: center;\"><span style=\"color: #4c4b4a;\"><strong><span style=\"font-size: 200%; font-family: roboto;\">03<\/span><\/strong><\/span><\/h2>\n<h2 style=\"text-align: center;\"><span style=\"font-family: 'Georgia'; color: #e8b851;\">Bio Mos<\/span><\/h2>\n<p style=\"text-align: center;\"><span style=\"color: #808080; font-family: roboto;\">Bio Mos est une gamme de produits \u00e9labor\u00e9s \u00e0 partir de dindes, de poulets et de porcs nourris avec des c\u00e9r\u00e9ales issues de l&rsquo;agriculture biologique, sans OGM, sans dioxine, sans antibiotique et ces animaux sont \u00e9lev\u00e9s en plein air.<\/span><\/p>\n<p>[\/vc_column_text][vc_single_image image=\u00a0\u00bb7095&Prime; img_size=\u00a0\u00bbfull\u00a0\u00bb alignment=\u00a0\u00bbcenter\u00a0\u00bb el_class=\u00a0\u00bbproductos-general-envase-mw\u00a0\u00bb][vc_btn title=\u00a0\u00bbVoir toute la famille\u00a0\u00bb shape=\u00a0\u00bbsquare\u00a0\u00bb color=\u00a0\u00bbsandy-brown\u00a0\u00bb align=\u00a0\u00bbcenter\u00a0\u00bb link=\u00a0\u00bburl:https%3A%2F%2Fcasaboix.es%2Ffr%2Fproduits%2Fbio-mos%2F\u00a0\u00bb el_class=\u00a0\u00bbboton-color-af8e69&Prime;][\/vc_column][\/vc_row]<\/p>\n<\/div>","protected":false},"excerpt":{"rendered":"<p>[vc_row full_width=\u00a0\u00bbstretch_row_content_no_spaces\u00a0\u00bb equal_height=\u00a0\u00bbyes\u00a0\u00bb content_placement=\u00a0\u00bbmiddle\u00a0\u00bb background_style=\u00a0\u00bbnormal\u00a0\u00bb el_class=\u00a0\u00bbalto-fila-maximo\u00a0\u00bb][vc_column width=\u00a0\u00bb1\/2&Prime; css=\u00a0\u00bb.vc_custom_1615273211008{border-right-width: 20px !important;background-image: url(https:\/\/casaboix.es\/wp-content\/uploads\/2021\/03\/casa-boix-productos-01-fr.jpg?id=7076) !important;background-position: center !important;background-repeat: no-repeat !important;background-size: cover !important;border-right-color: #ffffff !important;border-right-style: solid !important;}\u00a0\u00bb el_class=\u00a0\u00bblarge-push-6&Prime;][vc_empty_space height=\u00a0\u00bb150px\u00a0\u00bb][\/vc_column][vc_column width=\u00a0\u00bb1\/2&Prime; css=\u00a0\u00bb.vc_custom_1606549391455{border-right-width: 20px !important;border-bottom-width: 20px !important;border-left-width: 20px !important;padding-top: 75px !important;padding-right: 7% !important;padding-bottom: 75px !important;padding-left: 7% !important;background-color: #f2efea !important;border-left-color: #ffffff !important;border-left-style: solid !important;border-right-color: #ffffff !important;border-right-style: solid !important;border-bottom-color: #ffffff !important;border-bottom-style: solid !important;}\u00a0\u00bb el_class=\u00a0\u00bblarge-pull-6&Prime;][vc_column_text] [&hellip;]<\/p>\n","protected":false},"author":1,"featured_media":0,"parent":0,"menu_order":0,"comment_status":"closed","ping_status":"closed","template":"page-full-width.php","meta":{"footnotes":""},"class_list":["post-6285","page","type-page","status-publish","hentry"],"yoast_head":"<!-- This site is optimized with the Yoast SEO Premium plugin v27.1 (Yoast SEO v27.1.1) - https:\/\/yoast.com\/product\/yoast-seo-premium-wordpress\/ -->\n<title>D\u00e9couvrez les produits carn\u00e9s les plus s\u00e9lectionn\u00e9s - Casa Boix<\/title>\n<meta name=\"description\" content=\"Production traditionnelle de produits carn\u00e9s s\u00e9lectionn\u00e9s. D\u00e9couvrez notre s\u00e9lection de produits traditionnels, biologiques, sans additifs et sans OGM.\" \/>\n<meta name=\"robots\" content=\"index, follow, max-snippet:-1, max-image-preview:large, max-video-preview:-1\" \/>\n<link rel=\"canonical\" href=\"https:\/\/casaboix.es\/fr\/produits\/\" \/>\n<meta property=\"og:locale\" content=\"fr_FR\" \/>\n<meta property=\"og:type\" content=\"article\" \/>\n<meta property=\"og:title\" content=\"Produits\" \/>\n<meta property=\"og:description\" content=\"Production traditionnelle de produits carn\u00e9s s\u00e9lectionn\u00e9s. D\u00e9couvrez notre s\u00e9lection de produits traditionnels, biologiques, sans additifs et sans OGM.\" \/>\n<meta property=\"og:url\" content=\"https:\/\/casaboix.es\/fr\/produits\/\" \/>\n<meta property=\"og:site_name\" content=\"Casa Boix\" \/>\n<meta property=\"article:publisher\" content=\"https:\/\/www.facebook.com\/casaboix\/\" \/>\n<meta property=\"article:modified_time\" content=\"2023-06-23T09:04:07+00:00\" \/>\n<meta name=\"twitter:card\" content=\"summary_large_image\" \/>\n<meta name=\"twitter:site\" content=\"@casaboix\" \/>\n<meta name=\"twitter:label1\" content=\"Dur\u00e9e de lecture estim\u00e9e\" \/>\n\t<meta name=\"twitter:data1\" content=\"2 minutes\" \/>\n<script type=\"application\/ld+json\" class=\"yoast-schema-graph\">{\"@context\":\"https:\/\/schema.org\",\"@graph\":[{\"@type\":\"WebPage\",\"@id\":\"https:\/\/casaboix.es\/fr\/produits\/\",\"url\":\"https:\/\/casaboix.es\/fr\/produits\/\",\"name\":\"D\u00e9couvrez les produits carn\u00e9s les plus s\u00e9lectionn\u00e9s - Casa Boix\",\"isPartOf\":{\"@id\":\"https:\/\/casaboix.es\/fr\/#website\"},\"datePublished\":\"2020-10-28T05:33:31+00:00\",\"dateModified\":\"2023-06-23T09:04:07+00:00\",\"description\":\"Production traditionnelle de produits carn\u00e9s s\u00e9lectionn\u00e9s. D\u00e9couvrez notre s\u00e9lection de produits traditionnels, biologiques, sans additifs et sans OGM.\",\"breadcrumb\":{\"@id\":\"https:\/\/casaboix.es\/fr\/produits\/#breadcrumb\"},\"inLanguage\":\"fr-FR\",\"potentialAction\":[{\"@type\":\"ReadAction\",\"target\":[\"https:\/\/casaboix.es\/fr\/produits\/\"]}]},{\"@type\":\"BreadcrumbList\",\"@id\":\"https:\/\/casaboix.es\/fr\/produits\/#breadcrumb\",\"itemListElement\":[{\"@type\":\"ListItem\",\"position\":1,\"name\":\"Home\",\"item\":\"https:\/\/casaboix.es\/fr\/\"},{\"@type\":\"ListItem\",\"position\":2,\"name\":\"Produits\"}]},{\"@type\":\"WebSite\",\"@id\":\"https:\/\/casaboix.es\/fr\/#website\",\"url\":\"https:\/\/casaboix.es\/fr\/\",\"name\":\"Casa Boix\",\"description\":\"Amor por las cosas bien hechas\",\"publisher\":{\"@id\":\"https:\/\/casaboix.es\/fr\/#organization\"},\"potentialAction\":[{\"@type\":\"SearchAction\",\"target\":{\"@type\":\"EntryPoint\",\"urlTemplate\":\"https:\/\/casaboix.es\/fr\/?s={search_term_string}\"},\"query-input\":{\"@type\":\"PropertyValueSpecification\",\"valueRequired\":true,\"valueName\":\"search_term_string\"}}],\"inLanguage\":\"fr-FR\"},{\"@type\":\"Organization\",\"@id\":\"https:\/\/casaboix.es\/fr\/#organization\",\"name\":\"Casa Boix\",\"url\":\"https:\/\/casaboix.es\/fr\/\",\"logo\":{\"@type\":\"ImageObject\",\"inLanguage\":\"fr-FR\",\"@id\":\"https:\/\/casaboix.es\/fr\/#\/schema\/logo\/image\/\",\"url\":\"https:\/\/casaboix.es\/wp-content\/uploads\/2020\/10\/logo-negro.png\",\"contentUrl\":\"https:\/\/casaboix.es\/wp-content\/uploads\/2020\/10\/logo-negro.png\",\"width\":342,\"height\":44,\"caption\":\"Casa Boix\"},\"image\":{\"@id\":\"https:\/\/casaboix.es\/fr\/#\/schema\/logo\/image\/\"},\"sameAs\":[\"https:\/\/www.facebook.com\/casaboix\/\",\"https:\/\/x.com\/casaboix\",\"https:\/\/www.instagram.com\/casaboix\/\",\"https:\/\/www.youtube.com\/watch?v=j22NKKL47ec\"]}]}<\/script>\n<!-- \/ Yoast SEO Premium plugin. -->","yoast_head_json":{"title":"D\u00e9couvrez les produits carn\u00e9s les plus s\u00e9lectionn\u00e9s - Casa Boix","description":"Production traditionnelle de produits carn\u00e9s s\u00e9lectionn\u00e9s. D\u00e9couvrez notre s\u00e9lection de produits traditionnels, biologiques, sans additifs et sans OGM.","robots":{"index":"index","follow":"follow","max-snippet":"max-snippet:-1","max-image-preview":"max-image-preview:large","max-video-preview":"max-video-preview:-1"},"canonical":"https:\/\/casaboix.es\/fr\/produits\/","og_locale":"fr_FR","og_type":"article","og_title":"Produits","og_description":"Production traditionnelle de produits carn\u00e9s s\u00e9lectionn\u00e9s. D\u00e9couvrez notre s\u00e9lection de produits traditionnels, biologiques, sans additifs et sans OGM.","og_url":"https:\/\/casaboix.es\/fr\/produits\/","og_site_name":"Casa Boix","article_publisher":"https:\/\/www.facebook.com\/casaboix\/","article_modified_time":"2023-06-23T09:04:07+00:00","twitter_card":"summary_large_image","twitter_site":"@casaboix","twitter_misc":{"Dur\u00e9e de lecture estim\u00e9e":"2 minutes"},"schema":{"@context":"https:\/\/schema.org","@graph":[{"@type":"WebPage","@id":"https:\/\/casaboix.es\/fr\/produits\/","url":"https:\/\/casaboix.es\/fr\/produits\/","name":"D\u00e9couvrez les produits carn\u00e9s les plus s\u00e9lectionn\u00e9s - Casa Boix","isPartOf":{"@id":"https:\/\/casaboix.es\/fr\/#website"},"datePublished":"2020-10-28T05:33:31+00:00","dateModified":"2023-06-23T09:04:07+00:00","description":"Production traditionnelle de produits carn\u00e9s s\u00e9lectionn\u00e9s. D\u00e9couvrez notre s\u00e9lection de produits traditionnels, biologiques, sans additifs et sans OGM.","breadcrumb":{"@id":"https:\/\/casaboix.es\/fr\/produits\/#breadcrumb"},"inLanguage":"fr-FR","potentialAction":[{"@type":"ReadAction","target":["https:\/\/casaboix.es\/fr\/produits\/"]}]},{"@type":"BreadcrumbList","@id":"https:\/\/casaboix.es\/fr\/produits\/#breadcrumb","itemListElement":[{"@type":"ListItem","position":1,"name":"Home","item":"https:\/\/casaboix.es\/fr\/"},{"@type":"ListItem","position":2,"name":"Produits"}]},{"@type":"WebSite","@id":"https:\/\/casaboix.es\/fr\/#website","url":"https:\/\/casaboix.es\/fr\/","name":"Casa Boix","description":"Amor por las cosas bien hechas","publisher":{"@id":"https:\/\/casaboix.es\/fr\/#organization"},"potentialAction":[{"@type":"SearchAction","target":{"@type":"EntryPoint","urlTemplate":"https:\/\/casaboix.es\/fr\/?s={search_term_string}"},"query-input":{"@type":"PropertyValueSpecification","valueRequired":true,"valueName":"search_term_string"}}],"inLanguage":"fr-FR"},{"@type":"Organization","@id":"https:\/\/casaboix.es\/fr\/#organization","name":"Casa Boix","url":"https:\/\/casaboix.es\/fr\/","logo":{"@type":"ImageObject","inLanguage":"fr-FR","@id":"https:\/\/casaboix.es\/fr\/#\/schema\/logo\/image\/","url":"https:\/\/casaboix.es\/wp-content\/uploads\/2020\/10\/logo-negro.png","contentUrl":"https:\/\/casaboix.es\/wp-content\/uploads\/2020\/10\/logo-negro.png","width":342,"height":44,"caption":"Casa Boix"},"image":{"@id":"https:\/\/casaboix.es\/fr\/#\/schema\/logo\/image\/"},"sameAs":["https:\/\/www.facebook.com\/casaboix\/","https:\/\/x.com\/casaboix","https:\/\/www.instagram.com\/casaboix\/","https:\/\/www.youtube.com\/watch?v=j22NKKL47ec"]}]}},"_links":{"self":[{"href":"https:\/\/casaboix.es\/fr\/wp-json\/wp\/v2\/pages\/6285","targetHints":{"allow":["GET"]}}],"collection":[{"href":"https:\/\/casaboix.es\/fr\/wp-json\/wp\/v2\/pages"}],"about":[{"href":"https:\/\/casaboix.es\/fr\/wp-json\/wp\/v2\/types\/page"}],"author":[{"embeddable":true,"href":"https:\/\/casaboix.es\/fr\/wp-json\/wp\/v2\/users\/1"}],"replies":[{"embeddable":true,"href":"https:\/\/casaboix.es\/fr\/wp-json\/wp\/v2\/comments?post=6285"}],"version-history":[{"count":1,"href":"https:\/\/casaboix.es\/fr\/wp-json\/wp\/v2\/pages\/6285\/revisions"}],"predecessor-version":[{"id":8415,"href":"https:\/\/casaboix.es\/fr\/wp-json\/wp\/v2\/pages\/6285\/revisions\/8415"}],"wp:attachment":[{"href":"https:\/\/casaboix.es\/fr\/wp-json\/wp\/v2\/media?parent=6285"}],"curies":[{"name":"wp","href":"https:\/\/api.w.org\/{rel}","templated":true}]}}