{"id":6280,"date":"2020-10-28T06:04:02","date_gmt":"2020-10-28T06:04:02","guid":{"rendered":"https:\/\/casaboix.es\/home-casa-boix\/"},"modified":"2023-02-14T11:48:24","modified_gmt":"2023-02-14T10:48:24","slug":"home-casa-boix","status":"publish","type":"page","link":"https:\/\/casaboix.es\/fr\/","title":{"rendered":"Casa Boix"},"content":{"rendered":"<div class=\"wpb-content-wrapper\"><p>[vc_section full_width=\u00a0\u00bbstretch_row_content\u00a0\u00bb parallax=\u00a0\u00bbcontent-moving\u00a0\u00bb parallax_image=\u00a0\u00bb5427&Prime; css=\u00a0\u00bb.vc_custom_1610954111689{padding-top: 0px !important;}\u00a0\u00bb][vc_row full_height=\u00a0\u00bbyes\u00a0\u00bb font_color=\u00a0\u00bb#ffffff\u00a0\u00bb css=\u00a0\u00bb.vc_custom_1509630674803{padding-top: 75px !important;padding-bottom: 75px !important;background-color: rgba(10,10,10,0.25) !important;*background-color: rgb(10,10,10) !important;}\u00a0\u00bb background_style=\u00a0\u00bbparallax\u00a0\u00bb][vc_column css=\u00a0\u00bb.vc_custom_1509630574000{padding-left: 7% !important;}\u00a0\u00bb][vc_column_text]<\/p>\n<h6 style=\"text-align: left;\"><span class=\"fff\"><strong>\u00c0 PROPOS DE NOUS<\/strong><\/span><\/h6>\n<p>[\/vc_column_text][vc_column_text]<\/p>\n<h2 style=\"text-align: left;\"><span class=\"georgia-fff\"><strong><span style=\"font-size: 150%;\">L&rsquo;amour des choses<br \/>\nbien faites<\/span><\/strong><\/span><\/h2>\n<p>[\/vc_column_text][vc_btn title=\u00a0\u00bbD\u00e9couvrez-nous\u00a0\u00bb style=\u00a0\u00bboutline-custom\u00a0\u00bb outline_custom_color=\u00a0\u00bb#000000&Prime; outline_custom_hover_background=\u00a0\u00bb#000000&Prime; outline_custom_hover_text=\u00a0\u00bb#ffffff\u00a0\u00bb shape=\u00a0\u00bbsquare\u00a0\u00bb size=\u00a0\u00bblg\u00a0\u00bb align=\u00a0\u00bbleft\u00a0\u00bb el_class=\u00a0\u00bbboton-bloques-home\u00a0\u00bb link=\u00a0\u00bburl:https%3A%2F%2Fcasaboix.es%2Ffr%2Fproduits%2F|title:Productos\u00a0\u00bb][\/vc_column][\/vc_row][\/vc_section][vc_section full_width=\u00a0\u00bbstretch_row_content\u00a0\u00bb parallax=\u00a0\u00bbcontent-moving\u00a0\u00bb parallax_image=\u00a0\u00bb3958&Prime; css=\u00a0\u00bb.vc_custom_1604902938797{padding-top: 0px !important;}\u00a0\u00bb][vc_row full_height=\u00a0\u00bbyes\u00a0\u00bb parallax=\u00a0\u00bbcontent-moving\u00a0\u00bb font_color=\u00a0\u00bb#ec7a5c\u00a0\u00bb background_style=\u00a0\u00bbparallax\u00a0\u00bb][vc_column css=\u00a0\u00bb.vc_custom_1484440625313{padding-left: 7% !important;}\u00a0\u00bb][vc_column_text]<\/p>\n<h6 style=\"text-align: left;\"><span class=\"fff\"><strong>BOUTIQUE CASA BOIX<\/strong><\/span><\/h6>\n<p>[\/vc_column_text][vc_column_text]<\/p>\n<h2 style=\"text-align: left;\"><span class=\"georgia-fff\"><strong><span style=\"font-size: 150%;\">Bio Mos<br \/>\n100% biologique<\/span><\/strong><\/span><\/h2>\n<p>[\/vc_column_text][vc_btn title=\u00a0\u00bbAller \u00e0 la boutique\u00a0\u00bb style=\u00a0\u00bboutline-custom\u00a0\u00bb outline_custom_color=\u00a0\u00bb#000000&Prime; outline_custom_hover_background=\u00a0\u00bb#000000&Prime; outline_custom_hover_text=\u00a0\u00bb#ffffff\u00a0\u00bb shape=\u00a0\u00bbsquare\u00a0\u00bb size=\u00a0\u00bblg\u00a0\u00bb align=\u00a0\u00bbleft\u00a0\u00bb el_class=\u00a0\u00bbboton-bloques-home\u00a0\u00bb link=\u00a0\u00bburl:https%3A%2F%2Fcasaboix.es%2Ffr%2Fnotre-boutique%2F\u00a0\u00bb][\/vc_column][\/vc_row][\/vc_section][vc_section full_width=\u00a0\u00bbstretch_row_content\u00a0\u00bb parallax=\u00a0\u00bbcontent-moving\u00a0\u00bb parallax_image=\u00a0\u00bb3975&Prime; css=\u00a0\u00bb.vc_custom_1604904107394{padding-top: 0px !important;}\u00a0\u00bb][vc_row full_height=\u00a0\u00bbyes\u00a0\u00bb font_color=\u00a0\u00bb#ec7a5c\u00a0\u00bb background_style=\u00a0\u00bbparallax\u00a0\u00bb][vc_column css=\u00a0\u00bb.vc_custom_1484440625313{padding-left: 7% !important;}\u00a0\u00bb][vc_column_text]<\/p>\n<h6 style=\"text-align: left;\"><strong><span class=\"fff\">ID\u00c9ES POUR BIEN MANGER<\/span><\/strong><\/h6>\n<p>[\/vc_column_text][vc_column_text]<\/p>\n<h2 style=\"text-align: left;\"><span class=\"georgia-fff\"><strong><span style=\"font-size: 150%;\">Des id\u00e9es simples<br \/>\net rapides<\/span><\/strong><\/span><\/h2>\n<p>[\/vc_column_text][vc_btn title=\u00a0\u00bbVoir les recettes\u00a0\u00bb style=\u00a0\u00bboutline-custom\u00a0\u00bb outline_custom_color=\u00a0\u00bb#000000&Prime; outline_custom_hover_background=\u00a0\u00bb#000000&Prime; outline_custom_hover_text=\u00a0\u00bb#ffffff\u00a0\u00bb shape=\u00a0\u00bbsquare\u00a0\u00bb size=\u00a0\u00bblg\u00a0\u00bb align=\u00a0\u00bbleft\u00a0\u00bb el_class=\u00a0\u00bbboton-bloques-home\u00a0\u00bb link=\u00a0\u00bburl:https%3A%2F%2Fcasaboix.es%2Ffr%2Fblog%2F|title:Ideas%20para%20comer%20bien\u00a0\u00bb][\/vc_column][\/vc_row][\/vc_section]<\/p>\n<\/div>","protected":false},"excerpt":{"rendered":"<p>[vc_section full_width=\u00a0\u00bbstretch_row_content\u00a0\u00bb parallax=\u00a0\u00bbcontent-moving\u00a0\u00bb parallax_image=\u00a0\u00bb5427&Prime; css=\u00a0\u00bb.vc_custom_1610954111689{padding-top: 0px !important;}\u00a0\u00bb][vc_row full_height=\u00a0\u00bbyes\u00a0\u00bb font_color=\u00a0\u00bb#ffffff\u00a0\u00bb css=\u00a0\u00bb.vc_custom_1509630674803{padding-top: 75px !important;padding-bottom: 75px !important;background-color: rgba(10,10,10,0.25) !important;*background-color: rgb(10,10,10) !important;}\u00a0\u00bb background_style=\u00a0\u00bbparallax\u00a0\u00bb][vc_column css=\u00a0\u00bb.vc_custom_1509630574000{padding-left: 7% !important;}\u00a0\u00bb][vc_column_text] \u00c0 PROPOS DE NOUS [\/vc_column_text][vc_column_text] L&rsquo;amour des choses bien faites [\/vc_column_text][vc_btn title=\u00a0\u00bbD\u00e9couvrez-nous\u00a0\u00bb style=\u00a0\u00bboutline-custom\u00a0\u00bb outline_custom_color=\u00a0\u00bb#000000&Prime; outline_custom_hover_background=\u00a0\u00bb#000000&Prime; outline_custom_hover_text=\u00a0\u00bb#ffffff\u00a0\u00bb shape=\u00a0\u00bbsquare\u00a0\u00bb size=\u00a0\u00bblg\u00a0\u00bb align=\u00a0\u00bbleft\u00a0\u00bb el_class=\u00a0\u00bbboton-bloques-home\u00a0\u00bb link=\u00a0\u00bburl:https%3A%2F%2Fcasaboix.es%2Ffr%2Fproduits%2F|title:Productos\u00a0\u00bb][\/vc_column][\/vc_row][\/vc_section][vc_section full_width=\u00a0\u00bbstretch_row_content\u00a0\u00bb parallax=\u00a0\u00bbcontent-moving\u00a0\u00bb parallax_image=\u00a0\u00bb3958&Prime; css=\u00a0\u00bb.vc_custom_1604902938797{padding-top: 0px !important;}\u00a0\u00bb][vc_row full_height=\u00a0\u00bbyes\u00a0\u00bb parallax=\u00a0\u00bbcontent-moving\u00a0\u00bb font_color=\u00a0\u00bb#ec7a5c\u00a0\u00bb background_style=\u00a0\u00bbparallax\u00a0\u00bb][vc_column css=\u00a0\u00bb.vc_custom_1484440625313{padding-left: 7% [&hellip;]<\/p>\n","protected":false},"author":1,"featured_media":0,"parent":0,"menu_order":10,"comment_status":"closed","ping_status":"closed","template":"page-full-width.php","meta":{"footnotes":""},"class_list":["post-6280","page","type-page","status-publish","hentry"],"yoast_head":"<!-- This site is optimized with the Yoast SEO Premium plugin v27.1 (Yoast SEO v27.1.1) - https:\/\/yoast.com\/product\/yoast-seo-premium-wordpress\/ -->\n<title>Casa Boix \u2014 L\u2019amour pour les choses bien faites<\/title>\n<meta name=\"description\" content=\"Chez Casa Boix, nous nous consacrons depuis plus de cent ans \u00e0 la pr\u00e9paration traditionnelle de produits carn\u00e9s de qualit\u00e9.\" \/>\n<meta name=\"robots\" content=\"index, follow, max-snippet:-1, max-image-preview:large, max-video-preview:-1\" \/>\n<link rel=\"canonical\" href=\"https:\/\/casaboix.es\/fr\/\" \/>\n<meta property=\"og:locale\" content=\"fr_FR\" \/>\n<meta property=\"og:type\" content=\"article\" \/>\n<meta property=\"og:title\" content=\"Casa Boix\" \/>\n<meta property=\"og:description\" content=\"Chez Casa Boix, nous nous consacrons depuis plus de cent ans \u00e0 la pr\u00e9paration traditionnelle de produits carn\u00e9s de qualit\u00e9.\" \/>\n<meta property=\"og:url\" content=\"https:\/\/casaboix.es\/fr\/\" \/>\n<meta property=\"og:site_name\" content=\"Casa Boix\" \/>\n<meta property=\"article:publisher\" content=\"https:\/\/www.facebook.com\/casaboix\/\" \/>\n<meta property=\"article:modified_time\" content=\"2023-02-14T10:48:24+00:00\" \/>\n<meta name=\"twitter:card\" content=\"summary_large_image\" \/>\n<meta name=\"twitter:site\" content=\"@casaboix\" \/>\n<meta name=\"twitter:label1\" content=\"Dur\u00e9e de lecture estim\u00e9e\" \/>\n\t<meta name=\"twitter:data1\" content=\"2 minutes\" \/>\n<script type=\"application\/ld+json\" class=\"yoast-schema-graph\">{\"@context\":\"https:\/\/schema.org\",\"@graph\":[{\"@type\":\"WebPage\",\"@id\":\"https:\/\/casaboix.es\/fr\/\",\"url\":\"https:\/\/casaboix.es\/fr\/\",\"name\":\"Casa Boix \u2014 L\u2019amour pour les choses bien faites\",\"isPartOf\":{\"@id\":\"https:\/\/casaboix.es\/fr\/#website\"},\"datePublished\":\"2020-10-28T06:04:02+00:00\",\"dateModified\":\"2023-02-14T10:48:24+00:00\",\"description\":\"Chez Casa Boix, nous nous consacrons depuis plus de cent ans \u00e0 la pr\u00e9paration traditionnelle de produits carn\u00e9s de qualit\u00e9.\",\"breadcrumb\":{\"@id\":\"https:\/\/casaboix.es\/fr\/#breadcrumb\"},\"inLanguage\":\"fr-FR\",\"potentialAction\":[{\"@type\":\"ReadAction\",\"target\":[\"https:\/\/casaboix.es\/fr\/\"]}]},{\"@type\":\"BreadcrumbList\",\"@id\":\"https:\/\/casaboix.es\/fr\/#breadcrumb\",\"itemListElement\":[{\"@type\":\"ListItem\",\"position\":1,\"name\":\"Home\",\"item\":\"https:\/\/casaboix.es\/fr\/\"},{\"@type\":\"ListItem\",\"position\":2,\"name\":\"Casa Boix\"}]},{\"@type\":\"WebSite\",\"@id\":\"https:\/\/casaboix.es\/fr\/#website\",\"url\":\"https:\/\/casaboix.es\/fr\/\",\"name\":\"Casa Boix\",\"description\":\"Amor por las cosas bien hechas\",\"publisher\":{\"@id\":\"https:\/\/casaboix.es\/fr\/#organization\"},\"potentialAction\":[{\"@type\":\"SearchAction\",\"target\":{\"@type\":\"EntryPoint\",\"urlTemplate\":\"https:\/\/casaboix.es\/fr\/?s={search_term_string}\"},\"query-input\":{\"@type\":\"PropertyValueSpecification\",\"valueRequired\":true,\"valueName\":\"search_term_string\"}}],\"inLanguage\":\"fr-FR\"},{\"@type\":\"Organization\",\"@id\":\"https:\/\/casaboix.es\/fr\/#organization\",\"name\":\"Casa Boix\",\"url\":\"https:\/\/casaboix.es\/fr\/\",\"logo\":{\"@type\":\"ImageObject\",\"inLanguage\":\"fr-FR\",\"@id\":\"https:\/\/casaboix.es\/fr\/#\/schema\/logo\/image\/\",\"url\":\"https:\/\/casaboix.es\/wp-content\/uploads\/2020\/10\/logo-negro.png\",\"contentUrl\":\"https:\/\/casaboix.es\/wp-content\/uploads\/2020\/10\/logo-negro.png\",\"width\":342,\"height\":44,\"caption\":\"Casa Boix\"},\"image\":{\"@id\":\"https:\/\/casaboix.es\/fr\/#\/schema\/logo\/image\/\"},\"sameAs\":[\"https:\/\/www.facebook.com\/casaboix\/\",\"https:\/\/x.com\/casaboix\",\"https:\/\/www.instagram.com\/casaboix\/\",\"https:\/\/www.youtube.com\/watch?v=j22NKKL47ec\"]}]}<\/script>\n<!-- \/ Yoast SEO Premium plugin. -->","yoast_head_json":{"title":"Casa Boix \u2014 L\u2019amour pour les choses bien faites","description":"Chez Casa Boix, nous nous consacrons depuis plus de cent ans \u00e0 la pr\u00e9paration traditionnelle de produits carn\u00e9s de qualit\u00e9.","robots":{"index":"index","follow":"follow","max-snippet":"max-snippet:-1","max-image-preview":"max-image-preview:large","max-video-preview":"max-video-preview:-1"},"canonical":"https:\/\/casaboix.es\/fr\/","og_locale":"fr_FR","og_type":"article","og_title":"Casa Boix","og_description":"Chez Casa Boix, nous nous consacrons depuis plus de cent ans \u00e0 la pr\u00e9paration traditionnelle de produits carn\u00e9s de qualit\u00e9.","og_url":"https:\/\/casaboix.es\/fr\/","og_site_name":"Casa Boix","article_publisher":"https:\/\/www.facebook.com\/casaboix\/","article_modified_time":"2023-02-14T10:48:24+00:00","twitter_card":"summary_large_image","twitter_site":"@casaboix","twitter_misc":{"Dur\u00e9e de lecture estim\u00e9e":"2 minutes"},"schema":{"@context":"https:\/\/schema.org","@graph":[{"@type":"WebPage","@id":"https:\/\/casaboix.es\/fr\/","url":"https:\/\/casaboix.es\/fr\/","name":"Casa Boix \u2014 L\u2019amour pour les choses bien faites","isPartOf":{"@id":"https:\/\/casaboix.es\/fr\/#website"},"datePublished":"2020-10-28T06:04:02+00:00","dateModified":"2023-02-14T10:48:24+00:00","description":"Chez Casa Boix, nous nous consacrons depuis plus de cent ans \u00e0 la pr\u00e9paration traditionnelle de produits carn\u00e9s de qualit\u00e9.","breadcrumb":{"@id":"https:\/\/casaboix.es\/fr\/#breadcrumb"},"inLanguage":"fr-FR","potentialAction":[{"@type":"ReadAction","target":["https:\/\/casaboix.es\/fr\/"]}]},{"@type":"BreadcrumbList","@id":"https:\/\/casaboix.es\/fr\/#breadcrumb","itemListElement":[{"@type":"ListItem","position":1,"name":"Home","item":"https:\/\/casaboix.es\/fr\/"},{"@type":"ListItem","position":2,"name":"Casa Boix"}]},{"@type":"WebSite","@id":"https:\/\/casaboix.es\/fr\/#website","url":"https:\/\/casaboix.es\/fr\/","name":"Casa Boix","description":"Amor por las cosas bien hechas","publisher":{"@id":"https:\/\/casaboix.es\/fr\/#organization"},"potentialAction":[{"@type":"SearchAction","target":{"@type":"EntryPoint","urlTemplate":"https:\/\/casaboix.es\/fr\/?s={search_term_string}"},"query-input":{"@type":"PropertyValueSpecification","valueRequired":true,"valueName":"search_term_string"}}],"inLanguage":"fr-FR"},{"@type":"Organization","@id":"https:\/\/casaboix.es\/fr\/#organization","name":"Casa Boix","url":"https:\/\/casaboix.es\/fr\/","logo":{"@type":"ImageObject","inLanguage":"fr-FR","@id":"https:\/\/casaboix.es\/fr\/#\/schema\/logo\/image\/","url":"https:\/\/casaboix.es\/wp-content\/uploads\/2020\/10\/logo-negro.png","contentUrl":"https:\/\/casaboix.es\/wp-content\/uploads\/2020\/10\/logo-negro.png","width":342,"height":44,"caption":"Casa Boix"},"image":{"@id":"https:\/\/casaboix.es\/fr\/#\/schema\/logo\/image\/"},"sameAs":["https:\/\/www.facebook.com\/casaboix\/","https:\/\/x.com\/casaboix","https:\/\/www.instagram.com\/casaboix\/","https:\/\/www.youtube.com\/watch?v=j22NKKL47ec"]}]}},"_links":{"self":[{"href":"https:\/\/casaboix.es\/fr\/wp-json\/wp\/v2\/pages\/6280","targetHints":{"allow":["GET"]}}],"collection":[{"href":"https:\/\/casaboix.es\/fr\/wp-json\/wp\/v2\/pages"}],"about":[{"href":"https:\/\/casaboix.es\/fr\/wp-json\/wp\/v2\/types\/page"}],"author":[{"embeddable":true,"href":"https:\/\/casaboix.es\/fr\/wp-json\/wp\/v2\/users\/1"}],"replies":[{"embeddable":true,"href":"https:\/\/casaboix.es\/fr\/wp-json\/wp\/v2\/comments?post=6280"}],"version-history":[{"count":0,"href":"https:\/\/casaboix.es\/fr\/wp-json\/wp\/v2\/pages\/6280\/revisions"}],"wp:attachment":[{"href":"https:\/\/casaboix.es\/fr\/wp-json\/wp\/v2\/media?parent=6280"}],"curies":[{"name":"wp","href":"https:\/\/api.w.org\/{rel}","templated":true}]}}