{"id":7350,"date":"2021-01-18T06:56:44","date_gmt":"2021-01-18T05:56:44","guid":{"rendered":"https:\/\/casaboix.es\/producto\/premium-bio-kochschinken\/"},"modified":"2025-11-28T13:27:41","modified_gmt":"2025-11-28T12:27:41","slug":"premium-bio-kochschinken","status":"publish","type":"product","link":"https:\/\/casaboix.es\/de\/produkt\/premium-bio-kochschinken\/","title":{"rendered":"Premium BIO-Kochschinken"},"content":{"rendered":"<p>Der BIO-Kochschinken MOS von Casa Boix wird aus ganzen Schinken von Schweinen hergestellt, die mit Getreide aus biologischem Anbau gef\u00fcttert werden, ohne GMO, Dioxine oder Antibiotika und aus Freilandhaltung, wo sie \u00fcber kleine Unterst\u00e4nde verf\u00fcgen, die sie vor K\u00e4lte und Hitze sch\u00fctzen. Durch das langsame Tempo unseres Prozesses wird ein naturbelassenes und einzigartiges Produkt garantiert.<\/p>\n","protected":false},"excerpt":{"rendered":"<p>Hergestellt aus ganzen Schinken von Schweinen, die mit Getreide aus biologischem Anbau gef\u00fcttert werden, GVO-frei, ohne Dioxine oder Antibiotika und aus Freilandhaltung, wo sie \u00fcber kleine Unterst\u00e4nde verf\u00fcgen, die sie vor K\u00e4lte und Hitze sch\u00fctzen.<\/p>\n<div id=\"gtx-trans\" style=\"position: absolute; left: 411px; top: 14px;\">\n<div class=\"gtx-trans-icon\"><\/div>\n<\/div>\n","protected":false},"featured_media":7351,"comment_status":"closed","ping_status":"closed","template":"","meta":[],"product_brand":[],"product_cat":[379,378,381],"product_tag":[],"class_list":{"0":"post-7350","1":"product","2":"type-product","3":"status-publish","4":"has-post-thumbnail","6":"product_cat-bio-de","7":"product_cat-bio-mos-de","8":"product_cat-schinken","10":"first","11":"instock","12":"taxable","13":"shipping-taxable","14":"purchasable","15":"product-type-simple"},"yoast_head":"<!-- This site is optimized with the Yoast SEO Premium plugin v27.1 (Yoast SEO v27.1.1) - https:\/\/yoast.com\/product\/yoast-seo-premium-wordpress\/ -->\n<title>Gekochter Schinken extra ECO | Bio Mos Schinken - Casa Boix<\/title>\n<meta name=\"description\" content=\"Der Extra ECO Kochschinken wird aus ganzen Schinken von Schweinen hergestellt, die mit Getreide aus biologischer Landwirtschaft ohne GVO gef\u00fcttert wurden.\" \/>\n<meta name=\"robots\" content=\"index, follow, max-snippet:-1, max-image-preview:large, max-video-preview:-1\" \/>\n<link rel=\"canonical\" href=\"https:\/\/casaboix.es\/de\/produkt\/premium-bio-kochschinken\/\" \/>\n<meta property=\"og:locale\" content=\"de_DE\" \/>\n<meta property=\"og:type\" content=\"article\" \/>\n<meta property=\"og:title\" content=\"Premium BIO-Kochschinken\" \/>\n<meta property=\"og:description\" content=\"Der Extra ECO Kochschinken wird aus ganzen Schinken von Schweinen hergestellt, die mit Getreide aus biologischer Landwirtschaft ohne GVO gef\u00fcttert wurden.\" \/>\n<meta property=\"og:url\" content=\"https:\/\/casaboix.es\/de\/produkt\/premium-bio-kochschinken\/\" \/>\n<meta property=\"og:site_name\" content=\"Casa Boix\" \/>\n<meta property=\"article:publisher\" content=\"https:\/\/www.facebook.com\/casaboix\/\" \/>\n<meta property=\"article:modified_time\" content=\"2025-11-28T12:27:41+00:00\" \/>\n<meta property=\"og:image\" content=\"https:\/\/casaboix.es\/wp-content\/uploads\/2021\/01\/1138_jamoncocido_1049x1300.jpg\" \/>\n\t<meta property=\"og:image:width\" content=\"1049\" \/>\n\t<meta property=\"og:image:height\" content=\"1300\" \/>\n\t<meta property=\"og:image:type\" content=\"image\/jpeg\" \/>\n<meta name=\"twitter:card\" content=\"summary_large_image\" \/>\n<meta name=\"twitter:site\" content=\"@casaboix\" \/>\n<meta name=\"twitter:label1\" content=\"Preis\" \/>\n\t<meta name=\"twitter:data1\" content=\"3.40&nbsp;&euro;\" \/>\n\t<meta name=\"twitter:label2\" content=\"Verf\u00fcgbarkeit\" \/>\n\t<meta name=\"twitter:data2\" content=\"Auf Lager\" \/>\n<script type=\"application\/ld+json\" class=\"yoast-schema-graph\">{\"@context\":\"https:\/\/schema.org\",\"@graph\":[{\"@type\":[\"WebPage\",\"ItemPage\"],\"@id\":\"https:\/\/casaboix.es\/de\/produkt\/premium-bio-kochschinken\/\",\"url\":\"https:\/\/casaboix.es\/de\/produkt\/premium-bio-kochschinken\/\",\"name\":\"Gekochter Schinken extra ECO | Bio Mos Schinken - Casa Boix\",\"isPartOf\":{\"@id\":\"https:\/\/casaboix.es\/de\/#website\"},\"primaryImageOfPage\":{\"@id\":\"https:\/\/casaboix.es\/de\/produkt\/premium-bio-kochschinken\/#primaryimage\"},\"image\":{\"@id\":\"https:\/\/casaboix.es\/de\/produkt\/premium-bio-kochschinken\/#primaryimage\"},\"thumbnailUrl\":\"https:\/\/casaboix.es\/wp-content\/uploads\/2021\/01\/1138_jamoncocido_1049x1300.jpg\",\"datePublished\":\"2021-01-18T05:56:44+00:00\",\"dateModified\":\"2025-11-28T12:27:41+00:00\",\"description\":\"Der Extra ECO Kochschinken wird aus ganzen Schinken von Schweinen hergestellt, die mit Getreide aus biologischer Landwirtschaft ohne GVO gef\u00fcttert wurden.\",\"breadcrumb\":{\"@id\":\"https:\/\/casaboix.es\/de\/produkt\/premium-bio-kochschinken\/#breadcrumb\"},\"inLanguage\":\"de\",\"potentialAction\":[{\"@type\":\"ReadAction\",\"target\":[\"https:\/\/casaboix.es\/de\/produkt\/premium-bio-kochschinken\/\"]}]},{\"@type\":\"ImageObject\",\"inLanguage\":\"de\",\"@id\":\"https:\/\/casaboix.es\/de\/produkt\/premium-bio-kochschinken\/#primaryimage\",\"url\":\"https:\/\/casaboix.es\/wp-content\/uploads\/2021\/01\/1138_jamoncocido_1049x1300.jpg\",\"contentUrl\":\"https:\/\/casaboix.es\/wp-content\/uploads\/2021\/01\/1138_jamoncocido_1049x1300.jpg\",\"width\":1049,\"height\":1300},{\"@type\":\"BreadcrumbList\",\"@id\":\"https:\/\/casaboix.es\/de\/produkt\/premium-bio-kochschinken\/#breadcrumb\",\"itemListElement\":[{\"@type\":\"ListItem\",\"position\":1,\"name\":\"Home\",\"item\":\"https:\/\/casaboix.es\/de\/\"},{\"@type\":\"ListItem\",\"position\":2,\"name\":\"Shop\",\"item\":\"https:\/\/casaboix.es\/de\/shop\/\"},{\"@type\":\"ListItem\",\"position\":3,\"name\":\"Premium BIO-Kochschinken\"}]},{\"@type\":\"WebSite\",\"@id\":\"https:\/\/casaboix.es\/de\/#website\",\"url\":\"https:\/\/casaboix.es\/de\/\",\"name\":\"Casa Boix\",\"description\":\"Amor por las cosas bien hechas\",\"publisher\":{\"@id\":\"https:\/\/casaboix.es\/de\/#organization\"},\"potentialAction\":[{\"@type\":\"SearchAction\",\"target\":{\"@type\":\"EntryPoint\",\"urlTemplate\":\"https:\/\/casaboix.es\/de\/?s={search_term_string}\"},\"query-input\":{\"@type\":\"PropertyValueSpecification\",\"valueRequired\":true,\"valueName\":\"search_term_string\"}}],\"inLanguage\":\"de\"},{\"@type\":\"Organization\",\"@id\":\"https:\/\/casaboix.es\/de\/#organization\",\"name\":\"Casa Boix\",\"url\":\"https:\/\/casaboix.es\/de\/\",\"logo\":{\"@type\":\"ImageObject\",\"inLanguage\":\"de\",\"@id\":\"https:\/\/casaboix.es\/de\/#\/schema\/logo\/image\/\",\"url\":\"https:\/\/casaboix.es\/wp-content\/uploads\/2020\/10\/logo-negro.png\",\"contentUrl\":\"https:\/\/casaboix.es\/wp-content\/uploads\/2020\/10\/logo-negro.png\",\"width\":342,\"height\":44,\"caption\":\"Casa Boix\"},\"image\":{\"@id\":\"https:\/\/casaboix.es\/de\/#\/schema\/logo\/image\/\"},\"sameAs\":[\"https:\/\/www.facebook.com\/casaboix\/\",\"https:\/\/x.com\/casaboix\",\"https:\/\/www.instagram.com\/casaboix\/\",\"https:\/\/www.youtube.com\/watch?v=j22NKKL47ec\"]}]}<\/script>\n<meta property=\"product:price:amount\" content=\"3.40\" \/>\n<meta property=\"product:price:currency\" content=\"EUR\" \/>\n<meta property=\"og:availability\" content=\"instock\" \/>\n<meta property=\"product:availability\" content=\"instock\" \/>\n<meta property=\"product:retailer_item_id\" content=\"1138\" \/>\n<meta property=\"product:condition\" content=\"new\" \/>\n<!-- \/ Yoast SEO Premium plugin. -->","yoast_head_json":{"title":"Gekochter Schinken extra ECO | Bio Mos Schinken - Casa Boix","description":"Der Extra ECO Kochschinken wird aus ganzen Schinken von Schweinen hergestellt, die mit Getreide aus biologischer Landwirtschaft ohne GVO gef\u00fcttert wurden.","robots":{"index":"index","follow":"follow","max-snippet":"max-snippet:-1","max-image-preview":"max-image-preview:large","max-video-preview":"max-video-preview:-1"},"canonical":"https:\/\/casaboix.es\/de\/produkt\/premium-bio-kochschinken\/","og_locale":"de_DE","og_type":"article","og_title":"Premium BIO-Kochschinken","og_description":"Der Extra ECO Kochschinken wird aus ganzen Schinken von Schweinen hergestellt, die mit Getreide aus biologischer Landwirtschaft ohne GVO gef\u00fcttert wurden.","og_url":"https:\/\/casaboix.es\/de\/produkt\/premium-bio-kochschinken\/","og_site_name":"Casa Boix","article_publisher":"https:\/\/www.facebook.com\/casaboix\/","article_modified_time":"2025-11-28T12:27:41+00:00","og_image":[{"width":1049,"height":1300,"url":"https:\/\/casaboix.es\/wp-content\/uploads\/2021\/01\/1138_jamoncocido_1049x1300.jpg","type":"image\/jpeg"}],"twitter_card":"summary_large_image","twitter_site":"@casaboix","twitter_misc":{"Preis":"3.40&nbsp;&euro;","Verf\u00fcgbarkeit":"Auf Lager"},"schema":{"@context":"https:\/\/schema.org","@graph":[{"@type":["WebPage","ItemPage"],"@id":"https:\/\/casaboix.es\/de\/produkt\/premium-bio-kochschinken\/","url":"https:\/\/casaboix.es\/de\/produkt\/premium-bio-kochschinken\/","name":"Gekochter Schinken extra ECO | Bio Mos Schinken - Casa Boix","isPartOf":{"@id":"https:\/\/casaboix.es\/de\/#website"},"primaryImageOfPage":{"@id":"https:\/\/casaboix.es\/de\/produkt\/premium-bio-kochschinken\/#primaryimage"},"image":{"@id":"https:\/\/casaboix.es\/de\/produkt\/premium-bio-kochschinken\/#primaryimage"},"thumbnailUrl":"https:\/\/casaboix.es\/wp-content\/uploads\/2021\/01\/1138_jamoncocido_1049x1300.jpg","datePublished":"2021-01-18T05:56:44+00:00","dateModified":"2025-11-28T12:27:41+00:00","description":"Der Extra ECO Kochschinken wird aus ganzen Schinken von Schweinen hergestellt, die mit Getreide aus biologischer Landwirtschaft ohne GVO gef\u00fcttert wurden.","breadcrumb":{"@id":"https:\/\/casaboix.es\/de\/produkt\/premium-bio-kochschinken\/#breadcrumb"},"inLanguage":"de","potentialAction":[{"@type":"ReadAction","target":["https:\/\/casaboix.es\/de\/produkt\/premium-bio-kochschinken\/"]}]},{"@type":"ImageObject","inLanguage":"de","@id":"https:\/\/casaboix.es\/de\/produkt\/premium-bio-kochschinken\/#primaryimage","url":"https:\/\/casaboix.es\/wp-content\/uploads\/2021\/01\/1138_jamoncocido_1049x1300.jpg","contentUrl":"https:\/\/casaboix.es\/wp-content\/uploads\/2021\/01\/1138_jamoncocido_1049x1300.jpg","width":1049,"height":1300},{"@type":"BreadcrumbList","@id":"https:\/\/casaboix.es\/de\/produkt\/premium-bio-kochschinken\/#breadcrumb","itemListElement":[{"@type":"ListItem","position":1,"name":"Home","item":"https:\/\/casaboix.es\/de\/"},{"@type":"ListItem","position":2,"name":"Shop","item":"https:\/\/casaboix.es\/de\/shop\/"},{"@type":"ListItem","position":3,"name":"Premium BIO-Kochschinken"}]},{"@type":"WebSite","@id":"https:\/\/casaboix.es\/de\/#website","url":"https:\/\/casaboix.es\/de\/","name":"Casa Boix","description":"Amor por las cosas bien hechas","publisher":{"@id":"https:\/\/casaboix.es\/de\/#organization"},"potentialAction":[{"@type":"SearchAction","target":{"@type":"EntryPoint","urlTemplate":"https:\/\/casaboix.es\/de\/?s={search_term_string}"},"query-input":{"@type":"PropertyValueSpecification","valueRequired":true,"valueName":"search_term_string"}}],"inLanguage":"de"},{"@type":"Organization","@id":"https:\/\/casaboix.es\/de\/#organization","name":"Casa Boix","url":"https:\/\/casaboix.es\/de\/","logo":{"@type":"ImageObject","inLanguage":"de","@id":"https:\/\/casaboix.es\/de\/#\/schema\/logo\/image\/","url":"https:\/\/casaboix.es\/wp-content\/uploads\/2020\/10\/logo-negro.png","contentUrl":"https:\/\/casaboix.es\/wp-content\/uploads\/2020\/10\/logo-negro.png","width":342,"height":44,"caption":"Casa Boix"},"image":{"@id":"https:\/\/casaboix.es\/de\/#\/schema\/logo\/image\/"},"sameAs":["https:\/\/www.facebook.com\/casaboix\/","https:\/\/x.com\/casaboix","https:\/\/www.instagram.com\/casaboix\/","https:\/\/www.youtube.com\/watch?v=j22NKKL47ec"]}]},"product_price_amount":"3.40","product_price_currency":"EUR","og_availability":"instock","product_availability":"instock","product_retailer_item_id":"1138","product_condition":"new"},"_links":{"self":[{"href":"https:\/\/casaboix.es\/de\/wp-json\/wp\/v2\/product\/7350","targetHints":{"allow":["GET"]}}],"collection":[{"href":"https:\/\/casaboix.es\/de\/wp-json\/wp\/v2\/product"}],"about":[{"href":"https:\/\/casaboix.es\/de\/wp-json\/wp\/v2\/types\/product"}],"replies":[{"embeddable":true,"href":"https:\/\/casaboix.es\/de\/wp-json\/wp\/v2\/comments?post=7350"}],"wp:featuredmedia":[{"embeddable":true,"href":"https:\/\/casaboix.es\/de\/wp-json\/wp\/v2\/media\/7351"}],"wp:attachment":[{"href":"https:\/\/casaboix.es\/de\/wp-json\/wp\/v2\/media?parent=7350"}],"wp:term":[{"taxonomy":"product_brand","embeddable":true,"href":"https:\/\/casaboix.es\/de\/wp-json\/wp\/v2\/product_brand?post=7350"},{"taxonomy":"product_cat","embeddable":true,"href":"https:\/\/casaboix.es\/de\/wp-json\/wp\/v2\/product_cat?post=7350"},{"taxonomy":"product_tag","embeddable":true,"href":"https:\/\/casaboix.es\/de\/wp-json\/wp\/v2\/product_tag?post=7350"}],"curies":[{"name":"wp","href":"https:\/\/api.w.org\/{rel}","templated":true}]}}