{"id":7718,"date":"2020-12-29T08:14:58","date_gmt":"2020-12-29T07:14:58","guid":{"rendered":"https:\/\/casaboix.es\/produkte\/bio-mos\/especialidades-aves\/"},"modified":"2021-04-16T06:44:28","modified_gmt":"2021-04-16T04:44:28","slug":"gefluegel-spezialitaeten","status":"publish","type":"page","link":"https:\/\/casaboix.es\/de\/produkte\/bio-mos\/gefluegel-spezialitaeten\/","title":{"rendered":"Gefl\u00fcgel-Spezialit\u00e4ten"},"content":{"rendered":"<div class=\"wpb-content-wrapper\"><p>[vc_row full_width=&#8220;stretch_row_content_no_spaces&#8220; font_color=&#8220;#ffffff&#8220; css=&#8220;.vc_custom_1611072823703{background-image: url(https:\/\/casaboix.es\/wp-content\/uploads\/2021\/01\/productos-bio-mos-aves-cabecera-am.jpg?id=5741) !important;background-position: center !important;background-repeat: no-repeat !important;background-size: cover !important;}&#8220; background_style=&#8220;parallax&#8220;][vc_column][vc_empty_space height=&#8220;400px&#8220;][\/vc_column][\/vc_row][vc_row css=&#8220;.vc_custom_1607234259350{padding-top: 50px !important;padding-right: 22% !important;padding-left: 22% !important;}&#8220;][vc_column][vc_column_text]<\/p>\n<h2 style=\"text-align: center; height: 40px; margin-bottom: 0px;\"><span style=\"color: #4c4b4a;\"><span style=\"font-size: 50%; font-family: 'Roboto'; font-weight: 800; text-transform: uppercase;\">Bios Mos<\/span><\/span><\/h2>\n<h2 style=\"text-align: center;\"><span style=\"color: #e8b851; font-size: 150%; font-family: 'Georgia';\">Gefl\u00fcgel-Spezialit\u00e4ten<\/span><\/h2>\n<p style=\"max-width: 800px; text-align: center; margin: 0 auto; margin-bottom: 20px;\"><span style=\"color: #808080; font-size: 90%; font-family: 'Roboto';\">Gekochtes Gefl\u00fcgelfleisch ist immer eine gesunde und leichte Alternative, mit der Sie etwas f\u00fcr Ihre Gesundheit tun k\u00f6nnen. Darreichung im ganzen St\u00fcck oder in Scheiben geschnitten.<\/span><\/p>\n<p style=\"text-align: center;\"><span style=\"color: #808080; font-size: 90%; font-family: 'Roboto'; font-weight: bold;\">Entdecken Sie unser Gefl\u00fcgelfleisch in seiner ganzen Vielfalt:<\/span><\/p>\n<div id=\"gtx-trans\" style=\"position: absolute; left: 18px; top: 243.719px;\">\n<div class=\"gtx-trans-icon\"><\/div>\n<\/div>\n<p>[\/vc_column_text][\/vc_column][\/vc_row][vc_row equal_height=&#8220;yes&#8220; content_placement=&#8220;middle&#8220; el_class=&#8220;bloque-ficha-tecnica-producto&#8220;][vc_column width=&#8220;1\/2&#8243; css=&#8220;.vc_custom_1606719872878{background-color: #f1efe9 !important;}&#8220;][vc_single_image image=&#8220;7722&#8243; img_size=&#8220;full&#8220; alignment=&#8220;center&#8220; css=&#8220;.vc_custom_1611075287509{padding-right: 10% !important;padding-left: 10% !important;}&#8220;][\/vc_column][vc_column width=&#8220;1\/2&#8243; css=&#8220;.vc_custom_1607167253767{background-color: #f1efe9 !important;}&#8220; el_class=&#8220;ficha-tecnica-col-der&#8220;][vc_column_text el_class=&#8220;top-column-inner-block-text&#8220;]<\/p>\n<h3 style=\"text-align: center; margin-bottom: 0px;\"><span style=\"display: block; color: #4c4c4b; font-size: 90%; font-family: 'Georgia'; line-height: 28px; padding: 0px 20px;\">Bio-Putenbrust &#8211; am St\u00fcck<\/span><\/h3>\n<p style=\"text-align: center;\"><span style=\"color: #4c4c4b; font-family: 'Roboto'; font-size: 14px; font-weight: bold;\">Ref. 1312 &#8211; 2,5 kg<\/span><\/p>\n<p style=\"margin-bottom: 3px !important; text-align: center; font-size: 80%;\">Energiewert: 499 KJ \/ 116 kcal.<\/p>\n<p style=\"margin-bottom: 3px !important; text-align: center; font-size: 80%;\">Fette: 1,9 g., davon ges\u00e4ttigte Fetts\u00e4uren: &lt;0,2 g.<\/p>\n<p style=\"margin-bottom: 3px !important; text-align: center; font-size: 80%;\">Kohlenhydrate: 1,5 g. davon Zucker: &lt;0,5 g.<\/p>\n<p style=\"margin-bottom: 3px !important; text-align: center; font-size: 80%;\">Eiwei\u00dfe: 23,3 g. Salz: 1,7 g.<\/p>\n<div id=\"gtx-trans\" style=\"position: absolute; left: 206px; top: 172.109px;\">\n<div class=\"gtx-trans-icon\"><\/div>\n<\/div>\n<p>[\/vc_column_text][\/vc_column][\/vc_row][vc_row equal_height=&#8220;yes&#8220; content_placement=&#8220;middle&#8220; el_class=&#8220;bloque-ficha-tecnica-producto&#8220; css=&#8220;.vc_custom_1611073516907{margin-top: 50px !important;}&#8220;][vc_column width=&#8220;1\/2&#8243; css=&#8220;.vc_custom_1606719872878{background-color: #f1efe9 !important;}&#8220;][vc_single_image image=&#8220;7723&#8243; img_size=&#8220;full&#8220; alignment=&#8220;center&#8220; css=&#8220;.vc_custom_1611119884629{padding-right: 20% !important;padding-left: 20% !important;}&#8220;][\/vc_column][vc_column width=&#8220;1\/2&#8243; css=&#8220;.vc_custom_1607167253767{background-color: #f1efe9 !important;}&#8220; el_class=&#8220;ficha-tecnica-col-der&#8220;][vc_column_text]<\/p>\n<h3 style=\"text-align: center; margin-bottom: 0px;\"><span style=\"display: block; color: #4c4c4b; font-size: 90%; font-family: 'Georgia'; line-height: 28px; padding: 0px 20px;\">Bio-Putenbrust &#8211; in Scheiben<\/span><\/h3>\n<p style=\"text-align: center;\"><span style=\"color: #4c4c4b; font-family: 'Roboto'; font-size: 14px; font-weight: bold;\">Ref. 1326 &#8211; 80 g<\/span><\/p>\n<p style=\"margin-bottom: 3px !important; text-align: center; font-size: 80%;\">Energiewert: 499 KJ \/ 116 kcal.<\/p>\n<p style=\"margin-bottom: 3px !important; text-align: center; font-size: 80%;\">Fette: 1,9 g., davon ges\u00e4ttigte Fetts\u00e4uren: &lt;0,2 g.<\/p>\n<p style=\"margin-bottom: 3px !important; text-align: center; font-size: 80%;\">Kohlenhydrate: 1,5 g. davon Zucker: &lt;0,5 g.<\/p>\n<p style=\"margin-bottom: 3px !important; text-align: center; font-size: 80%;\">Eiwei\u00dfe: 23,3 g. Salz: 1,7 g.<\/p>\n<div id=\"gtx-trans\" style=\"position: absolute; left: 204px; top: 216.109px;\">\n<div class=\"gtx-trans-icon\"><\/div>\n<\/div>\n<p>[\/vc_column_text][\/vc_column][\/vc_row][vc_row equal_height=&#8220;yes&#8220; content_placement=&#8220;middle&#8220; el_class=&#8220;bloque-ficha-tecnica-producto&#8220; css=&#8220;.vc_custom_1611120011993{margin-top: 50px !important;}&#8220;][vc_column width=&#8220;1\/2&#8243; css=&#8220;.vc_custom_1606719872878{background-color: #f1efe9 !important;}&#8220;][vc_single_image image=&#8220;7724&#8243; img_size=&#8220;full&#8220; alignment=&#8220;center&#8220; el_class=&#8220;bio-mos-esp-aves-izq-max-width&#8220; css=&#8220;.vc_custom_1611120002053{padding-right: 10% !important;padding-left: 10% !important;}&#8220;][\/vc_column][vc_column width=&#8220;1\/2&#8243; css=&#8220;.vc_custom_1607167253767{background-color: #f1efe9 !important;}&#8220; el_class=&#8220;ficha-tecnica-col-der&#8220;][vc_column_text]<\/p>\n<h3 style=\"text-align: center; margin-bottom: 0px;\"><span style=\"display: block; color: #4c4c4b; font-size: 90%; font-family: 'Georgia'; line-height: 28px; padding: 0px 20px;\">Bio-Putenschenkel &#8211; am St\u00fcck<\/span><\/h3>\n<p style=\"text-align: center;\"><span style=\"color: #4c4c4b; font-family: 'Roboto'; font-size: 14px; font-weight: bold;\">Ref. 1314 &#8211; 2,5 kg<\/span><\/p>\n<p style=\"margin-bottom: 3px !important; text-align: center; font-size: 80%;\">Energiewert: 464 KJ \/ 111 kcal.<\/p>\n<p style=\"margin-bottom: 3px !important; text-align: center; font-size: 80%;\">Fette: 2,4 g., davon ges\u00e4ttigte Fetts\u00e4uren: &lt;0,2 g.<\/p>\n<p style=\"margin-bottom: 3px !important; text-align: center; font-size: 80%;\">Kohlenhydrate: 1,5 g. davon Zucker: &lt;0,5 g.<\/p>\n<p style=\"margin-bottom: 3px !important; text-align: center; font-size: 80%;\">Eiwei\u00dfe: 21,3 g. Salz: 1,7 g.<\/p>\n<div id=\"gtx-trans\" style=\"position: absolute; left: 193px; top: 172.109px;\">\n<div class=\"gtx-trans-icon\"><\/div>\n<\/div>\n<p>[\/vc_column_text][\/vc_column][\/vc_row][vc_row equal_height=&#8220;yes&#8220; content_placement=&#8220;middle&#8220; el_class=&#8220;bloque-ficha-tecnica-producto&#8220; css=&#8220;.vc_custom_1611120188620{margin-top: 50px !important;}&#8220;][vc_column width=&#8220;1\/2&#8243; css=&#8220;.vc_custom_1606719872878{background-color: #f1efe9 !important;}&#8220;][vc_single_image image=&#8220;7725&#8243; img_size=&#8220;full&#8220; alignment=&#8220;center&#8220; el_class=&#8220;bio-mos-esp-aves-izq-max-width&#8220; css=&#8220;.vc_custom_1611120078039{padding-right: 20% !important;padding-left: 20% !important;}&#8220;][\/vc_column][vc_column width=&#8220;1\/2&#8243; css=&#8220;.vc_custom_1607167253767{background-color: #f1efe9 !important;}&#8220; el_class=&#8220;ficha-tecnica-col-der&#8220;][vc_column_text]<\/p>\n<h3 style=\"text-align: center; margin-bottom: 0px;\"><span style=\"display: block; color: #4c4c4b; font-size: 90%; font-family: 'Georgia'; line-height: 28px; padding: 0px 20px;\">Bio-Putenschenkel &#8211; in Scheiben<\/span><\/h3>\n<p style=\"text-align: center;\"><span style=\"color: #4c4c4b; font-family: 'Roboto'; font-size: 14px; font-weight: bold;\">Ref. 1328 &#8211; 80 g<\/span><\/p>\n<p style=\"margin-bottom: 3px !important; text-align: center; font-size: 80%;\">Energiewert: 464 KJ \/ 111 kcal.<\/p>\n<p style=\"margin-bottom: 3px !important; text-align: center; font-size: 80%;\">Fette: 2,4 g., davon ges\u00e4ttigte Fetts\u00e4uren: &lt;0,2 g.<\/p>\n<p style=\"margin-bottom: 3px !important; text-align: center; font-size: 80%;\">Kohlenhydrate: 1,5 g. davon Zucker: &lt;0,5 g.<\/p>\n<p style=\"margin-bottom: 3px !important; text-align: center; font-size: 80%;\">Eiwei\u00dfe: 21,3 g. Salz: 1,7 g.<\/p>\n<div id=\"gtx-trans\" style=\"position: absolute; left: 191px; top: 172.109px;\">\n<div class=\"gtx-trans-icon\"><\/div>\n<\/div>\n<p>[\/vc_column_text][\/vc_column][\/vc_row][vc_row equal_height=&#8220;yes&#8220; content_placement=&#8220;middle&#8220; el_class=&#8220;bloque-ficha-tecnica-producto&#8220; css=&#8220;.vc_custom_1611120303118{margin-top: 50px !important;}&#8220;][vc_column width=&#8220;1\/2&#8243; css=&#8220;.vc_custom_1606719872878{background-color: #f1efe9 !important;}&#8220;][vc_single_image image=&#8220;7726&#8243; img_size=&#8220;full&#8220; alignment=&#8220;center&#8220; el_class=&#8220;bio-mos-esp-aves-izq-max-width&#8220; css=&#8220;.vc_custom_1611120295030{padding-right: 10% !important;padding-left: 10% !important;}&#8220;][\/vc_column][vc_column width=&#8220;1\/2&#8243; css=&#8220;.vc_custom_1607167253767{background-color: #f1efe9 !important;}&#8220; el_class=&#8220;ficha-tecnica-col-der&#8220;][vc_column_text]<\/p>\n<h3 style=\"text-align: center; margin-bottom: 0px;\"><span style=\"display: block; color: #4c4c4b; font-size: 90%; font-family: 'Georgia'; line-height: 28px; padding: 0px 20px;\">Bio-H\u00e4hnchenbrust &#8211; am St\u00fcck<\/span><\/h3>\n<p style=\"text-align: center;\"><span style=\"color: #4c4c4b; font-family: 'Roboto'; font-size: 14px; font-weight: bold;\">Ref. 1313 &#8211; 3 kg<\/span><\/p>\n<p style=\"margin-bottom: 3px !important; text-align: center; font-size: 80%;\">Energiewert: 522 KJ \/ 125 kcal.<\/p>\n<p style=\"margin-bottom: 3px !important; text-align: center; font-size: 80%;\">Fette: 1,5 g., davon ges\u00e4ttigte Fetts\u00e4uren: &lt;0,2 g.<\/p>\n<p style=\"margin-bottom: 3px !important; text-align: center; font-size: 80%;\">Kohlenhydrate: 1,5 g. davon Zucker: &lt;0,5 g.<\/p>\n<p style=\"margin-bottom: 3px !important; text-align: center; font-size: 80%;\">Eiwei\u00dfe: 23,2 g. Salz: 1,7 g.<\/p>\n<div id=\"gtx-trans\" style=\"position: absolute; left: 185px; top: 172.109px;\">\n<div class=\"gtx-trans-icon\"><\/div>\n<\/div>\n<p>[\/vc_column_text][\/vc_column][\/vc_row][vc_row equal_height=&#8220;yes&#8220; content_placement=&#8220;middle&#8220; el_class=&#8220;bloque-ficha-tecnica-producto&#8220; css=&#8220;.vc_custom_1611120409459{margin-top: 50px !important;}&#8220;][vc_column width=&#8220;1\/2&#8243; css=&#8220;.vc_custom_1606719872878{background-color: #f1efe9 !important;}&#8220;][vc_single_image image=&#8220;7727&#8243; img_size=&#8220;full&#8220; alignment=&#8220;center&#8220; css=&#8220;.vc_custom_1611120399278{padding-right: 20% !important;padding-left: 20% !important;}&#8220;][\/vc_column][vc_column width=&#8220;1\/2&#8243; css=&#8220;.vc_custom_1607167253767{background-color: #f1efe9 !important;}&#8220; el_class=&#8220;ficha-tecnica-col-der&#8220;][vc_column_text]<\/p>\n<h3 style=\"text-align: center; margin-bottom: 0px;\"><span style=\"display: block; color: #4c4c4b; font-size: 90%; font-family: 'Georgia'; line-height: 28px; padding: 0px 20px;\">Bio-H\u00e4hnchenbrust &#8211; in Scheiben<\/span><\/h3>\n<p style=\"text-align: center;\"><span style=\"color: #4c4c4b; font-family: 'Roboto'; font-size: 14px; font-weight: bold;\">Ref. 1327 &#8211; 80 g<\/span><\/p>\n<p style=\"margin-bottom: 3px !important; text-align: center; font-size: 80%;\">Energiewert: 522 KJ \/ 125 kcal.<\/p>\n<p style=\"margin-bottom: 3px !important; text-align: center; font-size: 80%;\">Fette: 1,5 g., davon ges\u00e4ttigte Fetts\u00e4uren: &lt;0,2 g.<\/p>\n<p style=\"margin-bottom: 3px !important; text-align: center; font-size: 80%;\">Kohlenhydrate: 1,5 g. davon Zucker: &lt;0,5 g.<\/p>\n<p style=\"margin-bottom: 3px !important; text-align: center; font-size: 80%;\">Eiwei\u00dfe: 23,2 g. Salz: 1,7 g.<\/p>\n<div id=\"gtx-trans\" style=\"position: absolute; left: 208px; top: 172.109px;\">\n<div class=\"gtx-trans-icon\"><\/div>\n<\/div>\n<p>[\/vc_column_text][\/vc_column][\/vc_row][vc_row css=&#8220;.vc_custom_1609051284072{margin-top: 100px !important;margin-bottom: 30px !important;}&#8220;][vc_column][vc_separator][\/vc_column][\/vc_row][vc_row css=&#8220;.vc_custom_1609051319452{margin-right: 5% !important;margin-left: 5% !important;}&#8220;][vc_column width=&#8220;1\/2&#8243;][vc_column_text]<\/p>\n<p style=\"text-align: left; font-family: Georgia;\"><span class=\"productos-bottom-links-prev\"><a href=\"https:\/\/casaboix.es\/de\/produkte\/bio-mos\/spezialitaeten-vom-schwein\/\">Spezialit\u00e4ten vom Schwein<\/a><\/span><\/p>\n<p>[\/vc_column_text][\/vc_column][vc_column width=&#8220;1\/2&#8243;][vc_column_text][\/vc_column_text][\/vc_column][\/vc_row]<\/p>\n<\/div>","protected":false},"excerpt":{"rendered":"<p>[vc_row full_width=&#8220;stretch_row_content_no_spaces&#8220; font_color=&#8220;#ffffff&#8220; css=&#8220;.vc_custom_1611072823703{background-image: url(https:\/\/casaboix.es\/wp-content\/uploads\/2021\/01\/productos-bio-mos-aves-cabecera-am.jpg?id=5741) !important;background-position: center !important;background-repeat: no-repeat !important;background-size: cover !important;}&#8220; background_style=&#8220;parallax&#8220;][vc_column][vc_empty_space height=&#8220;400px&#8220;][\/vc_column][\/vc_row][vc_row css=&#8220;.vc_custom_1607234259350{padding-top: 50px !important;padding-right: 22% !important;padding-left: 22% !important;}&#8220;][vc_column][vc_column_text] Bios Mos Gefl\u00fcgel-Spezialit\u00e4ten Gekochtes Gefl\u00fcgelfleisch ist immer eine gesunde und leichte Alternative, mit der Sie etwas f\u00fcr Ihre Gesundheit tun k\u00f6nnen. Darreichung im ganzen St\u00fcck oder in Scheiben geschnitten. Entdecken Sie unser Gefl\u00fcgelfleisch in [&hellip;]<\/p>\n","protected":false},"author":1,"featured_media":0,"parent":7636,"menu_order":3,"comment_status":"closed","ping_status":"closed","template":"page-full-width.php","meta":{"footnotes":""},"class_list":["post-7718","page","type-page","status-publish","hentry"],"yoast_head":"<!-- This site is optimized with the Yoast SEO Premium plugin v27.1 (Yoast SEO v27.1.1) - https:\/\/yoast.com\/product\/yoast-seo-premium-wordpress\/ -->\n<title>Gefl\u00fcgel-Spezialit\u00e4ten - Casa Boix<\/title>\n<meta name=\"robots\" content=\"index, follow, max-snippet:-1, max-image-preview:large, max-video-preview:-1\" \/>\n<link rel=\"canonical\" href=\"https:\/\/casaboix.es\/de\/produkte\/bio-mos\/gefluegel-spezialitaeten\/\" \/>\n<meta property=\"og:locale\" content=\"de_DE\" \/>\n<meta property=\"og:type\" content=\"article\" \/>\n<meta property=\"og:title\" content=\"Gefl\u00fcgel-Spezialit\u00e4ten\" \/>\n<meta property=\"og:description\" content=\"[vc_row full_width=&#8220;stretch_row_content_no_spaces&#8220; font_color=&#8220;#ffffff&#8220; css=&#8220;.vc_custom_1611072823703{background-image: url(https:\/\/casaboix.es\/wp-content\/uploads\/2021\/01\/productos-bio-mos-aves-cabecera-am.jpg?id=5741) !important;background-position: center !important;background-repeat: no-repeat !important;background-size: cover !important;}&#8220; background_style=&#8220;parallax&#8220;][vc_column][vc_empty_space height=&#8220;400px&#8220;][\/vc_column][\/vc_row][vc_row css=&#8220;.vc_custom_1607234259350{padding-top: 50px !important;padding-right: 22% !important;padding-left: 22% !important;}&#8220;][vc_column][vc_column_text] Bios Mos Gefl\u00fcgel-Spezialit\u00e4ten Gekochtes Gefl\u00fcgelfleisch ist immer eine gesunde und leichte Alternative, mit der Sie etwas f\u00fcr Ihre Gesundheit tun k\u00f6nnen. Darreichung im ganzen St\u00fcck oder in Scheiben geschnitten. Entdecken Sie unser Gefl\u00fcgelfleisch in [&hellip;]\" \/>\n<meta property=\"og:url\" content=\"https:\/\/casaboix.es\/de\/produkte\/bio-mos\/gefluegel-spezialitaeten\/\" \/>\n<meta property=\"og:site_name\" content=\"Casa Boix\" \/>\n<meta property=\"article:publisher\" content=\"https:\/\/www.facebook.com\/casaboix\/\" \/>\n<meta property=\"article:modified_time\" content=\"2021-04-16T04:44:28+00:00\" \/>\n<meta name=\"twitter:card\" content=\"summary_large_image\" \/>\n<meta name=\"twitter:site\" content=\"@casaboix\" \/>\n<meta name=\"twitter:label1\" content=\"Gesch\u00e4tzte Lesezeit\" \/>\n\t<meta name=\"twitter:data1\" content=\"2\u00a0Minuten\" \/>\n<script type=\"application\/ld+json\" class=\"yoast-schema-graph\">{\"@context\":\"https:\/\/schema.org\",\"@graph\":[{\"@type\":\"WebPage\",\"@id\":\"https:\/\/casaboix.es\/de\/produkte\/bio-mos\/gefluegel-spezialitaeten\/\",\"url\":\"https:\/\/casaboix.es\/de\/produkte\/bio-mos\/gefluegel-spezialitaeten\/\",\"name\":\"Gefl\u00fcgel-Spezialit\u00e4ten - Casa Boix\",\"isPartOf\":{\"@id\":\"https:\/\/casaboix.es\/de\/#website\"},\"datePublished\":\"2020-12-29T07:14:58+00:00\",\"dateModified\":\"2021-04-16T04:44:28+00:00\",\"breadcrumb\":{\"@id\":\"https:\/\/casaboix.es\/de\/produkte\/bio-mos\/gefluegel-spezialitaeten\/#breadcrumb\"},\"inLanguage\":\"de\",\"potentialAction\":[{\"@type\":\"ReadAction\",\"target\":[\"https:\/\/casaboix.es\/de\/produkte\/bio-mos\/gefluegel-spezialitaeten\/\"]}]},{\"@type\":\"BreadcrumbList\",\"@id\":\"https:\/\/casaboix.es\/de\/produkte\/bio-mos\/gefluegel-spezialitaeten\/#breadcrumb\",\"itemListElement\":[{\"@type\":\"ListItem\",\"position\":1,\"name\":\"Home\",\"item\":\"https:\/\/casaboix.es\/de\/\"},{\"@type\":\"ListItem\",\"position\":2,\"name\":\"Produkte\",\"item\":\"https:\/\/casaboix.es\/de\/produkte\/\"},{\"@type\":\"ListItem\",\"position\":3,\"name\":\"Bio Mos\",\"item\":\"https:\/\/casaboix.es\/de\/produkte\/bio-mos\/\"},{\"@type\":\"ListItem\",\"position\":4,\"name\":\"Gefl\u00fcgel-Spezialit\u00e4ten\"}]},{\"@type\":\"WebSite\",\"@id\":\"https:\/\/casaboix.es\/de\/#website\",\"url\":\"https:\/\/casaboix.es\/de\/\",\"name\":\"Casa Boix\",\"description\":\"Amor por las cosas bien hechas\",\"publisher\":{\"@id\":\"https:\/\/casaboix.es\/de\/#organization\"},\"potentialAction\":[{\"@type\":\"SearchAction\",\"target\":{\"@type\":\"EntryPoint\",\"urlTemplate\":\"https:\/\/casaboix.es\/de\/?s={search_term_string}\"},\"query-input\":{\"@type\":\"PropertyValueSpecification\",\"valueRequired\":true,\"valueName\":\"search_term_string\"}}],\"inLanguage\":\"de\"},{\"@type\":\"Organization\",\"@id\":\"https:\/\/casaboix.es\/de\/#organization\",\"name\":\"Casa Boix\",\"url\":\"https:\/\/casaboix.es\/de\/\",\"logo\":{\"@type\":\"ImageObject\",\"inLanguage\":\"de\",\"@id\":\"https:\/\/casaboix.es\/de\/#\/schema\/logo\/image\/\",\"url\":\"https:\/\/casaboix.es\/wp-content\/uploads\/2020\/10\/logo-negro.png\",\"contentUrl\":\"https:\/\/casaboix.es\/wp-content\/uploads\/2020\/10\/logo-negro.png\",\"width\":342,\"height\":44,\"caption\":\"Casa Boix\"},\"image\":{\"@id\":\"https:\/\/casaboix.es\/de\/#\/schema\/logo\/image\/\"},\"sameAs\":[\"https:\/\/www.facebook.com\/casaboix\/\",\"https:\/\/x.com\/casaboix\",\"https:\/\/www.instagram.com\/casaboix\/\",\"https:\/\/www.youtube.com\/watch?v=j22NKKL47ec\"]}]}<\/script>\n<!-- \/ Yoast SEO Premium plugin. -->","yoast_head_json":{"title":"Gefl\u00fcgel-Spezialit\u00e4ten - Casa Boix","robots":{"index":"index","follow":"follow","max-snippet":"max-snippet:-1","max-image-preview":"max-image-preview:large","max-video-preview":"max-video-preview:-1"},"canonical":"https:\/\/casaboix.es\/de\/produkte\/bio-mos\/gefluegel-spezialitaeten\/","og_locale":"de_DE","og_type":"article","og_title":"Gefl\u00fcgel-Spezialit\u00e4ten","og_description":"[vc_row full_width=&#8220;stretch_row_content_no_spaces&#8220; font_color=&#8220;#ffffff&#8220; css=&#8220;.vc_custom_1611072823703{background-image: url(https:\/\/casaboix.es\/wp-content\/uploads\/2021\/01\/productos-bio-mos-aves-cabecera-am.jpg?id=5741) !important;background-position: center !important;background-repeat: no-repeat !important;background-size: cover !important;}&#8220; background_style=&#8220;parallax&#8220;][vc_column][vc_empty_space height=&#8220;400px&#8220;][\/vc_column][\/vc_row][vc_row css=&#8220;.vc_custom_1607234259350{padding-top: 50px !important;padding-right: 22% !important;padding-left: 22% !important;}&#8220;][vc_column][vc_column_text] Bios Mos Gefl\u00fcgel-Spezialit\u00e4ten Gekochtes Gefl\u00fcgelfleisch ist immer eine gesunde und leichte Alternative, mit der Sie etwas f\u00fcr Ihre Gesundheit tun k\u00f6nnen. Darreichung im ganzen St\u00fcck oder in Scheiben geschnitten. Entdecken Sie unser Gefl\u00fcgelfleisch in [&hellip;]","og_url":"https:\/\/casaboix.es\/de\/produkte\/bio-mos\/gefluegel-spezialitaeten\/","og_site_name":"Casa Boix","article_publisher":"https:\/\/www.facebook.com\/casaboix\/","article_modified_time":"2021-04-16T04:44:28+00:00","twitter_card":"summary_large_image","twitter_site":"@casaboix","twitter_misc":{"Gesch\u00e4tzte Lesezeit":"2\u00a0Minuten"},"schema":{"@context":"https:\/\/schema.org","@graph":[{"@type":"WebPage","@id":"https:\/\/casaboix.es\/de\/produkte\/bio-mos\/gefluegel-spezialitaeten\/","url":"https:\/\/casaboix.es\/de\/produkte\/bio-mos\/gefluegel-spezialitaeten\/","name":"Gefl\u00fcgel-Spezialit\u00e4ten - Casa Boix","isPartOf":{"@id":"https:\/\/casaboix.es\/de\/#website"},"datePublished":"2020-12-29T07:14:58+00:00","dateModified":"2021-04-16T04:44:28+00:00","breadcrumb":{"@id":"https:\/\/casaboix.es\/de\/produkte\/bio-mos\/gefluegel-spezialitaeten\/#breadcrumb"},"inLanguage":"de","potentialAction":[{"@type":"ReadAction","target":["https:\/\/casaboix.es\/de\/produkte\/bio-mos\/gefluegel-spezialitaeten\/"]}]},{"@type":"BreadcrumbList","@id":"https:\/\/casaboix.es\/de\/produkte\/bio-mos\/gefluegel-spezialitaeten\/#breadcrumb","itemListElement":[{"@type":"ListItem","position":1,"name":"Home","item":"https:\/\/casaboix.es\/de\/"},{"@type":"ListItem","position":2,"name":"Produkte","item":"https:\/\/casaboix.es\/de\/produkte\/"},{"@type":"ListItem","position":3,"name":"Bio Mos","item":"https:\/\/casaboix.es\/de\/produkte\/bio-mos\/"},{"@type":"ListItem","position":4,"name":"Gefl\u00fcgel-Spezialit\u00e4ten"}]},{"@type":"WebSite","@id":"https:\/\/casaboix.es\/de\/#website","url":"https:\/\/casaboix.es\/de\/","name":"Casa Boix","description":"Amor por las cosas bien hechas","publisher":{"@id":"https:\/\/casaboix.es\/de\/#organization"},"potentialAction":[{"@type":"SearchAction","target":{"@type":"EntryPoint","urlTemplate":"https:\/\/casaboix.es\/de\/?s={search_term_string}"},"query-input":{"@type":"PropertyValueSpecification","valueRequired":true,"valueName":"search_term_string"}}],"inLanguage":"de"},{"@type":"Organization","@id":"https:\/\/casaboix.es\/de\/#organization","name":"Casa Boix","url":"https:\/\/casaboix.es\/de\/","logo":{"@type":"ImageObject","inLanguage":"de","@id":"https:\/\/casaboix.es\/de\/#\/schema\/logo\/image\/","url":"https:\/\/casaboix.es\/wp-content\/uploads\/2020\/10\/logo-negro.png","contentUrl":"https:\/\/casaboix.es\/wp-content\/uploads\/2020\/10\/logo-negro.png","width":342,"height":44,"caption":"Casa Boix"},"image":{"@id":"https:\/\/casaboix.es\/de\/#\/schema\/logo\/image\/"},"sameAs":["https:\/\/www.facebook.com\/casaboix\/","https:\/\/x.com\/casaboix","https:\/\/www.instagram.com\/casaboix\/","https:\/\/www.youtube.com\/watch?v=j22NKKL47ec"]}]}},"_links":{"self":[{"href":"https:\/\/casaboix.es\/de\/wp-json\/wp\/v2\/pages\/7718","targetHints":{"allow":["GET"]}}],"collection":[{"href":"https:\/\/casaboix.es\/de\/wp-json\/wp\/v2\/pages"}],"about":[{"href":"https:\/\/casaboix.es\/de\/wp-json\/wp\/v2\/types\/page"}],"author":[{"embeddable":true,"href":"https:\/\/casaboix.es\/de\/wp-json\/wp\/v2\/users\/1"}],"replies":[{"embeddable":true,"href":"https:\/\/casaboix.es\/de\/wp-json\/wp\/v2\/comments?post=7718"}],"version-history":[{"count":0,"href":"https:\/\/casaboix.es\/de\/wp-json\/wp\/v2\/pages\/7718\/revisions"}],"up":[{"embeddable":true,"href":"https:\/\/casaboix.es\/de\/wp-json\/wp\/v2\/pages\/7636"}],"wp:attachment":[{"href":"https:\/\/casaboix.es\/de\/wp-json\/wp\/v2\/media?parent=7718"}],"curies":[{"name":"wp","href":"https:\/\/api.w.org\/{rel}","templated":true}]}}