{"id":7703,"date":"2020-12-29T07:19:59","date_gmt":"2020-12-29T06:19:59","guid":{"rendered":"https:\/\/casaboix.es\/produkte\/bio-mos\/especialidades-cerdo\/"},"modified":"2021-04-21T17:33:53","modified_gmt":"2021-04-21T15:33:53","slug":"spezialitaeten-vom-schwein","status":"publish","type":"page","link":"https:\/\/casaboix.es\/de\/produkte\/bio-mos\/spezialitaeten-vom-schwein\/","title":{"rendered":"Spezialit\u00e4ten vom Schwein"},"content":{"rendered":"<div class=\"wpb-content-wrapper\"><p>[vc_row full_width=&#8220;stretch_row_content_no_spaces&#8220; font_color=&#8220;#ffffff&#8220; css=&#8220;.vc_custom_1611071554002{background-image: url(https:\/\/casaboix.es\/wp-content\/uploads\/2021\/01\/productos-bio-mos-jamon-cocido-cabecera-am-1.jpg?id=5715) !important;background-position: center !important;background-repeat: no-repeat !important;background-size: cover !important;}&#8220; background_style=&#8220;parallax&#8220;][vc_column][vc_empty_space height=&#8220;400px&#8220;][\/vc_column][\/vc_row][vc_row css=&#8220;.vc_custom_1607234259350{padding-top: 50px !important;padding-right: 22% !important;padding-left: 22% !important;}&#8220;][vc_column][vc_column_text]<\/p>\n<h2 style=\"text-align: center; height: 40px; margin-bottom: 0px;\"><span style=\"color: #4c4b4a;\"><span style=\"font-size: 50%; font-family: 'Roboto'; font-weight: 800; text-transform: uppercase;\">Bios Mos<\/span><\/span><\/h2>\n<h2 style=\"text-align: center;\"><span style=\"color: #e8b851; font-size: 150%; font-family: 'Georgia';\">Spezialit\u00e4ten vom Schwein<\/span><\/h2>\n<p style=\"max-width: 800px; text-align: center; margin: 0 auto; margin-bottom: 20px;\"><span style=\"color: #808080; font-size: 90%; font-family: 'Roboto';\">Gro\u00dfe Auswahl an gekochten und gep\u00f6kelten BIO-Aufschnittprodukten. Sie k\u00f6nnen k\u00f6stliche Sandwiche und Rezepte mit unserem Schweiner\u00fccken, Bio-Speck und unseren Bio-Wurstwaren zubereiten: Chorizo (Paprikawurst), Salchich\u00f3n (Trockenwurst) und Schinken.<\/span><\/p>\n<p style=\"text-align: center;\"><span style=\"color: #808080; font-size: 90%; font-family: 'Roboto'; font-weight: bold;\">Entdecken Sie unser Schweinefleisch in seiner ganzen Vielfalt:<\/span><\/p>\n<div id=\"gtx-trans\" style=\"position: absolute; left: 9px; top: 219.719px;\">\n<div class=\"gtx-trans-icon\"><\/div>\n<\/div>\n<p>[\/vc_column_text][\/vc_column][\/vc_row][vc_row gap=&#8220;10&#8243; equal_height=&#8220;yes&#8220; content_placement=&#8220;middle&#8220; el_class=&#8220;bloque-ficha-tecnica-producto&#8220;][vc_column width=&#8220;1\/2&#8243; css=&#8220;.vc_custom_1606719872878{background-color: #f1efe9 !important;}&#8220;][vc_single_image image=&#8220;7707&#8243; img_size=&#8220;full&#8220; alignment=&#8220;center&#8220; el_class=&#8220;bio-mos-esp-cerdo-izq-max-width&#8220; css=&#8220;.vc_custom_1611072527564{padding-top: 30px !important;padding-right: 5% !important;padding-bottom: 60px !important;padding-left: 5% !important;}&#8220;][\/vc_column][vc_column width=&#8220;1\/2&#8243; css=&#8220;.vc_custom_1607167253767{background-color: #f1efe9 !important;}&#8220; el_class=&#8220;ficha-tecnica-col-der&#8220;][vc_column_text]<\/p>\n<h3 style=\"text-align: center; margin-bottom: 0px;\"><span style=\"display: block; color: #4c4c4b; font-size: 90%; font-family: 'Georgia'; line-height: 28px; padding: 0px 20px;\">Gekochter ger\u00e4ucherter Bio-Speck &#8211; in Scheiben<\/span><\/h3>\n<p style=\"text-align: center;\"><span style=\"color: #4c4c4b; font-family: 'Roboto'; font-size: 14px; font-weight: bold;\">Ref. 1406 &#8211; 80 g<\/span><\/p>\n<p style=\"margin-bottom: 3px !important; text-align: center; font-size: 80%;\">Energiewert: 1290 KJ \/ 319 kcal.<\/p>\n<p style=\"margin-bottom: 3px !important; text-align: center; font-size: 80%;\">Fette: 28,2 g., davon ges\u00e4ttigte Fetts\u00e4uren: &lt;11,2 g.<\/p>\n<p style=\"margin-bottom: 3px !important; text-align: center; font-size: 80%;\">Kohlenhydrate: 1,5 g. davon Zucker: &lt;0,5 g.<\/p>\n<p style=\"margin-bottom: 3px !important; text-align: center; font-size: 80%;\">Eiwei\u00dfe: 14,4 g. Salz: 0,95 g.<\/p>\n<div id=\"gtx-trans\" style=\"position: absolute; left: 204px; top: 172.109px;\">\n<div class=\"gtx-trans-icon\"><\/div>\n<\/div>\n<p>[\/vc_column_text][\/vc_column][\/vc_row][vc_row gap=&#8220;10&#8243; equal_height=&#8220;yes&#8220; content_placement=&#8220;middle&#8220; el_class=&#8220;bloque-ficha-tecnica-producto&#8220; css=&#8220;.vc_custom_1609172214744{margin-top: 50px !important;}&#8220;][vc_column width=&#8220;1\/2&#8243; css=&#8220;.vc_custom_1606719872878{background-color: #f1efe9 !important;}&#8220;][vc_single_image image=&#8220;7712&#8243; img_size=&#8220;full&#8220; alignment=&#8220;center&#8220; el_class=&#8220;bio-mos-esp-cerdo-izq-max-width&#8220; css=&#8220;.vc_custom_1612943773842{padding-top: 30px !important;padding-right: 5% !important;padding-bottom: 60px !important;padding-left: 5% !important;}&#8220;][\/vc_column][vc_column width=&#8220;1\/2&#8243; css=&#8220;.vc_custom_1607167253767{background-color: #f1efe9 !important;}&#8220; el_class=&#8220;ficha-tecnica-col-der&#8220;][vc_column_text]<\/p>\n<h3 style=\"text-align: center; margin-bottom: 0px;\"><span style=\"display: block; color: #4c4c4b; font-size: 90%; font-family: 'Georgia'; line-height: 28px; padding: 0px 20px;\">Bio-Schweiner\u00fccken-braten mit Kr\u00e4utern &#8211; in Scheiben<\/span><\/h3>\n<p style=\"text-align: center;\"><span style=\"color: #4c4c4b; font-family: 'Roboto'; font-size: 14px; font-weight: bold;\">Ref. 1207 &#8211; 80 g<\/span><\/p>\n<p style=\"margin-bottom: 3px !important; text-align: center; font-size: 80%;\">Energiewert: 1335 KJ \/ 320 kcal.<\/p>\n<p style=\"margin-bottom: 3px !important; text-align: center; font-size: 80%;\">Fette: 20 g., davon ges\u00e4ttigte Fetts\u00e4uren: 6 g.<\/p>\n<p style=\"margin-bottom: 3px !important; text-align: center; font-size: 80%;\">Kohlenhydrate: &lt;1 g. davon Zucker: &lt;1 g.<\/p>\n<p style=\"margin-bottom: 3px !important; text-align: center; font-size: 80%;\">Eiwei\u00dfe: 35 g. Salz: 4,2 g.<\/p>\n<p>[\/vc_column_text][\/vc_column][\/vc_row][vc_row gap=&#8220;10&#8243; equal_height=&#8220;yes&#8220; content_placement=&#8220;middle&#8220; el_class=&#8220;bloque-ficha-tecnica-producto&#8220; css=&#8220;.vc_custom_1609172214744{margin-top: 50px !important;}&#8220;][vc_column width=&#8220;1\/2&#8243; css=&#8220;.vc_custom_1606719872878{background-color: #f1efe9 !important;}&#8220;][vc_single_image image=&#8220;7708&#8243; img_size=&#8220;full&#8220; alignment=&#8220;center&#8220; el_class=&#8220;bio-mos-esp-cerdo-izq-max-width&#8220; css=&#8220;.vc_custom_1611072608909{padding-top: 30px !important;padding-right: 5% !important;padding-bottom: 60px !important;padding-left: 5% !important;}&#8220;][\/vc_column][vc_column width=&#8220;1\/2&#8243; css=&#8220;.vc_custom_1607167253767{background-color: #f1efe9 !important;}&#8220; el_class=&#8220;ficha-tecnica-col-der&#8220;][vc_column_text]<\/p>\n<h3 style=\"text-align: center; margin-bottom: 0px;\"><span style=\"display: block; color: #4c4c4b; font-size: 90%; font-family: 'Georgia'; line-height: 28px; padding: 0px 20px;\">Premium Bio-Chorizo Vela &#8211; in Scheiben<\/span><\/h3>\n<p style=\"text-align: center;\"><span style=\"color: #4c4c4b; font-family: 'Roboto'; font-size: 14px; font-weight: bold;\">Ref. 1620 &#8211; 80 g<\/span><\/p>\n<p style=\"margin-bottom: 3px !important; text-align: center; font-size: 80%;\">Energiewert: 1941 KJ \/ 467 kcal.<\/p>\n<p style=\"margin-bottom: 3px !important; text-align: center; font-size: 80%;\">Fette: 35 g., davon ges\u00e4ttigte Fetts\u00e4uren: 13,5 g.<\/p>\n<p style=\"margin-bottom: 3px !important; text-align: center; font-size: 80%;\">Kohlenhydrate: 2 g. davon Zucker: 1 g.<\/p>\n<p style=\"margin-bottom: 3px !important; text-align: center; font-size: 80%;\">Eiwei\u00dfe: 35 g. Salz: 3,5 g.<\/p>\n<div id=\"gtx-trans\" style=\"position: absolute; left: 190px; top: 172.109px;\">\n<div class=\"gtx-trans-icon\"><\/div>\n<\/div>\n<p>[\/vc_column_text][\/vc_column][\/vc_row][vc_row gap=&#8220;10&#8243; equal_height=&#8220;yes&#8220; content_placement=&#8220;middle&#8220; el_class=&#8220;bloque-ficha-tecnica-producto&#8220; css=&#8220;.vc_custom_1609172214744{margin-top: 50px !important;}&#8220;][vc_column width=&#8220;1\/2&#8243; css=&#8220;.vc_custom_1606719872878{background-color: #f1efe9 !important;}&#8220;][vc_single_image image=&#8220;7709&#8243; img_size=&#8220;full&#8220; alignment=&#8220;center&#8220; el_class=&#8220;bio-mos-esp-cerdo-izq-max-width&#8220; css=&#8220;.vc_custom_1611072624140{padding-top: 30px !important;padding-right: 5% !important;padding-bottom: 60px !important;padding-left: 5% !important;}&#8220;][\/vc_column][vc_column width=&#8220;1\/2&#8243; css=&#8220;.vc_custom_1607167253767{background-color: #f1efe9 !important;}&#8220; el_class=&#8220;ficha-tecnica-col-der&#8220;][vc_column_text]<\/p>\n<h3 style=\"text-align: center; margin-bottom: 0px;\"><span style=\"display: block; color: #4c4c4b; font-size: 90%; font-family: 'Georgia'; line-height: 28px; padding: 0px 20px;\">Premium Bio-Salchich\u00f3n Vela &#8211; in Scheiben<\/span><\/h3>\n<p style=\"text-align: center;\"><span style=\"color: #4c4c4b; font-family: 'Roboto'; font-size: 14px; font-weight: bold;\">Ref. 1621 &#8211; 80 g<\/span><\/p>\n<p style=\"margin-bottom: 3px !important; text-align: center; font-size: 80%;\">Energiewert: 1924 KJ \/ 463 kcal.<\/p>\n<p style=\"margin-bottom: 3px !important; text-align: center; font-size: 80%;\">Fette: 35 g., davon ges\u00e4ttigte Fetts\u00e4uren: 13,5 g.<\/p>\n<p style=\"margin-bottom: 3px !important; text-align: center; font-size: 80%;\">Kohlenhydrate: 2 g. davon Zucker: 1 g.<\/p>\n<p style=\"margin-bottom: 3px !important; text-align: center; font-size: 80%;\">Eiwei\u00dfe: 35 g. Salz: 3,5 g.<\/p>\n<div id=\"gtx-trans\" style=\"position: absolute; left: 194px; top: 216.109px;\">\n<div class=\"gtx-trans-icon\"><\/div>\n<\/div>\n<p>[\/vc_column_text][\/vc_column][\/vc_row][vc_row gap=&#8220;10&#8243; equal_height=&#8220;yes&#8220; content_placement=&#8220;middle&#8220; el_class=&#8220;bloque-ficha-tecnica-producto&#8220; css=&#8220;.vc_custom_1609172214744{margin-top: 50px !important;}&#8220;][vc_column width=&#8220;1\/2&#8243; css=&#8220;.vc_custom_1606719872878{background-color: #f1efe9 !important;}&#8220;][vc_single_image image=&#8220;7710&#8243; img_size=&#8220;full&#8220; alignment=&#8220;center&#8220; el_class=&#8220;bio-mos-esp-cerdo-izq-max-width&#8220; css=&#8220;.vc_custom_1611072638811{padding-top: 30px !important;padding-right: 5% !important;padding-bottom: 60px !important;padding-left: 5% !important;}&#8220;][\/vc_column][vc_column width=&#8220;1\/2&#8243; css=&#8220;.vc_custom_1607167253767{background-color: #f1efe9 !important;}&#8220; el_class=&#8220;ficha-tecnica-col-der&#8220;][vc_column_text]<\/p>\n<h3 style=\"text-align: center; margin-bottom: 0px;\"><span style=\"display: block; color: #4c4c4b; font-size: 90%; font-family: 'Georgia'; line-height: 28px; padding: 0px 20px;\">Bio-Serrano-Schinken &#8211; in Scheiben<\/span><\/h3>\n<p style=\"text-align: center;\"><span style=\"color: #4c4c4b; font-family: 'Roboto'; font-size: 14px; font-weight: bold;\">Ref. 1622 &#8211; 80 g<\/span><\/p>\n<p style=\"margin-bottom: 3px !important; text-align: center; font-size: 80%;\">Energiewert: 1335 KJ \/ 320 kcal.<\/p>\n<p style=\"margin-bottom: 3px !important; text-align: center; font-size: 80%;\">Fette: 20 g., davon ges\u00e4ttigte Fetts\u00e4uren: 6 g.<\/p>\n<p style=\"margin-bottom: 3px !important; text-align: center; font-size: 80%;\">Kohlenhydrate: &lt;1 g. davon Zucker: &lt;1 g.<\/p>\n<p style=\"margin-bottom: 3px !important; text-align: center; font-size: 80%;\">Eiwei\u00dfe: 35 g. Salz: 4,2 g.<\/p>\n<div id=\"gtx-trans\" style=\"position: absolute; left: 203px; top: 216.109px;\">\n<div class=\"gtx-trans-icon\"><\/div>\n<\/div>\n<p>[\/vc_column_text][\/vc_column][\/vc_row][vc_row css=&#8220;.vc_custom_1609051284072{margin-top: 100px !important;margin-bottom: 30px !important;}&#8220;][vc_column][vc_separator][\/vc_column][\/vc_row][vc_row css=&#8220;.vc_custom_1609051319452{margin-right: 5% !important;margin-left: 5% !important;}&#8220;][vc_column width=&#8220;1\/2&#8243;][vc_column_text]<\/p>\n<p style=\"text-align: left; font-family: Georgia;\"><span class=\"productos-bottom-links-prev\"><a href=\"https:\/\/casaboix.es\/de\/produkte\/bio-mos\/gekochter-schinken\/\">Gekochter Schinken<\/a><\/span><\/p>\n<p>[\/vc_column_text][\/vc_column][vc_column width=&#8220;1\/2&#8243;][vc_column_text]<\/p>\n<p style=\"text-align: right; font-family: Georgia;\"><span class=\"productos-bottom-links-next\"><a href=\"https:\/\/casaboix.es\/de\/produkte\/bio-mos\/gefluegel-spezialitaeten\/\">Gefl\u00fcgel-Spezialit\u00e4ten<\/a><\/span><\/p>\n<p>[\/vc_column_text][\/vc_column][\/vc_row]<\/p>\n<\/div>","protected":false},"excerpt":{"rendered":"<p>[vc_row full_width=&#8220;stretch_row_content_no_spaces&#8220; font_color=&#8220;#ffffff&#8220; css=&#8220;.vc_custom_1611071554002{background-image: url(https:\/\/casaboix.es\/wp-content\/uploads\/2021\/01\/productos-bio-mos-jamon-cocido-cabecera-am-1.jpg?id=5715) !important;background-position: center !important;background-repeat: no-repeat !important;background-size: cover !important;}&#8220; background_style=&#8220;parallax&#8220;][vc_column][vc_empty_space height=&#8220;400px&#8220;][\/vc_column][\/vc_row][vc_row css=&#8220;.vc_custom_1607234259350{padding-top: 50px !important;padding-right: 22% !important;padding-left: 22% !important;}&#8220;][vc_column][vc_column_text] Bios Mos Spezialit\u00e4ten vom Schwein Gro\u00dfe Auswahl an gekochten und gep\u00f6kelten BIO-Aufschnittprodukten. Sie k\u00f6nnen k\u00f6stliche Sandwiche und Rezepte mit unserem Schweiner\u00fccken, Bio-Speck und unseren Bio-Wurstwaren zubereiten: Chorizo (Paprikawurst), Salchich\u00f3n (Trockenwurst) und Schinken. Entdecken Sie [&hellip;]<\/p>\n","protected":false},"author":1,"featured_media":0,"parent":7636,"menu_order":2,"comment_status":"closed","ping_status":"closed","template":"page-full-width.php","meta":{"footnotes":""},"class_list":["post-7703","page","type-page","status-publish","hentry"],"yoast_head":"<!-- This site is optimized with the Yoast SEO Premium plugin v27.1 (Yoast SEO v27.1.1) - https:\/\/yoast.com\/product\/yoast-seo-premium-wordpress\/ -->\n<title>Spezialit\u00e4ten vom Schwein - Casa Boix<\/title>\n<meta name=\"robots\" content=\"index, follow, max-snippet:-1, max-image-preview:large, max-video-preview:-1\" \/>\n<link rel=\"canonical\" href=\"https:\/\/casaboix.es\/de\/produkte\/bio-mos\/spezialitaeten-vom-schwein\/\" \/>\n<meta property=\"og:locale\" content=\"de_DE\" \/>\n<meta property=\"og:type\" content=\"article\" \/>\n<meta property=\"og:title\" content=\"Spezialit\u00e4ten vom Schwein\" \/>\n<meta property=\"og:description\" content=\"[vc_row full_width=&#8220;stretch_row_content_no_spaces&#8220; font_color=&#8220;#ffffff&#8220; css=&#8220;.vc_custom_1611071554002{background-image: url(https:\/\/casaboix.es\/wp-content\/uploads\/2021\/01\/productos-bio-mos-jamon-cocido-cabecera-am-1.jpg?id=5715) !important;background-position: center !important;background-repeat: no-repeat !important;background-size: cover !important;}&#8220; background_style=&#8220;parallax&#8220;][vc_column][vc_empty_space height=&#8220;400px&#8220;][\/vc_column][\/vc_row][vc_row css=&#8220;.vc_custom_1607234259350{padding-top: 50px !important;padding-right: 22% !important;padding-left: 22% !important;}&#8220;][vc_column][vc_column_text] Bios Mos Spezialit\u00e4ten vom Schwein Gro\u00dfe Auswahl an gekochten und gep\u00f6kelten BIO-Aufschnittprodukten. Sie k\u00f6nnen k\u00f6stliche Sandwiche und Rezepte mit unserem Schweiner\u00fccken, Bio-Speck und unseren Bio-Wurstwaren zubereiten: Chorizo (Paprikawurst), Salchich\u00f3n (Trockenwurst) und Schinken. Entdecken Sie [&hellip;]\" \/>\n<meta property=\"og:url\" content=\"https:\/\/casaboix.es\/de\/produkte\/bio-mos\/spezialitaeten-vom-schwein\/\" \/>\n<meta property=\"og:site_name\" content=\"Casa Boix\" \/>\n<meta property=\"article:publisher\" content=\"https:\/\/www.facebook.com\/casaboix\/\" \/>\n<meta property=\"article:modified_time\" content=\"2021-04-21T15:33:53+00:00\" \/>\n<meta name=\"twitter:card\" content=\"summary_large_image\" \/>\n<meta name=\"twitter:site\" content=\"@casaboix\" \/>\n<meta name=\"twitter:label1\" content=\"Gesch\u00e4tzte Lesezeit\" \/>\n\t<meta name=\"twitter:data1\" content=\"2\u00a0Minuten\" \/>\n<script type=\"application\/ld+json\" class=\"yoast-schema-graph\">{\"@context\":\"https:\/\/schema.org\",\"@graph\":[{\"@type\":\"WebPage\",\"@id\":\"https:\/\/casaboix.es\/de\/produkte\/bio-mos\/spezialitaeten-vom-schwein\/\",\"url\":\"https:\/\/casaboix.es\/de\/produkte\/bio-mos\/spezialitaeten-vom-schwein\/\",\"name\":\"Spezialit\u00e4ten vom Schwein - Casa Boix\",\"isPartOf\":{\"@id\":\"https:\/\/casaboix.es\/de\/#website\"},\"datePublished\":\"2020-12-29T06:19:59+00:00\",\"dateModified\":\"2021-04-21T15:33:53+00:00\",\"breadcrumb\":{\"@id\":\"https:\/\/casaboix.es\/de\/produkte\/bio-mos\/spezialitaeten-vom-schwein\/#breadcrumb\"},\"inLanguage\":\"de\",\"potentialAction\":[{\"@type\":\"ReadAction\",\"target\":[\"https:\/\/casaboix.es\/de\/produkte\/bio-mos\/spezialitaeten-vom-schwein\/\"]}]},{\"@type\":\"BreadcrumbList\",\"@id\":\"https:\/\/casaboix.es\/de\/produkte\/bio-mos\/spezialitaeten-vom-schwein\/#breadcrumb\",\"itemListElement\":[{\"@type\":\"ListItem\",\"position\":1,\"name\":\"Home\",\"item\":\"https:\/\/casaboix.es\/de\/\"},{\"@type\":\"ListItem\",\"position\":2,\"name\":\"Produkte\",\"item\":\"https:\/\/casaboix.es\/de\/produkte\/\"},{\"@type\":\"ListItem\",\"position\":3,\"name\":\"Bio Mos\",\"item\":\"https:\/\/casaboix.es\/de\/produkte\/bio-mos\/\"},{\"@type\":\"ListItem\",\"position\":4,\"name\":\"Spezialit\u00e4ten vom Schwein\"}]},{\"@type\":\"WebSite\",\"@id\":\"https:\/\/casaboix.es\/de\/#website\",\"url\":\"https:\/\/casaboix.es\/de\/\",\"name\":\"Casa Boix\",\"description\":\"Amor por las cosas bien hechas\",\"publisher\":{\"@id\":\"https:\/\/casaboix.es\/de\/#organization\"},\"potentialAction\":[{\"@type\":\"SearchAction\",\"target\":{\"@type\":\"EntryPoint\",\"urlTemplate\":\"https:\/\/casaboix.es\/de\/?s={search_term_string}\"},\"query-input\":{\"@type\":\"PropertyValueSpecification\",\"valueRequired\":true,\"valueName\":\"search_term_string\"}}],\"inLanguage\":\"de\"},{\"@type\":\"Organization\",\"@id\":\"https:\/\/casaboix.es\/de\/#organization\",\"name\":\"Casa Boix\",\"url\":\"https:\/\/casaboix.es\/de\/\",\"logo\":{\"@type\":\"ImageObject\",\"inLanguage\":\"de\",\"@id\":\"https:\/\/casaboix.es\/de\/#\/schema\/logo\/image\/\",\"url\":\"https:\/\/casaboix.es\/wp-content\/uploads\/2020\/10\/logo-negro.png\",\"contentUrl\":\"https:\/\/casaboix.es\/wp-content\/uploads\/2020\/10\/logo-negro.png\",\"width\":342,\"height\":44,\"caption\":\"Casa Boix\"},\"image\":{\"@id\":\"https:\/\/casaboix.es\/de\/#\/schema\/logo\/image\/\"},\"sameAs\":[\"https:\/\/www.facebook.com\/casaboix\/\",\"https:\/\/x.com\/casaboix\",\"https:\/\/www.instagram.com\/casaboix\/\",\"https:\/\/www.youtube.com\/watch?v=j22NKKL47ec\"]}]}<\/script>\n<!-- \/ Yoast SEO Premium plugin. -->","yoast_head_json":{"title":"Spezialit\u00e4ten vom Schwein - Casa Boix","robots":{"index":"index","follow":"follow","max-snippet":"max-snippet:-1","max-image-preview":"max-image-preview:large","max-video-preview":"max-video-preview:-1"},"canonical":"https:\/\/casaboix.es\/de\/produkte\/bio-mos\/spezialitaeten-vom-schwein\/","og_locale":"de_DE","og_type":"article","og_title":"Spezialit\u00e4ten vom Schwein","og_description":"[vc_row full_width=&#8220;stretch_row_content_no_spaces&#8220; font_color=&#8220;#ffffff&#8220; css=&#8220;.vc_custom_1611071554002{background-image: url(https:\/\/casaboix.es\/wp-content\/uploads\/2021\/01\/productos-bio-mos-jamon-cocido-cabecera-am-1.jpg?id=5715) !important;background-position: center !important;background-repeat: no-repeat !important;background-size: cover !important;}&#8220; background_style=&#8220;parallax&#8220;][vc_column][vc_empty_space height=&#8220;400px&#8220;][\/vc_column][\/vc_row][vc_row css=&#8220;.vc_custom_1607234259350{padding-top: 50px !important;padding-right: 22% !important;padding-left: 22% !important;}&#8220;][vc_column][vc_column_text] Bios Mos Spezialit\u00e4ten vom Schwein Gro\u00dfe Auswahl an gekochten und gep\u00f6kelten BIO-Aufschnittprodukten. Sie k\u00f6nnen k\u00f6stliche Sandwiche und Rezepte mit unserem Schweiner\u00fccken, Bio-Speck und unseren Bio-Wurstwaren zubereiten: Chorizo (Paprikawurst), Salchich\u00f3n (Trockenwurst) und Schinken. Entdecken Sie [&hellip;]","og_url":"https:\/\/casaboix.es\/de\/produkte\/bio-mos\/spezialitaeten-vom-schwein\/","og_site_name":"Casa Boix","article_publisher":"https:\/\/www.facebook.com\/casaboix\/","article_modified_time":"2021-04-21T15:33:53+00:00","twitter_card":"summary_large_image","twitter_site":"@casaboix","twitter_misc":{"Gesch\u00e4tzte Lesezeit":"2\u00a0Minuten"},"schema":{"@context":"https:\/\/schema.org","@graph":[{"@type":"WebPage","@id":"https:\/\/casaboix.es\/de\/produkte\/bio-mos\/spezialitaeten-vom-schwein\/","url":"https:\/\/casaboix.es\/de\/produkte\/bio-mos\/spezialitaeten-vom-schwein\/","name":"Spezialit\u00e4ten vom Schwein - Casa Boix","isPartOf":{"@id":"https:\/\/casaboix.es\/de\/#website"},"datePublished":"2020-12-29T06:19:59+00:00","dateModified":"2021-04-21T15:33:53+00:00","breadcrumb":{"@id":"https:\/\/casaboix.es\/de\/produkte\/bio-mos\/spezialitaeten-vom-schwein\/#breadcrumb"},"inLanguage":"de","potentialAction":[{"@type":"ReadAction","target":["https:\/\/casaboix.es\/de\/produkte\/bio-mos\/spezialitaeten-vom-schwein\/"]}]},{"@type":"BreadcrumbList","@id":"https:\/\/casaboix.es\/de\/produkte\/bio-mos\/spezialitaeten-vom-schwein\/#breadcrumb","itemListElement":[{"@type":"ListItem","position":1,"name":"Home","item":"https:\/\/casaboix.es\/de\/"},{"@type":"ListItem","position":2,"name":"Produkte","item":"https:\/\/casaboix.es\/de\/produkte\/"},{"@type":"ListItem","position":3,"name":"Bio Mos","item":"https:\/\/casaboix.es\/de\/produkte\/bio-mos\/"},{"@type":"ListItem","position":4,"name":"Spezialit\u00e4ten vom Schwein"}]},{"@type":"WebSite","@id":"https:\/\/casaboix.es\/de\/#website","url":"https:\/\/casaboix.es\/de\/","name":"Casa Boix","description":"Amor por las cosas bien hechas","publisher":{"@id":"https:\/\/casaboix.es\/de\/#organization"},"potentialAction":[{"@type":"SearchAction","target":{"@type":"EntryPoint","urlTemplate":"https:\/\/casaboix.es\/de\/?s={search_term_string}"},"query-input":{"@type":"PropertyValueSpecification","valueRequired":true,"valueName":"search_term_string"}}],"inLanguage":"de"},{"@type":"Organization","@id":"https:\/\/casaboix.es\/de\/#organization","name":"Casa Boix","url":"https:\/\/casaboix.es\/de\/","logo":{"@type":"ImageObject","inLanguage":"de","@id":"https:\/\/casaboix.es\/de\/#\/schema\/logo\/image\/","url":"https:\/\/casaboix.es\/wp-content\/uploads\/2020\/10\/logo-negro.png","contentUrl":"https:\/\/casaboix.es\/wp-content\/uploads\/2020\/10\/logo-negro.png","width":342,"height":44,"caption":"Casa Boix"},"image":{"@id":"https:\/\/casaboix.es\/de\/#\/schema\/logo\/image\/"},"sameAs":["https:\/\/www.facebook.com\/casaboix\/","https:\/\/x.com\/casaboix","https:\/\/www.instagram.com\/casaboix\/","https:\/\/www.youtube.com\/watch?v=j22NKKL47ec"]}]}},"_links":{"self":[{"href":"https:\/\/casaboix.es\/de\/wp-json\/wp\/v2\/pages\/7703","targetHints":{"allow":["GET"]}}],"collection":[{"href":"https:\/\/casaboix.es\/de\/wp-json\/wp\/v2\/pages"}],"about":[{"href":"https:\/\/casaboix.es\/de\/wp-json\/wp\/v2\/types\/page"}],"author":[{"embeddable":true,"href":"https:\/\/casaboix.es\/de\/wp-json\/wp\/v2\/users\/1"}],"replies":[{"embeddable":true,"href":"https:\/\/casaboix.es\/de\/wp-json\/wp\/v2\/comments?post=7703"}],"version-history":[{"count":0,"href":"https:\/\/casaboix.es\/de\/wp-json\/wp\/v2\/pages\/7703\/revisions"}],"up":[{"embeddable":true,"href":"https:\/\/casaboix.es\/de\/wp-json\/wp\/v2\/pages\/7636"}],"wp:attachment":[{"href":"https:\/\/casaboix.es\/de\/wp-json\/wp\/v2\/media?parent=7703"}],"curies":[{"name":"wp","href":"https:\/\/api.w.org\/{rel}","templated":true}]}}