{"id":7636,"date":"2020-12-18T10:04:17","date_gmt":"2020-12-18T09:04:17","guid":{"rendered":"https:\/\/casaboix.es\/produkte\/bio-mos\/"},"modified":"2023-06-23T11:14:32","modified_gmt":"2023-06-23T09:14:32","slug":"bio-mos","status":"publish","type":"page","link":"https:\/\/casaboix.es\/de\/produkte\/bio-mos\/","title":{"rendered":"Bio Mos"},"content":{"rendered":"<div class=\"wpb-content-wrapper\"><p>[vc_row full_width=&#8220;stretch_row_content_no_spaces&#8220; equal_height=&#8220;yes&#8220; content_placement=&#8220;top&#8220; font_color=&#8220;#ffffff&#8220; css=&#8220;.vc_custom_1608307705833{border-top-width: 20px !important;border-right-width: 20px !important;border-bottom-width: 20px !important;border-left-width: 20px !important;padding-top: 4% !important;padding-bottom: 30% !important;background-image: url(https:\/\/casaboix.es\/wp-content\/uploads\/2020\/12\/productos-bio-natura-fondo-cabecera-rgb.jpg?id=4672) !important;background-position: center !important;background-repeat: no-repeat !important;background-size: cover !important;border-left-color: #ffffff !important;border-left-style: solid !important;border-right-color: #ffffff !important;border-right-style: solid !important;border-top-color: #ffffff !important;border-top-style: solid !important;border-bottom-color: #ffffff !important;border-bottom-style: solid !important;}&#8220; background_style=&#8220;parallax&#8220;][vc_column][vc_single_image image=&#8220;7637&#8243; img_size=&#8220;140&#215;169&#8243; alignment=&#8220;center&#8220; css=&#8220;.vc_custom_1608280415674{margin-bottom: 15px !important;}&#8220;][vc_column_text]<\/p>\n<h1 style=\"text-align: center; color: #e8b851; font-family: Georgia; font-weight: bold;\"><span style=\"display: block; font-size: 120%;\">\u00d6kologisch,<\/span><span style=\"display: block; font-size: 120%;\">organisch, GVO-frei<\/span><\/h1>\n<div id=\"gtx-trans\" style=\"position: absolute; left: 321px; top: 57.4375px;\">\n<div class=\"gtx-trans-icon\"><\/div>\n<\/div>\n<p>[\/vc_column_text][vc_column_text css=&#8220;.vc_custom_1619683779573{margin-bottom: 15px !important;}&#8220; el_class=&#8220;product-portfolio-subheader-text&#8220;]<\/p>\n<p style=\"text-align: center;\"><span style=\"font-family: Roboto; font-size: 100%;\">Hergestellt aus Puten, H\u00fchnern und Schweinen, die mit Getreide aus biologischem Anbau gef\u00fcttert werden, GVO-frei, ohne Dioxine oder Antibiotika und aus Freilandhaltung. Durch das langsame Tempo unseres Prozesses wird ein naturbelassenes und einzigartiges Produkt garantiert.<\/span><\/p>\n<p>[\/vc_column_text][\/vc_column][\/vc_row][vc_row full_width=&#8220;stretch_row_content_no_spaces&#8220; equal_height=&#8220;yes&#8220; content_placement=&#8220;middle&#8220; background_style=&#8220;normal&#8220; el_id=&#8220;bloque-reticula-inicial&#8220;][vc_column width=&#8220;1\/2&#8243; css=&#8220;.vc_custom_1608281607561{border-right-width: 20px !important;background-image: url(https:\/\/casaboix.es\/wp-content\/uploads\/2020\/12\/producto31-img-adj-rgb.jpg?id=4688) !important;background-position: center !important;background-repeat: no-repeat !important;background-size: cover !important;border-right-color: #ffffff !important;border-right-style: solid !important;}&#8220; el_class=&#8220;large-push-6&#8243;][vc_empty_space height=&#8220;150px&#8220;][\/vc_column][vc_column width=&#8220;1\/2&#8243; css=&#8220;.vc_custom_1509381185928{border-right-width: 20px !important;border-bottom-width: 20px !important;border-left-width: 20px !important;padding-top: 75px !important;padding-right: 7% !important;padding-bottom: 75px !important;padding-left: 7% !important;background-color: #f2efea !important;border-left-color: #ffffff !important;border-left-style: solid !important;border-right-color: #ffffff !important;border-right-style: solid !important;border-bottom-color: #ffffff !important;border-bottom-style: solid !important;}&#8220; el_class=&#8220;large-pull-6&#8243;][vc_column_text]<\/p>\n<h2 style=\"text-align: center; font-size: 350%; font-family: Roboto; font-weight: bold; color: #4c4b4a;\">3.1<\/h2>\n<h2 style=\"text-align: center; font-family: Georgia; color: #e8b851;\">Gekochter Schinken<\/h2>\n<p style=\"text-align: center;\"><span style=\"color: #808080; font-family: Roboto; font-size: 95%;\">Gekochter Schinken aus ganzen Schinken von Bio-Schweinen und zu 50% Duroc-Rasse.<\/span><\/p>\n<p>[\/vc_column_text][vc_single_image image=&#8220;7646&#8243; img_size=&#8220;&#8220; alignment=&#8220;center&#8220; el_class=&#8220;bio-mos-img-envase-mw&#8220;][vc_btn title=&#8220;Die ganze Produktfamilie ansehen&#8220; shape=&#8220;square&#8220; color=&#8220;sandy-brown&#8220; align=&#8220;center&#8220; link=&#8220;url:https%3A%2F%2Fcasaboix.es%2Fde%2Fprodukte%2Fbio-mos%2Fgekochter-schinken%2F&#8220; el_class=&#8220;boton-color-af8e69&#8243;][\/vc_column][\/vc_row][vc_row full_width=&#8220;stretch_row_content_no_spaces&#8220; equal_height=&#8220;yes&#8220; content_placement=&#8220;middle&#8220; background_style=&#8220;normal&#8220;][vc_column width=&#8220;1\/2&#8243; css=&#8220;.vc_custom_1608282249825{border-left-width: 20px !important;background-image: url(https:\/\/casaboix.es\/wp-content\/uploads\/2020\/12\/producto32-img-adj-rgb.jpg?id=4697) !important;background-position: center !important;background-repeat: no-repeat !important;background-size: cover !important;border-left-color: #ffffff !important;border-left-style: solid !important;}&#8220;][vc_empty_space height=&#8220;150px&#8220;][\/vc_column][vc_column width=&#8220;1\/2&#8243; css=&#8220;.vc_custom_1608199200904{border-top-width: 20px !important;border-right-width: 20px !important;border-bottom-width: 20px !important;border-left-width: 20px !important;padding-top: 75px !important;padding-right: 7% !important;padding-bottom: 75px !important;padding-left: 7% !important;background-color: #f2efea !important;border-left-color: #ffffff !important;border-left-style: solid !important;border-right-color: #ffffff !important;border-right-style: solid !important;border-top-color: #ffffff !important;border-top-style: solid !important;border-bottom-color: #ffffff !important;border-bottom-style: solid !important;}&#8220;][vc_column_text]<\/p>\n<h2 style=\"text-align: center; font-size: 350%; font-family: Roboto; font-weight: bold; color: #4c4b4a;\">3.2<\/h2>\n<h2 style=\"text-align: center; font-family: Georgia; color: #e8b851;\">Andere Spezialit\u00e4ten vom Schwein<\/h2>\n<p style=\"text-align: center;\"><span style=\"color: #808080; font-family: Roboto; font-size: 95%;\">Sie k\u00f6nnen k\u00f6stliche Sandwiche und Rezepte mit unserem Schweiner\u00fccken, Bio-Speck und unseren Bio-Wurstwaren zubereiten: Chorizo (Paprikawurst), Salchich\u00f3n (Trockenwurst) und Schinken.<\/span><\/p>\n<p>[\/vc_column_text][vc_single_image image=&#8220;7647&#8243; img_size=&#8220;&#8220; alignment=&#8220;center&#8220; el_class=&#8220;bio-mos-img-envase-mw&#8220;][vc_btn title=&#8220;Die ganze Produktfamilie ansehen&#8220; shape=&#8220;square&#8220; color=&#8220;sandy-brown&#8220; align=&#8220;center&#8220; link=&#8220;url:https%3A%2F%2Fcasaboix.es%2Fde%2Fprodukte%2Fbio-mos%2Fspezialitaeten-vom-schwein%2F&#8220; el_class=&#8220;boton-color-af8e69&#8243;][\/vc_column][\/vc_row][vc_row full_width=&#8220;stretch_row_content_no_spaces&#8220; equal_height=&#8220;yes&#8220; content_placement=&#8220;middle&#8220; background_style=&#8220;normal&#8220; el_id=&#8220;bloque-reticula-final-pagina&#8220;][vc_column width=&#8220;1\/2&#8243; css=&#8220;.vc_custom_1608282569341{border-right-width: 20px !important;background-image: url(https:\/\/casaboix.es\/wp-content\/uploads\/2020\/12\/producto33-img-adj-rgb.jpg?id=4706) !important;background-position: center !important;background-repeat: no-repeat !important;background-size: cover !important;border-right-color: #ffffff !important;border-right-style: solid !important;}&#8220; el_class=&#8220;large-push-6&#8243;][vc_empty_space height=&#8220;150px&#8220;][\/vc_column][vc_column width=&#8220;1\/2&#8243; css=&#8220;.vc_custom_1509381185928{border-right-width: 20px !important;border-bottom-width: 20px !important;border-left-width: 20px !important;padding-top: 75px !important;padding-right: 7% !important;padding-bottom: 75px !important;padding-left: 7% !important;background-color: #f2efea !important;border-left-color: #ffffff !important;border-left-style: solid !important;border-right-color: #ffffff !important;border-right-style: solid !important;border-bottom-color: #ffffff !important;border-bottom-style: solid !important;}&#8220; el_class=&#8220;large-pull-6&#8243;][vc_column_text]<\/p>\n<h2 style=\"text-align: center; font-size: 350%; font-family: Roboto; font-weight: bold; color: #4c4b4a;\">3.3<\/h2>\n<h2 style=\"text-align: center; font-family: Georgia; color: #e8b851;\">Gefl\u00fcgel-Spezialit\u00e4ten<\/h2>\n<p style=\"text-align: center;\"><span style=\"color: #808080; font-family: Roboto; font-size: 95%;\">Gekochtes Gefl\u00fcgelfleisch ist immer eine gesunde und leichte Alternative, mit der Sie etwas f\u00fcr Ihre Gesundheit tun k\u00f6nnen.<\/span><\/p>\n<p>[\/vc_column_text][vc_single_image image=&#8220;7648&#8243; img_size=&#8220;&#8220; alignment=&#8220;center&#8220; el_class=&#8220;bio-mos-img-envase-mw&#8220;][vc_btn title=&#8220;Die ganze Produktfamilie ansehen&#8220; shape=&#8220;square&#8220; color=&#8220;sandy-brown&#8220; align=&#8220;center&#8220; link=&#8220;url:https%3A%2F%2Fcasaboix.es%2Fde%2Fprodukte%2Fbio-mos%2Fgefluegel-spezialitaeten%2F&#8220; el_class=&#8220;boton-color-af8e69&#8243;][\/vc_column][\/vc_row]<\/p>\n<\/div>","protected":false},"excerpt":{"rendered":"<p>[vc_row full_width=&#8220;stretch_row_content_no_spaces&#8220; equal_height=&#8220;yes&#8220; content_placement=&#8220;top&#8220; font_color=&#8220;#ffffff&#8220; css=&#8220;.vc_custom_1608307705833{border-top-width: 20px !important;border-right-width: 20px !important;border-bottom-width: 20px !important;border-left-width: 20px !important;padding-top: 4% !important;padding-bottom: 30% !important;background-image: url(https:\/\/casaboix.es\/wp-content\/uploads\/2020\/12\/productos-bio-natura-fondo-cabecera-rgb.jpg?id=4672) !important;background-position: center !important;background-repeat: no-repeat !important;background-size: cover !important;border-left-color: #ffffff !important;border-left-style: solid !important;border-right-color: #ffffff !important;border-right-style: solid !important;border-top-color: #ffffff !important;border-top-style: solid !important;border-bottom-color: #ffffff !important;border-bottom-style: solid !important;}&#8220; background_style=&#8220;parallax&#8220;][vc_column][vc_single_image image=&#8220;7637&#8243; img_size=&#8220;140&#215;169&#8243; alignment=&#8220;center&#8220; css=&#8220;.vc_custom_1608280415674{margin-bottom: 15px !important;}&#8220;][vc_column_text] \u00d6kologisch,organisch, GVO-frei [\/vc_column_text][vc_column_text css=&#8220;.vc_custom_1619683779573{margin-bottom: 15px !important;}&#8220; [&hellip;]<\/p>\n","protected":false},"author":1,"featured_media":0,"parent":7410,"menu_order":3,"comment_status":"closed","ping_status":"closed","template":"page-full-width.php","meta":{"footnotes":""},"class_list":["post-7636","page","type-page","status-publish","hentry"],"yoast_head":"<!-- This site is optimized with the Yoast SEO Premium plugin v27.1 (Yoast SEO v27.1.1) - https:\/\/yoast.com\/product\/yoast-seo-premium-wordpress\/ -->\n<title>Bio Mos | \u00d6kologisch, organisch, frei von GVO - Casa Boix<\/title>\n<meta name=\"description\" content=\"Produkte von Puten, H\u00fchnern und Schweinen, die mit biologisch angebautem Getreide gef\u00fcttert werden und in Freilandhaltung aufwachsen. Wir machen es auf die alte Art.\" \/>\n<meta name=\"robots\" content=\"index, follow, max-snippet:-1, max-image-preview:large, max-video-preview:-1\" \/>\n<link rel=\"canonical\" href=\"https:\/\/casaboix.es\/de\/produkte\/bio-mos\/\" \/>\n<meta property=\"og:locale\" content=\"de_DE\" \/>\n<meta property=\"og:type\" content=\"article\" \/>\n<meta property=\"og:title\" content=\"Bio Mos\" \/>\n<meta property=\"og:description\" content=\"Produkte von Puten, H\u00fchnern und Schweinen, die mit biologisch angebautem Getreide gef\u00fcttert werden und in Freilandhaltung aufwachsen. Wir machen es auf die alte Art.\" \/>\n<meta property=\"og:url\" content=\"https:\/\/casaboix.es\/de\/produkte\/bio-mos\/\" \/>\n<meta property=\"og:site_name\" content=\"Casa Boix\" \/>\n<meta property=\"article:publisher\" content=\"https:\/\/www.facebook.com\/casaboix\/\" \/>\n<meta property=\"article:modified_time\" content=\"2023-06-23T09:14:32+00:00\" \/>\n<meta name=\"twitter:card\" content=\"summary_large_image\" \/>\n<meta name=\"twitter:site\" content=\"@casaboix\" \/>\n<meta name=\"twitter:label1\" content=\"Gesch\u00e4tzte Lesezeit\" \/>\n\t<meta name=\"twitter:data1\" content=\"2\u00a0Minuten\" \/>\n<script type=\"application\/ld+json\" class=\"yoast-schema-graph\">{\"@context\":\"https:\/\/schema.org\",\"@graph\":[{\"@type\":\"WebPage\",\"@id\":\"https:\/\/casaboix.es\/de\/produkte\/bio-mos\/\",\"url\":\"https:\/\/casaboix.es\/de\/produkte\/bio-mos\/\",\"name\":\"Bio Mos | \u00d6kologisch, organisch, frei von GVO - Casa Boix\",\"isPartOf\":{\"@id\":\"https:\/\/casaboix.es\/de\/#website\"},\"datePublished\":\"2020-12-18T09:04:17+00:00\",\"dateModified\":\"2023-06-23T09:14:32+00:00\",\"description\":\"Produkte von Puten, H\u00fchnern und Schweinen, die mit biologisch angebautem Getreide gef\u00fcttert werden und in Freilandhaltung aufwachsen. Wir machen es auf die alte Art.\",\"breadcrumb\":{\"@id\":\"https:\/\/casaboix.es\/de\/produkte\/bio-mos\/#breadcrumb\"},\"inLanguage\":\"de\",\"potentialAction\":[{\"@type\":\"ReadAction\",\"target\":[\"https:\/\/casaboix.es\/de\/produkte\/bio-mos\/\"]}]},{\"@type\":\"BreadcrumbList\",\"@id\":\"https:\/\/casaboix.es\/de\/produkte\/bio-mos\/#breadcrumb\",\"itemListElement\":[{\"@type\":\"ListItem\",\"position\":1,\"name\":\"Home\",\"item\":\"https:\/\/casaboix.es\/de\/\"},{\"@type\":\"ListItem\",\"position\":2,\"name\":\"Produkte\",\"item\":\"https:\/\/casaboix.es\/de\/produkte\/\"},{\"@type\":\"ListItem\",\"position\":3,\"name\":\"Bio Mos\"}]},{\"@type\":\"WebSite\",\"@id\":\"https:\/\/casaboix.es\/de\/#website\",\"url\":\"https:\/\/casaboix.es\/de\/\",\"name\":\"Casa Boix\",\"description\":\"Amor por las cosas bien hechas\",\"publisher\":{\"@id\":\"https:\/\/casaboix.es\/de\/#organization\"},\"potentialAction\":[{\"@type\":\"SearchAction\",\"target\":{\"@type\":\"EntryPoint\",\"urlTemplate\":\"https:\/\/casaboix.es\/de\/?s={search_term_string}\"},\"query-input\":{\"@type\":\"PropertyValueSpecification\",\"valueRequired\":true,\"valueName\":\"search_term_string\"}}],\"inLanguage\":\"de\"},{\"@type\":\"Organization\",\"@id\":\"https:\/\/casaboix.es\/de\/#organization\",\"name\":\"Casa Boix\",\"url\":\"https:\/\/casaboix.es\/de\/\",\"logo\":{\"@type\":\"ImageObject\",\"inLanguage\":\"de\",\"@id\":\"https:\/\/casaboix.es\/de\/#\/schema\/logo\/image\/\",\"url\":\"https:\/\/casaboix.es\/wp-content\/uploads\/2020\/10\/logo-negro.png\",\"contentUrl\":\"https:\/\/casaboix.es\/wp-content\/uploads\/2020\/10\/logo-negro.png\",\"width\":342,\"height\":44,\"caption\":\"Casa Boix\"},\"image\":{\"@id\":\"https:\/\/casaboix.es\/de\/#\/schema\/logo\/image\/\"},\"sameAs\":[\"https:\/\/www.facebook.com\/casaboix\/\",\"https:\/\/x.com\/casaboix\",\"https:\/\/www.instagram.com\/casaboix\/\",\"https:\/\/www.youtube.com\/watch?v=j22NKKL47ec\"]}]}<\/script>\n<!-- \/ Yoast SEO Premium plugin. -->","yoast_head_json":{"title":"Bio Mos | \u00d6kologisch, organisch, frei von GVO - Casa Boix","description":"Produkte von Puten, H\u00fchnern und Schweinen, die mit biologisch angebautem Getreide gef\u00fcttert werden und in Freilandhaltung aufwachsen. Wir machen es auf die alte Art.","robots":{"index":"index","follow":"follow","max-snippet":"max-snippet:-1","max-image-preview":"max-image-preview:large","max-video-preview":"max-video-preview:-1"},"canonical":"https:\/\/casaboix.es\/de\/produkte\/bio-mos\/","og_locale":"de_DE","og_type":"article","og_title":"Bio Mos","og_description":"Produkte von Puten, H\u00fchnern und Schweinen, die mit biologisch angebautem Getreide gef\u00fcttert werden und in Freilandhaltung aufwachsen. Wir machen es auf die alte Art.","og_url":"https:\/\/casaboix.es\/de\/produkte\/bio-mos\/","og_site_name":"Casa Boix","article_publisher":"https:\/\/www.facebook.com\/casaboix\/","article_modified_time":"2023-06-23T09:14:32+00:00","twitter_card":"summary_large_image","twitter_site":"@casaboix","twitter_misc":{"Gesch\u00e4tzte Lesezeit":"2\u00a0Minuten"},"schema":{"@context":"https:\/\/schema.org","@graph":[{"@type":"WebPage","@id":"https:\/\/casaboix.es\/de\/produkte\/bio-mos\/","url":"https:\/\/casaboix.es\/de\/produkte\/bio-mos\/","name":"Bio Mos | \u00d6kologisch, organisch, frei von GVO - Casa Boix","isPartOf":{"@id":"https:\/\/casaboix.es\/de\/#website"},"datePublished":"2020-12-18T09:04:17+00:00","dateModified":"2023-06-23T09:14:32+00:00","description":"Produkte von Puten, H\u00fchnern und Schweinen, die mit biologisch angebautem Getreide gef\u00fcttert werden und in Freilandhaltung aufwachsen. Wir machen es auf die alte Art.","breadcrumb":{"@id":"https:\/\/casaboix.es\/de\/produkte\/bio-mos\/#breadcrumb"},"inLanguage":"de","potentialAction":[{"@type":"ReadAction","target":["https:\/\/casaboix.es\/de\/produkte\/bio-mos\/"]}]},{"@type":"BreadcrumbList","@id":"https:\/\/casaboix.es\/de\/produkte\/bio-mos\/#breadcrumb","itemListElement":[{"@type":"ListItem","position":1,"name":"Home","item":"https:\/\/casaboix.es\/de\/"},{"@type":"ListItem","position":2,"name":"Produkte","item":"https:\/\/casaboix.es\/de\/produkte\/"},{"@type":"ListItem","position":3,"name":"Bio Mos"}]},{"@type":"WebSite","@id":"https:\/\/casaboix.es\/de\/#website","url":"https:\/\/casaboix.es\/de\/","name":"Casa Boix","description":"Amor por las cosas bien hechas","publisher":{"@id":"https:\/\/casaboix.es\/de\/#organization"},"potentialAction":[{"@type":"SearchAction","target":{"@type":"EntryPoint","urlTemplate":"https:\/\/casaboix.es\/de\/?s={search_term_string}"},"query-input":{"@type":"PropertyValueSpecification","valueRequired":true,"valueName":"search_term_string"}}],"inLanguage":"de"},{"@type":"Organization","@id":"https:\/\/casaboix.es\/de\/#organization","name":"Casa Boix","url":"https:\/\/casaboix.es\/de\/","logo":{"@type":"ImageObject","inLanguage":"de","@id":"https:\/\/casaboix.es\/de\/#\/schema\/logo\/image\/","url":"https:\/\/casaboix.es\/wp-content\/uploads\/2020\/10\/logo-negro.png","contentUrl":"https:\/\/casaboix.es\/wp-content\/uploads\/2020\/10\/logo-negro.png","width":342,"height":44,"caption":"Casa Boix"},"image":{"@id":"https:\/\/casaboix.es\/de\/#\/schema\/logo\/image\/"},"sameAs":["https:\/\/www.facebook.com\/casaboix\/","https:\/\/x.com\/casaboix","https:\/\/www.instagram.com\/casaboix\/","https:\/\/www.youtube.com\/watch?v=j22NKKL47ec"]}]}},"_links":{"self":[{"href":"https:\/\/casaboix.es\/de\/wp-json\/wp\/v2\/pages\/7636","targetHints":{"allow":["GET"]}}],"collection":[{"href":"https:\/\/casaboix.es\/de\/wp-json\/wp\/v2\/pages"}],"about":[{"href":"https:\/\/casaboix.es\/de\/wp-json\/wp\/v2\/types\/page"}],"author":[{"embeddable":true,"href":"https:\/\/casaboix.es\/de\/wp-json\/wp\/v2\/users\/1"}],"replies":[{"embeddable":true,"href":"https:\/\/casaboix.es\/de\/wp-json\/wp\/v2\/comments?post=7636"}],"version-history":[{"count":1,"href":"https:\/\/casaboix.es\/de\/wp-json\/wp\/v2\/pages\/7636\/revisions"}],"predecessor-version":[{"id":8433,"href":"https:\/\/casaboix.es\/de\/wp-json\/wp\/v2\/pages\/7636\/revisions\/8433"}],"up":[{"embeddable":true,"href":"https:\/\/casaboix.es\/de\/wp-json\/wp\/v2\/pages\/7410"}],"wp:attachment":[{"href":"https:\/\/casaboix.es\/de\/wp-json\/wp\/v2\/media?parent=7636"}],"curies":[{"name":"wp","href":"https:\/\/api.w.org\/{rel}","templated":true}]}}