{"id":7600,"date":"2020-12-17T08:30:51","date_gmt":"2020-12-17T07:30:51","guid":{"rendered":"https:\/\/casaboix.es\/produkte\/mos-natura\/"},"modified":"2025-05-16T13:18:50","modified_gmt":"2025-05-16T11:18:50","slug":"mos-natura","status":"publish","type":"page","link":"https:\/\/casaboix.es\/de\/produkte\/mos-natura\/","title":{"rendered":"Mos Natura"},"content":{"rendered":"<div class=\"wpb-content-wrapper\"><p>[vc_row full_width=&#8220;stretch_row_content_no_spaces&#8220; equal_height=&#8220;yes&#8220; content_placement=&#8220;top&#8220; font_color=&#8220;#ffffff&#8220; css=&#8220;.vc_custom_1608192873625{border-top-width: 20px !important;border-right-width: 20px !important;border-bottom-width: 20px !important;border-left-width: 20px !important;padding-top: 5% !important;padding-bottom: 30% !important;background-image: url(https:\/\/casaboix.es\/wp-content\/uploads\/2020\/12\/productos-mos-natura-fondo-cabecera-rgb.jpg?id=4590) !important;background-position: center !important;background-repeat: no-repeat !important;background-size: cover !important;border-left-color: #ffffff !important;border-left-style: solid !important;border-right-color: #ffffff !important;border-right-style: solid !important;border-top-color: #ffffff !important;border-top-style: solid !important;border-bottom-color: #ffffff !important;border-bottom-style: solid !important;}&#8220; background_style=&#8220;parallax&#8220;][vc_column][vc_single_image image=&#8220;7603&#8243; img_size=&#8220;full&#8220; alignment=&#8220;center&#8220; el_class=&#8220;logotipo-mos-natura&#8220;][vc_column_text css=&#8220;&#8220;]<\/p>\n<h1 style=\"text-align: center; color: #e8b851; font-family: Georgia; font-weight: bold;\"><span style=\"display: block; font-size: 120%;\">Ohne Zusatz von Phosphaten.<\/span><span style=\"display: block; font-size: 120%;\">Ohne Nitritp\u00f6kelsalz.<\/span><\/h1>\n<p>[\/vc_column_text][vc_column_text css=&#8220;.vc_custom_1747393718019{margin-bottom: 15px !important;padding-right: 5% !important;padding-left: 5% !important;}&#8220; el_class=&#8220;product-portfolio-subheader-text&#8220;]<\/p>\n<p style=\"text-align: center;\"><span style=\"font-family: roboto;\">Die Produkte unserer neuen Mos-Reihe werden aus ganzen, edlen St\u00fccken von Schwein, Pute und Huhn hergestellt, ohne Zusatz von Phosphaten oder nitrifizierenden Salzen und sind, wie immer bei allen Casa Boix-Produkten, allergenfrei.<\/span><\/p>\n<p>[\/vc_column_text][\/vc_column][\/vc_row][vc_row full_width=&#8220;stretch_row_content_no_spaces&#8220; equal_height=&#8220;yes&#8220; content_placement=&#8220;middle&#8220; background_style=&#8220;normal&#8220; el_id=&#8220;bloque-reticula-inicial&#8220;][vc_column width=&#8220;1\/2&#8243; css=&#8220;.vc_custom_1608195859792{border-right-width: 20px !important;background-image: url(https:\/\/casaboix.es\/wp-content\/uploads\/2020\/12\/producto21-img-adj-rgb.jpg?id=4626) !important;background-position: center !important;background-repeat: no-repeat !important;background-size: cover !important;border-right-color: #ffffff !important;border-right-style: solid !important;}&#8220; el_class=&#8220;large-push-6&#8243;][vc_empty_space height=&#8220;150px&#8220;][\/vc_column][vc_column width=&#8220;1\/2&#8243; css=&#8220;.vc_custom_1509381185928{border-right-width: 20px !important;border-bottom-width: 20px !important;border-left-width: 20px !important;padding-top: 75px !important;padding-right: 7% !important;padding-bottom: 75px !important;padding-left: 7% !important;background-color: #f2efea !important;border-left-color: #ffffff !important;border-left-style: solid !important;border-right-color: #ffffff !important;border-right-style: solid !important;border-bottom-color: #ffffff !important;border-bottom-style: solid !important;}&#8220; el_class=&#8220;large-pull-6&#8243;][vc_column_text]<\/p>\n<h2 style=\"text-align: center; font-size: 350%; font-family: Roboto; font-weight: bold; color: #4c4b4a;\">2.1<\/h2>\n<h2 style=\"text-align: center; font-family: Georgia; color: #e8b851;\">Gekochter Schinken<\/h2>\n<p style=\"text-align: center;\"><span style=\"color: #808080; font-family: Roboto; font-size: 95%;\">Die traditionellste Spezialit\u00e4t unseres Hauses. Zart und mit einem unverwechselbar urspr\u00fcnglichen Geschmack wird er aus ganzen Schweineschinken von nat\u00fcrlich gef\u00fctterten Schweinen hergestellt.<\/span><\/p>\n<p>[\/vc_column_text][vc_single_image image=&#8220;7608&#8243; img_size=&#8220;full&#8220; alignment=&#8220;center&#8220; css=&#8220;.vc_custom_1611038141305{padding-bottom: 10px !important;}&#8220; el_class=&#8220;productos-mos-natura-envase-mw&#8220;][vc_btn title=&#8220;Die ganze Produktfamilie ansehen&#8220; shape=&#8220;square&#8220; color=&#8220;sandy-brown&#8220; align=&#8220;center&#8220; link=&#8220;url:https%3A%2F%2Fcasaboix.es%2Fde%2Fprodukte%2Fmos-natura%2Fgekochter-schinken%2F&#8220; el_class=&#8220;boton-color-af8e69&#8243;][\/vc_column][\/vc_row][vc_row full_width=&#8220;stretch_row_content_no_spaces&#8220; equal_height=&#8220;yes&#8220; content_placement=&#8220;middle&#8220; background_style=&#8220;normal&#8220; el_id=&#8220;bloque-reticula-final-pagina&#8220;][vc_column width=&#8220;1\/2&#8243; css=&#8220;.vc_custom_1608199193267{border-left-width: 20px !important;background-image: url(https:\/\/casaboix.es\/wp-content\/uploads\/2020\/12\/producto22-img-adj-rgb.jpg?id=4638) !important;background-position: center !important;background-repeat: no-repeat !important;background-size: cover !important;border-left-color: #ffffff !important;border-left-style: solid !important;}&#8220;][vc_empty_space height=&#8220;150px&#8220;][\/vc_column][vc_column width=&#8220;1\/2&#8243; css=&#8220;.vc_custom_1608199200904{border-top-width: 20px !important;border-right-width: 20px !important;border-bottom-width: 20px !important;border-left-width: 20px !important;padding-top: 75px !important;padding-right: 7% !important;padding-bottom: 75px !important;padding-left: 7% !important;background-color: #f2efea !important;border-left-color: #ffffff !important;border-left-style: solid !important;border-right-color: #ffffff !important;border-right-style: solid !important;border-top-color: #ffffff !important;border-top-style: solid !important;border-bottom-color: #ffffff !important;border-bottom-style: solid !important;}&#8220;][vc_column_text]<\/p>\n<h2 style=\"text-align: center; font-size: 350%; font-family: Roboto; font-weight: bold; color: #4c4b4a;\">2.2<\/h2>\n<h2 style=\"text-align: center; font-family: Georgia; color: #e8b851;\">Puten-Spezialit\u00e4ten<\/h2>\n<p style=\"text-align: center;\"><span style=\"color: #808080; font-family: Roboto; font-size: 95%;\">Unsere Puten-Spezialit\u00e4ten waren schon immer ein Referenzprodukt. Jetzt k\u00f6nnen Sie Putenbrust und -schenkel frei von Antibiotika und Zusatzstoffen genie\u00dfen.<\/span><\/p>\n<p>[\/vc_column_text][vc_single_image image=&#8220;7609&#8243; img_size=&#8220;full&#8220; alignment=&#8220;center&#8220; css=&#8220;.vc_custom_1611038200609{padding-bottom: 10px !important;}&#8220; el_class=&#8220;productos-mos-natura-envase-mw&#8220;][vc_btn title=&#8220;Die ganze Produktfamilie ansehen&#8220; shape=&#8220;square&#8220; color=&#8220;sandy-brown&#8220; align=&#8220;center&#8220; link=&#8220;url:https%3A%2F%2Fcasaboix.es%2Fde%2Fprodukte%2Fmos-natura%2Fputen-spezialitaeten%2F&#8220; el_class=&#8220;boton-color-af8e69&#8243;][\/vc_column][\/vc_row]<\/p>\n<\/div>","protected":false},"excerpt":{"rendered":"<p>[vc_row full_width=&#8220;stretch_row_content_no_spaces&#8220; equal_height=&#8220;yes&#8220; content_placement=&#8220;top&#8220; font_color=&#8220;#ffffff&#8220; css=&#8220;.vc_custom_1608192873625{border-top-width: 20px !important;border-right-width: 20px !important;border-bottom-width: 20px !important;border-left-width: 20px !important;padding-top: 5% !important;padding-bottom: 30% !important;background-image: url(https:\/\/casaboix.es\/wp-content\/uploads\/2020\/12\/productos-mos-natura-fondo-cabecera-rgb.jpg?id=4590) !important;background-position: center !important;background-repeat: no-repeat !important;background-size: cover !important;border-left-color: #ffffff !important;border-left-style: solid !important;border-right-color: #ffffff !important;border-right-style: solid !important;border-top-color: #ffffff !important;border-top-style: solid !important;border-bottom-color: #ffffff !important;border-bottom-style: solid !important;}&#8220; background_style=&#8220;parallax&#8220;][vc_column][vc_single_image image=&#8220;7603&#8243; img_size=&#8220;full&#8220; alignment=&#8220;center&#8220; el_class=&#8220;logotipo-mos-natura&#8220;][vc_column_text css=&#8220;&#8220;] Ohne Zusatz von Phosphaten.Ohne Nitritp\u00f6kelsalz. [\/vc_column_text][vc_column_text css=&#8220;.vc_custom_1747393718019{margin-bottom: [&hellip;]<\/p>\n","protected":false},"author":1,"featured_media":0,"parent":7410,"menu_order":2,"comment_status":"closed","ping_status":"closed","template":"page-full-width.php","meta":{"footnotes":""},"class_list":["post-7600","page","type-page","status-publish","hentry"],"yoast_head":"<!-- This site is optimized with the Yoast SEO Premium plugin v27.1 (Yoast SEO v27.1.1) - https:\/\/yoast.com\/product\/yoast-seo-premium-wordpress\/ -->\n<title>Mos Natura | Unser Sortiment ohne Zusatzstoffe - Casa Boix<\/title>\n<meta name=\"description\" content=\"Mos Natura Produkte werden aus edlen Tierbestandteilen, frei von Antibiotika und ohne Zusatzstoffe hergestellt. Wir machen alles so, wie es fr\u00fcher einmal gemacht wurde.\" \/>\n<meta name=\"robots\" content=\"index, follow, max-snippet:-1, max-image-preview:large, max-video-preview:-1\" \/>\n<link rel=\"canonical\" href=\"https:\/\/casaboix.es\/de\/produkte\/mos-natura\/\" \/>\n<meta property=\"og:locale\" content=\"de_DE\" \/>\n<meta property=\"og:type\" content=\"article\" \/>\n<meta property=\"og:title\" content=\"Mos Natura\" \/>\n<meta property=\"og:description\" content=\"Mos Natura Produkte werden aus edlen Tierbestandteilen, frei von Antibiotika und ohne Zusatzstoffe hergestellt. Wir machen alles so, wie es fr\u00fcher einmal gemacht wurde.\" \/>\n<meta property=\"og:url\" content=\"https:\/\/casaboix.es\/de\/produkte\/mos-natura\/\" \/>\n<meta property=\"og:site_name\" content=\"Casa Boix\" \/>\n<meta property=\"article:publisher\" content=\"https:\/\/www.facebook.com\/casaboix\/\" \/>\n<meta property=\"article:modified_time\" content=\"2025-05-16T11:18:50+00:00\" \/>\n<meta name=\"twitter:card\" content=\"summary_large_image\" \/>\n<meta name=\"twitter:site\" content=\"@casaboix\" \/>\n<meta name=\"twitter:label1\" content=\"Gesch\u00e4tzte Lesezeit\" \/>\n\t<meta name=\"twitter:data1\" content=\"2\u00a0Minuten\" \/>\n<script type=\"application\/ld+json\" class=\"yoast-schema-graph\">{\"@context\":\"https:\/\/schema.org\",\"@graph\":[{\"@type\":\"WebPage\",\"@id\":\"https:\/\/casaboix.es\/de\/produkte\/mos-natura\/\",\"url\":\"https:\/\/casaboix.es\/de\/produkte\/mos-natura\/\",\"name\":\"Mos Natura | Unser Sortiment ohne Zusatzstoffe - Casa Boix\",\"isPartOf\":{\"@id\":\"https:\/\/casaboix.es\/de\/#website\"},\"datePublished\":\"2020-12-17T07:30:51+00:00\",\"dateModified\":\"2025-05-16T11:18:50+00:00\",\"description\":\"Mos Natura Produkte werden aus edlen Tierbestandteilen, frei von Antibiotika und ohne Zusatzstoffe hergestellt. Wir machen alles so, wie es fr\u00fcher einmal gemacht wurde.\",\"breadcrumb\":{\"@id\":\"https:\/\/casaboix.es\/de\/produkte\/mos-natura\/#breadcrumb\"},\"inLanguage\":\"de\",\"potentialAction\":[{\"@type\":\"ReadAction\",\"target\":[\"https:\/\/casaboix.es\/de\/produkte\/mos-natura\/\"]}]},{\"@type\":\"BreadcrumbList\",\"@id\":\"https:\/\/casaboix.es\/de\/produkte\/mos-natura\/#breadcrumb\",\"itemListElement\":[{\"@type\":\"ListItem\",\"position\":1,\"name\":\"Home\",\"item\":\"https:\/\/casaboix.es\/de\/\"},{\"@type\":\"ListItem\",\"position\":2,\"name\":\"Produkte\",\"item\":\"https:\/\/casaboix.es\/de\/produkte\/\"},{\"@type\":\"ListItem\",\"position\":3,\"name\":\"Mos Natura\"}]},{\"@type\":\"WebSite\",\"@id\":\"https:\/\/casaboix.es\/de\/#website\",\"url\":\"https:\/\/casaboix.es\/de\/\",\"name\":\"Casa Boix\",\"description\":\"Amor por las cosas bien hechas\",\"publisher\":{\"@id\":\"https:\/\/casaboix.es\/de\/#organization\"},\"potentialAction\":[{\"@type\":\"SearchAction\",\"target\":{\"@type\":\"EntryPoint\",\"urlTemplate\":\"https:\/\/casaboix.es\/de\/?s={search_term_string}\"},\"query-input\":{\"@type\":\"PropertyValueSpecification\",\"valueRequired\":true,\"valueName\":\"search_term_string\"}}],\"inLanguage\":\"de\"},{\"@type\":\"Organization\",\"@id\":\"https:\/\/casaboix.es\/de\/#organization\",\"name\":\"Casa Boix\",\"url\":\"https:\/\/casaboix.es\/de\/\",\"logo\":{\"@type\":\"ImageObject\",\"inLanguage\":\"de\",\"@id\":\"https:\/\/casaboix.es\/de\/#\/schema\/logo\/image\/\",\"url\":\"https:\/\/casaboix.es\/wp-content\/uploads\/2020\/10\/logo-negro.png\",\"contentUrl\":\"https:\/\/casaboix.es\/wp-content\/uploads\/2020\/10\/logo-negro.png\",\"width\":342,\"height\":44,\"caption\":\"Casa Boix\"},\"image\":{\"@id\":\"https:\/\/casaboix.es\/de\/#\/schema\/logo\/image\/\"},\"sameAs\":[\"https:\/\/www.facebook.com\/casaboix\/\",\"https:\/\/x.com\/casaboix\",\"https:\/\/www.instagram.com\/casaboix\/\",\"https:\/\/www.youtube.com\/watch?v=j22NKKL47ec\"]}]}<\/script>\n<!-- \/ Yoast SEO Premium plugin. -->","yoast_head_json":{"title":"Mos Natura | Unser Sortiment ohne Zusatzstoffe - Casa Boix","description":"Mos Natura Produkte werden aus edlen Tierbestandteilen, frei von Antibiotika und ohne Zusatzstoffe hergestellt. Wir machen alles so, wie es fr\u00fcher einmal gemacht wurde.","robots":{"index":"index","follow":"follow","max-snippet":"max-snippet:-1","max-image-preview":"max-image-preview:large","max-video-preview":"max-video-preview:-1"},"canonical":"https:\/\/casaboix.es\/de\/produkte\/mos-natura\/","og_locale":"de_DE","og_type":"article","og_title":"Mos Natura","og_description":"Mos Natura Produkte werden aus edlen Tierbestandteilen, frei von Antibiotika und ohne Zusatzstoffe hergestellt. Wir machen alles so, wie es fr\u00fcher einmal gemacht wurde.","og_url":"https:\/\/casaboix.es\/de\/produkte\/mos-natura\/","og_site_name":"Casa Boix","article_publisher":"https:\/\/www.facebook.com\/casaboix\/","article_modified_time":"2025-05-16T11:18:50+00:00","twitter_card":"summary_large_image","twitter_site":"@casaboix","twitter_misc":{"Gesch\u00e4tzte Lesezeit":"2\u00a0Minuten"},"schema":{"@context":"https:\/\/schema.org","@graph":[{"@type":"WebPage","@id":"https:\/\/casaboix.es\/de\/produkte\/mos-natura\/","url":"https:\/\/casaboix.es\/de\/produkte\/mos-natura\/","name":"Mos Natura | Unser Sortiment ohne Zusatzstoffe - Casa Boix","isPartOf":{"@id":"https:\/\/casaboix.es\/de\/#website"},"datePublished":"2020-12-17T07:30:51+00:00","dateModified":"2025-05-16T11:18:50+00:00","description":"Mos Natura Produkte werden aus edlen Tierbestandteilen, frei von Antibiotika und ohne Zusatzstoffe hergestellt. Wir machen alles so, wie es fr\u00fcher einmal gemacht wurde.","breadcrumb":{"@id":"https:\/\/casaboix.es\/de\/produkte\/mos-natura\/#breadcrumb"},"inLanguage":"de","potentialAction":[{"@type":"ReadAction","target":["https:\/\/casaboix.es\/de\/produkte\/mos-natura\/"]}]},{"@type":"BreadcrumbList","@id":"https:\/\/casaboix.es\/de\/produkte\/mos-natura\/#breadcrumb","itemListElement":[{"@type":"ListItem","position":1,"name":"Home","item":"https:\/\/casaboix.es\/de\/"},{"@type":"ListItem","position":2,"name":"Produkte","item":"https:\/\/casaboix.es\/de\/produkte\/"},{"@type":"ListItem","position":3,"name":"Mos Natura"}]},{"@type":"WebSite","@id":"https:\/\/casaboix.es\/de\/#website","url":"https:\/\/casaboix.es\/de\/","name":"Casa Boix","description":"Amor por las cosas bien hechas","publisher":{"@id":"https:\/\/casaboix.es\/de\/#organization"},"potentialAction":[{"@type":"SearchAction","target":{"@type":"EntryPoint","urlTemplate":"https:\/\/casaboix.es\/de\/?s={search_term_string}"},"query-input":{"@type":"PropertyValueSpecification","valueRequired":true,"valueName":"search_term_string"}}],"inLanguage":"de"},{"@type":"Organization","@id":"https:\/\/casaboix.es\/de\/#organization","name":"Casa Boix","url":"https:\/\/casaboix.es\/de\/","logo":{"@type":"ImageObject","inLanguage":"de","@id":"https:\/\/casaboix.es\/de\/#\/schema\/logo\/image\/","url":"https:\/\/casaboix.es\/wp-content\/uploads\/2020\/10\/logo-negro.png","contentUrl":"https:\/\/casaboix.es\/wp-content\/uploads\/2020\/10\/logo-negro.png","width":342,"height":44,"caption":"Casa Boix"},"image":{"@id":"https:\/\/casaboix.es\/de\/#\/schema\/logo\/image\/"},"sameAs":["https:\/\/www.facebook.com\/casaboix\/","https:\/\/x.com\/casaboix","https:\/\/www.instagram.com\/casaboix\/","https:\/\/www.youtube.com\/watch?v=j22NKKL47ec"]}]}},"_links":{"self":[{"href":"https:\/\/casaboix.es\/de\/wp-json\/wp\/v2\/pages\/7600","targetHints":{"allow":["GET"]}}],"collection":[{"href":"https:\/\/casaboix.es\/de\/wp-json\/wp\/v2\/pages"}],"about":[{"href":"https:\/\/casaboix.es\/de\/wp-json\/wp\/v2\/types\/page"}],"author":[{"embeddable":true,"href":"https:\/\/casaboix.es\/de\/wp-json\/wp\/v2\/users\/1"}],"replies":[{"embeddable":true,"href":"https:\/\/casaboix.es\/de\/wp-json\/wp\/v2\/comments?post=7600"}],"version-history":[{"count":2,"href":"https:\/\/casaboix.es\/de\/wp-json\/wp\/v2\/pages\/7600\/revisions"}],"predecessor-version":[{"id":9071,"href":"https:\/\/casaboix.es\/de\/wp-json\/wp\/v2\/pages\/7600\/revisions\/9071"}],"up":[{"embeddable":true,"href":"https:\/\/casaboix.es\/de\/wp-json\/wp\/v2\/pages\/7410"}],"wp:attachment":[{"href":"https:\/\/casaboix.es\/de\/wp-json\/wp\/v2\/media?parent=7600"}],"curies":[{"name":"wp","href":"https:\/\/api.w.org\/{rel}","templated":true}]}}