{"id":7567,"date":"2020-12-28T07:16:41","date_gmt":"2020-12-28T06:16:41","guid":{"rendered":"https:\/\/casaboix.es\/produkte\/casa-boix\/bacon\/"},"modified":"2021-04-16T06:30:11","modified_gmt":"2021-04-16T04:30:11","slug":"speck","status":"publish","type":"page","link":"https:\/\/casaboix.es\/de\/produkte\/casa-boix\/speck\/","title":{"rendered":"Speck"},"content":{"rendered":"<div class=\"wpb-content-wrapper\"><p>[vc_row full_width=&#8220;stretch_row_content_no_spaces&#8220; font_color=&#8220;#ffffff&#8220; css=&#8220;.vc_custom_1611043656832{background-image: url(https:\/\/casaboix.es\/wp-content\/uploads\/2021\/01\/productos-casa-boix-bacon-cabecera-am.jpg?id=5626) !important;background-position: center !important;background-repeat: no-repeat !important;background-size: cover !important;}&#8220; background_style=&#8220;parallax&#8220;][vc_column][vc_empty_space height=&#8220;400px&#8220;][\/vc_column][\/vc_row][vc_row css=&#8220;.vc_custom_1607234259350{padding-top: 50px !important;padding-right: 22% !important;padding-left: 22% !important;}&#8220;][vc_column][vc_column_text]<\/p>\n<h2 style=\"text-align: center; height: 40px; margin-bottom: 0px;\"><span style=\"color: #4c4b4a;\"><span style=\"font-size: 50%; font-family: 'Roboto'; font-weight: 800; text-transform: uppercase;\">Casa Boix<\/span><\/span><\/h2>\n<h2 style=\"text-align: center;\"><span style=\"color: #e8b851; font-size: 150%; font-family: 'Georgia';\">Speck<\/span><\/h2>\n<p style=\"text-align: center; margin-bottom: 0px !important;\"><span style=\"color: #808080; font-size: 90%; font-family: 'Roboto';\">R\u00fcckkehr zur Urspr\u00fcnglichkeit mit einer leicht rauchigen Note.<\/span><\/p>\n<p style=\"max-width: 800px; text-align: center; margin: 0 auto; margin-bottom: 20px;\"><span style=\"color: #808080; font-size: 90%; font-family: 'Roboto';\">Ausgew\u00e4hlte St\u00fccke von h\u00f6chster Qualit\u00e4t, die nach traditionellen Rezepten hergestellt werden und einen feinen nat\u00fcrlichen Rauchgeschmack aufweisen.<\/span><\/p>\n<p style=\"max-width: 800px; text-align: center; margin: 0 auto; margin-bottom: 20px;\"><span style=\"color: #808080; font-size: 90%; font-family: 'Roboto'; font-weight: bold;\">Entdecken Sie unseren Speck in seiner ganzen Vielfalt:<\/span><\/p>\n<p>[\/vc_column_text][\/vc_column][\/vc_row][vc_row gap=&#8220;10&#8243; equal_height=&#8220;yes&#8220; content_placement=&#8220;middle&#8220; el_class=&#8220;bloque-ficha-tecnica-producto&#8220;][vc_column width=&#8220;1\/2&#8243; css=&#8220;.vc_custom_1606719872878{background-color: #f1efe9 !important;}&#8220;][vc_single_image image=&#8220;7572&#8243; img_size=&#8220;full&#8220; alignment=&#8220;center&#8220; el_class=&#8220;productos-casa-boix-jamon-cocido-imagen-izq-max-width&#8220; css=&#8220;.vc_custom_1611043761148{padding-right: 5% !important;padding-left: 5% !important;}&#8220;][\/vc_column][vc_column width=&#8220;1\/2&#8243; css=&#8220;.vc_custom_1607167253767{background-color: #f1efe9 !important;}&#8220; el_class=&#8220;ficha-tecnica-col-der&#8220;][vc_single_image image=&#8220;7571&#8243; img_size=&#8220;full&#8220; alignment=&#8220;center&#8220; el_class=&#8220;productos-casa-boix-jamon-cocido-imagen-der-max-width&#8220; css=&#8220;.vc_custom_1611043982330{padding-right: 20% !important;padding-left: 20% !important;}&#8220;][vc_column_text]<\/p>\n<h3 style=\"text-align: center; margin-bottom: 0px;\"><span style=\"display: block; color: #4c4c4b; font-size: 90%; font-family: 'Georgia'; line-height: 28px; padding: 0px 20px;\">Gekochter und ger\u00e4ucherter Speck<\/span><\/h3>\n<p style=\"text-align: center;\"><span style=\"color: #4c4c4b; font-family: 'Roboto'; font-size: 14px; font-weight: bold;\">Ref. 1401 &#8211; 2,7 Kg<\/span><\/p>\n<p style=\"margin-bottom: 3px !important; text-align: center; font-size: 80%;\">Energiewert: 1109 KJ \/ 264 kcal.<\/p>\n<p style=\"margin-bottom: 3px !important; text-align: center; font-size: 80%;\">Fette: 21,2 g., davon ges\u00e4ttigte Fetts\u00e4uren: 1,1 g.<\/p>\n<p style=\"margin-bottom: 3px !important; text-align: center; font-size: 80%;\">Kohlenhydrate: &lt; 1 g. davon Zucker: &lt;0,5 g.<\/p>\n<p style=\"margin-bottom: 3px !important; text-align: center; font-size: 80%;\">Eiwei\u00dfe: 17,5 g. Salz: 1,5 g.<\/p>\n<div id=\"gtx-trans\" style=\"position: absolute; left: 134px; top: -5.28125px;\">\n<div class=\"gtx-trans-icon\"><\/div>\n<\/div>\n<p>[\/vc_column_text][\/vc_column][\/vc_row][vc_row gap=&#8220;10&#8243; equal_height=&#8220;yes&#8220; content_placement=&#8220;middle&#8220; el_class=&#8220;bloque-ficha-tecnica-producto&#8220; css=&#8220;.vc_custom_1607234412103{margin-top: 50px !important;}&#8220;][vc_column width=&#8220;1\/2&#8243; css=&#8220;.vc_custom_1606719872878{background-color: #f1efe9 !important;}&#8220;][vc_single_image image=&#8220;7574&#8243; img_size=&#8220;full&#8220; alignment=&#8220;center&#8220; el_class=&#8220;productos-casa-boix-jamon-cocido-imagen-izq-max-width&#8220; css=&#8220;.vc_custom_1611043890815{padding-right: 5% !important;padding-left: 5% !important;}&#8220;][\/vc_column][vc_column width=&#8220;1\/2&#8243; css=&#8220;.vc_custom_1607167253767{background-color: #f1efe9 !important;}&#8220; el_class=&#8220;ficha-tecnica-col-der&#8220;][vc_single_image image=&#8220;7573&#8243; img_size=&#8220;full&#8220; alignment=&#8220;center&#8220; el_class=&#8220;productos-casa-boix-jamon-cocido-imagen-der-max-width&#8220; css=&#8220;.vc_custom_1611043952010{padding-right: 20% !important;padding-left: 20% !important;}&#8220;][vc_column_text]<\/p>\n<h3 style=\"text-align: center; margin-bottom: 0px;\"><span style=\"display: block; color: #4c4c4b; font-size: 90%; font-family: 'Georgia'; line-height: 28px; padding: 0px 20px;\">Gekochter und ger\u00e4ucherter Speck<\/span><\/h3>\n<p style=\"text-align: center;\"><span style=\"color: #4c4c4b; font-family: 'Roboto'; font-size: 14px; font-weight: bold;\">Ref. 1402 &#8211; 1,8 Kg<\/span><\/p>\n<p style=\"margin-bottom: 3px !important; text-align: center; font-size: 80%;\">Energiewert: 1109 KJ \/ 264 kcal.<\/p>\n<p style=\"margin-bottom: 3px !important; text-align: center; font-size: 80%;\">Fette: 21,2 g., davon ges\u00e4ttigte Fetts\u00e4uren: 1,1 g.<\/p>\n<p style=\"margin-bottom: 3px !important; text-align: center; font-size: 80%;\">Kohlenhydrate: &lt;1 g. davon Zucker: &lt;0,5 g.<\/p>\n<p style=\"margin-bottom: 3px !important; text-align: center; font-size: 80%;\">Eiwei\u00dfe: 17,5 g. Salz: 1,5 g.<\/p>\n<div id=\"gtx-trans\" style=\"position: absolute; left: 194px; top: 216.109px;\">\n<div class=\"gtx-trans-icon\"><\/div>\n<\/div>\n<p>[\/vc_column_text][\/vc_column][\/vc_row][vc_row gap=&#8220;10&#8243; equal_height=&#8220;yes&#8220; content_placement=&#8220;middle&#8220; el_class=&#8220;bloque-ficha-tecnica-producto&#8220; css=&#8220;.vc_custom_1607234412103{margin-top: 50px !important;}&#8220;][vc_column width=&#8220;1\/2&#8243; css=&#8220;.vc_custom_1606719872878{background-color: #f1efe9 !important;}&#8220;][vc_single_image image=&#8220;7576&#8243; img_size=&#8220;full&#8220; alignment=&#8220;center&#8220; el_class=&#8220;productos-casa-boix-jamon-cocido-imagen-izq-max-width&#8220; css=&#8220;.vc_custom_1611044123824{padding-right: 5% !important;padding-left: 5% !important;}&#8220;][\/vc_column][vc_column width=&#8220;1\/2&#8243; css=&#8220;.vc_custom_1607167253767{background-color: #f1efe9 !important;}&#8220; el_class=&#8220;ficha-tecnica-col-der&#8220;][vc_single_image image=&#8220;7575&#8243; img_size=&#8220;full&#8220; alignment=&#8220;center&#8220; el_class=&#8220;productos-casa-boix-jamon-cocido-imagen-der-max-width&#8220; css=&#8220;.vc_custom_1611044101169{padding-right: 20% !important;padding-left: 20% !important;}&#8220;][vc_column_text]<\/p>\n<h3 style=\"text-align: center; margin-bottom: 0px;\"><span style=\"display: block; color: #4c4c4b; font-size: 90%; font-family: 'Georgia'; line-height: 28px; padding: 0px 20px;\">Gekochtes und ger\u00e4uchertes Kotelett<\/span><\/h3>\n<p style=\"text-align: center;\"><span style=\"color: #4c4c4b; font-family: 'Roboto'; font-size: 14px; font-weight: bold;\">Ref. 1205 &#8211; 2,5 Kg<\/span><\/p>\n<p style=\"margin-bottom: 3px !important; text-align: center; font-size: 80%;\">Energiewert: 512 KJ \/ 122 kcal.<\/p>\n<p style=\"margin-bottom: 3px !important; text-align: center; font-size: 80%;\">Fette: 3,5 g., davon ges\u00e4ttigte Fetts\u00e4uren: 1,19 g.<\/p>\n<p style=\"margin-bottom: 3px !important; text-align: center; font-size: 80%;\">Kohlenhydrate: &lt;1 g. davon Zucker: &lt;0,5 g.<\/p>\n<p style=\"margin-bottom: 3px !important; text-align: center; font-size: 80%;\">Eiwei\u00dfe: 19 g. Salz: 1,7 g.<\/p>\n<div id=\"gtx-trans\" style=\"position: absolute; left: 203px; top: 172.109px;\">\n<div class=\"gtx-trans-icon\"><\/div>\n<\/div>\n<p>[\/vc_column_text][\/vc_column][\/vc_row][vc_row css=&#8220;.vc_custom_1609051284072{margin-top: 100px !important;margin-bottom: 30px !important;}&#8220;][vc_column][vc_separator][\/vc_column][\/vc_row][vc_row css=&#8220;.vc_custom_1609051319452{margin-right: 5% !important;margin-left: 5% !important;}&#8220;][vc_column width=&#8220;1\/2&#8243;][vc_column_text]<\/p>\n<p style=\"text-align: left; font-family: Georgia;\"><span class=\"productos-bottom-links-prev\"><a href=\"https:\/\/casaboix.es\/de\/produkte\/casa-boix\/iberico-spezialitaeten\/\">Ib\u00e9rico-Spezialit\u00e4ten<\/a><\/span><\/p>\n<p>[\/vc_column_text][\/vc_column][vc_column width=&#8220;1\/2&#8243;][vc_column_text]<\/p>\n<p style=\"text-align: right; font-family: Georgia;\"><span class=\"productos-bottom-links-next\"><a href=\"https:\/\/casaboix.es\/de\/produkte\/casa-boix\/puten-spezialitaeten\/\">Puten-Spezialit\u00e4ten<\/a><\/span><\/p>\n<p>[\/vc_column_text][\/vc_column][\/vc_row]<\/p>\n<\/div>","protected":false},"excerpt":{"rendered":"<p>[vc_row full_width=&#8220;stretch_row_content_no_spaces&#8220; font_color=&#8220;#ffffff&#8220; css=&#8220;.vc_custom_1611043656832{background-image: url(https:\/\/casaboix.es\/wp-content\/uploads\/2021\/01\/productos-casa-boix-bacon-cabecera-am.jpg?id=5626) !important;background-position: center !important;background-repeat: no-repeat !important;background-size: cover !important;}&#8220; background_style=&#8220;parallax&#8220;][vc_column][vc_empty_space height=&#8220;400px&#8220;][\/vc_column][\/vc_row][vc_row css=&#8220;.vc_custom_1607234259350{padding-top: 50px !important;padding-right: 22% !important;padding-left: 22% !important;}&#8220;][vc_column][vc_column_text] Casa Boix Speck R\u00fcckkehr zur Urspr\u00fcnglichkeit mit einer leicht rauchigen Note. Ausgew\u00e4hlte St\u00fccke von h\u00f6chster Qualit\u00e4t, die nach traditionellen Rezepten hergestellt werden und einen feinen nat\u00fcrlichen Rauchgeschmack aufweisen. Entdecken Sie unseren Speck in seiner [&hellip;]<\/p>\n","protected":false},"author":1,"featured_media":0,"parent":7429,"menu_order":4,"comment_status":"closed","ping_status":"closed","template":"page-full-width.php","meta":{"footnotes":""},"class_list":["post-7567","page","type-page","status-publish","hentry"],"yoast_head":"<!-- This site is optimized with the Yoast SEO Premium plugin v27.1 (Yoast SEO v27.1.1) - https:\/\/yoast.com\/product\/yoast-seo-premium-wordpress\/ -->\n<title>Speck - Casa Boix<\/title>\n<meta name=\"robots\" content=\"index, follow, max-snippet:-1, max-image-preview:large, max-video-preview:-1\" \/>\n<link rel=\"canonical\" href=\"https:\/\/casaboix.es\/de\/produkte\/casa-boix\/speck\/\" \/>\n<meta property=\"og:locale\" content=\"de_DE\" \/>\n<meta property=\"og:type\" content=\"article\" \/>\n<meta property=\"og:title\" content=\"Speck\" \/>\n<meta property=\"og:description\" content=\"[vc_row full_width=&#8220;stretch_row_content_no_spaces&#8220; font_color=&#8220;#ffffff&#8220; css=&#8220;.vc_custom_1611043656832{background-image: url(https:\/\/casaboix.es\/wp-content\/uploads\/2021\/01\/productos-casa-boix-bacon-cabecera-am.jpg?id=5626) !important;background-position: center !important;background-repeat: no-repeat !important;background-size: cover !important;}&#8220; background_style=&#8220;parallax&#8220;][vc_column][vc_empty_space height=&#8220;400px&#8220;][\/vc_column][\/vc_row][vc_row css=&#8220;.vc_custom_1607234259350{padding-top: 50px !important;padding-right: 22% !important;padding-left: 22% !important;}&#8220;][vc_column][vc_column_text] Casa Boix Speck R\u00fcckkehr zur Urspr\u00fcnglichkeit mit einer leicht rauchigen Note. Ausgew\u00e4hlte St\u00fccke von h\u00f6chster Qualit\u00e4t, die nach traditionellen Rezepten hergestellt werden und einen feinen nat\u00fcrlichen Rauchgeschmack aufweisen. Entdecken Sie unseren Speck in seiner [&hellip;]\" \/>\n<meta property=\"og:url\" content=\"https:\/\/casaboix.es\/de\/produkte\/casa-boix\/speck\/\" \/>\n<meta property=\"og:site_name\" content=\"Casa Boix\" \/>\n<meta property=\"article:publisher\" content=\"https:\/\/www.facebook.com\/casaboix\/\" \/>\n<meta property=\"article:modified_time\" content=\"2021-04-16T04:30:11+00:00\" \/>\n<meta name=\"twitter:card\" content=\"summary_large_image\" \/>\n<meta name=\"twitter:site\" content=\"@casaboix\" \/>\n<meta name=\"twitter:label1\" content=\"Gesch\u00e4tzte Lesezeit\" \/>\n\t<meta name=\"twitter:data1\" content=\"2\u00a0Minuten\" \/>\n<script type=\"application\/ld+json\" class=\"yoast-schema-graph\">{\"@context\":\"https:\/\/schema.org\",\"@graph\":[{\"@type\":\"WebPage\",\"@id\":\"https:\/\/casaboix.es\/de\/produkte\/casa-boix\/speck\/\",\"url\":\"https:\/\/casaboix.es\/de\/produkte\/casa-boix\/speck\/\",\"name\":\"Speck - Casa Boix\",\"isPartOf\":{\"@id\":\"https:\/\/casaboix.es\/de\/#website\"},\"datePublished\":\"2020-12-28T06:16:41+00:00\",\"dateModified\":\"2021-04-16T04:30:11+00:00\",\"breadcrumb\":{\"@id\":\"https:\/\/casaboix.es\/de\/produkte\/casa-boix\/speck\/#breadcrumb\"},\"inLanguage\":\"de\",\"potentialAction\":[{\"@type\":\"ReadAction\",\"target\":[\"https:\/\/casaboix.es\/de\/produkte\/casa-boix\/speck\/\"]}]},{\"@type\":\"BreadcrumbList\",\"@id\":\"https:\/\/casaboix.es\/de\/produkte\/casa-boix\/speck\/#breadcrumb\",\"itemListElement\":[{\"@type\":\"ListItem\",\"position\":1,\"name\":\"Home\",\"item\":\"https:\/\/casaboix.es\/de\/\"},{\"@type\":\"ListItem\",\"position\":2,\"name\":\"Produkte\",\"item\":\"https:\/\/casaboix.es\/de\/produkte\/\"},{\"@type\":\"ListItem\",\"position\":3,\"name\":\"Casa Boix\",\"item\":\"https:\/\/casaboix.es\/de\/produkte\/casa-boix\/\"},{\"@type\":\"ListItem\",\"position\":4,\"name\":\"Speck\"}]},{\"@type\":\"WebSite\",\"@id\":\"https:\/\/casaboix.es\/de\/#website\",\"url\":\"https:\/\/casaboix.es\/de\/\",\"name\":\"Casa Boix\",\"description\":\"Amor por las cosas bien hechas\",\"publisher\":{\"@id\":\"https:\/\/casaboix.es\/de\/#organization\"},\"potentialAction\":[{\"@type\":\"SearchAction\",\"target\":{\"@type\":\"EntryPoint\",\"urlTemplate\":\"https:\/\/casaboix.es\/de\/?s={search_term_string}\"},\"query-input\":{\"@type\":\"PropertyValueSpecification\",\"valueRequired\":true,\"valueName\":\"search_term_string\"}}],\"inLanguage\":\"de\"},{\"@type\":\"Organization\",\"@id\":\"https:\/\/casaboix.es\/de\/#organization\",\"name\":\"Casa Boix\",\"url\":\"https:\/\/casaboix.es\/de\/\",\"logo\":{\"@type\":\"ImageObject\",\"inLanguage\":\"de\",\"@id\":\"https:\/\/casaboix.es\/de\/#\/schema\/logo\/image\/\",\"url\":\"https:\/\/casaboix.es\/wp-content\/uploads\/2020\/10\/logo-negro.png\",\"contentUrl\":\"https:\/\/casaboix.es\/wp-content\/uploads\/2020\/10\/logo-negro.png\",\"width\":342,\"height\":44,\"caption\":\"Casa Boix\"},\"image\":{\"@id\":\"https:\/\/casaboix.es\/de\/#\/schema\/logo\/image\/\"},\"sameAs\":[\"https:\/\/www.facebook.com\/casaboix\/\",\"https:\/\/x.com\/casaboix\",\"https:\/\/www.instagram.com\/casaboix\/\",\"https:\/\/www.youtube.com\/watch?v=j22NKKL47ec\"]}]}<\/script>\n<!-- \/ Yoast SEO Premium plugin. -->","yoast_head_json":{"title":"Speck - Casa Boix","robots":{"index":"index","follow":"follow","max-snippet":"max-snippet:-1","max-image-preview":"max-image-preview:large","max-video-preview":"max-video-preview:-1"},"canonical":"https:\/\/casaboix.es\/de\/produkte\/casa-boix\/speck\/","og_locale":"de_DE","og_type":"article","og_title":"Speck","og_description":"[vc_row full_width=&#8220;stretch_row_content_no_spaces&#8220; font_color=&#8220;#ffffff&#8220; css=&#8220;.vc_custom_1611043656832{background-image: url(https:\/\/casaboix.es\/wp-content\/uploads\/2021\/01\/productos-casa-boix-bacon-cabecera-am.jpg?id=5626) !important;background-position: center !important;background-repeat: no-repeat !important;background-size: cover !important;}&#8220; background_style=&#8220;parallax&#8220;][vc_column][vc_empty_space height=&#8220;400px&#8220;][\/vc_column][\/vc_row][vc_row css=&#8220;.vc_custom_1607234259350{padding-top: 50px !important;padding-right: 22% !important;padding-left: 22% !important;}&#8220;][vc_column][vc_column_text] Casa Boix Speck R\u00fcckkehr zur Urspr\u00fcnglichkeit mit einer leicht rauchigen Note. Ausgew\u00e4hlte St\u00fccke von h\u00f6chster Qualit\u00e4t, die nach traditionellen Rezepten hergestellt werden und einen feinen nat\u00fcrlichen Rauchgeschmack aufweisen. Entdecken Sie unseren Speck in seiner [&hellip;]","og_url":"https:\/\/casaboix.es\/de\/produkte\/casa-boix\/speck\/","og_site_name":"Casa Boix","article_publisher":"https:\/\/www.facebook.com\/casaboix\/","article_modified_time":"2021-04-16T04:30:11+00:00","twitter_card":"summary_large_image","twitter_site":"@casaboix","twitter_misc":{"Gesch\u00e4tzte Lesezeit":"2\u00a0Minuten"},"schema":{"@context":"https:\/\/schema.org","@graph":[{"@type":"WebPage","@id":"https:\/\/casaboix.es\/de\/produkte\/casa-boix\/speck\/","url":"https:\/\/casaboix.es\/de\/produkte\/casa-boix\/speck\/","name":"Speck - Casa Boix","isPartOf":{"@id":"https:\/\/casaboix.es\/de\/#website"},"datePublished":"2020-12-28T06:16:41+00:00","dateModified":"2021-04-16T04:30:11+00:00","breadcrumb":{"@id":"https:\/\/casaboix.es\/de\/produkte\/casa-boix\/speck\/#breadcrumb"},"inLanguage":"de","potentialAction":[{"@type":"ReadAction","target":["https:\/\/casaboix.es\/de\/produkte\/casa-boix\/speck\/"]}]},{"@type":"BreadcrumbList","@id":"https:\/\/casaboix.es\/de\/produkte\/casa-boix\/speck\/#breadcrumb","itemListElement":[{"@type":"ListItem","position":1,"name":"Home","item":"https:\/\/casaboix.es\/de\/"},{"@type":"ListItem","position":2,"name":"Produkte","item":"https:\/\/casaboix.es\/de\/produkte\/"},{"@type":"ListItem","position":3,"name":"Casa Boix","item":"https:\/\/casaboix.es\/de\/produkte\/casa-boix\/"},{"@type":"ListItem","position":4,"name":"Speck"}]},{"@type":"WebSite","@id":"https:\/\/casaboix.es\/de\/#website","url":"https:\/\/casaboix.es\/de\/","name":"Casa Boix","description":"Amor por las cosas bien hechas","publisher":{"@id":"https:\/\/casaboix.es\/de\/#organization"},"potentialAction":[{"@type":"SearchAction","target":{"@type":"EntryPoint","urlTemplate":"https:\/\/casaboix.es\/de\/?s={search_term_string}"},"query-input":{"@type":"PropertyValueSpecification","valueRequired":true,"valueName":"search_term_string"}}],"inLanguage":"de"},{"@type":"Organization","@id":"https:\/\/casaboix.es\/de\/#organization","name":"Casa Boix","url":"https:\/\/casaboix.es\/de\/","logo":{"@type":"ImageObject","inLanguage":"de","@id":"https:\/\/casaboix.es\/de\/#\/schema\/logo\/image\/","url":"https:\/\/casaboix.es\/wp-content\/uploads\/2020\/10\/logo-negro.png","contentUrl":"https:\/\/casaboix.es\/wp-content\/uploads\/2020\/10\/logo-negro.png","width":342,"height":44,"caption":"Casa Boix"},"image":{"@id":"https:\/\/casaboix.es\/de\/#\/schema\/logo\/image\/"},"sameAs":["https:\/\/www.facebook.com\/casaboix\/","https:\/\/x.com\/casaboix","https:\/\/www.instagram.com\/casaboix\/","https:\/\/www.youtube.com\/watch?v=j22NKKL47ec"]}]}},"_links":{"self":[{"href":"https:\/\/casaboix.es\/de\/wp-json\/wp\/v2\/pages\/7567","targetHints":{"allow":["GET"]}}],"collection":[{"href":"https:\/\/casaboix.es\/de\/wp-json\/wp\/v2\/pages"}],"about":[{"href":"https:\/\/casaboix.es\/de\/wp-json\/wp\/v2\/types\/page"}],"author":[{"embeddable":true,"href":"https:\/\/casaboix.es\/de\/wp-json\/wp\/v2\/users\/1"}],"replies":[{"embeddable":true,"href":"https:\/\/casaboix.es\/de\/wp-json\/wp\/v2\/comments?post=7567"}],"version-history":[{"count":0,"href":"https:\/\/casaboix.es\/de\/wp-json\/wp\/v2\/pages\/7567\/revisions"}],"up":[{"embeddable":true,"href":"https:\/\/casaboix.es\/de\/wp-json\/wp\/v2\/pages\/7429"}],"wp:attachment":[{"href":"https:\/\/casaboix.es\/de\/wp-json\/wp\/v2\/media?parent=7567"}],"curies":[{"name":"wp","href":"https:\/\/api.w.org\/{rel}","templated":true}]}}