{"id":7534,"date":"2020-12-23T10:03:48","date_gmt":"2020-12-23T09:03:48","guid":{"rendered":"https:\/\/casaboix.es\/produkte\/casa-boix\/jamon-ahumado-y-lacon\/"},"modified":"2021-04-16T06:26:35","modified_gmt":"2021-04-16T04:26:35","slug":"geraeucherter-schinken-und-lacon-vorderlauf","status":"publish","type":"page","link":"https:\/\/casaboix.es\/de\/produkte\/casa-boix\/geraeucherter-schinken-und-lacon-vorderlauf\/","title":{"rendered":"Ger\u00e4ucherter Schinken und Lac\u00f3n (Vorderlauf)"},"content":{"rendered":"<div class=\"wpb-content-wrapper\"><p>[vc_row full_width=&#8220;stretch_row_content_no_spaces&#8220; font_color=&#8220;#ffffff&#8220; css=&#8220;.vc_custom_1611041525644{background-image: url(https:\/\/casaboix.es\/wp-content\/uploads\/2021\/01\/productos-casa-boix-jamon-ahumado-cabecera-am.jpg?id=5572) !important;background-position: center !important;background-repeat: no-repeat !important;background-size: cover !important;}&#8220; background_style=&#8220;parallax&#8220;][vc_column][vc_empty_space height=&#8220;400px&#8220;][\/vc_column][\/vc_row][vc_row css=&#8220;.vc_custom_1607234259350{padding-top: 50px !important;padding-right: 22% !important;padding-left: 22% !important;}&#8220;][vc_column][vc_column_text]<\/p>\n<h2 style=\"text-align: center; height: 40px; margin-bottom: 0px;\"><span style=\"color: #4c4b4a;\"><span style=\"font-size: 50%; font-family: 'Roboto'; font-weight: 800; text-transform: uppercase;\">Casa Boix<\/span><\/span><\/h2>\n<h2 style=\"text-align: center;\"><span style=\"color: #e8b851; font-size: 150%; font-family: 'Georgia';\">Ger\u00e4ucherter Schinken und Lac\u00f3n (Vorderlauf)<\/span><\/h2>\n<p style=\"max-width: 800px; text-align: center; margin: 0 auto; margin-bottom: 20px;\"><span style=\"color: #808080; font-size: 90%; font-family: 'Roboto';\">Mit einer leicht rauchigen Note von nat\u00fcrlichem Buchenholz. Die gleiche sorgf\u00e4ltige Auswahl der Rohprodukte und schonende Zubereitung wie bei unserem Kochschinken, aber mit einer leicht rauchigen Note von nat\u00fcrlichem Buchenholz.<\/span><\/p>\n<p style=\"text-align: center;\"><span style=\"color: #808080; font-size: 90%; font-family: 'Roboto'; font-weight: bold;\">Entdecken Sie unsere R\u00e4ucherware und Lac\u00f3n in ihrer ganzen Vielfalt:<\/span><\/p>\n<p>[\/vc_column_text][\/vc_column][\/vc_row][vc_row gap=&#8220;10&#8243; equal_height=&#8220;yes&#8220; content_placement=&#8220;middle&#8220; el_class=&#8220;bloque-ficha-tecnica-producto&#8220;][vc_column width=&#8220;1\/2&#8243; css=&#8220;.vc_custom_1606719872878{background-color: #f1efe9 !important;}&#8220;][vc_single_image image=&#8220;7543&#8243; img_size=&#8220;full&#8220; alignment=&#8220;center&#8220; el_class=&#8220;productos-casa-boix-jamon-cocido-imagen-izq-max-width&#8220; css=&#8220;.vc_custom_1611041656181{padding-right: 5% !important;padding-left: 5% !important;}&#8220;][\/vc_column][vc_column width=&#8220;1\/2&#8243; css=&#8220;.vc_custom_1607167253767{background-color: #f1efe9 !important;}&#8220; el_class=&#8220;ficha-tecnica-col-der&#8220;][vc_single_image image=&#8220;7542&#8243; img_size=&#8220;full&#8220; alignment=&#8220;center&#8220; el_class=&#8220;productos-casa-boix-jamon-cocido-imagen-der-max-width&#8220; css=&#8220;.vc_custom_1611041627474{padding-right: 20% !important;padding-left: 20% !important;}&#8220;][vc_column_text]<\/p>\n<h3 style=\"text-align: center; margin-bottom: 0px;\"><span style=\"display: block; color: #4c4c4b; font-size: 90%; font-family: 'Georgia'; line-height: 28px; padding: 0px 20px;\">Ger\u00e4ucherter Premium Kochschinken ohne Knochen<\/span><\/h3>\n<p style=\"text-align: center;\"><span style=\"color: #4c4c4b; font-family: 'Roboto'; font-size: 14px; font-weight: bold;\">Ref. 1103 &#8211; 6,5 Kg<\/span><\/p>\n<p style=\"margin-bottom: 3px !important; text-align: center; font-size: 80%;\">Energiewert: 512 KJ \/ 122 kcal.<\/p>\n<p style=\"margin-bottom: 3px !important; text-align: center; font-size: 80%;\">Fette: 3,5 g., davon ges\u00e4ttigte Fetts\u00e4uren: 1,19 g.<\/p>\n<p style=\"margin-bottom: 3px !important; text-align: center; font-size: 80%;\">Kohlenhydrate: &lt; 1 g. davon Zucker: &lt;0,5 g.<\/p>\n<p style=\"margin-bottom: 3px !important; text-align: center; font-size: 80%;\">Eiwei\u00dfe: 19 g. Salz: 1,7 g.<\/p>\n<p>[\/vc_column_text][\/vc_column][\/vc_row][vc_row gap=&#8220;10&#8243; equal_height=&#8220;yes&#8220; content_placement=&#8220;middle&#8220; el_class=&#8220;bloque-ficha-tecnica-producto&#8220; css=&#8220;.vc_custom_1607234412103{margin-top: 50px !important;}&#8220;][vc_column width=&#8220;1\/2&#8243; css=&#8220;.vc_custom_1606719872878{background-color: #f1efe9 !important;}&#8220;][vc_single_image image=&#8220;7545&#8243; img_size=&#8220;full&#8220; alignment=&#8220;center&#8220; el_class=&#8220;productos-casa-boix-jamon-cocido-imagen-izq-max-width&#8220; css=&#8220;.vc_custom_1611041716269{padding-right: 5% !important;padding-left: 5% !important;}&#8220;][\/vc_column][vc_column width=&#8220;1\/2&#8243; css=&#8220;.vc_custom_1607167253767{background-color: #f1efe9 !important;}&#8220; el_class=&#8220;ficha-tecnica-col-der&#8220;][vc_single_image image=&#8220;7544&#8243; img_size=&#8220;full&#8220; alignment=&#8220;center&#8220; el_class=&#8220;productos-casa-boix-jamon-cocido-imagen-der-max-width&#8220; css=&#8220;.vc_custom_1611041692912{padding-right: 20% !important;padding-left: 20% !important;}&#8220;][vc_column_text]<\/p>\n<h3 style=\"text-align: center; margin-bottom: 0px;\"><span style=\"display: block; color: #4c4c4b; font-size: 90%; font-family: 'Georgia'; line-height: 28px; padding: 0px 20px;\">Premium ger\u00e4ucherte Schweineschulter ohne Knochen (Lac\u00f3n)<\/span><\/h3>\n<p style=\"text-align: center;\"><span style=\"color: #4c4c4b; font-family: 'Roboto'; font-size: 14px; font-weight: bold;\">Ref. 1117 &#8211; 4 Kg<\/span><\/p>\n<p style=\"margin-bottom: 3px !important; text-align: center; font-size: 80%;\">Energiewert: 512 KJ \/ 122 kcal.<\/p>\n<p style=\"margin-bottom: 3px !important; text-align: center; font-size: 80%;\">Fette: 3,5 g., davon ges\u00e4ttigte Fetts\u00e4uren: 1,19 g.<\/p>\n<p style=\"margin-bottom: 3px !important; text-align: center; font-size: 80%;\">Kohlenhydrate: &lt; 1 g. davon Zucker: &lt;0,5 g.<\/p>\n<p style=\"margin-bottom: 3px !important; text-align: center; font-size: 80%;\">Eiwei\u00dfe: 19 g. Salz: 1,7 g.<\/p>\n<div id=\"gtx-trans\" style=\"position: absolute; left: 209px; top: 172.109px;\">\n<div class=\"gtx-trans-icon\"><\/div>\n<\/div>\n<p>[\/vc_column_text][\/vc_column][\/vc_row][vc_row css=&#8220;.vc_custom_1609051284072{margin-top: 100px !important;margin-bottom: 30px !important;}&#8220;][vc_column][vc_separator][\/vc_column][\/vc_row][vc_row css=&#8220;.vc_custom_1609051319452{margin-right: 5% !important;margin-left: 5% !important;}&#8220;][vc_column width=&#8220;1\/2&#8243;][vc_column_text]<\/p>\n<p style=\"text-align: left; font-family: Georgia;\"><span class=\"productos-bottom-links-prev\"><a href=\"https:\/\/casaboix.es\/de\/produkte\/casa-boix\/gekochter-schinken\/\">Gekochter Schinken<\/a><\/span><\/p>\n<p>[\/vc_column_text][\/vc_column][vc_column width=&#8220;1\/2&#8243;][vc_column_text]<\/p>\n<p style=\"text-align: right; font-family: Georgia;\"><span class=\"productos-bottom-links-next\"><a href=\"https:\/\/casaboix.es\/de\/produkte\/casa-boix\/iberico-spezialitaeten\/\">Ib\u00e9rico-Spezialit\u00e4ten<\/a><\/span><\/p>\n<p>[\/vc_column_text][\/vc_column][\/vc_row]<\/p>\n<\/div>","protected":false},"excerpt":{"rendered":"<p>[vc_row full_width=&#8220;stretch_row_content_no_spaces&#8220; font_color=&#8220;#ffffff&#8220; css=&#8220;.vc_custom_1611041525644{background-image: url(https:\/\/casaboix.es\/wp-content\/uploads\/2021\/01\/productos-casa-boix-jamon-ahumado-cabecera-am.jpg?id=5572) !important;background-position: center !important;background-repeat: no-repeat !important;background-size: cover !important;}&#8220; background_style=&#8220;parallax&#8220;][vc_column][vc_empty_space height=&#8220;400px&#8220;][\/vc_column][\/vc_row][vc_row css=&#8220;.vc_custom_1607234259350{padding-top: 50px !important;padding-right: 22% !important;padding-left: 22% !important;}&#8220;][vc_column][vc_column_text] Casa Boix Ger\u00e4ucherter Schinken und Lac\u00f3n (Vorderlauf) Mit einer leicht rauchigen Note von nat\u00fcrlichem Buchenholz. Die gleiche sorgf\u00e4ltige Auswahl der Rohprodukte und schonende Zubereitung wie bei unserem Kochschinken, aber mit einer leicht rauchigen Note [&hellip;]<\/p>\n","protected":false},"author":1,"featured_media":0,"parent":7429,"menu_order":2,"comment_status":"closed","ping_status":"closed","template":"page-full-width.php","meta":{"footnotes":""},"class_list":["post-7534","page","type-page","status-publish","hentry"],"yoast_head":"<!-- This site is optimized with the Yoast SEO Premium plugin v27.1 (Yoast SEO v27.1.1) - https:\/\/yoast.com\/product\/yoast-seo-premium-wordpress\/ -->\n<title>Ger\u00e4ucherter Schinken und Lac\u00f3n (Vorderlauf) - Casa Boix<\/title>\n<meta name=\"robots\" content=\"index, follow, max-snippet:-1, max-image-preview:large, max-video-preview:-1\" \/>\n<link rel=\"canonical\" href=\"https:\/\/casaboix.es\/de\/produkte\/casa-boix\/geraeucherter-schinken-und-lacon-vorderlauf\/\" \/>\n<meta property=\"og:locale\" content=\"de_DE\" \/>\n<meta property=\"og:type\" content=\"article\" \/>\n<meta property=\"og:title\" content=\"Ger\u00e4ucherter Schinken und Lac\u00f3n (Vorderlauf)\" \/>\n<meta property=\"og:description\" content=\"[vc_row full_width=&#8220;stretch_row_content_no_spaces&#8220; font_color=&#8220;#ffffff&#8220; css=&#8220;.vc_custom_1611041525644{background-image: url(https:\/\/casaboix.es\/wp-content\/uploads\/2021\/01\/productos-casa-boix-jamon-ahumado-cabecera-am.jpg?id=5572) !important;background-position: center !important;background-repeat: no-repeat !important;background-size: cover !important;}&#8220; background_style=&#8220;parallax&#8220;][vc_column][vc_empty_space height=&#8220;400px&#8220;][\/vc_column][\/vc_row][vc_row css=&#8220;.vc_custom_1607234259350{padding-top: 50px !important;padding-right: 22% !important;padding-left: 22% !important;}&#8220;][vc_column][vc_column_text] Casa Boix Ger\u00e4ucherter Schinken und Lac\u00f3n (Vorderlauf) Mit einer leicht rauchigen Note von nat\u00fcrlichem Buchenholz. Die gleiche sorgf\u00e4ltige Auswahl der Rohprodukte und schonende Zubereitung wie bei unserem Kochschinken, aber mit einer leicht rauchigen Note [&hellip;]\" \/>\n<meta property=\"og:url\" content=\"https:\/\/casaboix.es\/de\/produkte\/casa-boix\/geraeucherter-schinken-und-lacon-vorderlauf\/\" \/>\n<meta property=\"og:site_name\" content=\"Casa Boix\" \/>\n<meta property=\"article:publisher\" content=\"https:\/\/www.facebook.com\/casaboix\/\" \/>\n<meta property=\"article:modified_time\" content=\"2021-04-16T04:26:35+00:00\" \/>\n<meta name=\"twitter:card\" content=\"summary_large_image\" \/>\n<meta name=\"twitter:site\" content=\"@casaboix\" \/>\n<meta name=\"twitter:label1\" content=\"Gesch\u00e4tzte Lesezeit\" \/>\n\t<meta name=\"twitter:data1\" content=\"1\u00a0Minute\" \/>\n<script type=\"application\/ld+json\" class=\"yoast-schema-graph\">{\"@context\":\"https:\/\/schema.org\",\"@graph\":[{\"@type\":\"WebPage\",\"@id\":\"https:\/\/casaboix.es\/de\/produkte\/casa-boix\/geraeucherter-schinken-und-lacon-vorderlauf\/\",\"url\":\"https:\/\/casaboix.es\/de\/produkte\/casa-boix\/geraeucherter-schinken-und-lacon-vorderlauf\/\",\"name\":\"Ger\u00e4ucherter Schinken und Lac\u00f3n (Vorderlauf) - Casa Boix\",\"isPartOf\":{\"@id\":\"https:\/\/casaboix.es\/de\/#website\"},\"datePublished\":\"2020-12-23T09:03:48+00:00\",\"dateModified\":\"2021-04-16T04:26:35+00:00\",\"breadcrumb\":{\"@id\":\"https:\/\/casaboix.es\/de\/produkte\/casa-boix\/geraeucherter-schinken-und-lacon-vorderlauf\/#breadcrumb\"},\"inLanguage\":\"de\",\"potentialAction\":[{\"@type\":\"ReadAction\",\"target\":[\"https:\/\/casaboix.es\/de\/produkte\/casa-boix\/geraeucherter-schinken-und-lacon-vorderlauf\/\"]}]},{\"@type\":\"BreadcrumbList\",\"@id\":\"https:\/\/casaboix.es\/de\/produkte\/casa-boix\/geraeucherter-schinken-und-lacon-vorderlauf\/#breadcrumb\",\"itemListElement\":[{\"@type\":\"ListItem\",\"position\":1,\"name\":\"Home\",\"item\":\"https:\/\/casaboix.es\/de\/\"},{\"@type\":\"ListItem\",\"position\":2,\"name\":\"Produkte\",\"item\":\"https:\/\/casaboix.es\/de\/produkte\/\"},{\"@type\":\"ListItem\",\"position\":3,\"name\":\"Casa Boix\",\"item\":\"https:\/\/casaboix.es\/de\/produkte\/casa-boix\/\"},{\"@type\":\"ListItem\",\"position\":4,\"name\":\"Ger\u00e4ucherter Schinken und Lac\u00f3n (Vorderlauf)\"}]},{\"@type\":\"WebSite\",\"@id\":\"https:\/\/casaboix.es\/de\/#website\",\"url\":\"https:\/\/casaboix.es\/de\/\",\"name\":\"Casa Boix\",\"description\":\"Amor por las cosas bien hechas\",\"publisher\":{\"@id\":\"https:\/\/casaboix.es\/de\/#organization\"},\"potentialAction\":[{\"@type\":\"SearchAction\",\"target\":{\"@type\":\"EntryPoint\",\"urlTemplate\":\"https:\/\/casaboix.es\/de\/?s={search_term_string}\"},\"query-input\":{\"@type\":\"PropertyValueSpecification\",\"valueRequired\":true,\"valueName\":\"search_term_string\"}}],\"inLanguage\":\"de\"},{\"@type\":\"Organization\",\"@id\":\"https:\/\/casaboix.es\/de\/#organization\",\"name\":\"Casa Boix\",\"url\":\"https:\/\/casaboix.es\/de\/\",\"logo\":{\"@type\":\"ImageObject\",\"inLanguage\":\"de\",\"@id\":\"https:\/\/casaboix.es\/de\/#\/schema\/logo\/image\/\",\"url\":\"https:\/\/casaboix.es\/wp-content\/uploads\/2020\/10\/logo-negro.png\",\"contentUrl\":\"https:\/\/casaboix.es\/wp-content\/uploads\/2020\/10\/logo-negro.png\",\"width\":342,\"height\":44,\"caption\":\"Casa Boix\"},\"image\":{\"@id\":\"https:\/\/casaboix.es\/de\/#\/schema\/logo\/image\/\"},\"sameAs\":[\"https:\/\/www.facebook.com\/casaboix\/\",\"https:\/\/x.com\/casaboix\",\"https:\/\/www.instagram.com\/casaboix\/\",\"https:\/\/www.youtube.com\/watch?v=j22NKKL47ec\"]}]}<\/script>\n<!-- \/ Yoast SEO Premium plugin. -->","yoast_head_json":{"title":"Ger\u00e4ucherter Schinken und Lac\u00f3n (Vorderlauf) - Casa Boix","robots":{"index":"index","follow":"follow","max-snippet":"max-snippet:-1","max-image-preview":"max-image-preview:large","max-video-preview":"max-video-preview:-1"},"canonical":"https:\/\/casaboix.es\/de\/produkte\/casa-boix\/geraeucherter-schinken-und-lacon-vorderlauf\/","og_locale":"de_DE","og_type":"article","og_title":"Ger\u00e4ucherter Schinken und Lac\u00f3n (Vorderlauf)","og_description":"[vc_row full_width=&#8220;stretch_row_content_no_spaces&#8220; font_color=&#8220;#ffffff&#8220; css=&#8220;.vc_custom_1611041525644{background-image: url(https:\/\/casaboix.es\/wp-content\/uploads\/2021\/01\/productos-casa-boix-jamon-ahumado-cabecera-am.jpg?id=5572) !important;background-position: center !important;background-repeat: no-repeat !important;background-size: cover !important;}&#8220; background_style=&#8220;parallax&#8220;][vc_column][vc_empty_space height=&#8220;400px&#8220;][\/vc_column][\/vc_row][vc_row css=&#8220;.vc_custom_1607234259350{padding-top: 50px !important;padding-right: 22% !important;padding-left: 22% !important;}&#8220;][vc_column][vc_column_text] Casa Boix Ger\u00e4ucherter Schinken und Lac\u00f3n (Vorderlauf) Mit einer leicht rauchigen Note von nat\u00fcrlichem Buchenholz. Die gleiche sorgf\u00e4ltige Auswahl der Rohprodukte und schonende Zubereitung wie bei unserem Kochschinken, aber mit einer leicht rauchigen Note [&hellip;]","og_url":"https:\/\/casaboix.es\/de\/produkte\/casa-boix\/geraeucherter-schinken-und-lacon-vorderlauf\/","og_site_name":"Casa Boix","article_publisher":"https:\/\/www.facebook.com\/casaboix\/","article_modified_time":"2021-04-16T04:26:35+00:00","twitter_card":"summary_large_image","twitter_site":"@casaboix","twitter_misc":{"Gesch\u00e4tzte Lesezeit":"1\u00a0Minute"},"schema":{"@context":"https:\/\/schema.org","@graph":[{"@type":"WebPage","@id":"https:\/\/casaboix.es\/de\/produkte\/casa-boix\/geraeucherter-schinken-und-lacon-vorderlauf\/","url":"https:\/\/casaboix.es\/de\/produkte\/casa-boix\/geraeucherter-schinken-und-lacon-vorderlauf\/","name":"Ger\u00e4ucherter Schinken und Lac\u00f3n (Vorderlauf) - Casa Boix","isPartOf":{"@id":"https:\/\/casaboix.es\/de\/#website"},"datePublished":"2020-12-23T09:03:48+00:00","dateModified":"2021-04-16T04:26:35+00:00","breadcrumb":{"@id":"https:\/\/casaboix.es\/de\/produkte\/casa-boix\/geraeucherter-schinken-und-lacon-vorderlauf\/#breadcrumb"},"inLanguage":"de","potentialAction":[{"@type":"ReadAction","target":["https:\/\/casaboix.es\/de\/produkte\/casa-boix\/geraeucherter-schinken-und-lacon-vorderlauf\/"]}]},{"@type":"BreadcrumbList","@id":"https:\/\/casaboix.es\/de\/produkte\/casa-boix\/geraeucherter-schinken-und-lacon-vorderlauf\/#breadcrumb","itemListElement":[{"@type":"ListItem","position":1,"name":"Home","item":"https:\/\/casaboix.es\/de\/"},{"@type":"ListItem","position":2,"name":"Produkte","item":"https:\/\/casaboix.es\/de\/produkte\/"},{"@type":"ListItem","position":3,"name":"Casa Boix","item":"https:\/\/casaboix.es\/de\/produkte\/casa-boix\/"},{"@type":"ListItem","position":4,"name":"Ger\u00e4ucherter Schinken und Lac\u00f3n (Vorderlauf)"}]},{"@type":"WebSite","@id":"https:\/\/casaboix.es\/de\/#website","url":"https:\/\/casaboix.es\/de\/","name":"Casa Boix","description":"Amor por las cosas bien hechas","publisher":{"@id":"https:\/\/casaboix.es\/de\/#organization"},"potentialAction":[{"@type":"SearchAction","target":{"@type":"EntryPoint","urlTemplate":"https:\/\/casaboix.es\/de\/?s={search_term_string}"},"query-input":{"@type":"PropertyValueSpecification","valueRequired":true,"valueName":"search_term_string"}}],"inLanguage":"de"},{"@type":"Organization","@id":"https:\/\/casaboix.es\/de\/#organization","name":"Casa Boix","url":"https:\/\/casaboix.es\/de\/","logo":{"@type":"ImageObject","inLanguage":"de","@id":"https:\/\/casaboix.es\/de\/#\/schema\/logo\/image\/","url":"https:\/\/casaboix.es\/wp-content\/uploads\/2020\/10\/logo-negro.png","contentUrl":"https:\/\/casaboix.es\/wp-content\/uploads\/2020\/10\/logo-negro.png","width":342,"height":44,"caption":"Casa Boix"},"image":{"@id":"https:\/\/casaboix.es\/de\/#\/schema\/logo\/image\/"},"sameAs":["https:\/\/www.facebook.com\/casaboix\/","https:\/\/x.com\/casaboix","https:\/\/www.instagram.com\/casaboix\/","https:\/\/www.youtube.com\/watch?v=j22NKKL47ec"]}]}},"_links":{"self":[{"href":"https:\/\/casaboix.es\/de\/wp-json\/wp\/v2\/pages\/7534","targetHints":{"allow":["GET"]}}],"collection":[{"href":"https:\/\/casaboix.es\/de\/wp-json\/wp\/v2\/pages"}],"about":[{"href":"https:\/\/casaboix.es\/de\/wp-json\/wp\/v2\/types\/page"}],"author":[{"embeddable":true,"href":"https:\/\/casaboix.es\/de\/wp-json\/wp\/v2\/users\/1"}],"replies":[{"embeddable":true,"href":"https:\/\/casaboix.es\/de\/wp-json\/wp\/v2\/comments?post=7534"}],"version-history":[{"count":0,"href":"https:\/\/casaboix.es\/de\/wp-json\/wp\/v2\/pages\/7534\/revisions"}],"up":[{"embeddable":true,"href":"https:\/\/casaboix.es\/de\/wp-json\/wp\/v2\/pages\/7429"}],"wp:attachment":[{"href":"https:\/\/casaboix.es\/de\/wp-json\/wp\/v2\/media?parent=7534"}],"curies":[{"name":"wp","href":"https:\/\/api.w.org\/{rel}","templated":true}]}}