{"id":7429,"date":"2017-01-10T15:18:58","date_gmt":"2017-01-10T14:18:58","guid":{"rendered":"https:\/\/casaboix.es\/produkte\/casa-boix\/"},"modified":"2023-06-23T11:08:54","modified_gmt":"2023-06-23T09:08:54","slug":"casa-boix","status":"publish","type":"page","link":"https:\/\/casaboix.es\/de\/produkte\/casa-boix\/","title":{"rendered":"Casa Boix"},"content":{"rendered":"<div class=\"wpb-content-wrapper\"><p>[vc_row full_width=&#8220;stretch_row_content_no_spaces&#8220; font_color=&#8220;#ffffff&#8220; css=&#8220;.vc_custom_1608278252458{border-top-width: 20px !important;border-right-width: 20px !important;border-bottom-width: 20px !important;border-left-width: 20px !important;padding-top: 10% !important;padding-bottom: 35% !important;background-image: url(https:\/\/casaboix.es\/wp-content\/uploads\/2020\/12\/productos-casa-boix-fondo-cabecera-rgb.jpg?id=4547) !important;background-position: center !important;background-repeat: no-repeat !important;background-size: cover !important;border-left-color: #ffffff !important;border-left-style: solid !important;border-right-color: #ffffff !important;border-right-style: solid !important;border-top-color: #ffffff !important;border-top-style: solid !important;border-bottom-color: #ffffff !important;border-bottom-style: solid !important;}&#8220; background_style=&#8220;parallax&#8220;][vc_column][vc_single_image image=&#8220;7439&#8243; img_size=&#8220;300&#215;38&#8243; alignment=&#8220;center&#8220;][vc_column_text css=&#8220;.vc_custom_1618470450361{margin-bottom: 25px !important;}&#8220;]<\/p>\n<h1 style=\"text-align: center;\"><span style=\"color: #e8b851; font-family: Georgia;\"><strong><span style=\"font-size: 120%;\">Begeisterung f\u00fcr gut gemachte Dinge<\/span><\/strong><\/span><\/h1>\n<p>[\/vc_column_text][vc_column_text el_class=&#8220;product-portfolio-subheader-text&#8220; css=&#8220;.vc_custom_1618470473480{padding-right: 5% !important;padding-left: 5% !important;}&#8220;]<\/p>\n<p style=\"text-align: center;\"><span style=\"font-family: Roboto;\">Wir w\u00e4hlen die besten Fleischsorten aus und halten unsere Produktionsmengen niedrig, um die Qualit\u00e4t und die langsame Verarbeitung zu erhalten. Auf diese Weise k\u00f6nnen wir eine naturbelassene und zuverl\u00e4ssige Verarbeitung garantieren, wie es seit jeher Tradition ist.<\/span><\/p>\n<p>[\/vc_column_text][\/vc_column][\/vc_row][vc_row full_width=&#8220;stretch_row_content_no_spaces&#8220; equal_height=&#8220;yes&#8220; content_placement=&#8220;middle&#8220; background_style=&#8220;normal&#8220; el_id=&#8220;bloque-reticula-inicial&#8220;][vc_column width=&#8220;1\/2&#8243; css=&#8220;.vc_custom_1611037395839{border-right-width: 20px !important;background-image: url(https:\/\/casaboix.es\/wp-content\/uploads\/2021\/01\/producto11-img-adj-rgb-am.jpg?id=5465) !important;background-position: center !important;background-repeat: no-repeat !important;background-size: cover !important;border-right-color: #ffffff !important;border-right-style: solid !important;}&#8220; el_class=&#8220;large-push-6&#8243;][vc_empty_space height=&#8220;150px&#8220;][\/vc_column][vc_column width=&#8220;1\/2&#8243; css=&#8220;.vc_custom_1509381185928{border-right-width: 20px !important;border-bottom-width: 20px !important;border-left-width: 20px !important;padding-top: 75px !important;padding-right: 7% !important;padding-bottom: 75px !important;padding-left: 7% !important;background-color: #f2efea !important;border-left-color: #ffffff !important;border-left-style: solid !important;border-right-color: #ffffff !important;border-right-style: solid !important;border-bottom-color: #ffffff !important;border-bottom-style: solid !important;}&#8220; el_class=&#8220;large-pull-6&#8243;][vc_column_text]<\/p>\n<h2 style=\"text-align: center;\"><span style=\"color: #4c4b4a;\"><strong><span style=\"font-size: 150%; font-family: Roboto;\">1.1<\/span><\/strong><\/span><\/h2>\n<h2 style=\"text-align: center;\"><span style=\"color: #e8b851; font-family: Georgia;\">Gekochter Schinken<\/span><\/h2>\n<p style=\"text-align: center;\"><span style=\"color: #808080; font-family: Roboto; font-size: 95%;\">Die traditionellste Spezialit\u00e4t unseres Hauses. Zart und mit einem unverwechselbar urspr\u00fcnglichen Geschmack wird er aus ganzen Schweineschinken von nat\u00fcrlich gef\u00fctterten Schweinen hergestellt.<\/span><\/p>\n<p>[\/vc_column_text][vc_single_image image=&#8220;7462&#8243; img_size=&#8220;full&#8220; alignment=&#8220;center&#8220; el_class=&#8220;productos-general-envase-mw&#8220;][vc_btn title=&#8220;Die ganze Produktfamilie ansehen&#8220; shape=&#8220;square&#8220; color=&#8220;sandy-brown&#8220; align=&#8220;center&#8220; link=&#8220;url:https%3A%2F%2Fcasaboix.es%2Fde%2Fprodukte%2Fcasa-boix%2Fgekochter-schinken%2F&#8220; el_class=&#8220;boton-color-af8e69&#8243;][\/vc_column][\/vc_row][vc_row full_width=&#8220;stretch_row_content_no_spaces&#8220; equal_height=&#8220;yes&#8220; content_placement=&#8220;middle&#8220; background_style=&#8220;normal&#8220;][vc_column width=&#8220;1\/2&#8243; css=&#8220;.vc_custom_1608186455789{border-left-width: 20px !important;background-image: url(https:\/\/casaboix.es\/wp-content\/uploads\/2020\/12\/producto12-img-adj-rgb.jpg?id=4562) !important;background-position: center !important;background-repeat: no-repeat !important;background-size: cover !important;border-left-color: #ffffff !important;border-left-style: solid !important;}&#8220; el_class=&#8220;home-product-cimage-height&#8220;][vc_empty_space height=&#8220;150px&#8220;][\/vc_column][vc_column width=&#8220;1\/2&#8243; css=&#8220;.vc_custom_1484425025718{border-top-width: 20px !important;border-right-width: 20px !important;border-bottom-width: 20px !important;border-left-width: 20px !important;padding-top: 75px !important;padding-right: 7% !important;padding-bottom: 75px !important;padding-left: 7% !important;background-color: #f2efea !important;border-left-color: #ffffff !important;border-left-style: solid !important;border-right-color: #ffffff !important;border-right-style: solid !important;border-top-color: #ffffff !important;border-top-style: solid !important;border-bottom-color: #ffffff !important;border-bottom-style: solid !important;}&#8220;][vc_column_text]<\/p>\n<h2 style=\"text-align: center;\"><span style=\"color: #4c4b4a;\"><strong><span style=\"font-size: 150%; font-family: roboto;\">1.2<\/span><\/strong><\/span><\/h2>\n<h2 style=\"text-align: center;\"><span style=\"color: #e8b851; font-family: Georgia;\">Ger\u00e4ucherter Schinken und Lac\u00f3n (Vorderlauf)<\/span><\/h2>\n<p style=\"text-align: center;\"><span style=\"color: #808080; font-family: Roboto; font-size: 95%;\">Die gleiche sorgf\u00e4ltige Auswahl der Rohprodukte und schonende Zubereitung wie bei unserem Kochschinken, aber mit einer leicht rauchigen Note von nat\u00fcrlichem Buchenholz.<\/span><\/p>\n<p>[\/vc_column_text][vc_single_image image=&#8220;7464&#8243; img_size=&#8220;full&#8220; alignment=&#8220;center&#8220; el_class=&#8220;casa-boix-img-envase-mw&#8220;][vc_btn title=&#8220;Die ganze Produktfamilie ansehen&#8220; shape=&#8220;square&#8220; color=&#8220;sandy-brown&#8220; align=&#8220;center&#8220; link=&#8220;url:https%3A%2F%2Fcasaboix.es%2Fde%2Fprodukte%2Fcasa-boix%2Fgeraeucherter-schinken-und-lacon-vorderlauf%2F&#8220; el_class=&#8220;boton-color-af8e69&#8243;][\/vc_column][\/vc_row][vc_row full_width=&#8220;stretch_row_content_no_spaces&#8220; equal_height=&#8220;yes&#8220; content_placement=&#8220;middle&#8220; background_style=&#8220;normal&#8220;][vc_column width=&#8220;1\/2&#8243; css=&#8220;.vc_custom_1608186623848{border-right-width: 20px !important;background-image: url(https:\/\/casaboix.es\/wp-content\/uploads\/2020\/12\/producto13-img-adj-rgb.jpg?id=4569) !important;background-position: center !important;background-repeat: no-repeat !important;background-size: cover !important;border-right-color: #ffffff !important;border-right-style: solid !important;}&#8220; el_class=&#8220;large-push-6&#8243;][vc_empty_space height=&#8220;150px&#8220;][\/vc_column][vc_column width=&#8220;1\/2&#8243; css=&#8220;.vc_custom_1509381185928{border-right-width: 20px !important;border-bottom-width: 20px !important;border-left-width: 20px !important;padding-top: 75px !important;padding-right: 7% !important;padding-bottom: 75px !important;padding-left: 7% !important;background-color: #f2efea !important;border-left-color: #ffffff !important;border-left-style: solid !important;border-right-color: #ffffff !important;border-right-style: solid !important;border-bottom-color: #ffffff !important;border-bottom-style: solid !important;}&#8220; el_class=&#8220;large-pull-6&#8243;][vc_column_text]<\/p>\n<h2 style=\"text-align: center;\"><span style=\"color: #4c4b4a;\"><strong><span style=\"font-size: 150%; font-family: roboto;\">1.3<\/span><\/strong><\/span><\/h2>\n<h2 style=\"text-align: center;\"><span style=\"color: #e8b851; font-family: Georgia;\">Ib\u00e9rico-Spezialit\u00e4ten<\/span><\/h2>\n<p style=\"text-align: center;\"><span style=\"color: #808080; font-family: Roboto; font-size: 95%;\">Gekochter Schinken von h\u00f6chster Qualit\u00e4t. Er bietet die vorz\u00fcgliche Milde und den unverwechselbaren Geschmack von Hinter- und Vorderschinken des Ib\u00e9rico-Schweins.<\/span><\/p>\n<p>[\/vc_column_text][vc_single_image image=&#8220;7465&#8243; img_size=&#8220;full&#8220; alignment=&#8220;center&#8220; el_class=&#8220;casa-boix-img-envase-mw&#8220;][vc_btn title=&#8220;Die ganze Produktfamilie ansehen&#8220; shape=&#8220;square&#8220; color=&#8220;sandy-brown&#8220; align=&#8220;center&#8220; link=&#8220;url:https%3A%2F%2Fcasaboix.es%2Fde%2Fprodukte%2Fcasa-boix%2Fiberico-spezialitaeten%2F&#8220; el_class=&#8220;boton-color-af8e69&#8243;][\/vc_column][\/vc_row][vc_row full_width=&#8220;stretch_row_content_no_spaces&#8220; equal_height=&#8220;yes&#8220; content_placement=&#8220;middle&#8220; background_style=&#8220;normal&#8220;][vc_column width=&#8220;1\/2&#8243; css=&#8220;.vc_custom_1608186785853{border-left-width: 20px !important;background-image: url(https:\/\/casaboix.es\/wp-content\/uploads\/2020\/12\/producto14-img-adj-rgb.jpg?id=4576) !important;background-position: center !important;background-repeat: no-repeat !important;background-size: cover !important;border-left-color: #ffffff !important;border-left-style: solid !important;}&#8220;][vc_empty_space height=&#8220;150px&#8220;][\/vc_column][vc_column width=&#8220;1\/2&#8243; css=&#8220;.vc_custom_1607332137096{border-top-width: 20px !important;border-right-width: 20px !important;border-left-width: 20px !important;padding-top: 75px !important;padding-right: 7% !important;padding-bottom: 75px !important;padding-left: 7% !important;background-color: #f2efea !important;border-left-color: #ffffff !important;border-left-style: solid !important;border-right-color: #ffffff !important;border-right-style: solid !important;border-top-color: #ffffff !important;border-top-style: solid !important;}&#8220; el_class=&#8220;bloque-reticula-margen-inferior-blanco&#8220;][vc_column_text]<\/p>\n<h2 style=\"text-align: center;\"><span style=\"color: #4c4b4a;\"><strong><span style=\"font-size: 150%; font-family: roboto;\">1.4<\/span><\/strong><\/span><\/h2>\n<h2 style=\"text-align: center;\"><span style=\"color: #e8b851; font-family: Georgia;\">Speck<\/span><\/h2>\n<p style=\"text-align: center;\"><span style=\"color: #808080; font-family: Roboto; font-size: 95%;\">Ausgew\u00e4hlte St\u00fccke von h\u00f6chster Qualit\u00e4t, die nach traditionellen Rezepten hergestellt werden und einen feinen nat\u00fcrlichen Rauchgeschmack aufweisen.<\/span><\/p>\n<p>[\/vc_column_text][vc_single_image image=&#8220;7466&#8243; img_size=&#8220;full&#8220; alignment=&#8220;center&#8220; el_class=&#8220;casa-boix-img-envase-bacon-mw&#8220;][vc_btn title=&#8220;Die ganze Produktfamilie ansehen&#8220; shape=&#8220;square&#8220; color=&#8220;sandy-brown&#8220; align=&#8220;center&#8220; link=&#8220;url:https%3A%2F%2Fcasaboix.es%2Fde%2Fprodukte%2Fcasa-boix%2Fspeck%2F&#8220; el_class=&#8220;boton-color-af8e69&#8243;][\/vc_column][\/vc_row][vc_row full_width=&#8220;stretch_row_content_no_spaces&#8220; equal_height=&#8220;yes&#8220; content_placement=&#8220;middle&#8220; background_style=&#8220;normal&#8220; el_id=&#8220;bloque-reticula-final-pagina&#8220;][vc_column width=&#8220;1\/2&#8243; css=&#8220;.vc_custom_1608199506735{border-right-width: 20px !important;background-image: url(https:\/\/casaboix.es\/wp-content\/uploads\/2020\/12\/producto15-img-adj-rgb.jpg?id=4583) !important;background-position: center !important;background-repeat: no-repeat !important;background-size: cover !important;border-right-color: #ffffff !important;border-right-style: solid !important;}&#8220; el_class=&#8220;large-push-6&#8243;][vc_empty_space height=&#8220;150px&#8220;][\/vc_column][vc_column width=&#8220;1\/2&#8243; css=&#8220;.vc_custom_1608199517048{border-right-width: 20px !important;border-bottom-width: 20px !important;border-left-width: 20px !important;padding-top: 75px !important;padding-right: 7% !important;padding-bottom: 75px !important;padding-left: 7% !important;background-color: #f2efea !important;border-left-color: #ffffff !important;border-left-style: solid !important;border-right-color: #ffffff !important;border-right-style: solid !important;border-bottom-color: #ffffff !important;border-bottom-style: solid !important;}&#8220; el_class=&#8220;large-pull-6&#8243;][vc_column_text]<\/p>\n<h2 style=\"text-align: center;\"><span style=\"color: #4c4b4a;\"><strong><span style=\"font-size: 150%; font-family: roboto;\">1.5<\/span><\/strong><\/span><\/h2>\n<h2 style=\"text-align: center;\"><span style=\"color: #e8b851; font-family: Georgia;\">Puten-Spezialit\u00e4ten<\/span><\/h2>\n<p style=\"text-align: center;\"><span style=\"color: #808080; font-family: Roboto; font-size: 95%;\">Ideal f\u00fcr leichte Mahlzeiten und reich an gesunden N\u00e4hrstoffen, die dem K\u00f6rper zugutekommen. Naturprodukte aus dem zarten Fleisch von Puten aus ausgew\u00e4hlter Zucht.<\/span><\/p>\n<p>[\/vc_column_text][vc_single_image image=&#8220;7467&#8243; img_size=&#8220;full&#8220; alignment=&#8220;center&#8220; el_class=&#8220;casa-boix-img-envase-mw&#8220;][vc_btn title=&#8220;Die ganze Produktfamilie ansehen&#8220; shape=&#8220;square&#8220; color=&#8220;sandy-brown&#8220; align=&#8220;center&#8220; link=&#8220;url:https%3A%2F%2Fcasaboix.es%2Fde%2Fprodukte%2Fcasa-boix%2Fputen-spezialitaeten%2F&#8220; el_class=&#8220;boton-color-af8e69&#8243;][\/vc_column][\/vc_row]<\/p>\n<\/div>","protected":false},"excerpt":{"rendered":"<p>[vc_row full_width=&#8220;stretch_row_content_no_spaces&#8220; font_color=&#8220;#ffffff&#8220; css=&#8220;.vc_custom_1608278252458{border-top-width: 20px !important;border-right-width: 20px !important;border-bottom-width: 20px !important;border-left-width: 20px !important;padding-top: 10% !important;padding-bottom: 35% !important;background-image: url(https:\/\/casaboix.es\/wp-content\/uploads\/2020\/12\/productos-casa-boix-fondo-cabecera-rgb.jpg?id=4547) !important;background-position: center !important;background-repeat: no-repeat !important;background-size: cover !important;border-left-color: #ffffff !important;border-left-style: solid !important;border-right-color: #ffffff !important;border-right-style: solid !important;border-top-color: #ffffff !important;border-top-style: solid !important;border-bottom-color: #ffffff !important;border-bottom-style: solid !important;}&#8220; background_style=&#8220;parallax&#8220;][vc_column][vc_single_image image=&#8220;7439&#8243; img_size=&#8220;300&#215;38&#8243; alignment=&#8220;center&#8220;][vc_column_text css=&#8220;.vc_custom_1618470450361{margin-bottom: 25px !important;}&#8220;] Begeisterung f\u00fcr gut gemachte Dinge [\/vc_column_text][vc_column_text el_class=&#8220;product-portfolio-subheader-text&#8220; css=&#8220;.vc_custom_1618470473480{padding-right: [&hellip;]<\/p>\n","protected":false},"author":1,"featured_media":0,"parent":7410,"menu_order":1,"comment_status":"closed","ping_status":"closed","template":"page-full-width.php","meta":{"footnotes":""},"class_list":["post-7429","page","type-page","status-publish","hentry"],"yoast_head":"<!-- This site is optimized with the Yoast SEO Premium plugin v27.1 (Yoast SEO v27.1.1) - https:\/\/yoast.com\/product\/yoast-seo-premium-wordpress\/ -->\n<title>Produkte | Hergestellt wie in alten Zeiten - Casa Boix<\/title>\n<meta name=\"description\" content=\"Fleischerzeugnisse aus traditioneller Herstellung und begrenzter Produktion, um die Qualit\u00e4t und den Rhythmus der Prozesse zu erhalten. Wir machen es so, wie es fr\u00fcher gemacht wurde.\" \/>\n<meta name=\"robots\" content=\"index, follow, max-snippet:-1, max-image-preview:large, max-video-preview:-1\" \/>\n<link rel=\"canonical\" href=\"https:\/\/casaboix.es\/de\/produkte\/casa-boix\/\" \/>\n<meta property=\"og:locale\" content=\"de_DE\" \/>\n<meta property=\"og:type\" content=\"article\" \/>\n<meta property=\"og:title\" content=\"Casa Boix\" \/>\n<meta property=\"og:description\" content=\"Fleischerzeugnisse aus traditioneller Herstellung und begrenzter Produktion, um die Qualit\u00e4t und den Rhythmus der Prozesse zu erhalten. Wir machen es so, wie es fr\u00fcher gemacht wurde.\" \/>\n<meta property=\"og:url\" content=\"https:\/\/casaboix.es\/de\/produkte\/casa-boix\/\" \/>\n<meta property=\"og:site_name\" content=\"Casa Boix\" \/>\n<meta property=\"article:publisher\" content=\"https:\/\/www.facebook.com\/casaboix\/\" \/>\n<meta property=\"article:modified_time\" content=\"2023-06-23T09:08:54+00:00\" \/>\n<meta name=\"twitter:card\" content=\"summary_large_image\" \/>\n<meta name=\"twitter:site\" content=\"@casaboix\" \/>\n<meta name=\"twitter:label1\" content=\"Gesch\u00e4tzte Lesezeit\" \/>\n\t<meta name=\"twitter:data1\" content=\"3\u00a0Minuten\" \/>\n<script type=\"application\/ld+json\" class=\"yoast-schema-graph\">{\"@context\":\"https:\/\/schema.org\",\"@graph\":[{\"@type\":\"WebPage\",\"@id\":\"https:\/\/casaboix.es\/de\/produkte\/casa-boix\/\",\"url\":\"https:\/\/casaboix.es\/de\/produkte\/casa-boix\/\",\"name\":\"Produkte | Hergestellt wie in alten Zeiten - Casa Boix\",\"isPartOf\":{\"@id\":\"https:\/\/casaboix.es\/de\/#website\"},\"datePublished\":\"2017-01-10T14:18:58+00:00\",\"dateModified\":\"2023-06-23T09:08:54+00:00\",\"description\":\"Fleischerzeugnisse aus traditioneller Herstellung und begrenzter Produktion, um die Qualit\u00e4t und den Rhythmus der Prozesse zu erhalten. Wir machen es so, wie es fr\u00fcher gemacht wurde.\",\"breadcrumb\":{\"@id\":\"https:\/\/casaboix.es\/de\/produkte\/casa-boix\/#breadcrumb\"},\"inLanguage\":\"de\",\"potentialAction\":[{\"@type\":\"ReadAction\",\"target\":[\"https:\/\/casaboix.es\/de\/produkte\/casa-boix\/\"]}]},{\"@type\":\"BreadcrumbList\",\"@id\":\"https:\/\/casaboix.es\/de\/produkte\/casa-boix\/#breadcrumb\",\"itemListElement\":[{\"@type\":\"ListItem\",\"position\":1,\"name\":\"Home\",\"item\":\"https:\/\/casaboix.es\/de\/\"},{\"@type\":\"ListItem\",\"position\":2,\"name\":\"Produkte\",\"item\":\"https:\/\/casaboix.es\/de\/produkte\/\"},{\"@type\":\"ListItem\",\"position\":3,\"name\":\"Casa Boix\"}]},{\"@type\":\"WebSite\",\"@id\":\"https:\/\/casaboix.es\/de\/#website\",\"url\":\"https:\/\/casaboix.es\/de\/\",\"name\":\"Casa Boix\",\"description\":\"Amor por las cosas bien hechas\",\"publisher\":{\"@id\":\"https:\/\/casaboix.es\/de\/#organization\"},\"potentialAction\":[{\"@type\":\"SearchAction\",\"target\":{\"@type\":\"EntryPoint\",\"urlTemplate\":\"https:\/\/casaboix.es\/de\/?s={search_term_string}\"},\"query-input\":{\"@type\":\"PropertyValueSpecification\",\"valueRequired\":true,\"valueName\":\"search_term_string\"}}],\"inLanguage\":\"de\"},{\"@type\":\"Organization\",\"@id\":\"https:\/\/casaboix.es\/de\/#organization\",\"name\":\"Casa Boix\",\"url\":\"https:\/\/casaboix.es\/de\/\",\"logo\":{\"@type\":\"ImageObject\",\"inLanguage\":\"de\",\"@id\":\"https:\/\/casaboix.es\/de\/#\/schema\/logo\/image\/\",\"url\":\"https:\/\/casaboix.es\/wp-content\/uploads\/2020\/10\/logo-negro.png\",\"contentUrl\":\"https:\/\/casaboix.es\/wp-content\/uploads\/2020\/10\/logo-negro.png\",\"width\":342,\"height\":44,\"caption\":\"Casa Boix\"},\"image\":{\"@id\":\"https:\/\/casaboix.es\/de\/#\/schema\/logo\/image\/\"},\"sameAs\":[\"https:\/\/www.facebook.com\/casaboix\/\",\"https:\/\/x.com\/casaboix\",\"https:\/\/www.instagram.com\/casaboix\/\",\"https:\/\/www.youtube.com\/watch?v=j22NKKL47ec\"]}]}<\/script>\n<!-- \/ Yoast SEO Premium plugin. -->","yoast_head_json":{"title":"Produkte | Hergestellt wie in alten Zeiten - Casa Boix","description":"Fleischerzeugnisse aus traditioneller Herstellung und begrenzter Produktion, um die Qualit\u00e4t und den Rhythmus der Prozesse zu erhalten. Wir machen es so, wie es fr\u00fcher gemacht wurde.","robots":{"index":"index","follow":"follow","max-snippet":"max-snippet:-1","max-image-preview":"max-image-preview:large","max-video-preview":"max-video-preview:-1"},"canonical":"https:\/\/casaboix.es\/de\/produkte\/casa-boix\/","og_locale":"de_DE","og_type":"article","og_title":"Casa Boix","og_description":"Fleischerzeugnisse aus traditioneller Herstellung und begrenzter Produktion, um die Qualit\u00e4t und den Rhythmus der Prozesse zu erhalten. Wir machen es so, wie es fr\u00fcher gemacht wurde.","og_url":"https:\/\/casaboix.es\/de\/produkte\/casa-boix\/","og_site_name":"Casa Boix","article_publisher":"https:\/\/www.facebook.com\/casaboix\/","article_modified_time":"2023-06-23T09:08:54+00:00","twitter_card":"summary_large_image","twitter_site":"@casaboix","twitter_misc":{"Gesch\u00e4tzte Lesezeit":"3\u00a0Minuten"},"schema":{"@context":"https:\/\/schema.org","@graph":[{"@type":"WebPage","@id":"https:\/\/casaboix.es\/de\/produkte\/casa-boix\/","url":"https:\/\/casaboix.es\/de\/produkte\/casa-boix\/","name":"Produkte | Hergestellt wie in alten Zeiten - Casa Boix","isPartOf":{"@id":"https:\/\/casaboix.es\/de\/#website"},"datePublished":"2017-01-10T14:18:58+00:00","dateModified":"2023-06-23T09:08:54+00:00","description":"Fleischerzeugnisse aus traditioneller Herstellung und begrenzter Produktion, um die Qualit\u00e4t und den Rhythmus der Prozesse zu erhalten. Wir machen es so, wie es fr\u00fcher gemacht wurde.","breadcrumb":{"@id":"https:\/\/casaboix.es\/de\/produkte\/casa-boix\/#breadcrumb"},"inLanguage":"de","potentialAction":[{"@type":"ReadAction","target":["https:\/\/casaboix.es\/de\/produkte\/casa-boix\/"]}]},{"@type":"BreadcrumbList","@id":"https:\/\/casaboix.es\/de\/produkte\/casa-boix\/#breadcrumb","itemListElement":[{"@type":"ListItem","position":1,"name":"Home","item":"https:\/\/casaboix.es\/de\/"},{"@type":"ListItem","position":2,"name":"Produkte","item":"https:\/\/casaboix.es\/de\/produkte\/"},{"@type":"ListItem","position":3,"name":"Casa Boix"}]},{"@type":"WebSite","@id":"https:\/\/casaboix.es\/de\/#website","url":"https:\/\/casaboix.es\/de\/","name":"Casa Boix","description":"Amor por las cosas bien hechas","publisher":{"@id":"https:\/\/casaboix.es\/de\/#organization"},"potentialAction":[{"@type":"SearchAction","target":{"@type":"EntryPoint","urlTemplate":"https:\/\/casaboix.es\/de\/?s={search_term_string}"},"query-input":{"@type":"PropertyValueSpecification","valueRequired":true,"valueName":"search_term_string"}}],"inLanguage":"de"},{"@type":"Organization","@id":"https:\/\/casaboix.es\/de\/#organization","name":"Casa Boix","url":"https:\/\/casaboix.es\/de\/","logo":{"@type":"ImageObject","inLanguage":"de","@id":"https:\/\/casaboix.es\/de\/#\/schema\/logo\/image\/","url":"https:\/\/casaboix.es\/wp-content\/uploads\/2020\/10\/logo-negro.png","contentUrl":"https:\/\/casaboix.es\/wp-content\/uploads\/2020\/10\/logo-negro.png","width":342,"height":44,"caption":"Casa Boix"},"image":{"@id":"https:\/\/casaboix.es\/de\/#\/schema\/logo\/image\/"},"sameAs":["https:\/\/www.facebook.com\/casaboix\/","https:\/\/x.com\/casaboix","https:\/\/www.instagram.com\/casaboix\/","https:\/\/www.youtube.com\/watch?v=j22NKKL47ec"]}]}},"_links":{"self":[{"href":"https:\/\/casaboix.es\/de\/wp-json\/wp\/v2\/pages\/7429","targetHints":{"allow":["GET"]}}],"collection":[{"href":"https:\/\/casaboix.es\/de\/wp-json\/wp\/v2\/pages"}],"about":[{"href":"https:\/\/casaboix.es\/de\/wp-json\/wp\/v2\/types\/page"}],"author":[{"embeddable":true,"href":"https:\/\/casaboix.es\/de\/wp-json\/wp\/v2\/users\/1"}],"replies":[{"embeddable":true,"href":"https:\/\/casaboix.es\/de\/wp-json\/wp\/v2\/comments?post=7429"}],"version-history":[{"count":1,"href":"https:\/\/casaboix.es\/de\/wp-json\/wp\/v2\/pages\/7429\/revisions"}],"predecessor-version":[{"id":8422,"href":"https:\/\/casaboix.es\/de\/wp-json\/wp\/v2\/pages\/7429\/revisions\/8422"}],"up":[{"embeddable":true,"href":"https:\/\/casaboix.es\/de\/wp-json\/wp\/v2\/pages\/7410"}],"wp:attachment":[{"href":"https:\/\/casaboix.es\/de\/wp-json\/wp\/v2\/media?parent=7429"}],"curies":[{"name":"wp","href":"https:\/\/api.w.org\/{rel}","templated":true}]}}