{"id":7410,"date":"2020-10-28T05:33:31","date_gmt":"2020-10-28T05:33:31","guid":{"rendered":"https:\/\/casaboix.es\/productos\/"},"modified":"2023-06-23T11:04:42","modified_gmt":"2023-06-23T09:04:42","slug":"produkte","status":"publish","type":"page","link":"https:\/\/casaboix.es\/de\/produkte\/","title":{"rendered":"Produkte"},"content":{"rendered":"<div class=\"wpb-content-wrapper\"><p>[vc_row full_width=&#8220;stretch_row_content_no_spaces&#8220; equal_height=&#8220;yes&#8220; content_placement=&#8220;middle&#8220; background_style=&#8220;normal&#8220; el_class=&#8220;alto-fila-maximo&#8220;][vc_column width=&#8220;1\/2&#8243; css=&#8220;.vc_custom_1618502948809{border-right-width: 20px !important;background-image: url(https:\/\/casaboix.es\/wp-content\/uploads\/2021\/04\/productos-01-casa-boix-img-adj-rgb-de.jpg?id=7659) !important;background-position: center !important;background-repeat: no-repeat !important;background-size: cover !important;border-right-color: #ffffff !important;border-right-style: solid !important;}&#8220; el_class=&#8220;large-push-6&#8243;][vc_empty_space height=&#8220;150px&#8220;][\/vc_column][vc_column width=&#8220;1\/2&#8243; css=&#8220;.vc_custom_1606549391455{border-right-width: 20px !important;border-bottom-width: 20px !important;border-left-width: 20px !important;padding-top: 75px !important;padding-right: 7% !important;padding-bottom: 75px !important;padding-left: 7% !important;background-color: #f2efea !important;border-left-color: #ffffff !important;border-left-style: solid !important;border-right-color: #ffffff !important;border-right-style: solid !important;border-bottom-color: #ffffff !important;border-bottom-style: solid !important;}&#8220; el_class=&#8220;large-pull-6&#8243;][vc_column_text]<\/p>\n<h2 style=\"text-align: center;\"><span style=\"color: #4c4b4a;\"><strong><span style=\"font-size: 200%; font-family: 'Roboto'; font-weight: 800;\">01<\/span><\/strong><\/span><\/h2>\n<h2 style=\"text-align: center;\"><span style=\"font-family: 'Georgia'; color: #e8b851;\">Casa Boix<\/span><\/h2>\n<p style=\"text-align: center;\"><span style=\"color: #808080; font-family: roboto;\">Traditionelle Herstellung von erlesenen Fleischprodukten. Entdecken Sie unsere Auswahl an gekochtem Schinken, ger\u00e4uchertem und Ib\u00e9rico-Schinken, Speck sowie unsere Putenspezialit\u00e4ten.<\/span><\/p>\n<p>[\/vc_column_text][vc_single_image image=&#8220;7675&#8243; img_size=&#8220;full&#8220; alignment=&#8220;center&#8220; el_class=&#8220;productos-general-envase-mw&#8220; css=&#8220;.vc_custom_1611038718923{padding-bottom: 10px !important;}&#8220;][vc_btn title=&#8220;Die ganze Produktfamilie ansehen&#8220; shape=&#8220;square&#8220; color=&#8220;sandy-brown&#8220; align=&#8220;center&#8220; link=&#8220;url:https%3A%2F%2Fcasaboix.es%2Fde%2Fprodukte%2Fcasa-boix%2F&#8220; el_class=&#8220;boton-color-af8e69&#8243;][\/vc_column][\/vc_row][vc_row full_width=&#8220;stretch_row_content_no_spaces&#8220; equal_height=&#8220;yes&#8220; content_placement=&#8220;middle&#8220; background_style=&#8220;normal&#8220; el_class=&#8220;alto-fila-maximo&#8220;][vc_column width=&#8220;1\/2&#8243; css=&#8220;.vc_custom_1618503032395{border-left-width: 20px !important;background-image: url(https:\/\/casaboix.es\/wp-content\/uploads\/2021\/04\/productos-02-mos-natura-img-adj-rgb-de.jpg?id=7689) !important;background-position: center !important;background-repeat: no-repeat !important;background-size: cover !important;border-left-color: #ffffff !important;border-left-style: solid !important;}&#8220;][vc_empty_space height=&#8220;150px&#8220;][\/vc_column][vc_column width=&#8220;1\/2&#8243; css=&#8220;.vc_custom_1606549543182{border-top-width: 20px !important;border-right-width: 20px !important;border-bottom-width: 20px !important;border-left-width: 20px !important;padding-top: 40px !important;padding-right: 7% !important;padding-bottom: 40px !important;padding-left: 7% !important;background-color: #f2efea !important;border-left-color: #ffffff !important;border-left-style: solid !important;border-right-color: #ffffff !important;border-right-style: solid !important;border-top-color: #ffffff !important;border-top-style: solid !important;border-bottom-color: #ffffff !important;border-bottom-style: solid !important;}&#8220;][vc_column_text]<\/p>\n<h2 style=\"text-align: center;\"><span style=\"color: #4c4b4a;\"><strong><span style=\"font-size: 200%; font-family: roboto;\">02<\/span><\/strong><\/span><\/h2>\n<h2 style=\"text-align: center;\"><span style=\"font-family: 'Georgia'; color: #e8b851;\">Mos Natura<\/span><\/h2>\n<p style=\"text-align: center;\"><span style=\"color: #808080; font-family: roboto;\">Hergestellt aus hochwertigen Teilst\u00fccken von Tieren aus Freilandhaltung, ohne Antibiotika und ohne Verwendung von Zusatzstoffen (Etiketten ohne &#8222;E-Nummern&#8220;).<\/span><\/p>\n<p>[\/vc_column_text][vc_single_image image=&#8220;7676&#8243; img_size=&#8220;full&#8220; alignment=&#8220;center&#8220; el_class=&#8220;productos-general-envase-mw&#8220; css=&#8220;.vc_custom_1611038774831{padding-bottom: 10px !important;}&#8220;][vc_btn title=&#8220;Die ganze Produktfamilie ansehen&#8220; shape=&#8220;square&#8220; color=&#8220;sandy-brown&#8220; align=&#8220;center&#8220; link=&#8220;url:https%3A%2F%2Fcasaboix.es%2Fde%2Fprodukte%2Fmos-natura%2F|title:Mos%20Natura&#8220; el_class=&#8220;boton-color-af8e69&#8243;][\/vc_column][\/vc_row][vc_row full_width=&#8220;stretch_row_content_no_spaces&#8220; equal_height=&#8220;yes&#8220; content_placement=&#8220;middle&#8220; background_style=&#8220;normal&#8220; el_class=&#8220;alto-fila-maximo&#8220; el_id=&#8220;bloque-reticula-final-pagina&#8220;][vc_column width=&#8220;1\/2&#8243; css=&#8220;.vc_custom_1618503066627{border-right-width: 20px !important;background-image: url(https:\/\/casaboix.es\/wp-content\/uploads\/2021\/04\/productos-03-bio-mos-img-adj-rgb-de.jpg?id=7694) !important;background-position: center !important;background-repeat: no-repeat !important;background-size: cover !important;border-right-color: #ffffff !important;border-right-style: solid !important;}&#8220; el_class=&#8220;large-push-6&#8243;][vc_empty_space height=&#8220;150px&#8220;][\/vc_column][vc_column width=&#8220;1\/2&#8243; css=&#8220;.vc_custom_1606549601499{border-top-width: 20px !important;border-right-width: 20px !important;border-bottom-width: 20px !important;border-left-width: 20px !important;padding-top: 40px !important;padding-right: 7% !important;padding-bottom: 40px !important;padding-left: 7% !important;background-color: #f2efea !important;border-left-color: #ffffff !important;border-left-style: solid !important;border-right-color: #ffffff !important;border-right-style: solid !important;border-top-color: #ffffff !important;border-top-style: solid !important;border-bottom-color: #ffffff !important;border-bottom-style: solid !important;}&#8220; el_class=&#8220;large-pull-6&#8243;][vc_column_text]<\/p>\n<h2 style=\"text-align: center;\"><span style=\"color: #4c4b4a;\"><strong><span style=\"font-size: 200%; font-family: roboto;\">03<\/span><\/strong><\/span><\/h2>\n<h2 style=\"text-align: center;\"><span style=\"font-family: 'Georgia'; color: #e8b851;\">Bio Mos<\/span><\/h2>\n<p style=\"text-align: center;\"><span style=\"color: #808080; font-family: roboto;\">Hergestellt aus Puten, H\u00fchnern und Schweinen, die mit Getreide aus biologischem Anbau gef\u00fcttert werden, GVO-frei, ohne Dioxine oder Antibiotika und aus Freilandhaltung.<\/span><\/p>\n<p>[\/vc_column_text][vc_single_image image=&#8220;7671&#8243; img_size=&#8220;full&#8220; alignment=&#8220;center&#8220; el_class=&#8220;productos-general-envase-mw&#8220;][vc_btn title=&#8220;Die ganze Produktfamilie ansehen&#8220; shape=&#8220;square&#8220; color=&#8220;sandy-brown&#8220; align=&#8220;center&#8220; link=&#8220;url:https%3A%2F%2Fcasaboix.es%2Fde%2Fprodukte%2Fbio-mos%2F&#8220; el_class=&#8220;boton-color-af8e69&#8243;][\/vc_column][\/vc_row]<\/p>\n<\/div>","protected":false},"excerpt":{"rendered":"<p>[vc_row full_width=&#8220;stretch_row_content_no_spaces&#8220; equal_height=&#8220;yes&#8220; content_placement=&#8220;middle&#8220; background_style=&#8220;normal&#8220; el_class=&#8220;alto-fila-maximo&#8220;][vc_column width=&#8220;1\/2&#8243; css=&#8220;.vc_custom_1618502948809{border-right-width: 20px !important;background-image: url(https:\/\/casaboix.es\/wp-content\/uploads\/2021\/04\/productos-01-casa-boix-img-adj-rgb-de.jpg?id=7659) !important;background-position: center !important;background-repeat: no-repeat !important;background-size: cover !important;border-right-color: #ffffff !important;border-right-style: solid !important;}&#8220; el_class=&#8220;large-push-6&#8243;][vc_empty_space height=&#8220;150px&#8220;][\/vc_column][vc_column width=&#8220;1\/2&#8243; css=&#8220;.vc_custom_1606549391455{border-right-width: 20px !important;border-bottom-width: 20px !important;border-left-width: 20px !important;padding-top: 75px !important;padding-right: 7% !important;padding-bottom: 75px !important;padding-left: 7% !important;background-color: #f2efea !important;border-left-color: #ffffff !important;border-left-style: solid !important;border-right-color: #ffffff !important;border-right-style: solid !important;border-bottom-color: #ffffff !important;border-bottom-style: solid !important;}&#8220; el_class=&#8220;large-pull-6&#8243;][vc_column_text] [&hellip;]<\/p>\n","protected":false},"author":1,"featured_media":0,"parent":0,"menu_order":0,"comment_status":"closed","ping_status":"closed","template":"page-full-width.php","meta":{"footnotes":""},"class_list":["post-7410","page","type-page","status-publish","hentry"],"yoast_head":"<!-- This site is optimized with the Yoast SEO Premium plugin v27.1 (Yoast SEO v27.1.1) - https:\/\/yoast.com\/product\/yoast-seo-premium-wordpress\/ -->\n<title>Entdecken Sie die erlesensten Fleischprodukte - Casa Boix<\/title>\n<meta name=\"description\" content=\"Traditionelle Herstellung ausgew\u00e4hlter Fleischprodukte. Entdecken Sie unsere Auswahl an traditionellen, biologischen, zusatzstofffreien und GVO-freien Produkten.\" \/>\n<meta name=\"robots\" content=\"index, follow, max-snippet:-1, max-image-preview:large, max-video-preview:-1\" \/>\n<link rel=\"canonical\" href=\"https:\/\/casaboix.es\/de\/produkte\/\" \/>\n<meta property=\"og:locale\" content=\"de_DE\" \/>\n<meta property=\"og:type\" content=\"article\" \/>\n<meta property=\"og:title\" content=\"Produkte\" \/>\n<meta property=\"og:description\" content=\"Traditionelle Herstellung ausgew\u00e4hlter Fleischprodukte. Entdecken Sie unsere Auswahl an traditionellen, biologischen, zusatzstofffreien und GVO-freien Produkten.\" \/>\n<meta property=\"og:url\" content=\"https:\/\/casaboix.es\/de\/produkte\/\" \/>\n<meta property=\"og:site_name\" content=\"Casa Boix\" \/>\n<meta property=\"article:publisher\" content=\"https:\/\/www.facebook.com\/casaboix\/\" \/>\n<meta property=\"article:modified_time\" content=\"2023-06-23T09:04:42+00:00\" \/>\n<meta name=\"twitter:card\" content=\"summary_large_image\" \/>\n<meta name=\"twitter:site\" content=\"@casaboix\" \/>\n<meta name=\"twitter:label1\" content=\"Gesch\u00e4tzte Lesezeit\" \/>\n\t<meta name=\"twitter:data1\" content=\"2\u00a0Minuten\" \/>\n<script type=\"application\/ld+json\" class=\"yoast-schema-graph\">{\"@context\":\"https:\/\/schema.org\",\"@graph\":[{\"@type\":\"WebPage\",\"@id\":\"https:\/\/casaboix.es\/de\/produkte\/\",\"url\":\"https:\/\/casaboix.es\/de\/produkte\/\",\"name\":\"Entdecken Sie die erlesensten Fleischprodukte - Casa Boix\",\"isPartOf\":{\"@id\":\"https:\/\/casaboix.es\/de\/#website\"},\"datePublished\":\"2020-10-28T05:33:31+00:00\",\"dateModified\":\"2023-06-23T09:04:42+00:00\",\"description\":\"Traditionelle Herstellung ausgew\u00e4hlter Fleischprodukte. Entdecken Sie unsere Auswahl an traditionellen, biologischen, zusatzstofffreien und GVO-freien Produkten.\",\"breadcrumb\":{\"@id\":\"https:\/\/casaboix.es\/de\/produkte\/#breadcrumb\"},\"inLanguage\":\"de\",\"potentialAction\":[{\"@type\":\"ReadAction\",\"target\":[\"https:\/\/casaboix.es\/de\/produkte\/\"]}]},{\"@type\":\"BreadcrumbList\",\"@id\":\"https:\/\/casaboix.es\/de\/produkte\/#breadcrumb\",\"itemListElement\":[{\"@type\":\"ListItem\",\"position\":1,\"name\":\"Home\",\"item\":\"https:\/\/casaboix.es\/de\/\"},{\"@type\":\"ListItem\",\"position\":2,\"name\":\"Produkte\"}]},{\"@type\":\"WebSite\",\"@id\":\"https:\/\/casaboix.es\/de\/#website\",\"url\":\"https:\/\/casaboix.es\/de\/\",\"name\":\"Casa Boix\",\"description\":\"Amor por las cosas bien hechas\",\"publisher\":{\"@id\":\"https:\/\/casaboix.es\/de\/#organization\"},\"potentialAction\":[{\"@type\":\"SearchAction\",\"target\":{\"@type\":\"EntryPoint\",\"urlTemplate\":\"https:\/\/casaboix.es\/de\/?s={search_term_string}\"},\"query-input\":{\"@type\":\"PropertyValueSpecification\",\"valueRequired\":true,\"valueName\":\"search_term_string\"}}],\"inLanguage\":\"de\"},{\"@type\":\"Organization\",\"@id\":\"https:\/\/casaboix.es\/de\/#organization\",\"name\":\"Casa Boix\",\"url\":\"https:\/\/casaboix.es\/de\/\",\"logo\":{\"@type\":\"ImageObject\",\"inLanguage\":\"de\",\"@id\":\"https:\/\/casaboix.es\/de\/#\/schema\/logo\/image\/\",\"url\":\"https:\/\/casaboix.es\/wp-content\/uploads\/2020\/10\/logo-negro.png\",\"contentUrl\":\"https:\/\/casaboix.es\/wp-content\/uploads\/2020\/10\/logo-negro.png\",\"width\":342,\"height\":44,\"caption\":\"Casa Boix\"},\"image\":{\"@id\":\"https:\/\/casaboix.es\/de\/#\/schema\/logo\/image\/\"},\"sameAs\":[\"https:\/\/www.facebook.com\/casaboix\/\",\"https:\/\/x.com\/casaboix\",\"https:\/\/www.instagram.com\/casaboix\/\",\"https:\/\/www.youtube.com\/watch?v=j22NKKL47ec\"]}]}<\/script>\n<!-- \/ Yoast SEO Premium plugin. -->","yoast_head_json":{"title":"Entdecken Sie die erlesensten Fleischprodukte - Casa Boix","description":"Traditionelle Herstellung ausgew\u00e4hlter Fleischprodukte. Entdecken Sie unsere Auswahl an traditionellen, biologischen, zusatzstofffreien und GVO-freien Produkten.","robots":{"index":"index","follow":"follow","max-snippet":"max-snippet:-1","max-image-preview":"max-image-preview:large","max-video-preview":"max-video-preview:-1"},"canonical":"https:\/\/casaboix.es\/de\/produkte\/","og_locale":"de_DE","og_type":"article","og_title":"Produkte","og_description":"Traditionelle Herstellung ausgew\u00e4hlter Fleischprodukte. Entdecken Sie unsere Auswahl an traditionellen, biologischen, zusatzstofffreien und GVO-freien Produkten.","og_url":"https:\/\/casaboix.es\/de\/produkte\/","og_site_name":"Casa Boix","article_publisher":"https:\/\/www.facebook.com\/casaboix\/","article_modified_time":"2023-06-23T09:04:42+00:00","twitter_card":"summary_large_image","twitter_site":"@casaboix","twitter_misc":{"Gesch\u00e4tzte Lesezeit":"2\u00a0Minuten"},"schema":{"@context":"https:\/\/schema.org","@graph":[{"@type":"WebPage","@id":"https:\/\/casaboix.es\/de\/produkte\/","url":"https:\/\/casaboix.es\/de\/produkte\/","name":"Entdecken Sie die erlesensten Fleischprodukte - Casa Boix","isPartOf":{"@id":"https:\/\/casaboix.es\/de\/#website"},"datePublished":"2020-10-28T05:33:31+00:00","dateModified":"2023-06-23T09:04:42+00:00","description":"Traditionelle Herstellung ausgew\u00e4hlter Fleischprodukte. Entdecken Sie unsere Auswahl an traditionellen, biologischen, zusatzstofffreien und GVO-freien Produkten.","breadcrumb":{"@id":"https:\/\/casaboix.es\/de\/produkte\/#breadcrumb"},"inLanguage":"de","potentialAction":[{"@type":"ReadAction","target":["https:\/\/casaboix.es\/de\/produkte\/"]}]},{"@type":"BreadcrumbList","@id":"https:\/\/casaboix.es\/de\/produkte\/#breadcrumb","itemListElement":[{"@type":"ListItem","position":1,"name":"Home","item":"https:\/\/casaboix.es\/de\/"},{"@type":"ListItem","position":2,"name":"Produkte"}]},{"@type":"WebSite","@id":"https:\/\/casaboix.es\/de\/#website","url":"https:\/\/casaboix.es\/de\/","name":"Casa Boix","description":"Amor por las cosas bien hechas","publisher":{"@id":"https:\/\/casaboix.es\/de\/#organization"},"potentialAction":[{"@type":"SearchAction","target":{"@type":"EntryPoint","urlTemplate":"https:\/\/casaboix.es\/de\/?s={search_term_string}"},"query-input":{"@type":"PropertyValueSpecification","valueRequired":true,"valueName":"search_term_string"}}],"inLanguage":"de"},{"@type":"Organization","@id":"https:\/\/casaboix.es\/de\/#organization","name":"Casa Boix","url":"https:\/\/casaboix.es\/de\/","logo":{"@type":"ImageObject","inLanguage":"de","@id":"https:\/\/casaboix.es\/de\/#\/schema\/logo\/image\/","url":"https:\/\/casaboix.es\/wp-content\/uploads\/2020\/10\/logo-negro.png","contentUrl":"https:\/\/casaboix.es\/wp-content\/uploads\/2020\/10\/logo-negro.png","width":342,"height":44,"caption":"Casa Boix"},"image":{"@id":"https:\/\/casaboix.es\/de\/#\/schema\/logo\/image\/"},"sameAs":["https:\/\/www.facebook.com\/casaboix\/","https:\/\/x.com\/casaboix","https:\/\/www.instagram.com\/casaboix\/","https:\/\/www.youtube.com\/watch?v=j22NKKL47ec"]}]}},"_links":{"self":[{"href":"https:\/\/casaboix.es\/de\/wp-json\/wp\/v2\/pages\/7410","targetHints":{"allow":["GET"]}}],"collection":[{"href":"https:\/\/casaboix.es\/de\/wp-json\/wp\/v2\/pages"}],"about":[{"href":"https:\/\/casaboix.es\/de\/wp-json\/wp\/v2\/types\/page"}],"author":[{"embeddable":true,"href":"https:\/\/casaboix.es\/de\/wp-json\/wp\/v2\/users\/1"}],"replies":[{"embeddable":true,"href":"https:\/\/casaboix.es\/de\/wp-json\/wp\/v2\/comments?post=7410"}],"version-history":[{"count":1,"href":"https:\/\/casaboix.es\/de\/wp-json\/wp\/v2\/pages\/7410\/revisions"}],"predecessor-version":[{"id":8416,"href":"https:\/\/casaboix.es\/de\/wp-json\/wp\/v2\/pages\/7410\/revisions\/8416"}],"wp:attachment":[{"href":"https:\/\/casaboix.es\/de\/wp-json\/wp\/v2\/media?parent=7410"}],"curies":[{"name":"wp","href":"https:\/\/api.w.org\/{rel}","templated":true}]}}