{"id":7406,"date":"2020-10-11T05:36:52","date_gmt":"2020-10-11T05:36:52","guid":{"rendered":"https:\/\/casaboix.es\/politica-privacidad\/"},"modified":"2023-02-14T11:48:31","modified_gmt":"2023-02-14T10:48:31","slug":"datenschutzbestimmungen","status":"publish","type":"page","link":"https:\/\/casaboix.es\/de\/datenschutzbestimmungen\/","title":{"rendered":"Datenschutzbestimmungen"},"content":{"rendered":"<p><strong>Datenschutz<\/strong><\/p>\n<p>Gem\u00e4\u00df den Bestimmungen der geltenden Gesetzgebung zum Datenschutz informieren wir Sie dar\u00fcber, dass Ihre Daten in das Verarbeitungssystem von CASA BOIX SL mit der Steuernummer (CIF) B61241840 und Sitz in CALLE ESCORXADOR S\/N, 08776, SANT PERE DE RIUDEBITLLES (BARCELONA) aufgenommen werden, um die zwischen den beiden Parteien eingegangenen Verpflichtungen zu erleichtern, zu beschleunigen und zu erf\u00fcllen. In Einhaltung der geltenden Vorschriften informiert CASA BOIX SL, dass die Daten so lange aufbewahrt werden, wie es zur Erf\u00fcllung der oben genannten Bestimmungen unbedingt erforderlich ist.<\/p>\n<p>Wir weisen Sie darauf hin, dass die Verarbeitung Ihrer Daten durch Ihre Einwilligung und\/oder das Vertragsverh\u00e4ltnis, das zwischen Ihnen und uns besteht, rechtm\u00e4\u00dfig ist.<\/p>\n<p>CASA BOIX SL informiert dar\u00fcber, die Daten auf rechtm\u00e4\u00dfige, loyale, transparente, angemessene, relevante, begrenzte, genaue und aktualisierte Weise zu behandeln. Deshalb verpflichtet sich CASA BOIX SL, alle angemessenen Ma\u00dfnahmen zu ergreifen, um die Daten unverz\u00fcglich zu l\u00f6schen oder zu berichtigen, wenn sie unzutreffend sind. In \u00dcbereinstimmung mit den Rechten, die durch die geltende Datenschutzgesetzgebung gew\u00e4hrt werden, k\u00f6nnen Sie Ihre Rechte auf Zugriff, Richtigstellung, Einschr\u00e4nkung der Verarbeitung, L\u00f6schung, \u00dcbertragbarkeit und Widerspruch gegen die Verarbeitung Ihrer personenbezogenen Daten sowie die Zustimmung zur Verarbeitung derselben aus\u00fcben, indem Sie Ihre Anfrage an die oben angegebene Postanschrift oder an die E-Mail-Adresse casaboix@casaboix.es senden.<\/p>\n<p>Sie k\u00f6nnen sich an die zust\u00e4ndige Kontrollinstanz wenden, um eine Beschwerde vorzubringen, die Sie f\u00fcr angemessen halten.<\/p>\n","protected":false},"excerpt":{"rendered":"<p>Datenschutz Gem\u00e4\u00df den Bestimmungen der geltenden Gesetzgebung zum Datenschutz informieren wir Sie dar\u00fcber, dass Ihre Daten in das Verarbeitungssystem von CASA BOIX SL mit der Steuernummer (CIF) B61241840 und Sitz in CALLE ESCORXADOR S\/N, 08776, SANT PERE DE RIUDEBITLLES (BARCELONA) aufgenommen werden, um die zwischen den beiden Parteien eingegangenen Verpflichtungen zu erleichtern, zu beschleunigen und [&hellip;]<\/p>\n","protected":false},"author":1,"featured_media":0,"parent":0,"menu_order":48,"comment_status":"closed","ping_status":"open","template":"page-boxed.php","meta":{"footnotes":""},"class_list":["post-7406","page","type-page","status-publish","hentry"],"yoast_head":"<!-- This site is optimized with the Yoast SEO Premium plugin v27.1 (Yoast SEO v27.1.1) - https:\/\/yoast.com\/product\/yoast-seo-premium-wordpress\/ -->\n<title>Datenschutzbestimmungen - Casa Boix<\/title>\n<meta name=\"robots\" content=\"index, follow, max-snippet:-1, max-image-preview:large, max-video-preview:-1\" \/>\n<link rel=\"canonical\" href=\"https:\/\/casaboix.es\/de\/datenschutzbestimmungen\/\" \/>\n<meta property=\"og:locale\" content=\"de_DE\" \/>\n<meta property=\"og:type\" content=\"article\" \/>\n<meta property=\"og:title\" content=\"Datenschutzbestimmungen\" \/>\n<meta property=\"og:description\" content=\"Datenschutz Gem\u00e4\u00df den Bestimmungen der geltenden Gesetzgebung zum Datenschutz informieren wir Sie dar\u00fcber, dass Ihre Daten in das Verarbeitungssystem von CASA BOIX SL mit der Steuernummer (CIF) B61241840 und Sitz in CALLE ESCORXADOR S\/N, 08776, SANT PERE DE RIUDEBITLLES (BARCELONA) aufgenommen werden, um die zwischen den beiden Parteien eingegangenen Verpflichtungen zu erleichtern, zu beschleunigen und [&hellip;]\" \/>\n<meta property=\"og:url\" content=\"https:\/\/casaboix.es\/de\/datenschutzbestimmungen\/\" \/>\n<meta property=\"og:site_name\" content=\"Casa Boix\" \/>\n<meta property=\"article:publisher\" content=\"https:\/\/www.facebook.com\/casaboix\/\" \/>\n<meta property=\"article:modified_time\" content=\"2023-02-14T10:48:31+00:00\" \/>\n<meta name=\"twitter:card\" content=\"summary_large_image\" \/>\n<meta name=\"twitter:site\" content=\"@casaboix\" \/>\n<meta name=\"twitter:label1\" content=\"Gesch\u00e4tzte Lesezeit\" \/>\n\t<meta name=\"twitter:data1\" content=\"1\u00a0Minute\" \/>\n<script type=\"application\/ld+json\" class=\"yoast-schema-graph\">{\"@context\":\"https:\/\/schema.org\",\"@graph\":[{\"@type\":\"WebPage\",\"@id\":\"https:\/\/casaboix.es\/de\/datenschutzbestimmungen\/\",\"url\":\"https:\/\/casaboix.es\/de\/datenschutzbestimmungen\/\",\"name\":\"Datenschutzbestimmungen - Casa Boix\",\"isPartOf\":{\"@id\":\"https:\/\/casaboix.es\/de\/#website\"},\"datePublished\":\"2020-10-11T05:36:52+00:00\",\"dateModified\":\"2023-02-14T10:48:31+00:00\",\"breadcrumb\":{\"@id\":\"https:\/\/casaboix.es\/de\/datenschutzbestimmungen\/#breadcrumb\"},\"inLanguage\":\"de\",\"potentialAction\":[{\"@type\":\"ReadAction\",\"target\":[\"https:\/\/casaboix.es\/de\/datenschutzbestimmungen\/\"]}]},{\"@type\":\"BreadcrumbList\",\"@id\":\"https:\/\/casaboix.es\/de\/datenschutzbestimmungen\/#breadcrumb\",\"itemListElement\":[{\"@type\":\"ListItem\",\"position\":1,\"name\":\"Home\",\"item\":\"https:\/\/casaboix.es\/de\/\"},{\"@type\":\"ListItem\",\"position\":2,\"name\":\"Datenschutzbestimmungen\"}]},{\"@type\":\"WebSite\",\"@id\":\"https:\/\/casaboix.es\/de\/#website\",\"url\":\"https:\/\/casaboix.es\/de\/\",\"name\":\"Casa Boix\",\"description\":\"Amor por las cosas bien hechas\",\"publisher\":{\"@id\":\"https:\/\/casaboix.es\/de\/#organization\"},\"potentialAction\":[{\"@type\":\"SearchAction\",\"target\":{\"@type\":\"EntryPoint\",\"urlTemplate\":\"https:\/\/casaboix.es\/de\/?s={search_term_string}\"},\"query-input\":{\"@type\":\"PropertyValueSpecification\",\"valueRequired\":true,\"valueName\":\"search_term_string\"}}],\"inLanguage\":\"de\"},{\"@type\":\"Organization\",\"@id\":\"https:\/\/casaboix.es\/de\/#organization\",\"name\":\"Casa Boix\",\"url\":\"https:\/\/casaboix.es\/de\/\",\"logo\":{\"@type\":\"ImageObject\",\"inLanguage\":\"de\",\"@id\":\"https:\/\/casaboix.es\/de\/#\/schema\/logo\/image\/\",\"url\":\"https:\/\/casaboix.es\/wp-content\/uploads\/2020\/10\/logo-negro.png\",\"contentUrl\":\"https:\/\/casaboix.es\/wp-content\/uploads\/2020\/10\/logo-negro.png\",\"width\":342,\"height\":44,\"caption\":\"Casa Boix\"},\"image\":{\"@id\":\"https:\/\/casaboix.es\/de\/#\/schema\/logo\/image\/\"},\"sameAs\":[\"https:\/\/www.facebook.com\/casaboix\/\",\"https:\/\/x.com\/casaboix\",\"https:\/\/www.instagram.com\/casaboix\/\",\"https:\/\/www.youtube.com\/watch?v=j22NKKL47ec\"]}]}<\/script>\n<!-- \/ Yoast SEO Premium plugin. -->","yoast_head_json":{"title":"Datenschutzbestimmungen - Casa Boix","robots":{"index":"index","follow":"follow","max-snippet":"max-snippet:-1","max-image-preview":"max-image-preview:large","max-video-preview":"max-video-preview:-1"},"canonical":"https:\/\/casaboix.es\/de\/datenschutzbestimmungen\/","og_locale":"de_DE","og_type":"article","og_title":"Datenschutzbestimmungen","og_description":"Datenschutz Gem\u00e4\u00df den Bestimmungen der geltenden Gesetzgebung zum Datenschutz informieren wir Sie dar\u00fcber, dass Ihre Daten in das Verarbeitungssystem von CASA BOIX SL mit der Steuernummer (CIF) B61241840 und Sitz in CALLE ESCORXADOR S\/N, 08776, SANT PERE DE RIUDEBITLLES (BARCELONA) aufgenommen werden, um die zwischen den beiden Parteien eingegangenen Verpflichtungen zu erleichtern, zu beschleunigen und [&hellip;]","og_url":"https:\/\/casaboix.es\/de\/datenschutzbestimmungen\/","og_site_name":"Casa Boix","article_publisher":"https:\/\/www.facebook.com\/casaboix\/","article_modified_time":"2023-02-14T10:48:31+00:00","twitter_card":"summary_large_image","twitter_site":"@casaboix","twitter_misc":{"Gesch\u00e4tzte Lesezeit":"1\u00a0Minute"},"schema":{"@context":"https:\/\/schema.org","@graph":[{"@type":"WebPage","@id":"https:\/\/casaboix.es\/de\/datenschutzbestimmungen\/","url":"https:\/\/casaboix.es\/de\/datenschutzbestimmungen\/","name":"Datenschutzbestimmungen - Casa Boix","isPartOf":{"@id":"https:\/\/casaboix.es\/de\/#website"},"datePublished":"2020-10-11T05:36:52+00:00","dateModified":"2023-02-14T10:48:31+00:00","breadcrumb":{"@id":"https:\/\/casaboix.es\/de\/datenschutzbestimmungen\/#breadcrumb"},"inLanguage":"de","potentialAction":[{"@type":"ReadAction","target":["https:\/\/casaboix.es\/de\/datenschutzbestimmungen\/"]}]},{"@type":"BreadcrumbList","@id":"https:\/\/casaboix.es\/de\/datenschutzbestimmungen\/#breadcrumb","itemListElement":[{"@type":"ListItem","position":1,"name":"Home","item":"https:\/\/casaboix.es\/de\/"},{"@type":"ListItem","position":2,"name":"Datenschutzbestimmungen"}]},{"@type":"WebSite","@id":"https:\/\/casaboix.es\/de\/#website","url":"https:\/\/casaboix.es\/de\/","name":"Casa Boix","description":"Amor por las cosas bien hechas","publisher":{"@id":"https:\/\/casaboix.es\/de\/#organization"},"potentialAction":[{"@type":"SearchAction","target":{"@type":"EntryPoint","urlTemplate":"https:\/\/casaboix.es\/de\/?s={search_term_string}"},"query-input":{"@type":"PropertyValueSpecification","valueRequired":true,"valueName":"search_term_string"}}],"inLanguage":"de"},{"@type":"Organization","@id":"https:\/\/casaboix.es\/de\/#organization","name":"Casa Boix","url":"https:\/\/casaboix.es\/de\/","logo":{"@type":"ImageObject","inLanguage":"de","@id":"https:\/\/casaboix.es\/de\/#\/schema\/logo\/image\/","url":"https:\/\/casaboix.es\/wp-content\/uploads\/2020\/10\/logo-negro.png","contentUrl":"https:\/\/casaboix.es\/wp-content\/uploads\/2020\/10\/logo-negro.png","width":342,"height":44,"caption":"Casa Boix"},"image":{"@id":"https:\/\/casaboix.es\/de\/#\/schema\/logo\/image\/"},"sameAs":["https:\/\/www.facebook.com\/casaboix\/","https:\/\/x.com\/casaboix","https:\/\/www.instagram.com\/casaboix\/","https:\/\/www.youtube.com\/watch?v=j22NKKL47ec"]}]}},"_links":{"self":[{"href":"https:\/\/casaboix.es\/de\/wp-json\/wp\/v2\/pages\/7406","targetHints":{"allow":["GET"]}}],"collection":[{"href":"https:\/\/casaboix.es\/de\/wp-json\/wp\/v2\/pages"}],"about":[{"href":"https:\/\/casaboix.es\/de\/wp-json\/wp\/v2\/types\/page"}],"author":[{"embeddable":true,"href":"https:\/\/casaboix.es\/de\/wp-json\/wp\/v2\/users\/1"}],"replies":[{"embeddable":true,"href":"https:\/\/casaboix.es\/de\/wp-json\/wp\/v2\/comments?post=7406"}],"version-history":[{"count":0,"href":"https:\/\/casaboix.es\/de\/wp-json\/wp\/v2\/pages\/7406\/revisions"}],"wp:attachment":[{"href":"https:\/\/casaboix.es\/de\/wp-json\/wp\/v2\/media?parent=7406"}],"curies":[{"name":"wp","href":"https:\/\/api.w.org\/{rel}","templated":true}]}}