{"id":7402,"date":"2021-02-03T13:01:19","date_gmt":"2021-02-03T12:01:19","guid":{"rendered":"https:\/\/casaboix.es\/aviso-legal\/"},"modified":"2022-05-17T14:47:50","modified_gmt":"2022-05-17T12:47:50","slug":"rechtliche-hinweise","status":"publish","type":"page","link":"https:\/\/casaboix.es\/de\/rechtliche-hinweise\/","title":{"rendered":"Rechtliche Hinweise"},"content":{"rendered":"<p><strong>NUTZUNGSBEDINGUNGEN<\/strong><\/p>\n<p>In Erf\u00fcllung des Gesetzes 34\/2002 vom 11. Juli 2002 \u00fcber die Dienstleistungen der Informationsgesellschaft und den elektronischen Handel (LSSI-CE) erkl\u00e4rt CASA BOIX SL, dass sie Eigent\u00fcmer der Website www.casaboix.es ist. In \u00dcbereinstimmung mit den Vorschriften des Artikels 10 des vorgenannten Gesetzes informiert CASA BOIX SL \u00fcber die folgenden Daten: Der Eigent\u00fcmer dieser Website ist CASA BOIX SL, mit Steuernummer (CIF) B61241840 und eingetragenem Sitz in CALLE ESCORXADOR S\/N, 125 08776, SANT PERE DE RIUDEBITLLES (BARCELONA).<\/p>\n<p><strong>Benutzer und Haftungsregelung<\/strong><\/p>\n<p>Das Browsen, der Zugriff und die Nutzung der Website von CASA BOIX SL verleiht den Status eines Nutzers, wodurch mit dem Aufrufen der Website von CASA BOIX SL alle hier festgelegten Nutzungsbedingungen akzeptiert werden, unbeschadet der Anwendung der entsprechenden Vorschriften zur zwingenden Einhaltung der gesetzlichen Bestimmungen, sofern dies der Fall ist.<\/p>\n<p>Die Website von CASA BOIX SL bietet eine Vielzahl an Informationen, Dienstleistungen und Daten. Der Benutzer \u00fcbernimmt die Verantwortung f\u00fcr die korrekte Nutzung der Website. Diese Verantwortung erstreckt sich auf:<\/p>\n<ul>\n<li>Die Richtigkeit und Rechtm\u00e4\u00dfigkeit der Angaben, die der Benutzer in den von CASA BOIX SL bereitgestellten Formularen f\u00fcr den Zugriff auf bestimmte auf der Website angebotene Inhalte oder Dienstleistungen macht.<\/li>\n<li>Die Nutzung der von CASA BOIX SL angebotenen Informationen, Dienstleistungen und Daten, die gegen die Bestimmungen dieser Bedingungen, das Gesetz, die Moral, die guten Sitten oder die \u00f6ffentliche Ordnung verst\u00f6\u00dft oder in sonstiger Weise die Rechte Dritter oder das reibungslose Funktionieren der Website beeintr\u00e4chtigen kann.<\/li>\n<\/ul>\n<p><strong>Verlinkungsrichtlinie und Haftungsausschluss<\/strong><\/p>\n<p>CASA BOIX SL ist nicht f\u00fcr den Inhalt der Websites verantwortlich, auf die der Benutzer \u00fcber die auf ihrer Website eingerichteten Links zugreifen kann, und erkl\u00e4rt, dass sie unter keinen Umst\u00e4nden den Inhalt anderer Websites \u00fcberpr\u00fcft oder irgendeine Art von Kontrolle dar\u00fcber aus\u00fcbt. Ferner \u00fcbernimmt sie keine Garantie f\u00fcr die technische Verf\u00fcgbarkeit, Genauigkeit, Richtigkeit, G\u00fcltigkeit oder Rechtm\u00e4\u00dfigkeit von Websites au\u00dferhalb ihres Eigentums, auf die \u00fcber die Links zugegriffen werden kann.<\/p>\n<p>CASA BOIX SL erkl\u00e4rt, dass sie alle erforderlichen Ma\u00dfnahmen ergriffen hat, um jegliche Sch\u00e4den zu vermeiden, die den Nutzern ihrer Website durch das Surfen auf dieser entstehen k\u00f6nnen. CASA BOIX SL haftet daher in keinem Fall f\u00fcr eventuelle Sch\u00e4den, die f\u00fcr den Nutzer durch das Surfen im Internet auftreten k\u00f6nnen.<\/p>\n<p><strong>\u00c4nderungen<\/strong><\/p>\n<p>CASA BOIX SL beh\u00e4lt sich das Recht vor, ohne vorherige Ank\u00fcndigung \u00c4nderungen an den Inhalten ihrer Website vorzunehmen, die sie f\u00fcr angemessen h\u00e4lt. Sowohl in Bezug auf den Inhalt der Website als auch hinsichtlich der Nutzungsbedingungen oder der allgemeinen Vertragsbedingungen. Diese \u00c4nderungen k\u00f6nnen \u00fcber die Website in jeder gesetzlich zul\u00e4ssigen Form erfolgen und sind ab dem Zeitpunkt der Ver\u00f6ffentlichung auf der Website bis zu einer sp\u00e4teren wirksamen \u00c4nderung verbindlich.<\/p>\n<p><strong>Online-Vertragsabwicklung<\/strong><\/p>\n<p>Bestimmte Inhalte der Website von CASA BOIX SL enthalten die M\u00f6glichkeit zum Abschluss von Vertr\u00e4gen \u00fcber das Internet. Ihre Nutzung setzt das Lesen und die verbindliche Annahme der von CASA BOIX SL zu diesem Zweck aufgestellten allgemeinen Vertragsbedingungen voraus.<\/p>\n<p><strong>Datenschutz<\/strong><\/p>\n<p>Gem\u00e4\u00df den Bestimmungen der geltenden Gesetzgebung zum Datenschutz informieren wir Sie dar\u00fcber, dass Ihre Daten in das Verarbeitungssystem von CASA BOIX SL mit der Steuernummer (CIF) B61241840 und Sitz in CALLE ESCORXADOR S\/N, 08776, SANT PERE DE RIUDEBITLLES (BARCELONA) aufgenommen werden, um die zwischen den beiden Parteien eingegangenen Verpflichtungen zu erleichtern, zu beschleunigen und zu erf\u00fcllen. In Einhaltung der geltenden Vorschriften informiert CASA BOIX SL, dass die Daten so lange aufbewahrt werden, wie es zur Erf\u00fcllung der oben genannten Bestimmungen unbedingt erforderlich ist.<\/p>\n<p>Wir weisen Sie darauf hin, dass die Verarbeitung Ihrer Daten durch Ihre Einwilligung und\/oder das Vertragsverh\u00e4ltnis, das zwischen Ihnen und uns besteht, rechtm\u00e4\u00dfig ist.<\/p>\n<p>CASA BOIX SL informiert dar\u00fcber, die Daten auf rechtm\u00e4\u00dfige, loyale, transparente, angemessene, relevante, begrenzte, genaue und aktualisierte Weise zu behandeln. Deshalb verpflichtet sich CASA BOIX SL, alle angemessenen Ma\u00dfnahmen zu ergreifen, um die Daten unverz\u00fcglich zu l\u00f6schen oder zu berichtigen, wenn sie unzutreffend sind. In \u00dcbereinstimmung mit den Rechten, die durch die geltende Datenschutzgesetzgebung gew\u00e4hrt werden, k\u00f6nnen Sie Ihre Rechte auf Zugriff, Richtigstellung, Einschr\u00e4nkung der Verarbeitung, L\u00f6schung, \u00dcbertragbarkeit und Widerspruch gegen die Verarbeitung Ihrer personenbezogenen Daten sowie die Zustimmung zur Verarbeitung derselben aus\u00fcben, indem Sie Ihre Anfrage an die oben angegebene Postanschrift oder an die E-Mail-Adresse casaboix@casaboix.es senden.<\/p>\n<p>Sie k\u00f6nnen sich an die zust\u00e4ndige Kontrollinstanz wenden, um eine Beschwerde vorzubringen, die Sie f\u00fcr angemessen halten.<\/p>\n<p><strong>SSL-Zertifikat (Secure Sockets Layer)<\/strong><\/p>\n<p>Das SSL-ZERTIFIKAT bietet Authentifizierung, Datenschutz und Sicherheit der Informationen zwischen CASA BOIX SL und dem Benutzer. CASA BOIX SL besitzt ein Sicherheitszertifikat, das von dem SSL-ZERTIFIKAT verwendet wird, um sichere Verbindungen herzustellen. Bei diesem Verfahren werden mehrere Parameter eingestellt, um die Verbindung auf eine sichere Weise herzustellen, und sie wird mit vorher festgelegten Schl\u00fcsseln aufgebaut, wobei alle gesendeten Daten ver- und entschl\u00fcsselt werden, bis die Verbindung geschlossen wird.<\/p>\n<p><strong>Geistiges und gewerbliches Eigentum<\/strong><\/p>\n<p>CASA BOIX SL ist selbst oder als Bevollm\u00e4chtigte Inhaber aller geistigen und gewerblichen Eigentumsrechte an ihrer Website sowie an den darin enthaltenen Elementen (einschlie\u00dflich, Bilder, Ton, Audio, Video, Software oder Texte; Marken oder Logos, Farbkombinationen, Struktur und Design, Auswahl der verwendeten Materialien, Computerprogramme, die f\u00fcr den Betrieb, den Zugriff und die Nutzung erforderlich sind, usw.), die CASA BOIX SL geh\u00f6ren. Es handelt sich also um Werke, die als geistiges Eigentum durch das spanische Rechtssystem gesch\u00fctzt sind, wobei sowohl die spanischen und EU-Regelungen auf diesem Gebiet als auch die von Spanien unterzeichneten internationalen Vertr\u00e4ge, die sich auf dieses Thema beziehen, Anwendung finden.<\/p>\n<p>Alle Rechte vorbehalten. Gem\u00e4\u00df den Bestimmungen des Gesetzes zum Schutz des geistigen Eigentums sind die Vervielf\u00e4ltigung, die Verbreitung und die \u00f6ffentliche Wiedergabe, einschlie\u00dflich der Art und Weise der Bereitstellung, des gesamten oder eines Teils des Inhalts dieser Webseite zu kommerziellen Zwecken in jeglicher Form und mit jeglichen technischen Mitteln ohne die ausdr\u00fcckliche vorherige Genehmigung der CASA BOIX SL verboten.<\/p>\n<p>Der Nutzer verpflichtet sich, die Rechte des geistigen und gewerblichen Eigentums der CASA BOIX SL zu respektieren. Sie k\u00f6nnen die Elemente des Portals ansehen und ausdrucken, kopieren und auf der Festplatte Ihres Computers oder auf einem anderen physischen Datentr\u00e4ger speichern, solange dies einzig und allein f\u00fcr Ihren pers\u00f6nlichen und privaten Gebrauch erfolgt. Der Nutzer darf keinerlei Schutzvorrichtungen oder Sicherheitssysteme, die auf den Seiten von CASA BOIX SL installiert sind, l\u00f6schen, ver\u00e4ndern, umgehen oder manipulieren.<\/p>\n<p><strong>Rechtliche Schritte, anwendbares Recht und Gerichtsstand<\/strong><\/p>\n<p>CASA BOIX SL beh\u00e4lt sich au\u00dferdem das Recht vor, zivil- oder strafrechtliche Schritte einzuleiten, die sie f\u00fcr die missbr\u00e4uchliche Nutzung ihrer Website und ihrer Inhalte oder f\u00fcr die Verletzung der vorliegenden Bedingungen f\u00fcr angemessen h\u00e4lt.<\/p>\n<p>Die Beziehung zwischen dem Nutzer und dem Anbieter unterliegt den geltenden und auf spanischem Gebiet anwendbaren Rechtsvorschriften. Bei Streitigkeiten k\u00f6nnen die Parteien ein Schiedsgericht in Anspruch nehmen oder die ordentliche Gerichtsbarkeit unter Beachtung der diesbez\u00fcglichen Gerichtsstands- und Zust\u00e4ndigkeitsregeln anrufen. Die CASA BOIX SL hat ihren Sitz in BARCELONA, Spanien.<\/p>\n<p><strong>Geolokalisierung und Blockierung des Internetverkehrs<\/strong><\/p>\n<p>Diese Website verwendet IP2Location LITE-Daten, die unter <a href=\"https:\/\/lite.ip2location.com\">lite.ip2location.com<\/a> verf\u00fcgbar sind, um Prozesse auszuf\u00fchren, um unerw\u00fcnschten Datenverkehr aus Drittl\u00e4ndern zu blockieren.<\/p>\n\n\n<p>&nbsp;<\/p>\n","protected":false},"excerpt":{"rendered":"<p>NUTZUNGSBEDINGUNGEN In Erf\u00fcllung des Gesetzes 34\/2002 vom 11. Juli 2002 \u00fcber die Dienstleistungen der Informationsgesellschaft und den elektronischen Handel (LSSI-CE) erkl\u00e4rt CASA BOIX SL, dass sie Eigent\u00fcmer der Website www.casaboix.es ist. In \u00dcbereinstimmung mit den Vorschriften des Artikels 10 des vorgenannten Gesetzes informiert CASA BOIX SL \u00fcber die folgenden Daten: Der Eigent\u00fcmer dieser Website ist [&hellip;]<\/p>\n","protected":false},"author":1,"featured_media":0,"parent":0,"menu_order":3,"comment_status":"closed","ping_status":"closed","template":"page-boxed.php","meta":{"footnotes":""},"class_list":["post-7402","page","type-page","status-publish","hentry"],"yoast_head":"<!-- This site is optimized with the Yoast SEO Premium plugin v27.1 (Yoast SEO v27.1.1) - https:\/\/yoast.com\/product\/yoast-seo-premium-wordpress\/ -->\n<title>Rechtliche Hinweise - Casa Boix<\/title>\n<meta name=\"robots\" content=\"index, follow, max-snippet:-1, max-image-preview:large, max-video-preview:-1\" \/>\n<link rel=\"canonical\" href=\"https:\/\/casaboix.es\/de\/rechtliche-hinweise\/\" \/>\n<meta property=\"og:locale\" content=\"de_DE\" \/>\n<meta property=\"og:type\" content=\"article\" \/>\n<meta property=\"og:title\" content=\"Rechtliche Hinweise\" \/>\n<meta property=\"og:description\" content=\"NUTZUNGSBEDINGUNGEN In Erf\u00fcllung des Gesetzes 34\/2002 vom 11. Juli 2002 \u00fcber die Dienstleistungen der Informationsgesellschaft und den elektronischen Handel (LSSI-CE) erkl\u00e4rt CASA BOIX SL, dass sie Eigent\u00fcmer der Website www.casaboix.es ist. In \u00dcbereinstimmung mit den Vorschriften des Artikels 10 des vorgenannten Gesetzes informiert CASA BOIX SL \u00fcber die folgenden Daten: Der Eigent\u00fcmer dieser Website ist [&hellip;]\" \/>\n<meta property=\"og:url\" content=\"https:\/\/casaboix.es\/de\/rechtliche-hinweise\/\" \/>\n<meta property=\"og:site_name\" content=\"Casa Boix\" \/>\n<meta property=\"article:publisher\" content=\"https:\/\/www.facebook.com\/casaboix\/\" \/>\n<meta property=\"article:modified_time\" content=\"2022-05-17T12:47:50+00:00\" \/>\n<meta name=\"twitter:card\" content=\"summary_large_image\" \/>\n<meta name=\"twitter:site\" content=\"@casaboix\" \/>\n<meta name=\"twitter:label1\" content=\"Gesch\u00e4tzte Lesezeit\" \/>\n\t<meta name=\"twitter:data1\" content=\"6\u00a0Minuten\" \/>\n<script type=\"application\/ld+json\" class=\"yoast-schema-graph\">{\"@context\":\"https:\/\/schema.org\",\"@graph\":[{\"@type\":\"WebPage\",\"@id\":\"https:\/\/casaboix.es\/de\/rechtliche-hinweise\/\",\"url\":\"https:\/\/casaboix.es\/de\/rechtliche-hinweise\/\",\"name\":\"Rechtliche Hinweise - Casa Boix\",\"isPartOf\":{\"@id\":\"https:\/\/casaboix.es\/de\/#website\"},\"datePublished\":\"2021-02-03T12:01:19+00:00\",\"dateModified\":\"2022-05-17T12:47:50+00:00\",\"breadcrumb\":{\"@id\":\"https:\/\/casaboix.es\/de\/rechtliche-hinweise\/#breadcrumb\"},\"inLanguage\":\"de\",\"potentialAction\":[{\"@type\":\"ReadAction\",\"target\":[\"https:\/\/casaboix.es\/de\/rechtliche-hinweise\/\"]}]},{\"@type\":\"BreadcrumbList\",\"@id\":\"https:\/\/casaboix.es\/de\/rechtliche-hinweise\/#breadcrumb\",\"itemListElement\":[{\"@type\":\"ListItem\",\"position\":1,\"name\":\"Home\",\"item\":\"https:\/\/casaboix.es\/de\/\"},{\"@type\":\"ListItem\",\"position\":2,\"name\":\"Rechtliche Hinweise\"}]},{\"@type\":\"WebSite\",\"@id\":\"https:\/\/casaboix.es\/de\/#website\",\"url\":\"https:\/\/casaboix.es\/de\/\",\"name\":\"Casa Boix\",\"description\":\"Amor por las cosas bien hechas\",\"publisher\":{\"@id\":\"https:\/\/casaboix.es\/de\/#organization\"},\"potentialAction\":[{\"@type\":\"SearchAction\",\"target\":{\"@type\":\"EntryPoint\",\"urlTemplate\":\"https:\/\/casaboix.es\/de\/?s={search_term_string}\"},\"query-input\":{\"@type\":\"PropertyValueSpecification\",\"valueRequired\":true,\"valueName\":\"search_term_string\"}}],\"inLanguage\":\"de\"},{\"@type\":\"Organization\",\"@id\":\"https:\/\/casaboix.es\/de\/#organization\",\"name\":\"Casa Boix\",\"url\":\"https:\/\/casaboix.es\/de\/\",\"logo\":{\"@type\":\"ImageObject\",\"inLanguage\":\"de\",\"@id\":\"https:\/\/casaboix.es\/de\/#\/schema\/logo\/image\/\",\"url\":\"https:\/\/casaboix.es\/wp-content\/uploads\/2020\/10\/logo-negro.png\",\"contentUrl\":\"https:\/\/casaboix.es\/wp-content\/uploads\/2020\/10\/logo-negro.png\",\"width\":342,\"height\":44,\"caption\":\"Casa Boix\"},\"image\":{\"@id\":\"https:\/\/casaboix.es\/de\/#\/schema\/logo\/image\/\"},\"sameAs\":[\"https:\/\/www.facebook.com\/casaboix\/\",\"https:\/\/x.com\/casaboix\",\"https:\/\/www.instagram.com\/casaboix\/\",\"https:\/\/www.youtube.com\/watch?v=j22NKKL47ec\"]}]}<\/script>\n<!-- \/ Yoast SEO Premium plugin. -->","yoast_head_json":{"title":"Rechtliche Hinweise - Casa Boix","robots":{"index":"index","follow":"follow","max-snippet":"max-snippet:-1","max-image-preview":"max-image-preview:large","max-video-preview":"max-video-preview:-1"},"canonical":"https:\/\/casaboix.es\/de\/rechtliche-hinweise\/","og_locale":"de_DE","og_type":"article","og_title":"Rechtliche Hinweise","og_description":"NUTZUNGSBEDINGUNGEN In Erf\u00fcllung des Gesetzes 34\/2002 vom 11. Juli 2002 \u00fcber die Dienstleistungen der Informationsgesellschaft und den elektronischen Handel (LSSI-CE) erkl\u00e4rt CASA BOIX SL, dass sie Eigent\u00fcmer der Website www.casaboix.es ist. In \u00dcbereinstimmung mit den Vorschriften des Artikels 10 des vorgenannten Gesetzes informiert CASA BOIX SL \u00fcber die folgenden Daten: Der Eigent\u00fcmer dieser Website ist [&hellip;]","og_url":"https:\/\/casaboix.es\/de\/rechtliche-hinweise\/","og_site_name":"Casa Boix","article_publisher":"https:\/\/www.facebook.com\/casaboix\/","article_modified_time":"2022-05-17T12:47:50+00:00","twitter_card":"summary_large_image","twitter_site":"@casaboix","twitter_misc":{"Gesch\u00e4tzte Lesezeit":"6\u00a0Minuten"},"schema":{"@context":"https:\/\/schema.org","@graph":[{"@type":"WebPage","@id":"https:\/\/casaboix.es\/de\/rechtliche-hinweise\/","url":"https:\/\/casaboix.es\/de\/rechtliche-hinweise\/","name":"Rechtliche Hinweise - Casa Boix","isPartOf":{"@id":"https:\/\/casaboix.es\/de\/#website"},"datePublished":"2021-02-03T12:01:19+00:00","dateModified":"2022-05-17T12:47:50+00:00","breadcrumb":{"@id":"https:\/\/casaboix.es\/de\/rechtliche-hinweise\/#breadcrumb"},"inLanguage":"de","potentialAction":[{"@type":"ReadAction","target":["https:\/\/casaboix.es\/de\/rechtliche-hinweise\/"]}]},{"@type":"BreadcrumbList","@id":"https:\/\/casaboix.es\/de\/rechtliche-hinweise\/#breadcrumb","itemListElement":[{"@type":"ListItem","position":1,"name":"Home","item":"https:\/\/casaboix.es\/de\/"},{"@type":"ListItem","position":2,"name":"Rechtliche Hinweise"}]},{"@type":"WebSite","@id":"https:\/\/casaboix.es\/de\/#website","url":"https:\/\/casaboix.es\/de\/","name":"Casa Boix","description":"Amor por las cosas bien hechas","publisher":{"@id":"https:\/\/casaboix.es\/de\/#organization"},"potentialAction":[{"@type":"SearchAction","target":{"@type":"EntryPoint","urlTemplate":"https:\/\/casaboix.es\/de\/?s={search_term_string}"},"query-input":{"@type":"PropertyValueSpecification","valueRequired":true,"valueName":"search_term_string"}}],"inLanguage":"de"},{"@type":"Organization","@id":"https:\/\/casaboix.es\/de\/#organization","name":"Casa Boix","url":"https:\/\/casaboix.es\/de\/","logo":{"@type":"ImageObject","inLanguage":"de","@id":"https:\/\/casaboix.es\/de\/#\/schema\/logo\/image\/","url":"https:\/\/casaboix.es\/wp-content\/uploads\/2020\/10\/logo-negro.png","contentUrl":"https:\/\/casaboix.es\/wp-content\/uploads\/2020\/10\/logo-negro.png","width":342,"height":44,"caption":"Casa Boix"},"image":{"@id":"https:\/\/casaboix.es\/de\/#\/schema\/logo\/image\/"},"sameAs":["https:\/\/www.facebook.com\/casaboix\/","https:\/\/x.com\/casaboix","https:\/\/www.instagram.com\/casaboix\/","https:\/\/www.youtube.com\/watch?v=j22NKKL47ec"]}]}},"_links":{"self":[{"href":"https:\/\/casaboix.es\/de\/wp-json\/wp\/v2\/pages\/7402","targetHints":{"allow":["GET"]}}],"collection":[{"href":"https:\/\/casaboix.es\/de\/wp-json\/wp\/v2\/pages"}],"about":[{"href":"https:\/\/casaboix.es\/de\/wp-json\/wp\/v2\/types\/page"}],"author":[{"embeddable":true,"href":"https:\/\/casaboix.es\/de\/wp-json\/wp\/v2\/users\/1"}],"replies":[{"embeddable":true,"href":"https:\/\/casaboix.es\/de\/wp-json\/wp\/v2\/comments?post=7402"}],"version-history":[{"count":0,"href":"https:\/\/casaboix.es\/de\/wp-json\/wp\/v2\/pages\/7402\/revisions"}],"wp:attachment":[{"href":"https:\/\/casaboix.es\/de\/wp-json\/wp\/v2\/media?parent=7402"}],"curies":[{"name":"wp","href":"https:\/\/api.w.org\/{rel}","templated":true}]}}