{"id":7396,"date":"2020-10-28T06:40:21","date_gmt":"2020-10-28T06:40:21","guid":{"rendered":"https:\/\/casaboix.es\/contacto\/"},"modified":"2023-06-23T11:34:07","modified_gmt":"2023-06-23T09:34:07","slug":"kontakt","status":"publish","type":"page","link":"https:\/\/casaboix.es\/de\/kontakt\/","title":{"rendered":"Kontakt"},"content":{"rendered":"<div class=\"wpb-content-wrapper\"><p>[vc_row full_width=&#8220;stretch_row&#8220; css=&#8220;.vc_custom_1610954665582{margin-bottom: 75px !important;padding-top: 200px !important;padding-bottom: 150px !important;background-image: url(https:\/\/casaboix.es\/wp-content\/uploads\/2021\/01\/cabecera-contacto.jpg?id=5434) !important;background-position: center !important;background-repeat: no-repeat !important;background-size: cover !important;}&#8220;][vc_column][vc_row_inner][vc_column_inner width=&#8220;1\/6&#8243;][\/vc_column_inner][vc_column_inner width=&#8220;2\/3&#8243;][vc_empty_space height=&#8220;100px&#8220;][\/vc_column_inner][vc_column_inner width=&#8220;1\/6&#8243;][\/vc_column_inner][\/vc_row_inner][\/vc_column][\/vc_row][vc_row css=&#8220;.vc_custom_1485437570456{margin-bottom: 45px !important;}&#8220;][vc_column width=&#8220;1\/3&#8243;][vc_column_text]<\/p>\n<h5><span style=\"font-family: 'Georgia'; color: #e8b851; font-size: 165%;\">Adresse<\/span><\/h5>\n<p><span style=\"font-family: 'Roboto'; display: block;\">Escorxador s\/n, nau1<\/span><span style=\"font-family: 'Roboto'; display: block;\">08776 St Pere de Riudebitlles \u00b7 Barcelona<\/span><\/p>\n<div id=\"gtx-trans\" style=\"position: absolute; left: 0px; top: -2.82812px;\">\n<div class=\"gtx-trans-icon\"><\/div>\n<\/div>\n<p>[\/vc_column_text][\/vc_column][vc_column width=&#8220;1\/3&#8243;][vc_column_text]<\/p>\n<h5><span style=\"font-family: 'Georgia'; color: #e8b851; font-size: 165%;\">Kontakt<\/span><\/h5>\n<p><span style=\"font-family: 'Roboto'; display: block;\">Tel: +34 93 899 64 66<\/span><span style=\"font-family: 'Roboto'; display: block;\"><a href=\"mailto:casaboix@casaboix.es\">casaboix@casaboix.es<\/a><\/span><\/p>\n<div id=\"gtx-trans\" style=\"position: absolute; left: 98px; top: 51.1719px;\">\n<div class=\"gtx-trans-icon\"><\/div>\n<\/div>\n<p>[\/vc_column_text][\/vc_column][vc_column width=&#8220;1\/3&#8243;][vc_column_text el_class=&#8220;atencion-cliente&#8220;]<\/p>\n<h5><span style=\"font-family: 'Georgia'; color: #e8b851; font-size: 165%;\">Kundenservice<\/span><\/h5>\n<p><span style=\"font-family: 'Roboto'; display: block;\"><a href=\"mailto:casaboix@casaboix.es\">casaboix@casaboix.es<\/a><\/span><\/p>\n<div id=\"gtx-trans\" style=\"position: absolute; left: -3px; top: -2.82812px;\">\n<div class=\"gtx-trans-icon\"><\/div>\n<\/div>\n<p>[\/vc_column_text][\/vc_column][\/vc_row]<\/p>\n<\/div>","protected":false},"excerpt":{"rendered":"<p>[vc_row full_width=&#8220;stretch_row&#8220; css=&#8220;.vc_custom_1610954665582{margin-bottom: 75px !important;padding-top: 200px !important;padding-bottom: 150px !important;background-image: url(https:\/\/casaboix.es\/wp-content\/uploads\/2021\/01\/cabecera-contacto.jpg?id=5434) !important;background-position: center !important;background-repeat: no-repeat !important;background-size: cover !important;}&#8220;][vc_column][vc_row_inner][vc_column_inner width=&#8220;1\/6&#8243;][\/vc_column_inner][vc_column_inner width=&#8220;2\/3&#8243;][vc_empty_space height=&#8220;100px&#8220;][\/vc_column_inner][vc_column_inner width=&#8220;1\/6&#8243;][\/vc_column_inner][\/vc_row_inner][\/vc_column][\/vc_row][vc_row css=&#8220;.vc_custom_1485437570456{margin-bottom: 45px !important;}&#8220;][vc_column width=&#8220;1\/3&#8243;][vc_column_text] Adresse Escorxador s\/n, nau108776 St Pere de Riudebitlles \u00b7 Barcelona [\/vc_column_text][\/vc_column][vc_column width=&#8220;1\/3&#8243;][vc_column_text] Kontakt Tel: +34 93 899 64 66casaboix@casaboix.es [\/vc_column_text][\/vc_column][vc_column width=&#8220;1\/3&#8243;][vc_column_text el_class=&#8220;atencion-cliente&#8220;] Kundenservice casaboix@casaboix.es [\/vc_column_text][\/vc_column][\/vc_row]<\/p>\n","protected":false},"author":1,"featured_media":0,"parent":0,"menu_order":18,"comment_status":"closed","ping_status":"closed","template":"page-boxed.php","meta":{"footnotes":""},"class_list":["post-7396","page","type-page","status-publish","hentry"],"yoast_head":"<!-- This site is optimized with the Yoast SEO Premium plugin v27.1 (Yoast SEO v27.1.1) - https:\/\/yoast.com\/product\/yoast-seo-premium-wordpress\/ -->\n<title>Kontaktieren Sie uns | Wir h\u00f6ren Ihnen zu und antworten - Casa Boix<\/title>\n<meta name=\"description\" content=\"Haben Sie Fragen, m\u00f6chten Sie mehr \u00fcber unsere Produkte wissen? Nehmen Sie Kontakt mit uns auf und sagen Sie uns, was Sie wissen m\u00f6chten - wir melden uns so schnell wie m\u00f6glich bei Ihnen!\" \/>\n<meta name=\"robots\" content=\"index, follow, max-snippet:-1, max-image-preview:large, max-video-preview:-1\" \/>\n<link rel=\"canonical\" href=\"https:\/\/casaboix.es\/de\/kontakt\/\" \/>\n<meta property=\"og:locale\" content=\"de_DE\" \/>\n<meta property=\"og:type\" content=\"article\" \/>\n<meta property=\"og:title\" content=\"Kontakt\" \/>\n<meta property=\"og:description\" content=\"Haben Sie Fragen, m\u00f6chten Sie mehr \u00fcber unsere Produkte wissen? Nehmen Sie Kontakt mit uns auf und sagen Sie uns, was Sie wissen m\u00f6chten - wir melden uns so schnell wie m\u00f6glich bei Ihnen!\" \/>\n<meta property=\"og:url\" content=\"https:\/\/casaboix.es\/de\/kontakt\/\" \/>\n<meta property=\"og:site_name\" content=\"Casa Boix\" \/>\n<meta property=\"article:publisher\" content=\"https:\/\/www.facebook.com\/casaboix\/\" \/>\n<meta property=\"article:modified_time\" content=\"2023-06-23T09:34:07+00:00\" \/>\n<meta name=\"twitter:card\" content=\"summary_large_image\" \/>\n<meta name=\"twitter:site\" content=\"@casaboix\" \/>\n<meta name=\"twitter:label1\" content=\"Gesch\u00e4tzte Lesezeit\" \/>\n\t<meta name=\"twitter:data1\" content=\"1\u00a0Minute\" \/>\n<script type=\"application\/ld+json\" class=\"yoast-schema-graph\">{\"@context\":\"https:\/\/schema.org\",\"@graph\":[{\"@type\":[\"WebPage\",\"ContactPage\"],\"@id\":\"https:\/\/casaboix.es\/de\/kontakt\/\",\"url\":\"https:\/\/casaboix.es\/de\/kontakt\/\",\"name\":\"Kontaktieren Sie uns | Wir h\u00f6ren Ihnen zu und antworten - Casa Boix\",\"isPartOf\":{\"@id\":\"https:\/\/casaboix.es\/de\/#website\"},\"datePublished\":\"2020-10-28T06:40:21+00:00\",\"dateModified\":\"2023-06-23T09:34:07+00:00\",\"description\":\"Haben Sie Fragen, m\u00f6chten Sie mehr \u00fcber unsere Produkte wissen? Nehmen Sie Kontakt mit uns auf und sagen Sie uns, was Sie wissen m\u00f6chten - wir melden uns so schnell wie m\u00f6glich bei Ihnen!\",\"breadcrumb\":{\"@id\":\"https:\/\/casaboix.es\/de\/kontakt\/#breadcrumb\"},\"inLanguage\":\"de\",\"potentialAction\":[{\"@type\":\"ReadAction\",\"target\":[\"https:\/\/casaboix.es\/de\/kontakt\/\"]}]},{\"@type\":\"BreadcrumbList\",\"@id\":\"https:\/\/casaboix.es\/de\/kontakt\/#breadcrumb\",\"itemListElement\":[{\"@type\":\"ListItem\",\"position\":1,\"name\":\"Home\",\"item\":\"https:\/\/casaboix.es\/de\/\"},{\"@type\":\"ListItem\",\"position\":2,\"name\":\"Kontakt\"}]},{\"@type\":\"WebSite\",\"@id\":\"https:\/\/casaboix.es\/de\/#website\",\"url\":\"https:\/\/casaboix.es\/de\/\",\"name\":\"Casa Boix\",\"description\":\"Amor por las cosas bien hechas\",\"publisher\":{\"@id\":\"https:\/\/casaboix.es\/de\/#organization\"},\"potentialAction\":[{\"@type\":\"SearchAction\",\"target\":{\"@type\":\"EntryPoint\",\"urlTemplate\":\"https:\/\/casaboix.es\/de\/?s={search_term_string}\"},\"query-input\":{\"@type\":\"PropertyValueSpecification\",\"valueRequired\":true,\"valueName\":\"search_term_string\"}}],\"inLanguage\":\"de\"},{\"@type\":\"Organization\",\"@id\":\"https:\/\/casaboix.es\/de\/#organization\",\"name\":\"Casa Boix\",\"url\":\"https:\/\/casaboix.es\/de\/\",\"logo\":{\"@type\":\"ImageObject\",\"inLanguage\":\"de\",\"@id\":\"https:\/\/casaboix.es\/de\/#\/schema\/logo\/image\/\",\"url\":\"https:\/\/casaboix.es\/wp-content\/uploads\/2020\/10\/logo-negro.png\",\"contentUrl\":\"https:\/\/casaboix.es\/wp-content\/uploads\/2020\/10\/logo-negro.png\",\"width\":342,\"height\":44,\"caption\":\"Casa Boix\"},\"image\":{\"@id\":\"https:\/\/casaboix.es\/de\/#\/schema\/logo\/image\/\"},\"sameAs\":[\"https:\/\/www.facebook.com\/casaboix\/\",\"https:\/\/x.com\/casaboix\",\"https:\/\/www.instagram.com\/casaboix\/\",\"https:\/\/www.youtube.com\/watch?v=j22NKKL47ec\"]}]}<\/script>\n<!-- \/ Yoast SEO Premium plugin. -->","yoast_head_json":{"title":"Kontaktieren Sie uns | Wir h\u00f6ren Ihnen zu und antworten - Casa Boix","description":"Haben Sie Fragen, m\u00f6chten Sie mehr \u00fcber unsere Produkte wissen? Nehmen Sie Kontakt mit uns auf und sagen Sie uns, was Sie wissen m\u00f6chten - wir melden uns so schnell wie m\u00f6glich bei Ihnen!","robots":{"index":"index","follow":"follow","max-snippet":"max-snippet:-1","max-image-preview":"max-image-preview:large","max-video-preview":"max-video-preview:-1"},"canonical":"https:\/\/casaboix.es\/de\/kontakt\/","og_locale":"de_DE","og_type":"article","og_title":"Kontakt","og_description":"Haben Sie Fragen, m\u00f6chten Sie mehr \u00fcber unsere Produkte wissen? Nehmen Sie Kontakt mit uns auf und sagen Sie uns, was Sie wissen m\u00f6chten - wir melden uns so schnell wie m\u00f6glich bei Ihnen!","og_url":"https:\/\/casaboix.es\/de\/kontakt\/","og_site_name":"Casa Boix","article_publisher":"https:\/\/www.facebook.com\/casaboix\/","article_modified_time":"2023-06-23T09:34:07+00:00","twitter_card":"summary_large_image","twitter_site":"@casaboix","twitter_misc":{"Gesch\u00e4tzte Lesezeit":"1\u00a0Minute"},"schema":{"@context":"https:\/\/schema.org","@graph":[{"@type":["WebPage","ContactPage"],"@id":"https:\/\/casaboix.es\/de\/kontakt\/","url":"https:\/\/casaboix.es\/de\/kontakt\/","name":"Kontaktieren Sie uns | Wir h\u00f6ren Ihnen zu und antworten - Casa Boix","isPartOf":{"@id":"https:\/\/casaboix.es\/de\/#website"},"datePublished":"2020-10-28T06:40:21+00:00","dateModified":"2023-06-23T09:34:07+00:00","description":"Haben Sie Fragen, m\u00f6chten Sie mehr \u00fcber unsere Produkte wissen? Nehmen Sie Kontakt mit uns auf und sagen Sie uns, was Sie wissen m\u00f6chten - wir melden uns so schnell wie m\u00f6glich bei Ihnen!","breadcrumb":{"@id":"https:\/\/casaboix.es\/de\/kontakt\/#breadcrumb"},"inLanguage":"de","potentialAction":[{"@type":"ReadAction","target":["https:\/\/casaboix.es\/de\/kontakt\/"]}]},{"@type":"BreadcrumbList","@id":"https:\/\/casaboix.es\/de\/kontakt\/#breadcrumb","itemListElement":[{"@type":"ListItem","position":1,"name":"Home","item":"https:\/\/casaboix.es\/de\/"},{"@type":"ListItem","position":2,"name":"Kontakt"}]},{"@type":"WebSite","@id":"https:\/\/casaboix.es\/de\/#website","url":"https:\/\/casaboix.es\/de\/","name":"Casa Boix","description":"Amor por las cosas bien hechas","publisher":{"@id":"https:\/\/casaboix.es\/de\/#organization"},"potentialAction":[{"@type":"SearchAction","target":{"@type":"EntryPoint","urlTemplate":"https:\/\/casaboix.es\/de\/?s={search_term_string}"},"query-input":{"@type":"PropertyValueSpecification","valueRequired":true,"valueName":"search_term_string"}}],"inLanguage":"de"},{"@type":"Organization","@id":"https:\/\/casaboix.es\/de\/#organization","name":"Casa Boix","url":"https:\/\/casaboix.es\/de\/","logo":{"@type":"ImageObject","inLanguage":"de","@id":"https:\/\/casaboix.es\/de\/#\/schema\/logo\/image\/","url":"https:\/\/casaboix.es\/wp-content\/uploads\/2020\/10\/logo-negro.png","contentUrl":"https:\/\/casaboix.es\/wp-content\/uploads\/2020\/10\/logo-negro.png","width":342,"height":44,"caption":"Casa Boix"},"image":{"@id":"https:\/\/casaboix.es\/de\/#\/schema\/logo\/image\/"},"sameAs":["https:\/\/www.facebook.com\/casaboix\/","https:\/\/x.com\/casaboix","https:\/\/www.instagram.com\/casaboix\/","https:\/\/www.youtube.com\/watch?v=j22NKKL47ec"]}]}},"_links":{"self":[{"href":"https:\/\/casaboix.es\/de\/wp-json\/wp\/v2\/pages\/7396","targetHints":{"allow":["GET"]}}],"collection":[{"href":"https:\/\/casaboix.es\/de\/wp-json\/wp\/v2\/pages"}],"about":[{"href":"https:\/\/casaboix.es\/de\/wp-json\/wp\/v2\/types\/page"}],"author":[{"embeddable":true,"href":"https:\/\/casaboix.es\/de\/wp-json\/wp\/v2\/users\/1"}],"replies":[{"embeddable":true,"href":"https:\/\/casaboix.es\/de\/wp-json\/wp\/v2\/comments?post=7396"}],"version-history":[{"count":1,"href":"https:\/\/casaboix.es\/de\/wp-json\/wp\/v2\/pages\/7396\/revisions"}],"predecessor-version":[{"id":8449,"href":"https:\/\/casaboix.es\/de\/wp-json\/wp\/v2\/pages\/7396\/revisions\/8449"}],"wp:attachment":[{"href":"https:\/\/casaboix.es\/de\/wp-json\/wp\/v2\/media?parent=7396"}],"curies":[{"name":"wp","href":"https:\/\/api.w.org\/{rel}","templated":true}]}}