{"id":7386,"date":"2020-10-28T06:32:31","date_gmt":"2020-10-28T06:32:31","guid":{"rendered":"https:\/\/casaboix.es\/nosotros\/"},"modified":"2025-05-24T09:50:40","modified_gmt":"2025-05-24T07:50:40","slug":"unternehmen","status":"publish","type":"page","link":"https:\/\/casaboix.es\/de\/unternehmen\/","title":{"rendered":"Unternehmen"},"content":{"rendered":"<div class=\"wpb-content-wrapper\"><p>[vc_row full_height=&#8220;yes&#8220; columns_placement=&#8220;stretch&#8220; equal_height=&#8220;yes&#8220; content_placement=&#8220;middle&#8220; columns_height=&#8220;adjust_cols_height&#8220; font_color=&#8220;#ffffff&#8220; background_style=&#8220;normal&#8220; css=&#8220;.vc_custom_1612428729042{background-color: #ffffff !important;}&#8220;][vc_column css=&#8220;.vc_custom_1610958350607{background-image: url(https:\/\/casaboix.es\/wp-content\/uploads\/2021\/01\/20210118-Ori-Foto-Home-Opt.jpg?id=5427) !important;background-position: center !important;background-repeat: no-repeat !important;background-size: cover !important;}&#8220; offset=&#8220;vc_col-lg-6 vc_col-md-6&#8243;][vc_empty_space height=&#8220;350px&#8220;][\/vc_column][vc_column css=&#8220;.vc_custom_1612428744556{margin-bottom: 0px !important;padding-top: 200px !important;padding-right: 15% !important;padding-bottom: 140px !important;padding-left: 15% !important;}&#8220; offset=&#8220;vc_col-lg-6 vc_col-md-6&#8243;][vc_column_text]<\/p>\n<h1 class=\"page-title on-shop\"><span style=\"font-family: 'Georgia'; color: #e8b851;\">Casa Boix<\/span><\/h1>\n<p>[\/vc_column_text][vc_column_text css=&#8220;&#8220;]<\/p>\n<p style=\"text-align: center;\"><span style=\"color: #58585a; font-family: 'Roboto'; font-size: 85%;\"><span class=\"char\" title=\"Em Dash\" data-decimal=\"8212\" data-entity=\"&amp;#8212;\" data-id=\"46410\">\u2014<\/span> Der Qualit\u00e4t und Nachhaltigkeit verpflichtet<\/span><\/p>\n<p>[\/vc_column_text][vc_separator css=&#8220;.vc_custom_1747995805996{padding-top: 20px !important;padding-bottom: 20px !important;}&#8220;][vc_row_inner][vc_column_inner width=&#8220;1\/2&#8243;][vc_column_text]<span style=\"color: #58585a; font-family: 'Roboto'; font-size: 90%;\">In <strong>Casa Boix<\/strong> wird die traditionelle Herstellung von erlesenen Fleischprodukten seit \u00fcber hundert Jahren betrieben.<\/span><\/p>\n<p><span style=\"color: #58585a; font-family: 'Roboto'; font-size: 90%;\">Zu den traditionellen handwerklichen Verfahren geh\u00f6rt auch ein kreativer Ansatz, der sich in dem Wunsch nach best\u00e4ndiger Innovation ausdr\u00fcckt, um Liebhaber gehobener Gastronomie zu begeistern.<\/span>[\/vc_column_text][\/vc_column_inner][vc_column_inner width=&#8220;1\/2&#8243;][vc_column_text]<span style=\"color: #58585a; font-family: 'Roboto'; font-size: 90%;\">In <strong>Casa Boix<\/strong> w\u00e4hlen wir die besten Fleischsorten aus und halten unsere Produktionsmengen niedrig, um die Qualit\u00e4t und die langsame Verarbeitung zu erhalten. Auf diese Weise k\u00f6nnen wir eine naturbelassene und zuverl\u00e4ssige Verarbeitung garantieren, wie es seit jeher Tradition ist. Das Ergebnis: zarte, schmackhafte Produkte mit einem einzigartigen Aroma, die f\u00fcr jeden geeignet sind, da sie sowohl gluten- als auch laktosefrei sind.<\/span>[\/vc_column_text][\/vc_column_inner][\/vc_row_inner][vc_separator css=&#8220;.vc_custom_1747995817516{padding-top: 20px !important;padding-bottom: 20px !important;}&#8220;][vc_row_inner][vc_column_inner width=&#8220;1\/6&#8243;][vc_single_image image=&#8220;9082&#8243; img_size=&#8220;full&#8220; alignment=&#8220;center&#8220; css=&#8220;.vc_custom_1748073009357{padding-right: 10px !important;}&#8220;][\/vc_column_inner][vc_column_inner width=&#8220;1\/3&#8243;][vc_single_image image=&#8220;9093&#8243; img_size=&#8220;full&#8220; alignment=&#8220;center&#8220; css=&#8220;.vc_custom_1748073017569{padding-top: 10px !important;}&#8220;][\/vc_column_inner][vc_column_inner width=&#8220;1\/3&#8243;][vc_single_image image=&#8220;9102&#8243; img_size=&#8220;full&#8220; alignment=&#8220;center&#8220; css=&#8220;.vc_custom_1748073025555{padding-top: 10px !important;}&#8220;][\/vc_column_inner][vc_column_inner width=&#8220;1\/6&#8243;][vc_single_image image=&#8220;9109&#8243; img_size=&#8220;full&#8220; alignment=&#8220;center&#8220; css=&#8220;.vc_custom_1748073033678{padding-top: 30px !important;}&#8220;][\/vc_column_inner][\/vc_row_inner][\/vc_column][\/vc_row]<\/p>\n<\/div>","protected":false},"excerpt":{"rendered":"<p>[vc_row full_height=&#8220;yes&#8220; columns_placement=&#8220;stretch&#8220; equal_height=&#8220;yes&#8220; content_placement=&#8220;middle&#8220; columns_height=&#8220;adjust_cols_height&#8220; font_color=&#8220;#ffffff&#8220; background_style=&#8220;normal&#8220; css=&#8220;.vc_custom_1612428729042{background-color: #ffffff !important;}&#8220;][vc_column css=&#8220;.vc_custom_1610958350607{background-image: url(https:\/\/casaboix.es\/wp-content\/uploads\/2021\/01\/20210118-Ori-Foto-Home-Opt.jpg?id=5427) !important;background-position: center !important;background-repeat: no-repeat !important;background-size: cover !important;}&#8220; offset=&#8220;vc_col-lg-6 vc_col-md-6&#8243;][vc_empty_space height=&#8220;350px&#8220;][\/vc_column][vc_column css=&#8220;.vc_custom_1612428744556{margin-bottom: 0px !important;padding-top: 200px !important;padding-right: 15% !important;padding-bottom: 140px !important;padding-left: 15% !important;}&#8220; offset=&#8220;vc_col-lg-6 vc_col-md-6&#8243;][vc_column_text] Casa Boix [\/vc_column_text][vc_column_text css=&#8220;&#8220;] \u2014 Der Qualit\u00e4t und Nachhaltigkeit verpflichtet [\/vc_column_text][vc_separator css=&#8220;.vc_custom_1747995805996{padding-top: 20px !important;padding-bottom: 20px !important;}&#8220;][vc_row_inner][vc_column_inner width=&#8220;1\/2&#8243;][vc_column_text]In Casa Boix [&hellip;]<\/p>\n","protected":false},"author":1,"featured_media":0,"parent":0,"menu_order":43,"comment_status":"closed","ping_status":"closed","template":"page-full-width.php","meta":{"footnotes":""},"class_list":["post-7386","page","type-page","status-publish","hentry"],"yoast_head":"<!-- This site is optimized with the Yoast SEO Premium plugin v27.1 (Yoast SEO v27.1.1) - https:\/\/yoast.com\/product\/yoast-seo-premium-wordpress\/ -->\n<title>\u00dcber uns | Unsere traditionelle Verarbeitung - Casa Boix<\/title>\n<meta name=\"description\" content=\"Bei der Herstellung von Fleischerzeugnissen setzen wir auf traditionelle Verfahren und einen langsamen Rhythmus, um eine nat\u00fcrliche und authentische Produktion zu gew\u00e4hrleisten, so wie sie in der Vergangenheit durchgef\u00fchrt wurde.\" \/>\n<meta name=\"robots\" content=\"index, follow, max-snippet:-1, max-image-preview:large, max-video-preview:-1\" \/>\n<link rel=\"canonical\" href=\"https:\/\/casaboix.es\/de\/unternehmen\/\" \/>\n<meta property=\"og:locale\" content=\"de_DE\" \/>\n<meta property=\"og:type\" content=\"article\" \/>\n<meta property=\"og:title\" content=\"Unternehmen\" \/>\n<meta property=\"og:description\" content=\"Bei der Herstellung von Fleischerzeugnissen setzen wir auf traditionelle Verfahren und einen langsamen Rhythmus, um eine nat\u00fcrliche und authentische Produktion zu gew\u00e4hrleisten, so wie sie in der Vergangenheit durchgef\u00fchrt wurde.\" \/>\n<meta property=\"og:url\" content=\"https:\/\/casaboix.es\/de\/unternehmen\/\" \/>\n<meta property=\"og:site_name\" content=\"Casa Boix\" \/>\n<meta property=\"article:publisher\" content=\"https:\/\/www.facebook.com\/casaboix\/\" \/>\n<meta property=\"article:modified_time\" content=\"2025-05-24T07:50:40+00:00\" \/>\n<meta name=\"twitter:card\" content=\"summary_large_image\" \/>\n<meta name=\"twitter:site\" content=\"@casaboix\" \/>\n<meta name=\"twitter:label1\" content=\"Gesch\u00e4tzte Lesezeit\" \/>\n\t<meta name=\"twitter:data1\" content=\"1\u00a0Minute\" \/>\n<script type=\"application\/ld+json\" class=\"yoast-schema-graph\">{\"@context\":\"https:\/\/schema.org\",\"@graph\":[{\"@type\":[\"WebPage\",\"AboutPage\"],\"@id\":\"https:\/\/casaboix.es\/de\/unternehmen\/\",\"url\":\"https:\/\/casaboix.es\/de\/unternehmen\/\",\"name\":\"\u00dcber uns | Unsere traditionelle Verarbeitung - Casa Boix\",\"isPartOf\":{\"@id\":\"https:\/\/casaboix.es\/de\/#website\"},\"datePublished\":\"2020-10-28T06:32:31+00:00\",\"dateModified\":\"2025-05-24T07:50:40+00:00\",\"description\":\"Bei der Herstellung von Fleischerzeugnissen setzen wir auf traditionelle Verfahren und einen langsamen Rhythmus, um eine nat\u00fcrliche und authentische Produktion zu gew\u00e4hrleisten, so wie sie in der Vergangenheit durchgef\u00fchrt wurde.\",\"breadcrumb\":{\"@id\":\"https:\/\/casaboix.es\/de\/unternehmen\/#breadcrumb\"},\"inLanguage\":\"de\",\"potentialAction\":[{\"@type\":\"ReadAction\",\"target\":[\"https:\/\/casaboix.es\/de\/unternehmen\/\"]}]},{\"@type\":\"BreadcrumbList\",\"@id\":\"https:\/\/casaboix.es\/de\/unternehmen\/#breadcrumb\",\"itemListElement\":[{\"@type\":\"ListItem\",\"position\":1,\"name\":\"Home\",\"item\":\"https:\/\/casaboix.es\/de\/\"},{\"@type\":\"ListItem\",\"position\":2,\"name\":\"Unternehmen\"}]},{\"@type\":\"WebSite\",\"@id\":\"https:\/\/casaboix.es\/de\/#website\",\"url\":\"https:\/\/casaboix.es\/de\/\",\"name\":\"Casa Boix\",\"description\":\"Amor por las cosas bien hechas\",\"publisher\":{\"@id\":\"https:\/\/casaboix.es\/de\/#organization\"},\"potentialAction\":[{\"@type\":\"SearchAction\",\"target\":{\"@type\":\"EntryPoint\",\"urlTemplate\":\"https:\/\/casaboix.es\/de\/?s={search_term_string}\"},\"query-input\":{\"@type\":\"PropertyValueSpecification\",\"valueRequired\":true,\"valueName\":\"search_term_string\"}}],\"inLanguage\":\"de\"},{\"@type\":\"Organization\",\"@id\":\"https:\/\/casaboix.es\/de\/#organization\",\"name\":\"Casa Boix\",\"url\":\"https:\/\/casaboix.es\/de\/\",\"logo\":{\"@type\":\"ImageObject\",\"inLanguage\":\"de\",\"@id\":\"https:\/\/casaboix.es\/de\/#\/schema\/logo\/image\/\",\"url\":\"https:\/\/casaboix.es\/wp-content\/uploads\/2020\/10\/logo-negro.png\",\"contentUrl\":\"https:\/\/casaboix.es\/wp-content\/uploads\/2020\/10\/logo-negro.png\",\"width\":342,\"height\":44,\"caption\":\"Casa Boix\"},\"image\":{\"@id\":\"https:\/\/casaboix.es\/de\/#\/schema\/logo\/image\/\"},\"sameAs\":[\"https:\/\/www.facebook.com\/casaboix\/\",\"https:\/\/x.com\/casaboix\",\"https:\/\/www.instagram.com\/casaboix\/\",\"https:\/\/www.youtube.com\/watch?v=j22NKKL47ec\"]}]}<\/script>\n<!-- \/ Yoast SEO Premium plugin. -->","yoast_head_json":{"title":"\u00dcber uns | Unsere traditionelle Verarbeitung - Casa Boix","description":"Bei der Herstellung von Fleischerzeugnissen setzen wir auf traditionelle Verfahren und einen langsamen Rhythmus, um eine nat\u00fcrliche und authentische Produktion zu gew\u00e4hrleisten, so wie sie in der Vergangenheit durchgef\u00fchrt wurde.","robots":{"index":"index","follow":"follow","max-snippet":"max-snippet:-1","max-image-preview":"max-image-preview:large","max-video-preview":"max-video-preview:-1"},"canonical":"https:\/\/casaboix.es\/de\/unternehmen\/","og_locale":"de_DE","og_type":"article","og_title":"Unternehmen","og_description":"Bei der Herstellung von Fleischerzeugnissen setzen wir auf traditionelle Verfahren und einen langsamen Rhythmus, um eine nat\u00fcrliche und authentische Produktion zu gew\u00e4hrleisten, so wie sie in der Vergangenheit durchgef\u00fchrt wurde.","og_url":"https:\/\/casaboix.es\/de\/unternehmen\/","og_site_name":"Casa Boix","article_publisher":"https:\/\/www.facebook.com\/casaboix\/","article_modified_time":"2025-05-24T07:50:40+00:00","twitter_card":"summary_large_image","twitter_site":"@casaboix","twitter_misc":{"Gesch\u00e4tzte Lesezeit":"1\u00a0Minute"},"schema":{"@context":"https:\/\/schema.org","@graph":[{"@type":["WebPage","AboutPage"],"@id":"https:\/\/casaboix.es\/de\/unternehmen\/","url":"https:\/\/casaboix.es\/de\/unternehmen\/","name":"\u00dcber uns | Unsere traditionelle Verarbeitung - Casa Boix","isPartOf":{"@id":"https:\/\/casaboix.es\/de\/#website"},"datePublished":"2020-10-28T06:32:31+00:00","dateModified":"2025-05-24T07:50:40+00:00","description":"Bei der Herstellung von Fleischerzeugnissen setzen wir auf traditionelle Verfahren und einen langsamen Rhythmus, um eine nat\u00fcrliche und authentische Produktion zu gew\u00e4hrleisten, so wie sie in der Vergangenheit durchgef\u00fchrt wurde.","breadcrumb":{"@id":"https:\/\/casaboix.es\/de\/unternehmen\/#breadcrumb"},"inLanguage":"de","potentialAction":[{"@type":"ReadAction","target":["https:\/\/casaboix.es\/de\/unternehmen\/"]}]},{"@type":"BreadcrumbList","@id":"https:\/\/casaboix.es\/de\/unternehmen\/#breadcrumb","itemListElement":[{"@type":"ListItem","position":1,"name":"Home","item":"https:\/\/casaboix.es\/de\/"},{"@type":"ListItem","position":2,"name":"Unternehmen"}]},{"@type":"WebSite","@id":"https:\/\/casaboix.es\/de\/#website","url":"https:\/\/casaboix.es\/de\/","name":"Casa Boix","description":"Amor por las cosas bien hechas","publisher":{"@id":"https:\/\/casaboix.es\/de\/#organization"},"potentialAction":[{"@type":"SearchAction","target":{"@type":"EntryPoint","urlTemplate":"https:\/\/casaboix.es\/de\/?s={search_term_string}"},"query-input":{"@type":"PropertyValueSpecification","valueRequired":true,"valueName":"search_term_string"}}],"inLanguage":"de"},{"@type":"Organization","@id":"https:\/\/casaboix.es\/de\/#organization","name":"Casa Boix","url":"https:\/\/casaboix.es\/de\/","logo":{"@type":"ImageObject","inLanguage":"de","@id":"https:\/\/casaboix.es\/de\/#\/schema\/logo\/image\/","url":"https:\/\/casaboix.es\/wp-content\/uploads\/2020\/10\/logo-negro.png","contentUrl":"https:\/\/casaboix.es\/wp-content\/uploads\/2020\/10\/logo-negro.png","width":342,"height":44,"caption":"Casa Boix"},"image":{"@id":"https:\/\/casaboix.es\/de\/#\/schema\/logo\/image\/"},"sameAs":["https:\/\/www.facebook.com\/casaboix\/","https:\/\/x.com\/casaboix","https:\/\/www.instagram.com\/casaboix\/","https:\/\/www.youtube.com\/watch?v=j22NKKL47ec"]}]}},"_links":{"self":[{"href":"https:\/\/casaboix.es\/de\/wp-json\/wp\/v2\/pages\/7386","targetHints":{"allow":["GET"]}}],"collection":[{"href":"https:\/\/casaboix.es\/de\/wp-json\/wp\/v2\/pages"}],"about":[{"href":"https:\/\/casaboix.es\/de\/wp-json\/wp\/v2\/types\/page"}],"author":[{"embeddable":true,"href":"https:\/\/casaboix.es\/de\/wp-json\/wp\/v2\/users\/1"}],"replies":[{"embeddable":true,"href":"https:\/\/casaboix.es\/de\/wp-json\/wp\/v2\/comments?post=7386"}],"version-history":[{"count":5,"href":"https:\/\/casaboix.es\/de\/wp-json\/wp\/v2\/pages\/7386\/revisions"}],"predecessor-version":[{"id":9155,"href":"https:\/\/casaboix.es\/de\/wp-json\/wp\/v2\/pages\/7386\/revisions\/9155"}],"wp:attachment":[{"href":"https:\/\/casaboix.es\/de\/wp-json\/wp\/v2\/media?parent=7386"}],"curies":[{"name":"wp","href":"https:\/\/api.w.org\/{rel}","templated":true}]}}