{"id":6129,"date":"2021-01-18T06:56:44","date_gmt":"2021-01-18T05:56:44","guid":{"rendered":"https:\/\/casaboix.es\/producto\/pernil-cuit-extra-eco\/"},"modified":"2025-11-28T13:23:38","modified_gmt":"2025-11-28T12:23:38","slug":"pernil-cuit-extra-eco","status":"publish","type":"product","link":"https:\/\/casaboix.es\/ca\/producte\/pernil-cuit-extra-eco\/","title":{"rendered":"Pernil cuit extra ECO"},"content":{"rendered":"<p>El pernil cuit ecol\u00f2gic MOS de Casa Boix, est\u00e0 elaborat a partir de pernils sencers de porcs alimentats amb cereals procedents d&#8217;agricultura ecol\u00f2gica, sense transg\u00e8nics, sense dioxines, sense antibi\u00f2tics i criats a l&#8217;aire lliure i amb petits refugis a la seva disposici\u00f3 per poder-se protegir del fred i de la calor. Els ritmes lents del nostre proc\u00e9s garanteixen un producte natural i aut\u00e8ntic.<\/p>\n","protected":false},"excerpt":{"rendered":"<p>Elaborat a partir de pernils sencers de porcs alimentats amb cereals procedents d&#8217;agricultura ecol\u00f2gica, sense transg\u00e8nics, sense dioxines, sense antibi\u00f2tics i criats a l&#8217;aire lliure i amb petits refugis a la seva disposici\u00f3 per poder-se protegir del fred i de la calor.<\/p>\n","protected":false},"featured_media":5348,"comment_status":"closed","ping_status":"closed","template":"","meta":[],"product_brand":[],"product_cat":[131,132,130],"product_tag":[],"class_list":{"0":"post-6129","1":"product","2":"type-product","3":"status-publish","4":"has-post-thumbnail","6":"product_cat-bio-mos-ca","7":"product_cat-eco-ca","8":"product_cat-pernil","10":"first","11":"instock","12":"taxable","13":"shipping-taxable","14":"purchasable","15":"product-type-simple"},"yoast_head":"<!-- This site is optimized with the Yoast SEO Premium plugin v27.1 (Yoast SEO v27.1.1) - https:\/\/yoast.com\/product\/yoast-seo-premium-wordpress\/ -->\n<title>Pernil cuit extra ECO | Pernil Bio Mos - Casa Boix<\/title>\n<meta name=\"description\" content=\"El Pernil Cuit Extra ECO s&#039;elabora a partir de pernils sencers de porcs alimentats amb cereals procedents d&#039;agricultura ecol\u00f2gica, sense transg\u00e8nics.\" \/>\n<meta name=\"robots\" content=\"index, follow, max-snippet:-1, max-image-preview:large, max-video-preview:-1\" \/>\n<link rel=\"canonical\" href=\"https:\/\/casaboix.es\/ca\/producte\/pernil-cuit-extra-eco\/\" \/>\n<meta property=\"og:locale\" content=\"ca_ES\" \/>\n<meta property=\"og:type\" content=\"article\" \/>\n<meta property=\"og:title\" content=\"Pernil cuit extra ECO\" \/>\n<meta property=\"og:description\" content=\"El Pernil Cuit Extra ECO s&#039;elabora a partir de pernils sencers de porcs alimentats amb cereals procedents d&#039;agricultura ecol\u00f2gica, sense transg\u00e8nics.\" \/>\n<meta property=\"og:url\" content=\"https:\/\/casaboix.es\/ca\/producte\/pernil-cuit-extra-eco\/\" \/>\n<meta property=\"og:site_name\" content=\"Casa Boix\" \/>\n<meta property=\"article:publisher\" content=\"https:\/\/www.facebook.com\/casaboix\/\" \/>\n<meta property=\"article:modified_time\" content=\"2025-11-28T12:23:38+00:00\" \/>\n<meta property=\"og:image\" content=\"https:\/\/casaboix.es\/wp-content\/uploads\/2021\/01\/1138_jamoncocido_1049x1300.jpg\" \/>\n\t<meta property=\"og:image:width\" content=\"1049\" \/>\n\t<meta property=\"og:image:height\" content=\"1300\" \/>\n\t<meta property=\"og:image:type\" content=\"image\/jpeg\" \/>\n<meta name=\"twitter:card\" content=\"summary_large_image\" \/>\n<meta name=\"twitter:site\" content=\"@casaboix\" \/>\n<meta name=\"twitter:label1\" content=\"Preu\" \/>\n\t<meta name=\"twitter:data1\" content=\"3.40&nbsp;&euro;\" \/>\n\t<meta name=\"twitter:label2\" content=\"Disponibilitat\" \/>\n\t<meta name=\"twitter:data2\" content=\"En estoc\" \/>\n<script type=\"application\/ld+json\" class=\"yoast-schema-graph\">{\"@context\":\"https:\/\/schema.org\",\"@graph\":[{\"@type\":[\"WebPage\",\"ItemPage\"],\"@id\":\"https:\/\/casaboix.es\/ca\/producte\/pernil-cuit-extra-eco\/\",\"url\":\"https:\/\/casaboix.es\/ca\/producte\/pernil-cuit-extra-eco\/\",\"name\":\"Pernil cuit extra ECO | Pernil Bio Mos - Casa Boix\",\"isPartOf\":{\"@id\":\"https:\/\/casaboix.es\/ca\/#website\"},\"primaryImageOfPage\":{\"@id\":\"https:\/\/casaboix.es\/ca\/producte\/pernil-cuit-extra-eco\/#primaryimage\"},\"image\":{\"@id\":\"https:\/\/casaboix.es\/ca\/producte\/pernil-cuit-extra-eco\/#primaryimage\"},\"thumbnailUrl\":\"https:\/\/casaboix.es\/wp-content\/uploads\/2021\/01\/1138_jamoncocido_1049x1300.jpg\",\"datePublished\":\"2021-01-18T05:56:44+00:00\",\"dateModified\":\"2025-11-28T12:23:38+00:00\",\"description\":\"El Pernil Cuit Extra ECO s'elabora a partir de pernils sencers de porcs alimentats amb cereals procedents d'agricultura ecol\u00f2gica, sense transg\u00e8nics.\",\"breadcrumb\":{\"@id\":\"https:\/\/casaboix.es\/ca\/producte\/pernil-cuit-extra-eco\/#breadcrumb\"},\"inLanguage\":\"ca\",\"potentialAction\":[{\"@type\":\"ReadAction\",\"target\":[\"https:\/\/casaboix.es\/ca\/producte\/pernil-cuit-extra-eco\/\"]}]},{\"@type\":\"ImageObject\",\"inLanguage\":\"ca\",\"@id\":\"https:\/\/casaboix.es\/ca\/producte\/pernil-cuit-extra-eco\/#primaryimage\",\"url\":\"https:\/\/casaboix.es\/wp-content\/uploads\/2021\/01\/1138_jamoncocido_1049x1300.jpg\",\"contentUrl\":\"https:\/\/casaboix.es\/wp-content\/uploads\/2021\/01\/1138_jamoncocido_1049x1300.jpg\",\"width\":1049,\"height\":1300},{\"@type\":\"BreadcrumbList\",\"@id\":\"https:\/\/casaboix.es\/ca\/producte\/pernil-cuit-extra-eco\/#breadcrumb\",\"itemListElement\":[{\"@type\":\"ListItem\",\"position\":1,\"name\":\"Home\",\"item\":\"https:\/\/casaboix.es\/ca\/\"},{\"@type\":\"ListItem\",\"position\":2,\"name\":\"Botiga\",\"item\":\"https:\/\/casaboix.es\/ca\/botiga\/\"},{\"@type\":\"ListItem\",\"position\":3,\"name\":\"Pernil cuit extra ECO\"}]},{\"@type\":\"WebSite\",\"@id\":\"https:\/\/casaboix.es\/ca\/#website\",\"url\":\"https:\/\/casaboix.es\/ca\/\",\"name\":\"Casa Boix\",\"description\":\"Amor por las cosas bien hechas\",\"publisher\":{\"@id\":\"https:\/\/casaboix.es\/ca\/#organization\"},\"potentialAction\":[{\"@type\":\"SearchAction\",\"target\":{\"@type\":\"EntryPoint\",\"urlTemplate\":\"https:\/\/casaboix.es\/ca\/?s={search_term_string}\"},\"query-input\":{\"@type\":\"PropertyValueSpecification\",\"valueRequired\":true,\"valueName\":\"search_term_string\"}}],\"inLanguage\":\"ca\"},{\"@type\":\"Organization\",\"@id\":\"https:\/\/casaboix.es\/ca\/#organization\",\"name\":\"Casa Boix\",\"url\":\"https:\/\/casaboix.es\/ca\/\",\"logo\":{\"@type\":\"ImageObject\",\"inLanguage\":\"ca\",\"@id\":\"https:\/\/casaboix.es\/ca\/#\/schema\/logo\/image\/\",\"url\":\"https:\/\/casaboix.es\/wp-content\/uploads\/2020\/10\/logo-negro.png\",\"contentUrl\":\"https:\/\/casaboix.es\/wp-content\/uploads\/2020\/10\/logo-negro.png\",\"width\":342,\"height\":44,\"caption\":\"Casa Boix\"},\"image\":{\"@id\":\"https:\/\/casaboix.es\/ca\/#\/schema\/logo\/image\/\"},\"sameAs\":[\"https:\/\/www.facebook.com\/casaboix\/\",\"https:\/\/x.com\/casaboix\",\"https:\/\/www.instagram.com\/casaboix\/\",\"https:\/\/www.youtube.com\/watch?v=j22NKKL47ec\"]}]}<\/script>\n<meta property=\"product:price:amount\" content=\"3.40\" \/>\n<meta property=\"product:price:currency\" content=\"EUR\" \/>\n<meta property=\"og:availability\" content=\"instock\" \/>\n<meta property=\"product:availability\" content=\"instock\" \/>\n<meta property=\"product:retailer_item_id\" content=\"1138\" \/>\n<meta property=\"product:condition\" content=\"new\" \/>\n<!-- \/ Yoast SEO Premium plugin. -->","yoast_head_json":{"title":"Pernil cuit extra ECO | Pernil Bio Mos - Casa Boix","description":"El Pernil Cuit Extra ECO s'elabora a partir de pernils sencers de porcs alimentats amb cereals procedents d'agricultura ecol\u00f2gica, sense transg\u00e8nics.","robots":{"index":"index","follow":"follow","max-snippet":"max-snippet:-1","max-image-preview":"max-image-preview:large","max-video-preview":"max-video-preview:-1"},"canonical":"https:\/\/casaboix.es\/ca\/producte\/pernil-cuit-extra-eco\/","og_locale":"ca_ES","og_type":"article","og_title":"Pernil cuit extra ECO","og_description":"El Pernil Cuit Extra ECO s'elabora a partir de pernils sencers de porcs alimentats amb cereals procedents d'agricultura ecol\u00f2gica, sense transg\u00e8nics.","og_url":"https:\/\/casaboix.es\/ca\/producte\/pernil-cuit-extra-eco\/","og_site_name":"Casa Boix","article_publisher":"https:\/\/www.facebook.com\/casaboix\/","article_modified_time":"2025-11-28T12:23:38+00:00","og_image":[{"width":1049,"height":1300,"url":"https:\/\/casaboix.es\/wp-content\/uploads\/2021\/01\/1138_jamoncocido_1049x1300.jpg","type":"image\/jpeg"}],"twitter_card":"summary_large_image","twitter_site":"@casaboix","twitter_misc":{"Preu":"3.40&nbsp;&euro;","Disponibilitat":"En estoc"},"schema":{"@context":"https:\/\/schema.org","@graph":[{"@type":["WebPage","ItemPage"],"@id":"https:\/\/casaboix.es\/ca\/producte\/pernil-cuit-extra-eco\/","url":"https:\/\/casaboix.es\/ca\/producte\/pernil-cuit-extra-eco\/","name":"Pernil cuit extra ECO | Pernil Bio Mos - Casa Boix","isPartOf":{"@id":"https:\/\/casaboix.es\/ca\/#website"},"primaryImageOfPage":{"@id":"https:\/\/casaboix.es\/ca\/producte\/pernil-cuit-extra-eco\/#primaryimage"},"image":{"@id":"https:\/\/casaboix.es\/ca\/producte\/pernil-cuit-extra-eco\/#primaryimage"},"thumbnailUrl":"https:\/\/casaboix.es\/wp-content\/uploads\/2021\/01\/1138_jamoncocido_1049x1300.jpg","datePublished":"2021-01-18T05:56:44+00:00","dateModified":"2025-11-28T12:23:38+00:00","description":"El Pernil Cuit Extra ECO s'elabora a partir de pernils sencers de porcs alimentats amb cereals procedents d'agricultura ecol\u00f2gica, sense transg\u00e8nics.","breadcrumb":{"@id":"https:\/\/casaboix.es\/ca\/producte\/pernil-cuit-extra-eco\/#breadcrumb"},"inLanguage":"ca","potentialAction":[{"@type":"ReadAction","target":["https:\/\/casaboix.es\/ca\/producte\/pernil-cuit-extra-eco\/"]}]},{"@type":"ImageObject","inLanguage":"ca","@id":"https:\/\/casaboix.es\/ca\/producte\/pernil-cuit-extra-eco\/#primaryimage","url":"https:\/\/casaboix.es\/wp-content\/uploads\/2021\/01\/1138_jamoncocido_1049x1300.jpg","contentUrl":"https:\/\/casaboix.es\/wp-content\/uploads\/2021\/01\/1138_jamoncocido_1049x1300.jpg","width":1049,"height":1300},{"@type":"BreadcrumbList","@id":"https:\/\/casaboix.es\/ca\/producte\/pernil-cuit-extra-eco\/#breadcrumb","itemListElement":[{"@type":"ListItem","position":1,"name":"Home","item":"https:\/\/casaboix.es\/ca\/"},{"@type":"ListItem","position":2,"name":"Botiga","item":"https:\/\/casaboix.es\/ca\/botiga\/"},{"@type":"ListItem","position":3,"name":"Pernil cuit extra ECO"}]},{"@type":"WebSite","@id":"https:\/\/casaboix.es\/ca\/#website","url":"https:\/\/casaboix.es\/ca\/","name":"Casa Boix","description":"Amor por las cosas bien hechas","publisher":{"@id":"https:\/\/casaboix.es\/ca\/#organization"},"potentialAction":[{"@type":"SearchAction","target":{"@type":"EntryPoint","urlTemplate":"https:\/\/casaboix.es\/ca\/?s={search_term_string}"},"query-input":{"@type":"PropertyValueSpecification","valueRequired":true,"valueName":"search_term_string"}}],"inLanguage":"ca"},{"@type":"Organization","@id":"https:\/\/casaboix.es\/ca\/#organization","name":"Casa Boix","url":"https:\/\/casaboix.es\/ca\/","logo":{"@type":"ImageObject","inLanguage":"ca","@id":"https:\/\/casaboix.es\/ca\/#\/schema\/logo\/image\/","url":"https:\/\/casaboix.es\/wp-content\/uploads\/2020\/10\/logo-negro.png","contentUrl":"https:\/\/casaboix.es\/wp-content\/uploads\/2020\/10\/logo-negro.png","width":342,"height":44,"caption":"Casa Boix"},"image":{"@id":"https:\/\/casaboix.es\/ca\/#\/schema\/logo\/image\/"},"sameAs":["https:\/\/www.facebook.com\/casaboix\/","https:\/\/x.com\/casaboix","https:\/\/www.instagram.com\/casaboix\/","https:\/\/www.youtube.com\/watch?v=j22NKKL47ec"]}]},"product_price_amount":"3.40","product_price_currency":"EUR","og_availability":"instock","product_availability":"instock","product_retailer_item_id":"1138","product_condition":"new"},"_links":{"self":[{"href":"https:\/\/casaboix.es\/ca\/wp-json\/wp\/v2\/product\/6129","targetHints":{"allow":["GET"]}}],"collection":[{"href":"https:\/\/casaboix.es\/ca\/wp-json\/wp\/v2\/product"}],"about":[{"href":"https:\/\/casaboix.es\/ca\/wp-json\/wp\/v2\/types\/product"}],"replies":[{"embeddable":true,"href":"https:\/\/casaboix.es\/ca\/wp-json\/wp\/v2\/comments?post=6129"}],"wp:featuredmedia":[{"embeddable":true,"href":"https:\/\/casaboix.es\/ca\/wp-json\/wp\/v2\/media\/5348"}],"wp:attachment":[{"href":"https:\/\/casaboix.es\/ca\/wp-json\/wp\/v2\/media?parent=6129"}],"wp:term":[{"taxonomy":"product_brand","embeddable":true,"href":"https:\/\/casaboix.es\/ca\/wp-json\/wp\/v2\/product_brand?post=6129"},{"taxonomy":"product_cat","embeddable":true,"href":"https:\/\/casaboix.es\/ca\/wp-json\/wp\/v2\/product_cat?post=6129"},{"taxonomy":"product_tag","embeddable":true,"href":"https:\/\/casaboix.es\/ca\/wp-json\/wp\/v2\/product_tag?post=6129"}],"curies":[{"name":"wp","href":"https:\/\/api.w.org\/{rel}","templated":true}]}}