{"id":6230,"date":"2020-12-18T10:04:17","date_gmt":"2020-12-18T09:04:17","guid":{"rendered":"https:\/\/casaboix.es\/productes\/bio-mos\/"},"modified":"2023-06-23T11:12:56","modified_gmt":"2023-06-23T09:12:56","slug":"bio-mos","status":"publish","type":"page","link":"https:\/\/casaboix.es\/ca\/productes\/bio-mos\/","title":{"rendered":"Bio Mos"},"content":{"rendered":"<div class=\"wpb-content-wrapper\"><p>[vc_row full_width=&#8221;stretch_row_content_no_spaces&#8221; equal_height=&#8221;yes&#8221; content_placement=&#8221;top&#8221; font_color=&#8221;#ffffff&#8221; css=&#8221;.vc_custom_1608307705833{border-top-width: 20px !important;border-right-width: 20px !important;border-bottom-width: 20px !important;border-left-width: 20px !important;padding-top: 4% !important;padding-bottom: 30% !important;background-image: url(https:\/\/casaboix.es\/wp-content\/uploads\/2020\/12\/productos-bio-natura-fondo-cabecera-rgb.jpg?id=4672) !important;background-position: center !important;background-repeat: no-repeat !important;background-size: cover !important;border-left-color: #ffffff !important;border-left-style: solid !important;border-right-color: #ffffff !important;border-right-style: solid !important;border-top-color: #ffffff !important;border-top-style: solid !important;border-bottom-color: #ffffff !important;border-bottom-style: solid !important;}&#8221; background_style=&#8221;parallax&#8221;][vc_column][vc_single_image image=&#8221;4668&#8243; img_size=&#8221;140&#215;169&#8243; alignment=&#8221;center&#8221; css=&#8221;.vc_custom_1608280415674{margin-bottom: 15px !important;}&#8221;][vc_column_text]<\/p>\n<h1 style=\"text-align: center; color: #e8b851; font-family: Georgia; font-weight: bold;\"><span style=\"display: block; font-size: 120%;\">Ecol\u00f2gics,<\/span><span style=\"display: block; font-size: 120%;\">org\u00e0nics, sense transg\u00e8nics<\/span><\/h1>\n<p>[\/vc_column_text][vc_column_text css=&#8221;.vc_custom_1613972755209{margin-bottom: 15px !important;}&#8221; el_class=&#8221;product-portfolio-subheader-text&#8221;]<\/p>\n<p style=\"text-align: center;\"><span style=\"font-family: Roboto; font-size: 100%;\">Elaborats a partir de galls dindis, pollastres i porcs alimentats amb cereals procedents d&#8217;agricultura ecol\u00f2gica, sense transg\u00e8nics, sense dioxines, sense antibi\u00f2tics i criats en camp obert. Els ritmes lents del nostre proc\u00e9s garanteixen un producte natural i aut\u00e8ntic.<\/span><\/p>\n<p>[\/vc_column_text][\/vc_column][\/vc_row][vc_row full_width=&#8221;stretch_row_content_no_spaces&#8221; equal_height=&#8221;yes&#8221; content_placement=&#8221;middle&#8221; background_style=&#8221;normal&#8221; el_id=&#8221;bloque-reticula-inicial&#8221;][vc_column width=&#8221;1\/2&#8243; css=&#8221;.vc_custom_1608281607561{border-right-width: 20px !important;background-image: url(https:\/\/casaboix.es\/wp-content\/uploads\/2020\/12\/producto31-img-adj-rgb.jpg?id=4688) !important;background-position: center !important;background-repeat: no-repeat !important;background-size: cover !important;border-right-color: #ffffff !important;border-right-style: solid !important;}&#8221; el_class=&#8221;large-push-6&#8243;][vc_empty_space height=&#8221;150px&#8221;][\/vc_column][vc_column width=&#8221;1\/2&#8243; css=&#8221;.vc_custom_1509381185928{border-right-width: 20px !important;border-bottom-width: 20px !important;border-left-width: 20px !important;padding-top: 75px !important;padding-right: 7% !important;padding-bottom: 75px !important;padding-left: 7% !important;background-color: #f2efea !important;border-left-color: #ffffff !important;border-left-style: solid !important;border-right-color: #ffffff !important;border-right-style: solid !important;border-bottom-color: #ffffff !important;border-bottom-style: solid !important;}&#8221; el_class=&#8221;large-pull-6&#8243;][vc_column_text]<\/p>\n<h2 style=\"text-align: center; font-size: 350%; font-family: Roboto; font-weight: bold; color: #4c4b4a;\">3.1<\/h2>\n<h2 style=\"text-align: center; font-family: Georgia; color: #e8b851;\">Pernil Cuit<\/h2>\n<p style=\"text-align: center;\"><span style=\"color: #808080; font-family: Roboto; font-size: 95%;\">Pernil cuit elaborat a partir de pernils sencers de porcs ecol\u00f2gics i de ra\u00e7a 50% Duroc.<\/span><\/p>\n<p>[\/vc_column_text][vc_single_image image=&#8221;5496&#8243; img_size=&#8221;&#8221; alignment=&#8221;center&#8221; el_class=&#8221;bio-mos-img-envase-mw&#8221;][vc_btn title=&#8221;Veure tota la fam\u00edlia.&#8221; shape=&#8221;square&#8221; color=&#8221;sandy-brown&#8221; align=&#8221;center&#8221; link=&#8221;url:https%3A%2F%2Fcasaboix.es%2Fca%2Fproductes%2Fbio-mos%2Fpernil-cuit%2F&#8221; el_class=&#8221;boton-color-af8e69&#8243;][\/vc_column][\/vc_row][vc_row full_width=&#8221;stretch_row_content_no_spaces&#8221; equal_height=&#8221;yes&#8221; content_placement=&#8221;middle&#8221; background_style=&#8221;normal&#8221;][vc_column width=&#8221;1\/2&#8243; css=&#8221;.vc_custom_1608282249825{border-left-width: 20px !important;background-image: url(https:\/\/casaboix.es\/wp-content\/uploads\/2020\/12\/producto32-img-adj-rgb.jpg?id=4697) !important;background-position: center !important;background-repeat: no-repeat !important;background-size: cover !important;border-left-color: #ffffff !important;border-left-style: solid !important;}&#8221;][vc_empty_space height=&#8221;150px&#8221;][\/vc_column][vc_column width=&#8221;1\/2&#8243; css=&#8221;.vc_custom_1608199200904{border-top-width: 20px !important;border-right-width: 20px !important;border-bottom-width: 20px !important;border-left-width: 20px !important;padding-top: 75px !important;padding-right: 7% !important;padding-bottom: 75px !important;padding-left: 7% !important;background-color: #f2efea !important;border-left-color: #ffffff !important;border-left-style: solid !important;border-right-color: #ffffff !important;border-right-style: solid !important;border-top-color: #ffffff !important;border-top-style: solid !important;border-bottom-color: #ffffff !important;border-bottom-style: solid !important;}&#8221;][vc_column_text]<\/p>\n<h2 style=\"text-align: center; font-size: 350%; font-family: Roboto; font-weight: bold; color: #4c4b4a;\">3.2<\/h2>\n<h2 style=\"text-align: center; font-family: Georgia; color: #e8b851;\">Altres especialitats de porc<\/h2>\n<p style=\"text-align: center;\"><span style=\"color: #808080; font-family: Roboto; font-size: 95%;\">Podr\u00e0s preparar-te fant\u00e0stics sandvitxos i receptes amb el nostre llom, bac\u00f3 ecol\u00f2gic i els nostres productes curats ecol\u00f2gics: xori\u00e7o, llonganissa i pernil.<\/span><\/p>\n<p>[\/vc_column_text][vc_single_image image=&#8221;5499&#8243; img_size=&#8221;&#8221; alignment=&#8221;center&#8221; el_class=&#8221;bio-mos-img-envase-mw&#8221;][vc_btn title=&#8221;Ver toda la familia&#8221; shape=&#8221;square&#8221; color=&#8221;sandy-brown&#8221; align=&#8221;center&#8221; link=&#8221;url:https%3A%2F%2Fcasaboix.es%2Fca%2Fproductes%2Fbio-mos%2Fespecialitats-de-porc%2F&#8221; el_class=&#8221;boton-color-af8e69&#8243;][\/vc_column][\/vc_row][vc_row full_width=&#8221;stretch_row_content_no_spaces&#8221; equal_height=&#8221;yes&#8221; content_placement=&#8221;middle&#8221; background_style=&#8221;normal&#8221; el_id=&#8221;bloque-reticula-final-pagina&#8221;][vc_column width=&#8221;1\/2&#8243; css=&#8221;.vc_custom_1608282569341{border-right-width: 20px !important;background-image: url(https:\/\/casaboix.es\/wp-content\/uploads\/2020\/12\/producto33-img-adj-rgb.jpg?id=4706) !important;background-position: center !important;background-repeat: no-repeat !important;background-size: cover !important;border-right-color: #ffffff !important;border-right-style: solid !important;}&#8221; el_class=&#8221;large-push-6&#8243;][vc_empty_space height=&#8221;150px&#8221;][\/vc_column][vc_column width=&#8221;1\/2&#8243; css=&#8221;.vc_custom_1509381185928{border-right-width: 20px !important;border-bottom-width: 20px !important;border-left-width: 20px !important;padding-top: 75px !important;padding-right: 7% !important;padding-bottom: 75px !important;padding-left: 7% !important;background-color: #f2efea !important;border-left-color: #ffffff !important;border-left-style: solid !important;border-right-color: #ffffff !important;border-right-style: solid !important;border-bottom-color: #ffffff !important;border-bottom-style: solid !important;}&#8221; el_class=&#8221;large-pull-6&#8243;][vc_column_text]<\/p>\n<h2 style=\"text-align: center; font-size: 350%; font-family: Roboto; font-weight: bold; color: #4c4b4a;\">3.3<\/h2>\n<h2 style=\"text-align: center; font-family: Georgia; color: #e8b851;\">Especialitats en aus<\/h2>\n<p style=\"text-align: center;\"><span style=\"color: #808080; font-family: Roboto; font-size: 95%;\">Les carns d&#8217;aus cuites, s\u00f3n sempre una opci\u00f3 sana i lleugera que t&#8217;ajuden a tenir cura de la teva salut.<\/span><\/p>\n<p>[\/vc_column_text][vc_single_image image=&#8221;5502&#8243; img_size=&#8221;&#8221; alignment=&#8221;center&#8221; el_class=&#8221;bio-mos-img-envase-mw&#8221;][vc_btn title=&#8221;Veure tota la fam\u00edlia.&#8221; shape=&#8221;square&#8221; color=&#8221;sandy-brown&#8221; align=&#8221;center&#8221; link=&#8221;url:https%3A%2F%2Fcasaboix.es%2Fca%2Fproductes%2Fbio-mos%2Fespecialitats-en-aus%2F&#8221; el_class=&#8221;boton-color-af8e69&#8243;][\/vc_column][\/vc_row]<\/p>\n<\/div>","protected":false},"excerpt":{"rendered":"<p>[vc_row full_width=&#8221;stretch_row_content_no_spaces&#8221; equal_height=&#8221;yes&#8221; content_placement=&#8221;top&#8221; font_color=&#8221;#ffffff&#8221; css=&#8221;.vc_custom_1608307705833{border-top-width: 20px !important;border-right-width: 20px !important;border-bottom-width: 20px !important;border-left-width: 20px !important;padding-top: 4% !important;padding-bottom: 30% !important;background-image: url(https:\/\/casaboix.es\/wp-content\/uploads\/2020\/12\/productos-bio-natura-fondo-cabecera-rgb.jpg?id=4672) !important;background-position: center !important;background-repeat: no-repeat !important;background-size: cover !important;border-left-color: #ffffff !important;border-left-style: solid !important;border-right-color: #ffffff !important;border-right-style: solid !important;border-top-color: #ffffff !important;border-top-style: solid !important;border-bottom-color: #ffffff !important;border-bottom-style: solid !important;}&#8221; background_style=&#8221;parallax&#8221;][vc_column][vc_single_image image=&#8221;4668&#8243; img_size=&#8221;140&#215;169&#8243; alignment=&#8221;center&#8221; css=&#8221;.vc_custom_1608280415674{margin-bottom: 15px !important;}&#8221;][vc_column_text] Ecol\u00f2gics,org\u00e0nics, sense transg\u00e8nics [\/vc_column_text][vc_column_text css=&#8221;.vc_custom_1613972755209{margin-bottom: 15px [&hellip;]<\/p>\n","protected":false},"author":1,"featured_media":0,"parent":6173,"menu_order":3,"comment_status":"closed","ping_status":"closed","template":"page-full-width.php","meta":{"footnotes":""},"class_list":["post-6230","page","type-page","status-publish","hentry"],"yoast_head":"<!-- This site is optimized with the Yoast SEO Premium plugin v27.1 (Yoast SEO v27.1.1) - https:\/\/yoast.com\/product\/yoast-seo-premium-wordpress\/ -->\n<title>Bio Mos | Ecol\u00f2gic, org\u00e0nic, sense transg\u00e8nics - Casa Boix<\/title>\n<meta name=\"description\" content=\"Productes elaborats a partir de galls dindi, pollastres i porcs alimentats amb cereals d&#039;agricultura ecol\u00f2gica i criats a camp obert. Ho fem com abans.\" \/>\n<meta name=\"robots\" content=\"index, follow, max-snippet:-1, max-image-preview:large, max-video-preview:-1\" \/>\n<link rel=\"canonical\" href=\"https:\/\/casaboix.es\/ca\/productes\/bio-mos\/\" \/>\n<meta property=\"og:locale\" content=\"ca_ES\" \/>\n<meta property=\"og:type\" content=\"article\" \/>\n<meta property=\"og:title\" content=\"Bio Mos\" \/>\n<meta property=\"og:description\" content=\"Productes elaborats a partir de galls dindi, pollastres i porcs alimentats amb cereals d&#039;agricultura ecol\u00f2gica i criats a camp obert. Ho fem com abans.\" \/>\n<meta property=\"og:url\" content=\"https:\/\/casaboix.es\/ca\/productes\/bio-mos\/\" \/>\n<meta property=\"og:site_name\" content=\"Casa Boix\" \/>\n<meta property=\"article:publisher\" content=\"https:\/\/www.facebook.com\/casaboix\/\" \/>\n<meta property=\"article:modified_time\" content=\"2023-06-23T09:12:56+00:00\" \/>\n<meta name=\"twitter:card\" content=\"summary_large_image\" \/>\n<meta name=\"twitter:site\" content=\"@casaboix\" \/>\n<meta name=\"twitter:label1\" content=\"Temps estimat de lectura\" \/>\n\t<meta name=\"twitter:data1\" content=\"2 minuts\" \/>\n<script type=\"application\/ld+json\" class=\"yoast-schema-graph\">{\"@context\":\"https:\/\/schema.org\",\"@graph\":[{\"@type\":\"WebPage\",\"@id\":\"https:\/\/casaboix.es\/ca\/productes\/bio-mos\/\",\"url\":\"https:\/\/casaboix.es\/ca\/productes\/bio-mos\/\",\"name\":\"Bio Mos | Ecol\u00f2gic, org\u00e0nic, sense transg\u00e8nics - Casa Boix\",\"isPartOf\":{\"@id\":\"https:\/\/casaboix.es\/ca\/#website\"},\"datePublished\":\"2020-12-18T09:04:17+00:00\",\"dateModified\":\"2023-06-23T09:12:56+00:00\",\"description\":\"Productes elaborats a partir de galls dindi, pollastres i porcs alimentats amb cereals d'agricultura ecol\u00f2gica i criats a camp obert. Ho fem com abans.\",\"breadcrumb\":{\"@id\":\"https:\/\/casaboix.es\/ca\/productes\/bio-mos\/#breadcrumb\"},\"inLanguage\":\"ca\",\"potentialAction\":[{\"@type\":\"ReadAction\",\"target\":[\"https:\/\/casaboix.es\/ca\/productes\/bio-mos\/\"]}]},{\"@type\":\"BreadcrumbList\",\"@id\":\"https:\/\/casaboix.es\/ca\/productes\/bio-mos\/#breadcrumb\",\"itemListElement\":[{\"@type\":\"ListItem\",\"position\":1,\"name\":\"Home\",\"item\":\"https:\/\/casaboix.es\/ca\/\"},{\"@type\":\"ListItem\",\"position\":2,\"name\":\"Productes\",\"item\":\"https:\/\/casaboix.es\/ca\/productes\/\"},{\"@type\":\"ListItem\",\"position\":3,\"name\":\"Bio Mos\"}]},{\"@type\":\"WebSite\",\"@id\":\"https:\/\/casaboix.es\/ca\/#website\",\"url\":\"https:\/\/casaboix.es\/ca\/\",\"name\":\"Casa Boix\",\"description\":\"Amor por las cosas bien hechas\",\"publisher\":{\"@id\":\"https:\/\/casaboix.es\/ca\/#organization\"},\"potentialAction\":[{\"@type\":\"SearchAction\",\"target\":{\"@type\":\"EntryPoint\",\"urlTemplate\":\"https:\/\/casaboix.es\/ca\/?s={search_term_string}\"},\"query-input\":{\"@type\":\"PropertyValueSpecification\",\"valueRequired\":true,\"valueName\":\"search_term_string\"}}],\"inLanguage\":\"ca\"},{\"@type\":\"Organization\",\"@id\":\"https:\/\/casaboix.es\/ca\/#organization\",\"name\":\"Casa Boix\",\"url\":\"https:\/\/casaboix.es\/ca\/\",\"logo\":{\"@type\":\"ImageObject\",\"inLanguage\":\"ca\",\"@id\":\"https:\/\/casaboix.es\/ca\/#\/schema\/logo\/image\/\",\"url\":\"https:\/\/casaboix.es\/wp-content\/uploads\/2020\/10\/logo-negro.png\",\"contentUrl\":\"https:\/\/casaboix.es\/wp-content\/uploads\/2020\/10\/logo-negro.png\",\"width\":342,\"height\":44,\"caption\":\"Casa Boix\"},\"image\":{\"@id\":\"https:\/\/casaboix.es\/ca\/#\/schema\/logo\/image\/\"},\"sameAs\":[\"https:\/\/www.facebook.com\/casaboix\/\",\"https:\/\/x.com\/casaboix\",\"https:\/\/www.instagram.com\/casaboix\/\",\"https:\/\/www.youtube.com\/watch?v=j22NKKL47ec\"]}]}<\/script>\n<!-- \/ Yoast SEO Premium plugin. -->","yoast_head_json":{"title":"Bio Mos | Ecol\u00f2gic, org\u00e0nic, sense transg\u00e8nics - Casa Boix","description":"Productes elaborats a partir de galls dindi, pollastres i porcs alimentats amb cereals d'agricultura ecol\u00f2gica i criats a camp obert. Ho fem com abans.","robots":{"index":"index","follow":"follow","max-snippet":"max-snippet:-1","max-image-preview":"max-image-preview:large","max-video-preview":"max-video-preview:-1"},"canonical":"https:\/\/casaboix.es\/ca\/productes\/bio-mos\/","og_locale":"ca_ES","og_type":"article","og_title":"Bio Mos","og_description":"Productes elaborats a partir de galls dindi, pollastres i porcs alimentats amb cereals d'agricultura ecol\u00f2gica i criats a camp obert. Ho fem com abans.","og_url":"https:\/\/casaboix.es\/ca\/productes\/bio-mos\/","og_site_name":"Casa Boix","article_publisher":"https:\/\/www.facebook.com\/casaboix\/","article_modified_time":"2023-06-23T09:12:56+00:00","twitter_card":"summary_large_image","twitter_site":"@casaboix","twitter_misc":{"Temps estimat de lectura":"2 minuts"},"schema":{"@context":"https:\/\/schema.org","@graph":[{"@type":"WebPage","@id":"https:\/\/casaboix.es\/ca\/productes\/bio-mos\/","url":"https:\/\/casaboix.es\/ca\/productes\/bio-mos\/","name":"Bio Mos | Ecol\u00f2gic, org\u00e0nic, sense transg\u00e8nics - Casa Boix","isPartOf":{"@id":"https:\/\/casaboix.es\/ca\/#website"},"datePublished":"2020-12-18T09:04:17+00:00","dateModified":"2023-06-23T09:12:56+00:00","description":"Productes elaborats a partir de galls dindi, pollastres i porcs alimentats amb cereals d'agricultura ecol\u00f2gica i criats a camp obert. Ho fem com abans.","breadcrumb":{"@id":"https:\/\/casaboix.es\/ca\/productes\/bio-mos\/#breadcrumb"},"inLanguage":"ca","potentialAction":[{"@type":"ReadAction","target":["https:\/\/casaboix.es\/ca\/productes\/bio-mos\/"]}]},{"@type":"BreadcrumbList","@id":"https:\/\/casaboix.es\/ca\/productes\/bio-mos\/#breadcrumb","itemListElement":[{"@type":"ListItem","position":1,"name":"Home","item":"https:\/\/casaboix.es\/ca\/"},{"@type":"ListItem","position":2,"name":"Productes","item":"https:\/\/casaboix.es\/ca\/productes\/"},{"@type":"ListItem","position":3,"name":"Bio Mos"}]},{"@type":"WebSite","@id":"https:\/\/casaboix.es\/ca\/#website","url":"https:\/\/casaboix.es\/ca\/","name":"Casa Boix","description":"Amor por las cosas bien hechas","publisher":{"@id":"https:\/\/casaboix.es\/ca\/#organization"},"potentialAction":[{"@type":"SearchAction","target":{"@type":"EntryPoint","urlTemplate":"https:\/\/casaboix.es\/ca\/?s={search_term_string}"},"query-input":{"@type":"PropertyValueSpecification","valueRequired":true,"valueName":"search_term_string"}}],"inLanguage":"ca"},{"@type":"Organization","@id":"https:\/\/casaboix.es\/ca\/#organization","name":"Casa Boix","url":"https:\/\/casaboix.es\/ca\/","logo":{"@type":"ImageObject","inLanguage":"ca","@id":"https:\/\/casaboix.es\/ca\/#\/schema\/logo\/image\/","url":"https:\/\/casaboix.es\/wp-content\/uploads\/2020\/10\/logo-negro.png","contentUrl":"https:\/\/casaboix.es\/wp-content\/uploads\/2020\/10\/logo-negro.png","width":342,"height":44,"caption":"Casa Boix"},"image":{"@id":"https:\/\/casaboix.es\/ca\/#\/schema\/logo\/image\/"},"sameAs":["https:\/\/www.facebook.com\/casaboix\/","https:\/\/x.com\/casaboix","https:\/\/www.instagram.com\/casaboix\/","https:\/\/www.youtube.com\/watch?v=j22NKKL47ec"]}]}},"_links":{"self":[{"href":"https:\/\/casaboix.es\/ca\/wp-json\/wp\/v2\/pages\/6230","targetHints":{"allow":["GET"]}}],"collection":[{"href":"https:\/\/casaboix.es\/ca\/wp-json\/wp\/v2\/pages"}],"about":[{"href":"https:\/\/casaboix.es\/ca\/wp-json\/wp\/v2\/types\/page"}],"author":[{"embeddable":true,"href":"https:\/\/casaboix.es\/ca\/wp-json\/wp\/v2\/users\/1"}],"replies":[{"embeddable":true,"href":"https:\/\/casaboix.es\/ca\/wp-json\/wp\/v2\/comments?post=6230"}],"version-history":[{"count":1,"href":"https:\/\/casaboix.es\/ca\/wp-json\/wp\/v2\/pages\/6230\/revisions"}],"predecessor-version":[{"id":8430,"href":"https:\/\/casaboix.es\/ca\/wp-json\/wp\/v2\/pages\/6230\/revisions\/8430"}],"up":[{"embeddable":true,"href":"https:\/\/casaboix.es\/ca\/wp-json\/wp\/v2\/pages\/6173"}],"wp:attachment":[{"href":"https:\/\/casaboix.es\/ca\/wp-json\/wp\/v2\/media?parent=6230"}],"curies":[{"name":"wp","href":"https:\/\/api.w.org\/{rel}","templated":true}]}}