{"id":6211,"date":"2020-12-17T08:30:51","date_gmt":"2020-12-17T07:30:51","guid":{"rendered":"https:\/\/casaboix.es\/productes\/mos-natura\/"},"modified":"2025-05-16T13:15:18","modified_gmt":"2025-05-16T11:15:18","slug":"mos-natura","status":"publish","type":"page","link":"https:\/\/casaboix.es\/ca\/productes\/mos-natura\/","title":{"rendered":"Mos Natura"},"content":{"rendered":"<div class=\"wpb-content-wrapper\"><p>[vc_row full_width=&#8221;stretch_row_content_no_spaces&#8221; equal_height=&#8221;yes&#8221; content_placement=&#8221;top&#8221; font_color=&#8221;#ffffff&#8221; css=&#8221;.vc_custom_1608192873625{border-top-width: 20px !important;border-right-width: 20px !important;border-bottom-width: 20px !important;border-left-width: 20px !important;padding-top: 5% !important;padding-bottom: 30% !important;background-image: url(https:\/\/casaboix.es\/wp-content\/uploads\/2020\/12\/productos-mos-natura-fondo-cabecera-rgb.jpg?id=4590) !important;background-position: center !important;background-repeat: no-repeat !important;background-size: cover !important;border-left-color: #ffffff !important;border-left-style: solid !important;border-right-color: #ffffff !important;border-right-style: solid !important;border-top-color: #ffffff !important;border-top-style: solid !important;border-bottom-color: #ffffff !important;border-bottom-style: solid !important;}&#8221; background_style=&#8221;parallax&#8221;][vc_column][vc_single_image image=&#8221;4595&#8243; img_size=&#8221;full&#8221; alignment=&#8221;center&#8221; el_class=&#8221;logotipo-mos-natura&#8221;][vc_column_text css=&#8221;&#8221;]<\/p>\n<h1 style=\"text-align: center; color: #e8b851; font-family: Georgia; font-weight: bold;\"><span style=\"display: block; font-size: 120%;\">Sense fosfats afegits. <\/span><span style=\"display: block; font-size: 120%;\">Sense sal nitrificant afegida.<\/span><\/h1>\n<p>[\/vc_column_text][vc_column_text css=&#8221;.vc_custom_1747393223054{margin-bottom: 15px !important;padding-right: 5% !important;padding-left: 5% !important;}&#8221; el_class=&#8221;product-portfolio-subheader-text&#8221;]<\/p>\n<p style=\"text-align: center;\"><span style=\"font-family: roboto;\">Els productes de la nostra nova gamma Mos estan elaborats a partir de peces nobles senceres de porcs, galls dindi i pollastres, sense fosfats ni sal nitrificant afegits i com sempre en tots els productes de Casa Boix sense al\u00b7l\u00e8rgens.<\/span><\/p>\n<p>[\/vc_column_text][\/vc_column][\/vc_row][vc_row full_width=&#8221;stretch_row_content_no_spaces&#8221; equal_height=&#8221;yes&#8221; content_placement=&#8221;middle&#8221; background_style=&#8221;normal&#8221; el_id=&#8221;bloque-reticula-inicial&#8221;][vc_column width=&#8221;1\/2&#8243; css=&#8221;.vc_custom_1608195859792{border-right-width: 20px !important;background-image: url(https:\/\/casaboix.es\/wp-content\/uploads\/2020\/12\/producto21-img-adj-rgb.jpg?id=4626) !important;background-position: center !important;background-repeat: no-repeat !important;background-size: cover !important;border-right-color: #ffffff !important;border-right-style: solid !important;}&#8221; el_class=&#8221;large-push-6&#8243;][vc_empty_space height=&#8221;150px&#8221;][\/vc_column][vc_column width=&#8221;1\/2&#8243; css=&#8221;.vc_custom_1509381185928{border-right-width: 20px !important;border-bottom-width: 20px !important;border-left-width: 20px !important;padding-top: 75px !important;padding-right: 7% !important;padding-bottom: 75px !important;padding-left: 7% !important;background-color: #f2efea !important;border-left-color: #ffffff !important;border-left-style: solid !important;border-right-color: #ffffff !important;border-right-style: solid !important;border-bottom-color: #ffffff !important;border-bottom-style: solid !important;}&#8221; el_class=&#8221;large-pull-6&#8243;][vc_column_text]<\/p>\n<h2 style=\"text-align: center; font-size: 350%; font-family: Roboto; font-weight: bold; color: #4c4b4a;\">2.1<\/h2>\n<h2 style=\"text-align: center; font-family: Georgia; color: #e8b851;\">Pernil Cuit<\/h2>\n<p style=\"text-align: center;\"><span style=\"color: #808080; font-family: Roboto; font-size: 95%;\">\u00c9s l&#8217;especialitat m\u00e9s tradicional de casa nostra. Tendre, mel\u00f3s i de sabor aut\u00e8ntic l&#8217;elaborem amb pernils sencers de porc que han estat alimentats de manera natural.<\/span><\/p>\n<p>[\/vc_column_text][vc_single_image image=&#8221;5487&#8243; img_size=&#8221;full&#8221; alignment=&#8221;center&#8221; css=&#8221;.vc_custom_1611038141305{padding-bottom: 10px !important;}&#8221; el_class=&#8221;productos-mos-natura-envase-mw&#8221;][vc_btn title=&#8221;Veure tota la fam\u00edlia&#8221; shape=&#8221;square&#8221; color=&#8221;sandy-brown&#8221; align=&#8221;center&#8221; link=&#8221;url:https%3A%2F%2Fcasaboix.es%2Fca%2Fproductes%2Fmos-natura%2Fpernil-cuit%2F&#8221; el_class=&#8221;boton-color-af8e69&#8243;][\/vc_column][\/vc_row][vc_row full_width=&#8221;stretch_row_content_no_spaces&#8221; equal_height=&#8221;yes&#8221; content_placement=&#8221;middle&#8221; background_style=&#8221;normal&#8221; el_id=&#8221;bloque-reticula-final-pagina&#8221;][vc_column width=&#8221;1\/2&#8243; css=&#8221;.vc_custom_1608199193267{border-left-width: 20px !important;background-image: url(https:\/\/casaboix.es\/wp-content\/uploads\/2020\/12\/producto22-img-adj-rgb.jpg?id=4638) !important;background-position: center !important;background-repeat: no-repeat !important;background-size: cover !important;border-left-color: #ffffff !important;border-left-style: solid !important;}&#8221;][vc_empty_space height=&#8221;150px&#8221;][\/vc_column][vc_column width=&#8221;1\/2&#8243; css=&#8221;.vc_custom_1608199200904{border-top-width: 20px !important;border-right-width: 20px !important;border-bottom-width: 20px !important;border-left-width: 20px !important;padding-top: 75px !important;padding-right: 7% !important;padding-bottom: 75px !important;padding-left: 7% !important;background-color: #f2efea !important;border-left-color: #ffffff !important;border-left-style: solid !important;border-right-color: #ffffff !important;border-right-style: solid !important;border-top-color: #ffffff !important;border-top-style: solid !important;border-bottom-color: #ffffff !important;border-bottom-style: solid !important;}&#8221;][vc_column_text]<\/p>\n<h2 style=\"text-align: center; font-size: 350%; font-family: Roboto; font-weight: bold; color: #4c4b4a;\">2.2<\/h2>\n<h2 style=\"text-align: center; font-family: Georgia; color: #e8b851;\">Especialitats de gall dindi<\/h2>\n<p style=\"text-align: center;\"><span style=\"color: #808080; font-family: Roboto; font-size: 95%;\">Les nostres especialitats de gall dindi sempre han estat una refer\u00e8ncia en el mercat i ara pots gaudir d&#8217;un pit de gall dindi i cuixa de gall dindi, lliure d&#8217;antibi\u00f2tics i additius.<\/span><\/p>\n<p>[\/vc_column_text][vc_single_image image=&#8221;5491&#8243; img_size=&#8221;full&#8221; alignment=&#8221;center&#8221; css=&#8221;.vc_custom_1611038200609{padding-bottom: 10px !important;}&#8221; el_class=&#8221;productos-mos-natura-envase-mw&#8221;][vc_btn title=&#8221;Veure tota la fam\u00edlia&#8221; shape=&#8221;square&#8221; color=&#8221;sandy-brown&#8221; align=&#8221;center&#8221; link=&#8221;url:https%3A%2F%2Fcasaboix.es%2Fca%2Fproductes%2Fmos-natura%2Fespecialitats-de-gall-dindi%2F&#8221; el_class=&#8221;boton-color-af8e69&#8243;][\/vc_column][\/vc_row]<\/p>\n<\/div>","protected":false},"excerpt":{"rendered":"<p>[vc_row full_width=&#8221;stretch_row_content_no_spaces&#8221; equal_height=&#8221;yes&#8221; content_placement=&#8221;top&#8221; font_color=&#8221;#ffffff&#8221; css=&#8221;.vc_custom_1608192873625{border-top-width: 20px !important;border-right-width: 20px !important;border-bottom-width: 20px !important;border-left-width: 20px !important;padding-top: 5% !important;padding-bottom: 30% !important;background-image: url(https:\/\/casaboix.es\/wp-content\/uploads\/2020\/12\/productos-mos-natura-fondo-cabecera-rgb.jpg?id=4590) !important;background-position: center !important;background-repeat: no-repeat !important;background-size: cover !important;border-left-color: #ffffff !important;border-left-style: solid !important;border-right-color: #ffffff !important;border-right-style: solid !important;border-top-color: #ffffff !important;border-top-style: solid !important;border-bottom-color: #ffffff !important;border-bottom-style: solid !important;}&#8221; background_style=&#8221;parallax&#8221;][vc_column][vc_single_image image=&#8221;4595&#8243; img_size=&#8221;full&#8221; alignment=&#8221;center&#8221; el_class=&#8221;logotipo-mos-natura&#8221;][vc_column_text css=&#8221;&#8221;] Sense fosfats afegits. Sense sal nitrificant afegida. [&hellip;]<\/p>\n","protected":false},"author":1,"featured_media":0,"parent":6173,"menu_order":2,"comment_status":"closed","ping_status":"closed","template":"page-full-width.php","meta":{"footnotes":""},"class_list":["post-6211","page","type-page","status-publish","hentry"],"yoast_head":"<!-- This site is optimized with the Yoast SEO Premium plugin v27.1 (Yoast SEO v27.1.1) - https:\/\/yoast.com\/product\/yoast-seo-premium-wordpress\/ -->\n<title>Mos Natura | La nostra gamma sense additius - Casa Boix<\/title>\n<meta name=\"description\" content=\"Els productes de Mos Natura s&#039;elaboren a partir de peces nobles d&#039;animals lliures d&#039;antibi\u00f2tics i sense additius. Ho fem tot com es feia abans.\" \/>\n<meta name=\"robots\" content=\"index, follow, max-snippet:-1, max-image-preview:large, max-video-preview:-1\" \/>\n<link rel=\"canonical\" href=\"https:\/\/casaboix.es\/ca\/productes\/mos-natura\/\" \/>\n<meta property=\"og:locale\" content=\"ca_ES\" \/>\n<meta property=\"og:type\" content=\"article\" \/>\n<meta property=\"og:title\" content=\"Mos Natura\" \/>\n<meta property=\"og:description\" content=\"Els productes de Mos Natura s&#039;elaboren a partir de peces nobles d&#039;animals lliures d&#039;antibi\u00f2tics i sense additius. Ho fem tot com es feia abans.\" \/>\n<meta property=\"og:url\" content=\"https:\/\/casaboix.es\/ca\/productes\/mos-natura\/\" \/>\n<meta property=\"og:site_name\" content=\"Casa Boix\" \/>\n<meta property=\"article:publisher\" content=\"https:\/\/www.facebook.com\/casaboix\/\" \/>\n<meta property=\"article:modified_time\" content=\"2025-05-16T11:15:18+00:00\" \/>\n<meta name=\"twitter:card\" content=\"summary_large_image\" \/>\n<meta name=\"twitter:site\" content=\"@casaboix\" \/>\n<meta name=\"twitter:label1\" content=\"Temps estimat de lectura\" \/>\n\t<meta name=\"twitter:data1\" content=\"2 minuts\" \/>\n<script type=\"application\/ld+json\" class=\"yoast-schema-graph\">{\"@context\":\"https:\/\/schema.org\",\"@graph\":[{\"@type\":\"WebPage\",\"@id\":\"https:\/\/casaboix.es\/ca\/productes\/mos-natura\/\",\"url\":\"https:\/\/casaboix.es\/ca\/productes\/mos-natura\/\",\"name\":\"Mos Natura | La nostra gamma sense additius - Casa Boix\",\"isPartOf\":{\"@id\":\"https:\/\/casaboix.es\/ca\/#website\"},\"datePublished\":\"2020-12-17T07:30:51+00:00\",\"dateModified\":\"2025-05-16T11:15:18+00:00\",\"description\":\"Els productes de Mos Natura s'elaboren a partir de peces nobles d'animals lliures d'antibi\u00f2tics i sense additius. Ho fem tot com es feia abans.\",\"breadcrumb\":{\"@id\":\"https:\/\/casaboix.es\/ca\/productes\/mos-natura\/#breadcrumb\"},\"inLanguage\":\"ca\",\"potentialAction\":[{\"@type\":\"ReadAction\",\"target\":[\"https:\/\/casaboix.es\/ca\/productes\/mos-natura\/\"]}]},{\"@type\":\"BreadcrumbList\",\"@id\":\"https:\/\/casaboix.es\/ca\/productes\/mos-natura\/#breadcrumb\",\"itemListElement\":[{\"@type\":\"ListItem\",\"position\":1,\"name\":\"Home\",\"item\":\"https:\/\/casaboix.es\/ca\/\"},{\"@type\":\"ListItem\",\"position\":2,\"name\":\"Productes\",\"item\":\"https:\/\/casaboix.es\/ca\/productes\/\"},{\"@type\":\"ListItem\",\"position\":3,\"name\":\"Mos Natura\"}]},{\"@type\":\"WebSite\",\"@id\":\"https:\/\/casaboix.es\/ca\/#website\",\"url\":\"https:\/\/casaboix.es\/ca\/\",\"name\":\"Casa Boix\",\"description\":\"Amor por las cosas bien hechas\",\"publisher\":{\"@id\":\"https:\/\/casaboix.es\/ca\/#organization\"},\"potentialAction\":[{\"@type\":\"SearchAction\",\"target\":{\"@type\":\"EntryPoint\",\"urlTemplate\":\"https:\/\/casaboix.es\/ca\/?s={search_term_string}\"},\"query-input\":{\"@type\":\"PropertyValueSpecification\",\"valueRequired\":true,\"valueName\":\"search_term_string\"}}],\"inLanguage\":\"ca\"},{\"@type\":\"Organization\",\"@id\":\"https:\/\/casaboix.es\/ca\/#organization\",\"name\":\"Casa Boix\",\"url\":\"https:\/\/casaboix.es\/ca\/\",\"logo\":{\"@type\":\"ImageObject\",\"inLanguage\":\"ca\",\"@id\":\"https:\/\/casaboix.es\/ca\/#\/schema\/logo\/image\/\",\"url\":\"https:\/\/casaboix.es\/wp-content\/uploads\/2020\/10\/logo-negro.png\",\"contentUrl\":\"https:\/\/casaboix.es\/wp-content\/uploads\/2020\/10\/logo-negro.png\",\"width\":342,\"height\":44,\"caption\":\"Casa Boix\"},\"image\":{\"@id\":\"https:\/\/casaboix.es\/ca\/#\/schema\/logo\/image\/\"},\"sameAs\":[\"https:\/\/www.facebook.com\/casaboix\/\",\"https:\/\/x.com\/casaboix\",\"https:\/\/www.instagram.com\/casaboix\/\",\"https:\/\/www.youtube.com\/watch?v=j22NKKL47ec\"]}]}<\/script>\n<!-- \/ Yoast SEO Premium plugin. -->","yoast_head_json":{"title":"Mos Natura | La nostra gamma sense additius - Casa Boix","description":"Els productes de Mos Natura s'elaboren a partir de peces nobles d'animals lliures d'antibi\u00f2tics i sense additius. Ho fem tot com es feia abans.","robots":{"index":"index","follow":"follow","max-snippet":"max-snippet:-1","max-image-preview":"max-image-preview:large","max-video-preview":"max-video-preview:-1"},"canonical":"https:\/\/casaboix.es\/ca\/productes\/mos-natura\/","og_locale":"ca_ES","og_type":"article","og_title":"Mos Natura","og_description":"Els productes de Mos Natura s'elaboren a partir de peces nobles d'animals lliures d'antibi\u00f2tics i sense additius. Ho fem tot com es feia abans.","og_url":"https:\/\/casaboix.es\/ca\/productes\/mos-natura\/","og_site_name":"Casa Boix","article_publisher":"https:\/\/www.facebook.com\/casaboix\/","article_modified_time":"2025-05-16T11:15:18+00:00","twitter_card":"summary_large_image","twitter_site":"@casaboix","twitter_misc":{"Temps estimat de lectura":"2 minuts"},"schema":{"@context":"https:\/\/schema.org","@graph":[{"@type":"WebPage","@id":"https:\/\/casaboix.es\/ca\/productes\/mos-natura\/","url":"https:\/\/casaboix.es\/ca\/productes\/mos-natura\/","name":"Mos Natura | La nostra gamma sense additius - Casa Boix","isPartOf":{"@id":"https:\/\/casaboix.es\/ca\/#website"},"datePublished":"2020-12-17T07:30:51+00:00","dateModified":"2025-05-16T11:15:18+00:00","description":"Els productes de Mos Natura s'elaboren a partir de peces nobles d'animals lliures d'antibi\u00f2tics i sense additius. Ho fem tot com es feia abans.","breadcrumb":{"@id":"https:\/\/casaboix.es\/ca\/productes\/mos-natura\/#breadcrumb"},"inLanguage":"ca","potentialAction":[{"@type":"ReadAction","target":["https:\/\/casaboix.es\/ca\/productes\/mos-natura\/"]}]},{"@type":"BreadcrumbList","@id":"https:\/\/casaboix.es\/ca\/productes\/mos-natura\/#breadcrumb","itemListElement":[{"@type":"ListItem","position":1,"name":"Home","item":"https:\/\/casaboix.es\/ca\/"},{"@type":"ListItem","position":2,"name":"Productes","item":"https:\/\/casaboix.es\/ca\/productes\/"},{"@type":"ListItem","position":3,"name":"Mos Natura"}]},{"@type":"WebSite","@id":"https:\/\/casaboix.es\/ca\/#website","url":"https:\/\/casaboix.es\/ca\/","name":"Casa Boix","description":"Amor por las cosas bien hechas","publisher":{"@id":"https:\/\/casaboix.es\/ca\/#organization"},"potentialAction":[{"@type":"SearchAction","target":{"@type":"EntryPoint","urlTemplate":"https:\/\/casaboix.es\/ca\/?s={search_term_string}"},"query-input":{"@type":"PropertyValueSpecification","valueRequired":true,"valueName":"search_term_string"}}],"inLanguage":"ca"},{"@type":"Organization","@id":"https:\/\/casaboix.es\/ca\/#organization","name":"Casa Boix","url":"https:\/\/casaboix.es\/ca\/","logo":{"@type":"ImageObject","inLanguage":"ca","@id":"https:\/\/casaboix.es\/ca\/#\/schema\/logo\/image\/","url":"https:\/\/casaboix.es\/wp-content\/uploads\/2020\/10\/logo-negro.png","contentUrl":"https:\/\/casaboix.es\/wp-content\/uploads\/2020\/10\/logo-negro.png","width":342,"height":44,"caption":"Casa Boix"},"image":{"@id":"https:\/\/casaboix.es\/ca\/#\/schema\/logo\/image\/"},"sameAs":["https:\/\/www.facebook.com\/casaboix\/","https:\/\/x.com\/casaboix","https:\/\/www.instagram.com\/casaboix\/","https:\/\/www.youtube.com\/watch?v=j22NKKL47ec"]}]}},"_links":{"self":[{"href":"https:\/\/casaboix.es\/ca\/wp-json\/wp\/v2\/pages\/6211","targetHints":{"allow":["GET"]}}],"collection":[{"href":"https:\/\/casaboix.es\/ca\/wp-json\/wp\/v2\/pages"}],"about":[{"href":"https:\/\/casaboix.es\/ca\/wp-json\/wp\/v2\/types\/page"}],"author":[{"embeddable":true,"href":"https:\/\/casaboix.es\/ca\/wp-json\/wp\/v2\/users\/1"}],"replies":[{"embeddable":true,"href":"https:\/\/casaboix.es\/ca\/wp-json\/wp\/v2\/comments?post=6211"}],"version-history":[{"count":2,"href":"https:\/\/casaboix.es\/ca\/wp-json\/wp\/v2\/pages\/6211\/revisions"}],"predecessor-version":[{"id":9068,"href":"https:\/\/casaboix.es\/ca\/wp-json\/wp\/v2\/pages\/6211\/revisions\/9068"}],"up":[{"embeddable":true,"href":"https:\/\/casaboix.es\/ca\/wp-json\/wp\/v2\/pages\/6173"}],"wp:attachment":[{"href":"https:\/\/casaboix.es\/ca\/wp-json\/wp\/v2\/media?parent=6211"}],"curies":[{"name":"wp","href":"https:\/\/api.w.org\/{rel}","templated":true}]}}