{"id":6180,"date":"2017-01-10T15:18:58","date_gmt":"2017-01-10T14:18:58","guid":{"rendered":"https:\/\/casaboix.es\/productes\/casa-boix\/"},"modified":"2023-06-23T11:06:54","modified_gmt":"2023-06-23T09:06:54","slug":"casa-boix","status":"publish","type":"page","link":"https:\/\/casaboix.es\/ca\/productes\/casa-boix\/","title":{"rendered":"Casa Boix"},"content":{"rendered":"<div class=\"wpb-content-wrapper\"><p>[vc_row full_width=&#8221;stretch_row_content_no_spaces&#8221; font_color=&#8221;#ffffff&#8221; css=&#8221;.vc_custom_1608278252458{border-top-width: 20px !important;border-right-width: 20px !important;border-bottom-width: 20px !important;border-left-width: 20px !important;padding-top: 10% !important;padding-bottom: 35% !important;background-image: url(https:\/\/casaboix.es\/wp-content\/uploads\/2020\/12\/productos-casa-boix-fondo-cabecera-rgb.jpg?id=4547) !important;background-position: center !important;background-repeat: no-repeat !important;background-size: cover !important;border-left-color: #ffffff !important;border-left-style: solid !important;border-right-color: #ffffff !important;border-right-style: solid !important;border-top-color: #ffffff !important;border-top-style: solid !important;border-bottom-color: #ffffff !important;border-bottom-style: solid !important;}&#8221; background_style=&#8221;parallax&#8221;][vc_column][vc_single_image image=&#8221;4056&#8243; img_size=&#8221;300&#215;38&#8243; alignment=&#8221;center&#8221;][vc_column_text css=&#8221;.vc_custom_1613887730281{margin-bottom: 25px !important;}&#8221;]<\/p>\n<h1 style=\"text-align: center;\"><span style=\"color: #e8b851; font-family: Georgia;\"><strong><span style=\"font-size: 120%;\">Amor per les coses<br \/>\nben fetes<\/span><\/strong><\/span><\/h1>\n<p>[\/vc_column_text][vc_column_text el_class=&#8221;product-portfolio-subheader-text&#8221; css=&#8221;.vc_custom_1613886366212{padding-right: 5% !important;padding-left: 5% !important;}&#8221;]<\/p>\n<p style=\"text-align: center;\"><span style=\"font-family: Roboto;\">Seleccionem les millors carns i realitzem una producci\u00f3 limitada per preservar la qualitat i els ritmes lents dels processos. D&#8217;aquesta manera, garantim una elaboraci\u00f3 natural i aut\u00e8ntica, com es feia abans.<\/span><\/p>\n<p>[\/vc_column_text][\/vc_column][\/vc_row][vc_row full_width=&#8221;stretch_row_content_no_spaces&#8221; equal_height=&#8221;yes&#8221; content_placement=&#8221;middle&#8221; background_style=&#8221;normal&#8221; el_id=&#8221;bloque-reticula-inicial&#8221;][vc_column width=&#8221;1\/2&#8243; css=&#8221;.vc_custom_1611037395839{border-right-width: 20px !important;background-image: url(https:\/\/casaboix.es\/wp-content\/uploads\/2021\/01\/producto11-img-adj-rgb-am.jpg?id=5465) !important;background-position: center !important;background-repeat: no-repeat !important;background-size: cover !important;border-right-color: #ffffff !important;border-right-style: solid !important;}&#8221; el_class=&#8221;large-push-6&#8243;][vc_empty_space height=&#8221;150px&#8221;][\/vc_column][vc_column width=&#8221;1\/2&#8243; css=&#8221;.vc_custom_1509381185928{border-right-width: 20px !important;border-bottom-width: 20px !important;border-left-width: 20px !important;padding-top: 75px !important;padding-right: 7% !important;padding-bottom: 75px !important;padding-left: 7% !important;background-color: #f2efea !important;border-left-color: #ffffff !important;border-left-style: solid !important;border-right-color: #ffffff !important;border-right-style: solid !important;border-bottom-color: #ffffff !important;border-bottom-style: solid !important;}&#8221; el_class=&#8221;large-pull-6&#8243;][vc_column_text]<\/p>\n<h2 style=\"text-align: center;\"><span style=\"color: #4c4b4a;\"><strong><span style=\"font-size: 150%; font-family: Roboto;\">1.1<\/span><\/strong><\/span><\/h2>\n<h2 style=\"text-align: center;\"><span style=\"color: #e8b851; font-family: Georgia;\">Pernil Cuit<\/span><\/h2>\n<p style=\"text-align: center;\"><span style=\"color: #808080; font-family: Roboto; font-size: 95%;\">\u00c9s l&#8217;especialitat m\u00e9s tradicional de casa nostra. Tendre, mel\u00f3s i de sabor aut\u00e8ntic l&#8217;elaborem amb pernils sencers de porc que han estat alimentats de manera natural.<\/span><\/p>\n<p>[\/vc_column_text][vc_single_image image=&#8221;5463&#8243; img_size=&#8221;full&#8221; alignment=&#8221;center&#8221; el_class=&#8221;productos-general-envase-mw&#8221;][vc_btn title=&#8221;Veure tota la fam\u00edlia&#8221; shape=&#8221;square&#8221; color=&#8221;sandy-brown&#8221; align=&#8221;center&#8221; link=&#8221;url:https%3A%2F%2Fcasaboix.es%2Fca%2Fproductes%2Fcasa-boix%2Fpernil-cuit%2F&#8221; el_class=&#8221;boton-color-af8e69&#8243;][\/vc_column][\/vc_row][vc_row full_width=&#8221;stretch_row_content_no_spaces&#8221; equal_height=&#8221;yes&#8221; content_placement=&#8221;middle&#8221; background_style=&#8221;normal&#8221;][vc_column width=&#8221;1\/2&#8243; css=&#8221;.vc_custom_1608186455789{border-left-width: 20px !important;background-image: url(https:\/\/casaboix.es\/wp-content\/uploads\/2020\/12\/producto12-img-adj-rgb.jpg?id=4562) !important;background-position: center !important;background-repeat: no-repeat !important;background-size: cover !important;border-left-color: #ffffff !important;border-left-style: solid !important;}&#8221; el_class=&#8221;home-product-cimage-height&#8221;][vc_empty_space height=&#8221;150px&#8221;][\/vc_column][vc_column width=&#8221;1\/2&#8243; css=&#8221;.vc_custom_1484425025718{border-top-width: 20px !important;border-right-width: 20px !important;border-bottom-width: 20px !important;border-left-width: 20px !important;padding-top: 75px !important;padding-right: 7% !important;padding-bottom: 75px !important;padding-left: 7% !important;background-color: #f2efea !important;border-left-color: #ffffff !important;border-left-style: solid !important;border-right-color: #ffffff !important;border-right-style: solid !important;border-top-color: #ffffff !important;border-top-style: solid !important;border-bottom-color: #ffffff !important;border-bottom-style: solid !important;}&#8221;][vc_column_text]<\/p>\n<h2 style=\"text-align: center;\"><span style=\"color: #4c4b4a;\"><strong><span style=\"font-size: 150%; font-family: roboto;\">1.2<\/span><\/strong><\/span><\/h2>\n<h2 style=\"text-align: center;\"><span style=\"color: #e8b851; font-family: Georgia;\">Pernil Fumat i Lac\u00f3n<\/span><\/h2>\n<p style=\"text-align: center;\"><span style=\"color: #808080; font-family: Roboto; font-size: 95%;\">La mateixa minuciosa selecci\u00f3 de la mat\u00e8ria primera i acurada elaboraci\u00f3 del nostre pernil cuit per\u00f2 aportant un lleuger toc fumat de fusta natural de faig.<\/span><\/p>\n<p>[\/vc_column_text][vc_single_image image=&#8221;5471&#8243; img_size=&#8221;full&#8221; alignment=&#8221;center&#8221; el_class=&#8221;casa-boix-img-envase-mw&#8221;][vc_btn title=&#8221;Veure tota la fam\u00edlia&#8221; shape=&#8221;square&#8221; color=&#8221;sandy-brown&#8221; align=&#8221;center&#8221; link=&#8221;url:https%3A%2F%2Fcasaboix.es%2Fca%2Fproductes%2Fcasa-boix%2Fpernil-fumat-i-lacon%2F&#8221; el_class=&#8221;boton-color-af8e69&#8243;][\/vc_column][\/vc_row][vc_row full_width=&#8221;stretch_row_content_no_spaces&#8221; equal_height=&#8221;yes&#8221; content_placement=&#8221;middle&#8221; background_style=&#8221;normal&#8221;][vc_column width=&#8221;1\/2&#8243; css=&#8221;.vc_custom_1608186623848{border-right-width: 20px !important;background-image: url(https:\/\/casaboix.es\/wp-content\/uploads\/2020\/12\/producto13-img-adj-rgb.jpg?id=4569) !important;background-position: center !important;background-repeat: no-repeat !important;background-size: cover !important;border-right-color: #ffffff !important;border-right-style: solid !important;}&#8221; el_class=&#8221;large-push-6&#8243;][vc_empty_space height=&#8221;150px&#8221;][\/vc_column][vc_column width=&#8221;1\/2&#8243; css=&#8221;.vc_custom_1509381185928{border-right-width: 20px !important;border-bottom-width: 20px !important;border-left-width: 20px !important;padding-top: 75px !important;padding-right: 7% !important;padding-bottom: 75px !important;padding-left: 7% !important;background-color: #f2efea !important;border-left-color: #ffffff !important;border-left-style: solid !important;border-right-color: #ffffff !important;border-right-style: solid !important;border-bottom-color: #ffffff !important;border-bottom-style: solid !important;}&#8221; el_class=&#8221;large-pull-6&#8243;][vc_column_text]<\/p>\n<h2 style=\"text-align: center;\"><span style=\"color: #4c4b4a;\"><strong><span style=\"font-size: 150%; font-family: roboto;\">1.3<\/span><\/strong><\/span><\/h2>\n<h2 style=\"text-align: center;\"><span style=\"color: #e8b851; font-family: Georgia;\">Ib\u00e8rics<\/span><\/h2>\n<p style=\"text-align: center;\"><span style=\"color: #808080; font-family: Roboto; font-size: 95%;\">\u00c9s la m\u00e0xima excel\u00b7l\u00e8ncia en pernil cuit. Ofereix la exquisida melositat i l&#8217;inconfusible sabor del pernil i l\u00b4espatlla del porc ib\u00e8ric.<\/span><\/p>\n<p>[\/vc_column_text][vc_single_image image=&#8221;5475&#8243; img_size=&#8221;full&#8221; alignment=&#8221;center&#8221; el_class=&#8221;casa-boix-img-envase-mw&#8221;][vc_btn title=&#8221;Veure tota la fam\u00edlia&#8221; shape=&#8221;square&#8221; color=&#8221;sandy-brown&#8221; align=&#8221;center&#8221; link=&#8221;url:https%3A%2F%2Fcasaboix.es%2Fca%2Fproductes%2Fcasa-boix%2Fiberics%2F&#8221; el_class=&#8221;boton-color-af8e69&#8243;][\/vc_column][\/vc_row][vc_row full_width=&#8221;stretch_row_content_no_spaces&#8221; equal_height=&#8221;yes&#8221; content_placement=&#8221;middle&#8221; background_style=&#8221;normal&#8221;][vc_column width=&#8221;1\/2&#8243; css=&#8221;.vc_custom_1608186785853{border-left-width: 20px !important;background-image: url(https:\/\/casaboix.es\/wp-content\/uploads\/2020\/12\/producto14-img-adj-rgb.jpg?id=4576) !important;background-position: center !important;background-repeat: no-repeat !important;background-size: cover !important;border-left-color: #ffffff !important;border-left-style: solid !important;}&#8221;][vc_empty_space height=&#8221;150px&#8221;][\/vc_column][vc_column width=&#8221;1\/2&#8243; css=&#8221;.vc_custom_1607332137096{border-top-width: 20px !important;border-right-width: 20px !important;border-left-width: 20px !important;padding-top: 75px !important;padding-right: 7% !important;padding-bottom: 75px !important;padding-left: 7% !important;background-color: #f2efea !important;border-left-color: #ffffff !important;border-left-style: solid !important;border-right-color: #ffffff !important;border-right-style: solid !important;border-top-color: #ffffff !important;border-top-style: solid !important;}&#8221; el_class=&#8221;bloque-reticula-margen-inferior-blanco&#8221;][vc_column_text]<\/p>\n<h2 style=\"text-align: center;\"><span style=\"color: #4c4b4a;\"><strong><span style=\"font-size: 150%; font-family: roboto;\">1.4<\/span><\/strong><\/span><\/h2>\n<h2 style=\"text-align: center;\"><span style=\"color: #e8b851; font-family: Georgia;\">Bac\u00f3<\/span><\/h2>\n<p style=\"text-align: center;\"><span style=\"color: #808080; font-family: Roboto; font-size: 95%;\">M\u00e0xima qualitat de les peces seleccionades que s&#8217;elaboren seguint f\u00f3rmules tradicionals i donant un subtil toc fumat natural.<\/span><\/p>\n<p>[\/vc_column_text][vc_single_image image=&#8221;5479&#8243; img_size=&#8221;full&#8221; alignment=&#8221;center&#8221; el_class=&#8221;casa-boix-img-envase-bacon-mw&#8221;][vc_btn title=&#8221;Veure tota la fam\u00edlia&#8221; shape=&#8221;square&#8221; color=&#8221;sandy-brown&#8221; align=&#8221;center&#8221; link=&#8221;url:https%3A%2F%2Fcasaboix.es%2Fca%2Fproductes%2Fcasa-boix%2Fbacon%2F|title:Pernil%20curat%20ECO&#8221; el_class=&#8221;boton-color-af8e69&#8243;][\/vc_column][\/vc_row][vc_row full_width=&#8221;stretch_row_content_no_spaces&#8221; equal_height=&#8221;yes&#8221; content_placement=&#8221;middle&#8221; background_style=&#8221;normal&#8221; el_id=&#8221;bloque-reticula-final-pagina&#8221;][vc_column width=&#8221;1\/2&#8243; css=&#8221;.vc_custom_1608199506735{border-right-width: 20px !important;background-image: url(https:\/\/casaboix.es\/wp-content\/uploads\/2020\/12\/producto15-img-adj-rgb.jpg?id=4583) !important;background-position: center !important;background-repeat: no-repeat !important;background-size: cover !important;border-right-color: #ffffff !important;border-right-style: solid !important;}&#8221; el_class=&#8221;large-push-6&#8243;][vc_empty_space height=&#8221;150px&#8221;][\/vc_column][vc_column width=&#8221;1\/2&#8243; css=&#8221;.vc_custom_1608199517048{border-right-width: 20px !important;border-bottom-width: 20px !important;border-left-width: 20px !important;padding-top: 75px !important;padding-right: 7% !important;padding-bottom: 75px !important;padding-left: 7% !important;background-color: #f2efea !important;border-left-color: #ffffff !important;border-left-style: solid !important;border-right-color: #ffffff !important;border-right-style: solid !important;border-bottom-color: #ffffff !important;border-bottom-style: solid !important;}&#8221; el_class=&#8221;large-pull-6&#8243;][vc_column_text]<\/p>\n<h2 style=\"text-align: center;\"><span style=\"color: #4c4b4a;\"><strong><span style=\"font-size: 150%; font-family: roboto;\">1.5<\/span><\/strong><\/span><\/h2>\n<h2 style=\"text-align: center;\"><span style=\"color: #e8b851; font-family: Georgia;\">Especialitats de Gall dindi<\/span><\/h2>\n<p style=\"text-align: center;\"><span style=\"color: #808080; font-family: Roboto; font-size: 95%;\">Ideals per menjars lleugers i riques en nutrients beneficiosos per al nostre organisme. Productes naturals elaborats a partir de carns meloses de galls dindis de crian\u00e7a selecta.<\/span><\/p>\n<p>[\/vc_column_text][vc_single_image image=&#8221;5483&#8243; img_size=&#8221;full&#8221; alignment=&#8221;center&#8221; el_class=&#8221;casa-boix-img-envase-mw&#8221;][vc_btn title=&#8221;Veure tota la fam\u00edlia&#8221; shape=&#8221;square&#8221; color=&#8221;sandy-brown&#8221; align=&#8221;center&#8221; link=&#8221;url:https%3A%2F%2Fcasaboix.es%2Fca%2Fproductes%2Fcasa-boix%2Fespecialitats-en-gall-dindi%2F&#8221; el_class=&#8221;boton-color-af8e69&#8243;][\/vc_column][\/vc_row]<\/p>\n<\/div>","protected":false},"excerpt":{"rendered":"<p>[vc_row full_width=&#8221;stretch_row_content_no_spaces&#8221; font_color=&#8221;#ffffff&#8221; css=&#8221;.vc_custom_1608278252458{border-top-width: 20px !important;border-right-width: 20px !important;border-bottom-width: 20px !important;border-left-width: 20px !important;padding-top: 10% !important;padding-bottom: 35% !important;background-image: url(https:\/\/casaboix.es\/wp-content\/uploads\/2020\/12\/productos-casa-boix-fondo-cabecera-rgb.jpg?id=4547) !important;background-position: center !important;background-repeat: no-repeat !important;background-size: cover !important;border-left-color: #ffffff !important;border-left-style: solid !important;border-right-color: #ffffff !important;border-right-style: solid !important;border-top-color: #ffffff !important;border-top-style: solid !important;border-bottom-color: #ffffff !important;border-bottom-style: solid !important;}&#8221; background_style=&#8221;parallax&#8221;][vc_column][vc_single_image image=&#8221;4056&#8243; img_size=&#8221;300&#215;38&#8243; alignment=&#8221;center&#8221;][vc_column_text css=&#8221;.vc_custom_1613887730281{margin-bottom: 25px !important;}&#8221;] Amor per les coses ben fetes [\/vc_column_text][vc_column_text el_class=&#8221;product-portfolio-subheader-text&#8221; [&hellip;]<\/p>\n","protected":false},"author":1,"featured_media":0,"parent":6173,"menu_order":1,"comment_status":"closed","ping_status":"closed","template":"page-full-width.php","meta":{"footnotes":""},"class_list":["post-6180","page","type-page","status-publish","hentry"],"yoast_head":"<!-- This site is optimized with the Yoast SEO Premium plugin v27.1 (Yoast SEO v27.1.1) - https:\/\/yoast.com\/product\/yoast-seo-premium-wordpress\/ -->\n<title>Productes | Fets com es feia abans - Casa Boix<\/title>\n<meta name=\"description\" content=\"Productes carnis d&#039;elaboraci\u00f3 tradicional i producci\u00f3 limitada per tal de preservar la qualitat i els ritmes dels processos. Ho fem com es feia abans.\" \/>\n<meta name=\"robots\" content=\"index, follow, max-snippet:-1, max-image-preview:large, max-video-preview:-1\" \/>\n<link rel=\"canonical\" href=\"https:\/\/casaboix.es\/ca\/productes\/casa-boix\/\" \/>\n<meta property=\"og:locale\" content=\"ca_ES\" \/>\n<meta property=\"og:type\" content=\"article\" \/>\n<meta property=\"og:title\" content=\"Casa Boix\" \/>\n<meta property=\"og:description\" content=\"Productes carnis d&#039;elaboraci\u00f3 tradicional i producci\u00f3 limitada per tal de preservar la qualitat i els ritmes dels processos. Ho fem com es feia abans.\" \/>\n<meta property=\"og:url\" content=\"https:\/\/casaboix.es\/ca\/productes\/casa-boix\/\" \/>\n<meta property=\"og:site_name\" content=\"Casa Boix\" \/>\n<meta property=\"article:publisher\" content=\"https:\/\/www.facebook.com\/casaboix\/\" \/>\n<meta property=\"article:modified_time\" content=\"2023-06-23T09:06:54+00:00\" \/>\n<meta name=\"twitter:card\" content=\"summary_large_image\" \/>\n<meta name=\"twitter:site\" content=\"@casaboix\" \/>\n<meta name=\"twitter:label1\" content=\"Temps estimat de lectura\" \/>\n\t<meta name=\"twitter:data1\" content=\"3 minuts\" \/>\n<script type=\"application\/ld+json\" class=\"yoast-schema-graph\">{\"@context\":\"https:\/\/schema.org\",\"@graph\":[{\"@type\":\"WebPage\",\"@id\":\"https:\/\/casaboix.es\/ca\/productes\/casa-boix\/\",\"url\":\"https:\/\/casaboix.es\/ca\/productes\/casa-boix\/\",\"name\":\"Productes | Fets com es feia abans - Casa Boix\",\"isPartOf\":{\"@id\":\"https:\/\/casaboix.es\/ca\/#website\"},\"datePublished\":\"2017-01-10T14:18:58+00:00\",\"dateModified\":\"2023-06-23T09:06:54+00:00\",\"description\":\"Productes carnis d'elaboraci\u00f3 tradicional i producci\u00f3 limitada per tal de preservar la qualitat i els ritmes dels processos. Ho fem com es feia abans.\",\"breadcrumb\":{\"@id\":\"https:\/\/casaboix.es\/ca\/productes\/casa-boix\/#breadcrumb\"},\"inLanguage\":\"ca\",\"potentialAction\":[{\"@type\":\"ReadAction\",\"target\":[\"https:\/\/casaboix.es\/ca\/productes\/casa-boix\/\"]}]},{\"@type\":\"BreadcrumbList\",\"@id\":\"https:\/\/casaboix.es\/ca\/productes\/casa-boix\/#breadcrumb\",\"itemListElement\":[{\"@type\":\"ListItem\",\"position\":1,\"name\":\"Home\",\"item\":\"https:\/\/casaboix.es\/ca\/\"},{\"@type\":\"ListItem\",\"position\":2,\"name\":\"Productes\",\"item\":\"https:\/\/casaboix.es\/ca\/productes\/\"},{\"@type\":\"ListItem\",\"position\":3,\"name\":\"Casa Boix\"}]},{\"@type\":\"WebSite\",\"@id\":\"https:\/\/casaboix.es\/ca\/#website\",\"url\":\"https:\/\/casaboix.es\/ca\/\",\"name\":\"Casa Boix\",\"description\":\"Amor por las cosas bien hechas\",\"publisher\":{\"@id\":\"https:\/\/casaboix.es\/ca\/#organization\"},\"potentialAction\":[{\"@type\":\"SearchAction\",\"target\":{\"@type\":\"EntryPoint\",\"urlTemplate\":\"https:\/\/casaboix.es\/ca\/?s={search_term_string}\"},\"query-input\":{\"@type\":\"PropertyValueSpecification\",\"valueRequired\":true,\"valueName\":\"search_term_string\"}}],\"inLanguage\":\"ca\"},{\"@type\":\"Organization\",\"@id\":\"https:\/\/casaboix.es\/ca\/#organization\",\"name\":\"Casa Boix\",\"url\":\"https:\/\/casaboix.es\/ca\/\",\"logo\":{\"@type\":\"ImageObject\",\"inLanguage\":\"ca\",\"@id\":\"https:\/\/casaboix.es\/ca\/#\/schema\/logo\/image\/\",\"url\":\"https:\/\/casaboix.es\/wp-content\/uploads\/2020\/10\/logo-negro.png\",\"contentUrl\":\"https:\/\/casaboix.es\/wp-content\/uploads\/2020\/10\/logo-negro.png\",\"width\":342,\"height\":44,\"caption\":\"Casa Boix\"},\"image\":{\"@id\":\"https:\/\/casaboix.es\/ca\/#\/schema\/logo\/image\/\"},\"sameAs\":[\"https:\/\/www.facebook.com\/casaboix\/\",\"https:\/\/x.com\/casaboix\",\"https:\/\/www.instagram.com\/casaboix\/\",\"https:\/\/www.youtube.com\/watch?v=j22NKKL47ec\"]}]}<\/script>\n<!-- \/ Yoast SEO Premium plugin. -->","yoast_head_json":{"title":"Productes | Fets com es feia abans - Casa Boix","description":"Productes carnis d'elaboraci\u00f3 tradicional i producci\u00f3 limitada per tal de preservar la qualitat i els ritmes dels processos. Ho fem com es feia abans.","robots":{"index":"index","follow":"follow","max-snippet":"max-snippet:-1","max-image-preview":"max-image-preview:large","max-video-preview":"max-video-preview:-1"},"canonical":"https:\/\/casaboix.es\/ca\/productes\/casa-boix\/","og_locale":"ca_ES","og_type":"article","og_title":"Casa Boix","og_description":"Productes carnis d'elaboraci\u00f3 tradicional i producci\u00f3 limitada per tal de preservar la qualitat i els ritmes dels processos. Ho fem com es feia abans.","og_url":"https:\/\/casaboix.es\/ca\/productes\/casa-boix\/","og_site_name":"Casa Boix","article_publisher":"https:\/\/www.facebook.com\/casaboix\/","article_modified_time":"2023-06-23T09:06:54+00:00","twitter_card":"summary_large_image","twitter_site":"@casaboix","twitter_misc":{"Temps estimat de lectura":"3 minuts"},"schema":{"@context":"https:\/\/schema.org","@graph":[{"@type":"WebPage","@id":"https:\/\/casaboix.es\/ca\/productes\/casa-boix\/","url":"https:\/\/casaboix.es\/ca\/productes\/casa-boix\/","name":"Productes | Fets com es feia abans - Casa Boix","isPartOf":{"@id":"https:\/\/casaboix.es\/ca\/#website"},"datePublished":"2017-01-10T14:18:58+00:00","dateModified":"2023-06-23T09:06:54+00:00","description":"Productes carnis d'elaboraci\u00f3 tradicional i producci\u00f3 limitada per tal de preservar la qualitat i els ritmes dels processos. Ho fem com es feia abans.","breadcrumb":{"@id":"https:\/\/casaboix.es\/ca\/productes\/casa-boix\/#breadcrumb"},"inLanguage":"ca","potentialAction":[{"@type":"ReadAction","target":["https:\/\/casaboix.es\/ca\/productes\/casa-boix\/"]}]},{"@type":"BreadcrumbList","@id":"https:\/\/casaboix.es\/ca\/productes\/casa-boix\/#breadcrumb","itemListElement":[{"@type":"ListItem","position":1,"name":"Home","item":"https:\/\/casaboix.es\/ca\/"},{"@type":"ListItem","position":2,"name":"Productes","item":"https:\/\/casaboix.es\/ca\/productes\/"},{"@type":"ListItem","position":3,"name":"Casa Boix"}]},{"@type":"WebSite","@id":"https:\/\/casaboix.es\/ca\/#website","url":"https:\/\/casaboix.es\/ca\/","name":"Casa Boix","description":"Amor por las cosas bien hechas","publisher":{"@id":"https:\/\/casaboix.es\/ca\/#organization"},"potentialAction":[{"@type":"SearchAction","target":{"@type":"EntryPoint","urlTemplate":"https:\/\/casaboix.es\/ca\/?s={search_term_string}"},"query-input":{"@type":"PropertyValueSpecification","valueRequired":true,"valueName":"search_term_string"}}],"inLanguage":"ca"},{"@type":"Organization","@id":"https:\/\/casaboix.es\/ca\/#organization","name":"Casa Boix","url":"https:\/\/casaboix.es\/ca\/","logo":{"@type":"ImageObject","inLanguage":"ca","@id":"https:\/\/casaboix.es\/ca\/#\/schema\/logo\/image\/","url":"https:\/\/casaboix.es\/wp-content\/uploads\/2020\/10\/logo-negro.png","contentUrl":"https:\/\/casaboix.es\/wp-content\/uploads\/2020\/10\/logo-negro.png","width":342,"height":44,"caption":"Casa Boix"},"image":{"@id":"https:\/\/casaboix.es\/ca\/#\/schema\/logo\/image\/"},"sameAs":["https:\/\/www.facebook.com\/casaboix\/","https:\/\/x.com\/casaboix","https:\/\/www.instagram.com\/casaboix\/","https:\/\/www.youtube.com\/watch?v=j22NKKL47ec"]}]}},"_links":{"self":[{"href":"https:\/\/casaboix.es\/ca\/wp-json\/wp\/v2\/pages\/6180","targetHints":{"allow":["GET"]}}],"collection":[{"href":"https:\/\/casaboix.es\/ca\/wp-json\/wp\/v2\/pages"}],"about":[{"href":"https:\/\/casaboix.es\/ca\/wp-json\/wp\/v2\/types\/page"}],"author":[{"embeddable":true,"href":"https:\/\/casaboix.es\/ca\/wp-json\/wp\/v2\/users\/1"}],"replies":[{"embeddable":true,"href":"https:\/\/casaboix.es\/ca\/wp-json\/wp\/v2\/comments?post=6180"}],"version-history":[{"count":1,"href":"https:\/\/casaboix.es\/ca\/wp-json\/wp\/v2\/pages\/6180\/revisions"}],"predecessor-version":[{"id":8417,"href":"https:\/\/casaboix.es\/ca\/wp-json\/wp\/v2\/pages\/6180\/revisions\/8417"}],"up":[{"embeddable":true,"href":"https:\/\/casaboix.es\/ca\/wp-json\/wp\/v2\/pages\/6173"}],"wp:attachment":[{"href":"https:\/\/casaboix.es\/ca\/wp-json\/wp\/v2\/media?parent=6180"}],"curies":[{"name":"wp","href":"https:\/\/api.w.org\/{rel}","templated":true}]}}