{"id":6166,"date":"2021-02-03T13:01:19","date_gmt":"2021-02-03T12:01:19","guid":{"rendered":"https:\/\/casaboix.es\/aviso-legal\/"},"modified":"2023-12-11T14:50:13","modified_gmt":"2023-12-11T13:50:13","slug":"avis-legal","status":"publish","type":"page","link":"https:\/\/casaboix.es\/ca\/avis-legal\/","title":{"rendered":"Av\u00eds legal"},"content":{"rendered":"<p>Amb la finalitat d&#8217;acomplir a l\u2019article 10 de la Llei 34\/2002 de Serveis de la Societat de la Informaci\u00f3 i del Comer\u00e7 Electr\u00f2nic, informem els usuaris de les nostres dades:<\/p>\n<ul>\n<li style=\"list-style-type: none;\">\n<ul>\n<li>Denominaci\u00f3 Social: CASA BOIX, S.L.<\/li>\n<li>Domicili Social: C\/ Escorxador s\/n nave 1, 08776 Sant Pere de Riudebitlles, (Barcelona)<\/li>\n<li>NIF: B61241840 Tel\u00e8fon: 938996466<\/li>\n<li>E-Mail: casaboix@casaboix.es<\/li>\n<li>Lloc Web: https:\/\/casaboix.es\/<\/li>\n<li>Dades Registrals: Inscrita en el Registre Mercantil de Barcelona al T-29467, secci\u00f3n 8, Foli 66 Fulla 151754<\/li>\n<\/ul>\n<\/li>\n<\/ul>\n<h3>1. OBJECTE<\/h3>\n<p>CASA BOIX, S.L. (en endavant tamb\u00e9 el prestador) com a responsable del lloc web, posa a disposici\u00f3 dels usuaris el present document que regula l\u2019\u00fas del lloc web https:\/\/casaboix.es\/,amb el que pretenem donar compliment a les obligacions que disposa la Llei 34\/2002, de Serveis de la Societat de la Informaci\u00f3 i del Comer\u00e7 Electr\u00f2nic (LSSICE o LSSI), aix\u00ed com informar a tots els usuaris del lloc web respecte de quines s\u00f3n les condicions d\u2019\u00fas del lloc web. A trav\u00e9s de la Web, CASA BOIX, S.L. facilita als usuaris l\u2019acc\u00e9s i la utilitzaci\u00f3 de diferents serveis i continguts posats a disposici\u00f3 a trav\u00e9s de la web. Tota persona que accedeixi en aquesta web assumeix el paper d\u2019usuari (en endavant usuari), i implica l\u2019acceptaci\u00f3 total i sense reserves de totes i cadascuna de les disposicions incloses en aquest av\u00eds legal, aix\u00ed com a qualsevol altra disposici\u00f3 legal que sigui d\u2019aplicaci\u00f3. Com a usuaris, han de llegir atentament aquest Av\u00eds Legal en qualsevol de les ocasions que entrin a la web, doncs aquesta pot sofrir modificacions ja que el prestador es reserva el dret a modificar qualsevol tipus d\u2019informaci\u00f3 que pugui apar\u00e8ixer en la web, sense que existeixi l\u2019obligaci\u00f3 de preav\u00eds o posar en coneixement dels usuaris aquestes obligacions, sent suficients la publicaci\u00f3 en la p\u00e0gina web del prestador.<\/p>\n<h3>2. CONDICIONS D&#8217;ACC\u00c9S I \u00daS DE LA WEB<\/h3>\n<h4>2.1. Car\u00e0cter gratu\u00eft de l&#8217;acc\u00e9s i \u00fas de la web<\/h4>\n<p>La prestaci\u00f3 dels serveis per part de CASA BOIX, S.L. t\u00e9 car\u00e0cter gratu\u00eft per a tots els usuaris. Malgrat aix\u00f2, alguns dels serveis subministrats pel prestador a trav\u00e9s de la web estan subjectes al pagament d\u2019un preu determinat a les condicions generals de contractaci\u00f3.<\/p>\n<h4>2.2. Registre d&#8217;Usuaris<\/h4>\n<p>Amb car\u00e0cter general la prestaci\u00f3 dels serveis no exigeix la pr\u00e8via subscripci\u00f3 o registre dels usuaris. Tot i aix\u00f2, CASA BOIX, S.L. condiciona l\u2019\u00fas d\u2019alguns dels serveis a la pr\u00e8via complementaci\u00f3 del corresponent registre d\u2019usuari. Aquest registre s\u2019efectuar\u00e0 en la forma expressament indicada en la pr\u00f2pia secci\u00f3 del servei.<\/p>\n<h4>2.3. Veracitat de la informaci\u00f3<\/h4>\n<p>Tota la informaci\u00f3 que facilita l\u2019usuari ha de ser certa. A aquests efectes, l\u2019usuari garanteix l\u2019autenticitat de les dades comunicades a trav\u00e9s dels formularis per a la subscripci\u00f3 dels serveis. Ser\u00e0 responsabilitat de l\u2019usuari mantenir tota la informaci\u00f3 facilitada a CASA BOIX, S.L. permanentment actualitzada de forma que respongui, en cada moment, a la seva situaci\u00f3 real. En tot cas, l\u2019usuari ser\u00e0 l\u2019\u00fanic responsable de les manifestacions falses o inexactes que realitzi i dels perjudicis que causi al prestador o a tercers.<\/p>\n<h4>2.4. Menors d&#8217;edat<\/h4>\n<p>Per l\u2019\u00fas dels serveis, els menors d\u2019edat han d\u2019obtenir sempre pr\u00e8viament el consentiment dels pares, tutors o representants legals, responsables \u00faltims de tots els actes realitzats pels menors al seu c\u00e0rrec. La responsabilitat en la determinaci\u00f3 de continguts concrets, als quals accedeixen els menors correspon a aquells, \u00e9s per aix\u00f2 que si accedeixen a contingut no apropiats per internet, s\u2019hauran d\u2019establir en els seus ordinadors mecanismes, en particular programes inform\u00e0tics, filtres i bloquejos, que permetin limitar els continguts disponibles i, encara que no siguin infal\u00b7libles, s\u00f3n d\u2019especial utilitat per a controlar i restringir els materials als quals poden accedir els menors.<\/p>\n<h4>2.5. Obligaci\u00f3 de fer un \u00fas correcte de la Web<\/h4>\n<p>L\u2019usuari es compromet a utilitzar la web de conformitat a la Llei i al present Av\u00eds Legal, aix\u00ed com a la moral i a les bones costums. A tal efecte, l\u2019usuari s\u2019abstindr\u00e0 d\u2019utilitzar la p\u00e0gina amb finalitats il\u00b7l\u00edcites o prohibides, lesives de drets i interessos de tercers, o que de qualsevol forma puguin danyar, inutilitzar, sobrecarregar, deteriorar o impedir la normal utilitzaci\u00f3 d\u2019equips inform\u00e0tics o documents, arxius i tota classe de continguts emmagatzemats en qualsevol equip inform\u00e0tic del prestador.<\/p>\n<p>En particular, i a t\u00edtol indicatiu per\u00f2 no exhaustiu, l\u2019usuari es compromet a no transmetre, difondre o posar a disposici\u00f3 de tercers: informacions, dades, continguts, missatges, gr\u00e0fiques, dibuixos, arxius de so o imatge, fotografies, gravacions, software i, en general, qualsevol classe de material que:<\/p>\n<ul>\n<li style=\"list-style-type: none;\">\n<ul>\n<li style=\"list-style-type: none;\">\n<ul>\n<li>(a) sigui contaria, menyspre\u00ef o atempti contra els drets fonamentals i les llibertats p\u00fabliques reconegudes constitucionalment, en tractats internacionals i altres normes vigents;<\/li>\n<li>(b) indueixi, inciti o promogui actuacions delictives, denigrants, difamat\u00f2ries, violentes o, en general, contr\u00e0ries a la llei, a la moral i a l\u2019ordre p\u00fablic;<\/li>\n<li>(c) indueixi, inciti o promogui actuacions, actituds o pensaments discriminatoris per ra\u00f3 de sexe, ra\u00e7a, religi\u00f3, creences, edat o condici\u00f3;<\/li>\n<li>(d) sigui contrari al dret a l\u2019honor, a la intimitat personal o familiar o a la pr\u00f2pia imatge de les persones;<\/li>\n<li>(e) de qualsevol manera perjudiqui la credibilitat del prestador o de tercers; i<\/li>\n<li>(f) constitueixi publicitat il\u00b7l\u00edcita, enganyosa o deslleial.<\/li>\n<\/ul>\n<\/li>\n<\/ul>\n<\/li>\n<\/ul>\n<h3>3. EXCLUSI\u00d3 DE GARANTIES I RESPONSABILITAT<\/h3>\n<p>El prestador s\u2019eximeix de qualsevol tipus de responsabilitat derivada de la informaci\u00f3 publicada en el nostre lloc web, sempre que aquesta informaci\u00f3 hagi sigut manipulada o introdu\u00efda per un tercer ali\u00e8. Aquesta web ha estat revisada i provada perqu\u00e8 funcioni correctament. En principi, es pot garantir el correcte funcionament els 365 dies de l\u2019any, 24 hores al dia. No obstant, el prestador no descarta la possibilitat que existeixin determinats errors de programaci\u00f3, o que succeeixin causes de for\u00e7a major, cat\u00e0strofes naturals, vagues, o circumst\u00e0ncies semblants que facin impossible l\u2019acc\u00e9s a la p\u00e0gina web.<\/p>\n\n\n<p>&nbsp;<\/p>\n","protected":false},"excerpt":{"rendered":"<p>Amb la finalitat d&#8217;acomplir a l\u2019article 10 de la Llei 34\/2002 de Serveis de la Societat de la Informaci\u00f3 i del Comer\u00e7 Electr\u00f2nic, informem els usuaris de les nostres dades: Denominaci\u00f3 Social: CASA BOIX, S.L. Domicili Social: C\/ Escorxador s\/n nave 1, 08776 Sant Pere de Riudebitlles, (Barcelona) NIF: B61241840 Tel\u00e8fon: 938996466 E-Mail: casaboix@casaboix.es Lloc [&hellip;]<\/p>\n","protected":false},"author":1,"featured_media":0,"parent":0,"menu_order":3,"comment_status":"closed","ping_status":"closed","template":"page-boxed.php","meta":{"footnotes":""},"class_list":["post-6166","page","type-page","status-publish","hentry"],"yoast_head":"<!-- This site is optimized with the Yoast SEO Premium plugin v27.1 (Yoast SEO v27.1.1) - https:\/\/yoast.com\/product\/yoast-seo-premium-wordpress\/ -->\n<title>Av\u00eds legal - Casa Boix<\/title>\n<meta name=\"robots\" content=\"index, follow, max-snippet:-1, max-image-preview:large, max-video-preview:-1\" \/>\n<link rel=\"canonical\" href=\"https:\/\/casaboix.es\/ca\/avis-legal\/\" \/>\n<meta property=\"og:locale\" content=\"ca_ES\" \/>\n<meta property=\"og:type\" content=\"article\" \/>\n<meta property=\"og:title\" content=\"Av\u00eds legal\" \/>\n<meta property=\"og:description\" content=\"Amb la finalitat d&#8217;acomplir a l\u2019article 10 de la Llei 34\/2002 de Serveis de la Societat de la Informaci\u00f3 i del Comer\u00e7 Electr\u00f2nic, informem els usuaris de les nostres dades: Denominaci\u00f3 Social: CASA BOIX, S.L. Domicili Social: C\/ Escorxador s\/n nave 1, 08776 Sant Pere de Riudebitlles, (Barcelona) NIF: B61241840 Tel\u00e8fon: 938996466 E-Mail: casaboix@casaboix.es Lloc [&hellip;]\" \/>\n<meta property=\"og:url\" content=\"https:\/\/casaboix.es\/ca\/avis-legal\/\" \/>\n<meta property=\"og:site_name\" content=\"Casa Boix\" \/>\n<meta property=\"article:publisher\" content=\"https:\/\/www.facebook.com\/casaboix\/\" \/>\n<meta property=\"article:modified_time\" content=\"2023-12-11T13:50:13+00:00\" \/>\n<meta name=\"twitter:card\" content=\"summary_large_image\" \/>\n<meta name=\"twitter:site\" content=\"@casaboix\" \/>\n<meta name=\"twitter:label1\" content=\"Temps estimat de lectura\" \/>\n\t<meta name=\"twitter:data1\" content=\"5 minuts\" \/>\n<script type=\"application\/ld+json\" class=\"yoast-schema-graph\">{\"@context\":\"https:\/\/schema.org\",\"@graph\":[{\"@type\":\"WebPage\",\"@id\":\"https:\/\/casaboix.es\/ca\/avis-legal\/\",\"url\":\"https:\/\/casaboix.es\/ca\/avis-legal\/\",\"name\":\"Av\u00eds legal - Casa Boix\",\"isPartOf\":{\"@id\":\"https:\/\/casaboix.es\/ca\/#website\"},\"datePublished\":\"2021-02-03T12:01:19+00:00\",\"dateModified\":\"2023-12-11T13:50:13+00:00\",\"breadcrumb\":{\"@id\":\"https:\/\/casaboix.es\/ca\/avis-legal\/#breadcrumb\"},\"inLanguage\":\"ca\",\"potentialAction\":[{\"@type\":\"ReadAction\",\"target\":[\"https:\/\/casaboix.es\/ca\/avis-legal\/\"]}]},{\"@type\":\"BreadcrumbList\",\"@id\":\"https:\/\/casaboix.es\/ca\/avis-legal\/#breadcrumb\",\"itemListElement\":[{\"@type\":\"ListItem\",\"position\":1,\"name\":\"Home\",\"item\":\"https:\/\/casaboix.es\/ca\/\"},{\"@type\":\"ListItem\",\"position\":2,\"name\":\"Av\u00eds legal\"}]},{\"@type\":\"WebSite\",\"@id\":\"https:\/\/casaboix.es\/ca\/#website\",\"url\":\"https:\/\/casaboix.es\/ca\/\",\"name\":\"Casa Boix\",\"description\":\"Amor por las cosas bien hechas\",\"publisher\":{\"@id\":\"https:\/\/casaboix.es\/ca\/#organization\"},\"potentialAction\":[{\"@type\":\"SearchAction\",\"target\":{\"@type\":\"EntryPoint\",\"urlTemplate\":\"https:\/\/casaboix.es\/ca\/?s={search_term_string}\"},\"query-input\":{\"@type\":\"PropertyValueSpecification\",\"valueRequired\":true,\"valueName\":\"search_term_string\"}}],\"inLanguage\":\"ca\"},{\"@type\":\"Organization\",\"@id\":\"https:\/\/casaboix.es\/ca\/#organization\",\"name\":\"Casa Boix\",\"url\":\"https:\/\/casaboix.es\/ca\/\",\"logo\":{\"@type\":\"ImageObject\",\"inLanguage\":\"ca\",\"@id\":\"https:\/\/casaboix.es\/ca\/#\/schema\/logo\/image\/\",\"url\":\"https:\/\/casaboix.es\/wp-content\/uploads\/2020\/10\/logo-negro.png\",\"contentUrl\":\"https:\/\/casaboix.es\/wp-content\/uploads\/2020\/10\/logo-negro.png\",\"width\":342,\"height\":44,\"caption\":\"Casa Boix\"},\"image\":{\"@id\":\"https:\/\/casaboix.es\/ca\/#\/schema\/logo\/image\/\"},\"sameAs\":[\"https:\/\/www.facebook.com\/casaboix\/\",\"https:\/\/x.com\/casaboix\",\"https:\/\/www.instagram.com\/casaboix\/\",\"https:\/\/www.youtube.com\/watch?v=j22NKKL47ec\"]}]}<\/script>\n<!-- \/ Yoast SEO Premium plugin. -->","yoast_head_json":{"title":"Av\u00eds legal - Casa Boix","robots":{"index":"index","follow":"follow","max-snippet":"max-snippet:-1","max-image-preview":"max-image-preview:large","max-video-preview":"max-video-preview:-1"},"canonical":"https:\/\/casaboix.es\/ca\/avis-legal\/","og_locale":"ca_ES","og_type":"article","og_title":"Av\u00eds legal","og_description":"Amb la finalitat d&#8217;acomplir a l\u2019article 10 de la Llei 34\/2002 de Serveis de la Societat de la Informaci\u00f3 i del Comer\u00e7 Electr\u00f2nic, informem els usuaris de les nostres dades: Denominaci\u00f3 Social: CASA BOIX, S.L. Domicili Social: C\/ Escorxador s\/n nave 1, 08776 Sant Pere de Riudebitlles, (Barcelona) NIF: B61241840 Tel\u00e8fon: 938996466 E-Mail: casaboix@casaboix.es Lloc [&hellip;]","og_url":"https:\/\/casaboix.es\/ca\/avis-legal\/","og_site_name":"Casa Boix","article_publisher":"https:\/\/www.facebook.com\/casaboix\/","article_modified_time":"2023-12-11T13:50:13+00:00","twitter_card":"summary_large_image","twitter_site":"@casaboix","twitter_misc":{"Temps estimat de lectura":"5 minuts"},"schema":{"@context":"https:\/\/schema.org","@graph":[{"@type":"WebPage","@id":"https:\/\/casaboix.es\/ca\/avis-legal\/","url":"https:\/\/casaboix.es\/ca\/avis-legal\/","name":"Av\u00eds legal - Casa Boix","isPartOf":{"@id":"https:\/\/casaboix.es\/ca\/#website"},"datePublished":"2021-02-03T12:01:19+00:00","dateModified":"2023-12-11T13:50:13+00:00","breadcrumb":{"@id":"https:\/\/casaboix.es\/ca\/avis-legal\/#breadcrumb"},"inLanguage":"ca","potentialAction":[{"@type":"ReadAction","target":["https:\/\/casaboix.es\/ca\/avis-legal\/"]}]},{"@type":"BreadcrumbList","@id":"https:\/\/casaboix.es\/ca\/avis-legal\/#breadcrumb","itemListElement":[{"@type":"ListItem","position":1,"name":"Home","item":"https:\/\/casaboix.es\/ca\/"},{"@type":"ListItem","position":2,"name":"Av\u00eds legal"}]},{"@type":"WebSite","@id":"https:\/\/casaboix.es\/ca\/#website","url":"https:\/\/casaboix.es\/ca\/","name":"Casa Boix","description":"Amor por las cosas bien hechas","publisher":{"@id":"https:\/\/casaboix.es\/ca\/#organization"},"potentialAction":[{"@type":"SearchAction","target":{"@type":"EntryPoint","urlTemplate":"https:\/\/casaboix.es\/ca\/?s={search_term_string}"},"query-input":{"@type":"PropertyValueSpecification","valueRequired":true,"valueName":"search_term_string"}}],"inLanguage":"ca"},{"@type":"Organization","@id":"https:\/\/casaboix.es\/ca\/#organization","name":"Casa Boix","url":"https:\/\/casaboix.es\/ca\/","logo":{"@type":"ImageObject","inLanguage":"ca","@id":"https:\/\/casaboix.es\/ca\/#\/schema\/logo\/image\/","url":"https:\/\/casaboix.es\/wp-content\/uploads\/2020\/10\/logo-negro.png","contentUrl":"https:\/\/casaboix.es\/wp-content\/uploads\/2020\/10\/logo-negro.png","width":342,"height":44,"caption":"Casa Boix"},"image":{"@id":"https:\/\/casaboix.es\/ca\/#\/schema\/logo\/image\/"},"sameAs":["https:\/\/www.facebook.com\/casaboix\/","https:\/\/x.com\/casaboix","https:\/\/www.instagram.com\/casaboix\/","https:\/\/www.youtube.com\/watch?v=j22NKKL47ec"]}]}},"_links":{"self":[{"href":"https:\/\/casaboix.es\/ca\/wp-json\/wp\/v2\/pages\/6166","targetHints":{"allow":["GET"]}}],"collection":[{"href":"https:\/\/casaboix.es\/ca\/wp-json\/wp\/v2\/pages"}],"about":[{"href":"https:\/\/casaboix.es\/ca\/wp-json\/wp\/v2\/types\/page"}],"author":[{"embeddable":true,"href":"https:\/\/casaboix.es\/ca\/wp-json\/wp\/v2\/users\/1"}],"replies":[{"embeddable":true,"href":"https:\/\/casaboix.es\/ca\/wp-json\/wp\/v2\/comments?post=6166"}],"version-history":[{"count":1,"href":"https:\/\/casaboix.es\/ca\/wp-json\/wp\/v2\/pages\/6166\/revisions"}],"predecessor-version":[{"id":8767,"href":"https:\/\/casaboix.es\/ca\/wp-json\/wp\/v2\/pages\/6166\/revisions\/8767"}],"wp:attachment":[{"href":"https:\/\/casaboix.es\/ca\/wp-json\/wp\/v2\/media?parent=6166"}],"curies":[{"name":"wp","href":"https:\/\/api.w.org\/{rel}","templated":true}]}}