{"id":6145,"date":"2020-10-28T06:32:31","date_gmt":"2020-10-28T05:32:31","guid":{"rendered":"https:\/\/casaboix.es\/nosotros\/"},"modified":"2025-05-24T09:47:37","modified_gmt":"2025-05-24T07:47:37","slug":"nosaltres","status":"publish","type":"page","link":"https:\/\/casaboix.es\/ca\/nosaltres\/","title":{"rendered":"Nosaltres"},"content":{"rendered":"<div class=\"wpb-content-wrapper\"><p>[vc_row full_height=&#8221;yes&#8221; columns_placement=&#8221;stretch&#8221; equal_height=&#8221;yes&#8221; content_placement=&#8221;middle&#8221; columns_height=&#8221;adjust_cols_height&#8221; font_color=&#8221;#ffffff&#8221; background_style=&#8221;normal&#8221; css=&#8221;.vc_custom_1612428729042{background-color: #ffffff !important;}&#8221;][vc_column css=&#8221;.vc_custom_1610958350607{background-image: url(https:\/\/casaboix.es\/wp-content\/uploads\/2021\/01\/20210118-Ori-Foto-Home-Opt.jpg?id=5427) !important;background-position: center !important;background-repeat: no-repeat !important;background-size: cover !important;}&#8221; offset=&#8221;vc_col-lg-6 vc_col-md-6&#8243;][vc_empty_space height=&#8221;350px&#8221;][\/vc_column][vc_column css=&#8221;.vc_custom_1612428744556{margin-bottom: 0px !important;padding-top: 200px !important;padding-right: 15% !important;padding-bottom: 140px !important;padding-left: 15% !important;}&#8221; offset=&#8221;vc_col-lg-6 vc_col-md-6&#8243;][vc_column_text]<\/p>\n<h1 class=\"page-title on-shop\"><span style=\"font-family: 'Georgia'; color: #e8b851;\">Casa Boix<\/span><\/h1>\n<p>[\/vc_column_text][vc_column_text css=&#8221;&#8221;]<\/p>\n<p style=\"text-align: center;\"><span style=\"color: #58585a; font-family: 'Roboto'; font-size: 85%;\"><span class=\"char\" title=\"Em Dash\" data-decimal=\"8212\" data-entity=\"&amp;#8212;\" data-id=\"46410\">\u2014<\/span> Compromesos amb la qualtitat i la sostenibilitat<\/span><\/p>\n<p>[\/vc_column_text][vc_separator css=&#8221;.vc_custom_1747995113477{padding-top: 20px !important;padding-bottom: 20px !important;}&#8221;][vc_row_inner][vc_column_inner width=&#8221;1\/2&#8243;][vc_column_text]<span style=\"color: #58585a; font-family: 'Roboto'; font-size: 90%;\">A <strong>Casa Boix<\/strong> ens dediquem, des de fa m\u00e9s de cent anys, a l&#8217;elaboraci\u00f3 tradicional de productes carnis selectes.<\/span><\/p>\n<p><span style=\"color: #58585a; font-family: 'Roboto'; font-size: 90%;\">A l&#8217;artesania dels nostres processos se suma un esperit creatiu que es tradueix en un desig d&#8217;innovaci\u00f3 constant per sorprendre els apassionats de la bona gastronomia.<\/span>[\/vc_column_text][\/vc_column_inner][vc_column_inner width=&#8221;1\/2&#8243;][vc_column_text]<span style=\"color: #58585a; font-family: 'Roboto'; font-size: 90%;\">A Casa Boix seleccionem les millors carns i realitzem una producci\u00f3 limitada per preservar la qualitat i els ritmes lents dels processos. D&#8217;aquesta manera, garantim una elaboraci\u00f3 natural i aut\u00e8ntica, com es feia abans. El resultat: productes tendres, saborosos i amb un bouquet inigualable que s\u00f3n aptes per a tots perqu\u00e8 no contenen gluten ni lactosa.<\/span>[\/vc_column_text][\/vc_column_inner][\/vc_row_inner][vc_separator css=&#8221;.vc_custom_1747995127516{padding-top: 20px !important;padding-bottom: 20px !important;}&#8221;][vc_row_inner][vc_column_inner width=&#8221;1\/6&#8243;][vc_single_image image=&#8221;9079&#8243; img_size=&#8221;full&#8221; alignment=&#8221;center&#8221; css=&#8221;.vc_custom_1748072824165{padding-right: 10px !important;}&#8221;][\/vc_column_inner][vc_column_inner width=&#8221;1\/3&#8243;][vc_single_image image=&#8221;9090&#8243; img_size=&#8221;full&#8221; alignment=&#8221;center&#8221; css=&#8221;.vc_custom_1748072831378{padding-top: 10px !important;}&#8221;][\/vc_column_inner][vc_column_inner width=&#8221;1\/3&#8243;][vc_single_image image=&#8221;9099&#8243; img_size=&#8221;full&#8221; alignment=&#8221;center&#8221; css=&#8221;.vc_custom_1748072840195{padding-top: 10px !important;}&#8221;][\/vc_column_inner][vc_column_inner width=&#8221;1\/6&#8243;][vc_single_image image=&#8221;9106&#8243; img_size=&#8221;full&#8221; alignment=&#8221;center&#8221; css=&#8221;.vc_custom_1748072847878{padding-top: 30px !important;}&#8221;][\/vc_column_inner][\/vc_row_inner][\/vc_column][\/vc_row]<\/p>\n<\/div>","protected":false},"excerpt":{"rendered":"<p>[vc_row full_height=&#8221;yes&#8221; columns_placement=&#8221;stretch&#8221; equal_height=&#8221;yes&#8221; content_placement=&#8221;middle&#8221; columns_height=&#8221;adjust_cols_height&#8221; font_color=&#8221;#ffffff&#8221; background_style=&#8221;normal&#8221; css=&#8221;.vc_custom_1612428729042{background-color: #ffffff !important;}&#8221;][vc_column css=&#8221;.vc_custom_1610958350607{background-image: url(https:\/\/casaboix.es\/wp-content\/uploads\/2021\/01\/20210118-Ori-Foto-Home-Opt.jpg?id=5427) !important;background-position: center !important;background-repeat: no-repeat !important;background-size: cover !important;}&#8221; offset=&#8221;vc_col-lg-6 vc_col-md-6&#8243;][vc_empty_space height=&#8221;350px&#8221;][\/vc_column][vc_column css=&#8221;.vc_custom_1612428744556{margin-bottom: 0px !important;padding-top: 200px !important;padding-right: 15% !important;padding-bottom: 140px !important;padding-left: 15% !important;}&#8221; offset=&#8221;vc_col-lg-6 vc_col-md-6&#8243;][vc_column_text] Casa Boix [\/vc_column_text][vc_column_text css=&#8221;&#8221;] \u2014 Compromesos amb la qualtitat i la sostenibilitat [\/vc_column_text][vc_separator css=&#8221;.vc_custom_1747995113477{padding-top: 20px !important;padding-bottom: 20px !important;}&#8221;][vc_row_inner][vc_column_inner width=&#8221;1\/2&#8243;][vc_column_text]A [&hellip;]<\/p>\n","protected":false},"author":1,"featured_media":0,"parent":0,"menu_order":43,"comment_status":"closed","ping_status":"closed","template":"page-full-width.php","meta":{"footnotes":""},"class_list":["post-6145","page","type-page","status-publish","hentry"],"yoast_head":"<!-- This site is optimized with the Yoast SEO Premium plugin v27.1 (Yoast SEO v27.1.1) - https:\/\/yoast.com\/product\/yoast-seo-premium-wordpress\/ -->\n<title>Nosaltres | La nostra elaboraci\u00f3 tradicional - Casa Boix<\/title>\n<meta name=\"description\" content=\"Elaborem productes carnis a partir de processos tradicionals i ritmes lents per garantir una elaboraci\u00f3 natural i aut\u00e8ntica, com es feia abans.\" \/>\n<meta name=\"robots\" content=\"index, follow, max-snippet:-1, max-image-preview:large, max-video-preview:-1\" \/>\n<link rel=\"canonical\" href=\"https:\/\/casaboix.es\/ca\/nosaltres\/\" \/>\n<meta property=\"og:locale\" content=\"ca_ES\" \/>\n<meta property=\"og:type\" content=\"article\" \/>\n<meta property=\"og:title\" content=\"Nosaltres\" \/>\n<meta property=\"og:description\" content=\"Elaborem productes carnis a partir de processos tradicionals i ritmes lents per garantir una elaboraci\u00f3 natural i aut\u00e8ntica, com es feia abans.\" \/>\n<meta property=\"og:url\" content=\"https:\/\/casaboix.es\/ca\/nosaltres\/\" \/>\n<meta property=\"og:site_name\" content=\"Casa Boix\" \/>\n<meta property=\"article:publisher\" content=\"https:\/\/www.facebook.com\/casaboix\/\" \/>\n<meta property=\"article:modified_time\" content=\"2025-05-24T07:47:37+00:00\" \/>\n<meta name=\"twitter:card\" content=\"summary_large_image\" \/>\n<meta name=\"twitter:site\" content=\"@casaboix\" \/>\n<meta name=\"twitter:label1\" content=\"Temps estimat de lectura\" \/>\n\t<meta name=\"twitter:data1\" content=\"1 minut\" \/>\n<script type=\"application\/ld+json\" class=\"yoast-schema-graph\">{\"@context\":\"https:\/\/schema.org\",\"@graph\":[{\"@type\":[\"WebPage\",\"AboutPage\"],\"@id\":\"https:\/\/casaboix.es\/ca\/nosaltres\/\",\"url\":\"https:\/\/casaboix.es\/ca\/nosaltres\/\",\"name\":\"Nosaltres | La nostra elaboraci\u00f3 tradicional - Casa Boix\",\"isPartOf\":{\"@id\":\"https:\/\/casaboix.es\/ca\/#website\"},\"datePublished\":\"2020-10-28T05:32:31+00:00\",\"dateModified\":\"2025-05-24T07:47:37+00:00\",\"description\":\"Elaborem productes carnis a partir de processos tradicionals i ritmes lents per garantir una elaboraci\u00f3 natural i aut\u00e8ntica, com es feia abans.\",\"breadcrumb\":{\"@id\":\"https:\/\/casaboix.es\/ca\/nosaltres\/#breadcrumb\"},\"inLanguage\":\"ca\",\"potentialAction\":[{\"@type\":\"ReadAction\",\"target\":[\"https:\/\/casaboix.es\/ca\/nosaltres\/\"]}]},{\"@type\":\"BreadcrumbList\",\"@id\":\"https:\/\/casaboix.es\/ca\/nosaltres\/#breadcrumb\",\"itemListElement\":[{\"@type\":\"ListItem\",\"position\":1,\"name\":\"Home\",\"item\":\"https:\/\/casaboix.es\/ca\/\"},{\"@type\":\"ListItem\",\"position\":2,\"name\":\"Nosaltres\"}]},{\"@type\":\"WebSite\",\"@id\":\"https:\/\/casaboix.es\/ca\/#website\",\"url\":\"https:\/\/casaboix.es\/ca\/\",\"name\":\"Casa Boix\",\"description\":\"Amor por las cosas bien hechas\",\"publisher\":{\"@id\":\"https:\/\/casaboix.es\/ca\/#organization\"},\"potentialAction\":[{\"@type\":\"SearchAction\",\"target\":{\"@type\":\"EntryPoint\",\"urlTemplate\":\"https:\/\/casaboix.es\/ca\/?s={search_term_string}\"},\"query-input\":{\"@type\":\"PropertyValueSpecification\",\"valueRequired\":true,\"valueName\":\"search_term_string\"}}],\"inLanguage\":\"ca\"},{\"@type\":\"Organization\",\"@id\":\"https:\/\/casaboix.es\/ca\/#organization\",\"name\":\"Casa Boix\",\"url\":\"https:\/\/casaboix.es\/ca\/\",\"logo\":{\"@type\":\"ImageObject\",\"inLanguage\":\"ca\",\"@id\":\"https:\/\/casaboix.es\/ca\/#\/schema\/logo\/image\/\",\"url\":\"https:\/\/casaboix.es\/wp-content\/uploads\/2020\/10\/logo-negro.png\",\"contentUrl\":\"https:\/\/casaboix.es\/wp-content\/uploads\/2020\/10\/logo-negro.png\",\"width\":342,\"height\":44,\"caption\":\"Casa Boix\"},\"image\":{\"@id\":\"https:\/\/casaboix.es\/ca\/#\/schema\/logo\/image\/\"},\"sameAs\":[\"https:\/\/www.facebook.com\/casaboix\/\",\"https:\/\/x.com\/casaboix\",\"https:\/\/www.instagram.com\/casaboix\/\",\"https:\/\/www.youtube.com\/watch?v=j22NKKL47ec\"]}]}<\/script>\n<!-- \/ Yoast SEO Premium plugin. -->","yoast_head_json":{"title":"Nosaltres | La nostra elaboraci\u00f3 tradicional - Casa Boix","description":"Elaborem productes carnis a partir de processos tradicionals i ritmes lents per garantir una elaboraci\u00f3 natural i aut\u00e8ntica, com es feia abans.","robots":{"index":"index","follow":"follow","max-snippet":"max-snippet:-1","max-image-preview":"max-image-preview:large","max-video-preview":"max-video-preview:-1"},"canonical":"https:\/\/casaboix.es\/ca\/nosaltres\/","og_locale":"ca_ES","og_type":"article","og_title":"Nosaltres","og_description":"Elaborem productes carnis a partir de processos tradicionals i ritmes lents per garantir una elaboraci\u00f3 natural i aut\u00e8ntica, com es feia abans.","og_url":"https:\/\/casaboix.es\/ca\/nosaltres\/","og_site_name":"Casa Boix","article_publisher":"https:\/\/www.facebook.com\/casaboix\/","article_modified_time":"2025-05-24T07:47:37+00:00","twitter_card":"summary_large_image","twitter_site":"@casaboix","twitter_misc":{"Temps estimat de lectura":"1 minut"},"schema":{"@context":"https:\/\/schema.org","@graph":[{"@type":["WebPage","AboutPage"],"@id":"https:\/\/casaboix.es\/ca\/nosaltres\/","url":"https:\/\/casaboix.es\/ca\/nosaltres\/","name":"Nosaltres | La nostra elaboraci\u00f3 tradicional - Casa Boix","isPartOf":{"@id":"https:\/\/casaboix.es\/ca\/#website"},"datePublished":"2020-10-28T05:32:31+00:00","dateModified":"2025-05-24T07:47:37+00:00","description":"Elaborem productes carnis a partir de processos tradicionals i ritmes lents per garantir una elaboraci\u00f3 natural i aut\u00e8ntica, com es feia abans.","breadcrumb":{"@id":"https:\/\/casaboix.es\/ca\/nosaltres\/#breadcrumb"},"inLanguage":"ca","potentialAction":[{"@type":"ReadAction","target":["https:\/\/casaboix.es\/ca\/nosaltres\/"]}]},{"@type":"BreadcrumbList","@id":"https:\/\/casaboix.es\/ca\/nosaltres\/#breadcrumb","itemListElement":[{"@type":"ListItem","position":1,"name":"Home","item":"https:\/\/casaboix.es\/ca\/"},{"@type":"ListItem","position":2,"name":"Nosaltres"}]},{"@type":"WebSite","@id":"https:\/\/casaboix.es\/ca\/#website","url":"https:\/\/casaboix.es\/ca\/","name":"Casa Boix","description":"Amor por las cosas bien hechas","publisher":{"@id":"https:\/\/casaboix.es\/ca\/#organization"},"potentialAction":[{"@type":"SearchAction","target":{"@type":"EntryPoint","urlTemplate":"https:\/\/casaboix.es\/ca\/?s={search_term_string}"},"query-input":{"@type":"PropertyValueSpecification","valueRequired":true,"valueName":"search_term_string"}}],"inLanguage":"ca"},{"@type":"Organization","@id":"https:\/\/casaboix.es\/ca\/#organization","name":"Casa Boix","url":"https:\/\/casaboix.es\/ca\/","logo":{"@type":"ImageObject","inLanguage":"ca","@id":"https:\/\/casaboix.es\/ca\/#\/schema\/logo\/image\/","url":"https:\/\/casaboix.es\/wp-content\/uploads\/2020\/10\/logo-negro.png","contentUrl":"https:\/\/casaboix.es\/wp-content\/uploads\/2020\/10\/logo-negro.png","width":342,"height":44,"caption":"Casa Boix"},"image":{"@id":"https:\/\/casaboix.es\/ca\/#\/schema\/logo\/image\/"},"sameAs":["https:\/\/www.facebook.com\/casaboix\/","https:\/\/x.com\/casaboix","https:\/\/www.instagram.com\/casaboix\/","https:\/\/www.youtube.com\/watch?v=j22NKKL47ec"]}]}},"_links":{"self":[{"href":"https:\/\/casaboix.es\/ca\/wp-json\/wp\/v2\/pages\/6145","targetHints":{"allow":["GET"]}}],"collection":[{"href":"https:\/\/casaboix.es\/ca\/wp-json\/wp\/v2\/pages"}],"about":[{"href":"https:\/\/casaboix.es\/ca\/wp-json\/wp\/v2\/types\/page"}],"author":[{"embeddable":true,"href":"https:\/\/casaboix.es\/ca\/wp-json\/wp\/v2\/users\/1"}],"replies":[{"embeddable":true,"href":"https:\/\/casaboix.es\/ca\/wp-json\/wp\/v2\/comments?post=6145"}],"version-history":[{"count":6,"href":"https:\/\/casaboix.es\/ca\/wp-json\/wp\/v2\/pages\/6145\/revisions"}],"predecessor-version":[{"id":9153,"href":"https:\/\/casaboix.es\/ca\/wp-json\/wp\/v2\/pages\/6145\/revisions\/9153"}],"wp:attachment":[{"href":"https:\/\/casaboix.es\/ca\/wp-json\/wp\/v2\/media?parent=6145"}],"curies":[{"name":"wp","href":"https:\/\/api.w.org\/{rel}","templated":true}]}}